{"id":300,"date":"2024-09-02T20:44:40","date_gmt":"2024-09-02T17:44:40","guid":{"rendered":"https:\/\/bestmeditrips.com\/rahvusvaheline-terviseturism-ja-sihtkohad\/"},"modified":"2024-09-23T11:44:20","modified_gmt":"2024-09-23T08:44:20","slug":"rahvusvaheline-terviseturism-ja-sihtkohad","status":"publish","type":"page","link":"https:\/\/bestmeditrips.com\/et\/","title":{"rendered":"Meditsiiniline Turism ja Sihtkohad"},"content":{"rendered":"<h2>Avastage Parim Meditsiiniturismi Kogemus<\/h2>\n<p>Tere tulemast <em><strong>BestMediTrips.com<\/strong><\/em>-i, teie esmaklassilisse sihtkohta, mis \u00fchendab erakordse meditsiinilise abi ja erakordse reisikogemuse. Meie mitmekeelne platvorm on p\u00fchendunud \u00fchendama teid maailma parimate meditsiiniturismi sihtkohtadega, pakkudes \u00fcksikasjalikku teavet parimate saadaolevate meditsiiniliste raviteenuste kohta.<\/p>\n<h3>Avastage Premium Tervise- ja Meditsiiniturismi Sihtkohad<\/h3>\n<p><em><strong>BestMediTrips.com<\/strong><\/em>-is pakume hoolikalt valitud meditsiiniturismi v\u00f5imalusi, juhatades teid l\u00e4bi mitmekesise ravi, mida pakutakse maailma k\u00f5ige paeluvamates sihtkohtades. Avastage, mis teeb iga koha ainulaadseks:<\/p>\n<h4><strong><span style=\"color: #ff0000;\">\u2665\u00a0<\/span><\/strong><strong>T\u00dcRKI:<\/strong> Istanbul, Antalya, Izmir ja Ankara<\/h4>\n<p>T\u00fcrgi on tuntud oma kaasaegsete meditsiiniasutuste ja kulut\u00f5husate raviv\u00f5imaluste poolest. Avastage meie parimad linnad laia tervishoiuteenuste valiku jaoks:<\/p>\n<ul>\n<li><strong>Hambakliinikud:<\/strong> Muutke oma naeratus edasij\u00f5udnud protseduuridega, nagu implantaadid, Hollywoodi naeratus ja uuenduslikud &#8220;all-on-4&#8221; ja &#8220;all-on-6&#8221; lahendused.<\/li>\n<li><strong>Juuste taastamise kliinikud:<\/strong> Saavutage loomulikud ja p\u00fcsivad tulemused tipptasemel juuste siirdamise tehnikatega.<\/li>\n<li><strong>Esteetilised haiglad:<\/strong> Kogege maailmatasemel esteetilist kirurgiat, alates n\u00e4o t\u00f5stmisest kuni keha modelleerimiseni.<\/li>\n<li><strong>Ortopeedilised spetsialistid:<\/strong> Kasutage edasij\u00f5udnud ravimeetodeid liigese- ja seljaprobleemide jaoks, mis tagavad optimaalse taastumise ja liikuvuse.<\/li>\n<\/ul>\n<h4><strong><span style=\"color: #ff0000;\">\u2665\u00a0<\/span><\/strong><strong>UNGARI:<\/strong> Budapest ja Debrecen<\/h4>\n<p>Ungari pakub tuntud meditsiinilist hooldust, eriti hambaravis. Budapestis ja Debrecenis saate avastada:<\/p>\n<ul>\n<li><strong>Hambakliinikud:<\/strong> Tipptasemel hooldus implantaatide ja esteetiliste hambaraviprotseduuride jaoks konkurentsiv\u00f5imeliste hindadega.<\/li>\n<li><strong>Esteetilise kirurgia keskused:<\/strong> Parandage oma v\u00e4limust detailidele orienteeritud l\u00e4henemisega.<\/li>\n<\/ul>\n<h4><strong><span style=\"color: #ff0000;\">\u2665 <\/span><\/strong><strong>SERBIA:<\/strong> Belgrad<\/h4>\n<p>Belgrad on t\u00f5usmas kvaliteetse meditsiinihoolduse keskuseks. Siin leiate:<\/p>\n<ul>\n<li><strong>Innovatiivsed meditsiiniteenused:<\/strong> Alates hambaravist kuni esteetiliste protseduurideni, kogege erakorralist hooldust, mis on kohandatud teie vajadustele.<\/li>\n<li><strong>Isikustatud meditsiinikliinikud:<\/strong> Nautige teenuseid linnas, mis on tuntud oma sooja k\u00fclalislahkuse ja meditsiinilise asjatundlikkuse poolest.<\/li>\n<\/ul>\n<h4><strong><span style=\"color: #ff0000;\">\u2665\u00a0<\/span><\/strong><strong>HORVAATIA:<\/strong> Zagreb ja Split<\/h4>\n<p>Horvaatia \u00fchendab meditsiinilise tipptaseme ja kaunid maastikud. Avastage:<\/p>\n<ul>\n<li><strong>Hamba- ja esteetilised kliinikud:<\/strong> Nautige edasij\u00f5udnud ravi maalilises keskkonnas.<\/li>\n<li><strong>Taastusravi- ja tervisehaiglad:<\/strong> Kogu keha hooldusv\u00f5imalused, mis on m\u00f5eldud teie \u00fcldise heaolu parandamiseks.<\/li>\n<\/ul>\n<h4><strong><span style=\"color: #ff0000;\">\u2665\u00a0<\/span><\/strong><strong>POOLA:<\/strong> Varssavi ja Krak\u00f3w<\/h4>\n<p>Poola pakub taskukohase hinnaga kvaliteetseid meditsiiniteenuseid. Avastage:<\/p>\n<ul>\n<li><strong>Hambaarstiteenuste rajatised:<\/strong> T\u00e4iustatud lahendused implantaatide ja muude hambaravi vajaduste jaoks.<\/li>\n<li><strong>Ortopeedilised ja esteetilised kliinikud:<\/strong> Kaasaegsed rajatised, mis pakuvad laia valikut protseduure.<\/li>\n<\/ul>\n<h4><strong><span style=\"color: #ff0000;\">\u2665 <\/span><\/strong><strong>SAKSAMAA:<\/strong> Berliin ja M\u00fcnchen<\/h4>\n<p>Saksamaa on meditsiiniinnovatsiooni ja kvaliteedi s\u00fcnon\u00fc\u00fcm. P\u00e4\u00e4sete ligi:<\/p>\n<ul>\n<li><strong>Tipphaiglad:<\/strong> Uusimad meditsiinitehnoloogiad ja spetsialiseeritud hooldus.<\/li>\n<li><strong>T\u00e4ielikud tervishoiuteenuste keskused:<\/strong> Maailmatasemel ravi keerukate operatsioonide ja rutiinsete protseduuride jaoks.<\/li>\n<\/ul>\n<h4><strong><span style=\"color: #ff0000;\">\u2665 <\/span><\/strong><strong>T\u0160EHHI VABARIIK:<\/strong> Praha<\/h4>\n<p>Praha pakub ajaloolise v\u00f5lu ja kaasaegse tervishoiu kombinatsiooni. Avastage:<\/p>\n<ul>\n<li><strong>Parimad hambakliinikud:<\/strong> Suurep\u00e4rased lahendused \u00fches Euroopa kaunimas linnas.<\/li>\n<li><strong>Esteetilised haiglad:<\/strong> Kvaliteetsed esteetilised protseduurid.<\/li>\n<\/ul>\n<h4><strong><span style=\"color: #ff0000;\">\u2665\u00a0<\/span><\/strong><strong>MEHHIKO:<\/strong> Cancun ja Mexico City<\/h4>\n<p>Mehhiko pakub erakorralise meditsiinilise hoolduse jaoks elavat tausta. Nautige:<\/p>\n<ul>\n<li><strong>Taskukohased ravikeskused:<\/strong> K\u00f5rgekvaliteetsed hambaravi ja esteetilised protseduurid.<\/li>\n<li><strong>Kultuurikogemuse kliinikud:<\/strong> \u00dchendage oma ravi rikkaliku kultuurireisiga.<\/li>\n<\/ul>\n<h4><strong><span style=\"color: #ff0000;\">\u2665 <\/span><\/strong><strong>KOLOMBIA:<\/strong> Medell\u00edn ja Bogot\u00e1<\/h4>\n<p>Kolumbia on tuntud oma kvalifitseeritud meditsiinispetsialistide ja taskukohaste teenuste poolest. P\u00e4\u00e4sete ligi:<\/p>\n<ul>\n<li><strong>T\u00e4ielikud meditsiinikeskused:<\/strong> Mitmekesised meditsiinilised raviv\u00f5imalused, mis keskenduvad kvaliteedile ja taskukohasusele.<\/li>\n<li><strong>Eksperthambakliinikud:<\/strong> Hoolitsus ekspertidelt riigis, mis on tuntud tervishoiuarengute poolest.<\/li>\n<\/ul>\n<h4><strong><span style=\"color: #ff0000;\">\u2665 <\/span><\/strong><strong>TAI:<\/strong> Bangkok ja Phuket<\/h4>\n<p>Tai pakub t\u00e4iuslikku kombinatsiooni meditsiinilisest hooldusest ja reisikogemustest. Avastage:<\/p>\n<ul>\n<li><strong>Maailmatasemel haiglad:<\/strong> Tippkvaliteediga meditsiiniteenused hambaravi ja terviseprogrammide jaoks.<\/li>\n<li><strong>Kliinikud kaunites sihtkohtades:<\/strong> Kogege erakordset meditsiinilist hooldust Tai avastamise ajal.<\/li>\n<\/ul>\n<h4><strong><span style=\"color: #ff0000;\">\u2665 <\/span><\/strong><strong>INDIA:<\/strong> Delhi ja Mumbai<\/h4>\n<p>India meditsiiniasutused on arenenud ja taskukohased. Avastage:<\/p>\n<ul>\n<li><strong>Mitmekesised meditsiinikliinikud:<\/strong> K\u00f5rged standardid mitmesuguste meditsiiniliste valikute jaoks.<\/li>\n<li><strong>Ekspertide haiglad:<\/strong> Hoolitsus ekspertidelt Delhis ja Mumbais.<\/li>\n<\/ul>\n<h4><strong><span style=\"color: #ff0000;\">\u2665\u00a0<\/span><\/strong><strong>VIETNAM:<\/strong> Ho Chi Minh City ja Hanoi<\/h4>\n<p>Vietnam on t\u00f5usmas meditsiiniturismi sihtkohana. Siin saate kasu:<\/p>\n<ul>\n<li><strong>T\u00f5husad meditsiinikeskused:<\/strong> Taskukohane ja kvaliteetne hooldus.<\/li>\n<li><strong>T\u00e4ielikud ravikliinikud:<\/strong> Hambaravist ortopeediliste protseduurideni.<\/li>\n<\/ul>\n<h4>Miks valida tervise- ja meditsiiniturism?<\/h4>\n<p>Tervise- ja meditsiiniturism v\u00f5imaldab teil \u00fchendada k\u00f5rgetasemelise meditsiinilise abi p\u00f5nevate reisiv\u00f5imalustega. <em>BestMediTrips.com<\/em>-is oleme p\u00fchendunud aitama teil leida t\u00e4iuslikku sihtkohta ja ravi, mis vastab teie vajadustele ja eelistustele. Avastage meie platvormi ja alustage oma teekonda erakordse meditsiinilise hoolduse ja unustamatute elamuste poole.<\/p>\n","protected":false},"excerpt":{"rendered":"<p>Avastage Parim Meditsiiniturismi Kogemus Tere tulemast BestMediTrips.com-i, teie esmaklassilisse sihtkohta, mis \u00fchendab erakordse meditsiinilise abi ja erakordse reisikogemuse. Meie mitmekeelne platvorm on p\u00fchendunud \u00fchendama teid maailma parimate meditsiiniturismi sihtkohtadega, pakkudes \u00fcksikasjalikku teavet parimate saadaolevate meditsiiniliste raviteenuste kohta. Avastage Premium Tervise- ja Meditsiiniturismi Sihtkohad BestMediTrips.com-is pakume hoolikalt valitud meditsiiniturismi v\u00f5imalusi, juhatades teid l\u00e4bi mitmekesise ravi, mida &#8230; <a title=\"Meditsiiniline Turism ja Sihtkohad\" class=\"read-more\" href=\"https:\/\/bestmeditrips.com\/et\/\" aria-label=\"Read more about Meditsiiniline Turism ja Sihtkohad\">Read more<\/a><\/p>\n","protected":false},"author":1,"featured_media":333,"parent":0,"menu_order":0,"comment_status":"closed","ping_status":"closed","template":"","meta":{"footnotes":""},"class_list":["post-300","page","type-page","status-publish","has-post-thumbnail"],"yoast_head":"<!-- This site is optimized with the Yoast SEO plugin v27.4 - https:\/\/yoast.com\/product\/yoast-seo-wordpress\/ -->\n<title>Meditsiinilise Turismi Eksperdid | Premium Ravimeetodid ja Sihtkohad<\/title>\n<meta name=\"description\" content=\"Avastage parimad terviseturismi teenused koos parimate kliinikute, arstide ja hambaarstidega, pakkudes ekspertide n\u00f5uandeid parimateks meditsiinireisideks.\" \/>\n<meta name=\"robots\" content=\"index, follow, max-snippet:-1, max-image-preview:large, max-video-preview:-1\" \/>\n<link rel=\"canonical\" href=\"https:\/\/bestmeditrips.com\/et\/\" \/>\n<meta property=\"og:locale\" content=\"et_EE\" \/>\n<meta property=\"og:type\" content=\"article\" \/>\n<meta property=\"og:title\" content=\"Meditsiinilise Turismi Eksperdid | Premium Ravimeetodid ja Sihtkohad\" \/>\n<meta property=\"og:description\" content=\"Avastage parimad terviseturismi teenused koos parimate kliinikute, arstide ja hambaarstidega, pakkudes ekspertide n\u00f5uandeid parimateks meditsiinireisideks.\" \/>\n<meta property=\"og:url\" content=\"https:\/\/bestmeditrips.com\/et\/\" \/>\n<meta property=\"og:site_name\" content=\"Bestmeditrips.com\" \/>\n<meta property=\"article:publisher\" content=\"https:\/\/www.facebook.com\/profile.php?id=61565479139599\" \/>\n<meta property=\"article:modified_time\" content=\"2024-09-23T08:44:20+00:00\" \/>\n<meta property=\"og:image\" content=\"https:\/\/bestmeditrips.com\/wp-content\/uploads\/2024\/09\/health-tourism.jpg\" \/>\n\t<meta property=\"og:image:width\" content=\"1024\" \/>\n\t<meta property=\"og:image:height\" content=\"683\" \/>\n\t<meta property=\"og:image:type\" content=\"image\/jpeg\" \/>\n<meta name=\"twitter:card\" content=\"summary_large_image\" \/>\n<meta name=\"twitter:label1\" content=\"Est. reading time\" \/>\n\t<meta name=\"twitter:data1\" content=\"3 minutit\" \/>\n<script type=\"application\/ld+json\" class=\"yoast-schema-graph\">{\"@context\":\"https:\\\/\\\/schema.org\",\"@graph\":[{\"@type\":\"WebPage\",\"@id\":\"https:\\\/\\\/bestmeditrips.com\\\/et\\\/\",\"url\":\"https:\\\/\\\/bestmeditrips.com\\\/et\\\/\",\"name\":\"Meditsiinilise Turismi Eksperdid | Premium Ravimeetodid ja Sihtkohad\",\"isPartOf\":{\"@id\":\"https:\\\/\\\/bestmeditrips.com\\\/et\\\/#website\"},\"primaryImageOfPage\":{\"@id\":\"https:\\\/\\\/bestmeditrips.com\\\/et\\\/#primaryimage\"},\"image\":{\"@id\":\"https:\\\/\\\/bestmeditrips.com\\\/et\\\/#primaryimage\"},\"thumbnailUrl\":\"https:\\\/\\\/bestmeditrips.com\\\/wp-content\\\/uploads\\\/2024\\\/09\\\/health-tourism.jpg\",\"datePublished\":\"2024-09-02T17:44:40+00:00\",\"dateModified\":\"2024-09-23T08:44:20+00:00\",\"description\":\"Avastage parimad terviseturismi teenused koos parimate kliinikute, arstide ja hambaarstidega, pakkudes ekspertide n\u00f5uandeid parimateks meditsiinireisideks.\",\"breadcrumb\":{\"@id\":\"https:\\\/\\\/bestmeditrips.com\\\/et\\\/#breadcrumb\"},\"inLanguage\":\"et\",\"potentialAction\":[{\"@type\":\"ReadAction\",\"target\":[\"https:\\\/\\\/bestmeditrips.com\\\/et\\\/\"]}]},{\"@type\":\"ImageObject\",\"inLanguage\":\"et\",\"@id\":\"https:\\\/\\\/bestmeditrips.com\\\/et\\\/#primaryimage\",\"url\":\"https:\\\/\\\/bestmeditrips.com\\\/wp-content\\\/uploads\\\/2024\\\/09\\\/health-tourism.jpg\",\"contentUrl\":\"https:\\\/\\\/bestmeditrips.com\\\/wp-content\\\/uploads\\\/2024\\\/09\\\/health-tourism.jpg\",\"width\":1024,\"height\":683,\"caption\":\"Medical tourism and best destinations in the world for dental, hair transplant, orthopedic and aesthetic treatments\"},{\"@type\":\"BreadcrumbList\",\"@id\":\"https:\\\/\\\/bestmeditrips.com\\\/et\\\/#breadcrumb\",\"itemListElement\":[{\"@type\":\"ListItem\",\"position\":1,\"name\":\"Home\",\"item\":\"https:\\\/\\\/bestmeditrips.com\\\/et\\\/\"},{\"@type\":\"ListItem\",\"position\":2,\"name\":\"Meditsiiniline Turism ja Sihtkohad\"}]},{\"@type\":\"WebSite\",\"@id\":\"https:\\\/\\\/bestmeditrips.com\\\/et\\\/#website\",\"url\":\"https:\\\/\\\/bestmeditrips.com\\\/et\\\/\",\"name\":\"Bestmeditrips.com\",\"description\":\"Meditsiiniturism, parimad raviv\u00f5imalused, kliinikud, arstid ja hambaarstid!\",\"publisher\":{\"@id\":\"https:\\\/\\\/bestmeditrips.com\\\/et\\\/#organization\"},\"potentialAction\":[{\"@type\":\"SearchAction\",\"target\":{\"@type\":\"EntryPoint\",\"urlTemplate\":\"https:\\\/\\\/bestmeditrips.com\\\/et\\\/?s={search_term_string}\"},\"query-input\":{\"@type\":\"PropertyValueSpecification\",\"valueRequired\":true,\"valueName\":\"search_term_string\"}}],\"inLanguage\":\"et\"},{\"@type\":\"Organization\",\"@id\":\"https:\\\/\\\/bestmeditrips.com\\\/et\\\/#organization\",\"name\":\"Bestmeditrips.com\",\"url\":\"https:\\\/\\\/bestmeditrips.com\\\/et\\\/\",\"logo\":{\"@type\":\"ImageObject\",\"inLanguage\":\"et\",\"@id\":\"https:\\\/\\\/bestmeditrips.com\\\/et\\\/#\\\/schema\\\/logo\\\/image\\\/\",\"url\":\"https:\\\/\\\/bestmeditrips.com\\\/wp-content\\\/uploads\\\/2024\\\/09\\\/logo-2.png\",\"contentUrl\":\"https:\\\/\\\/bestmeditrips.com\\\/wp-content\\\/uploads\\\/2024\\\/09\\\/logo-2.png\",\"width\":500,\"height\":98,\"caption\":\"Bestmeditrips.com\"},\"image\":{\"@id\":\"https:\\\/\\\/bestmeditrips.com\\\/et\\\/#\\\/schema\\\/logo\\\/image\\\/\"},\"sameAs\":[\"https:\\\/\\\/www.facebook.com\\\/profile.php?id=61565479139599\"]}]}<\/script>\n<!-- \/ Yoast SEO plugin. -->","yoast_head_json":{"title":"Meditsiinilise Turismi Eksperdid | Premium Ravimeetodid ja Sihtkohad","description":"Avastage parimad terviseturismi teenused koos parimate kliinikute, arstide ja hambaarstidega, pakkudes ekspertide n\u00f5uandeid parimateks meditsiinireisideks.","robots":{"index":"index","follow":"follow","max-snippet":"max-snippet:-1","max-image-preview":"max-image-preview:large","max-video-preview":"max-video-preview:-1"},"canonical":"https:\/\/bestmeditrips.com\/et\/","og_locale":"et_EE","og_type":"article","og_title":"Meditsiinilise Turismi Eksperdid | Premium Ravimeetodid ja Sihtkohad","og_description":"Avastage parimad terviseturismi teenused koos parimate kliinikute, arstide ja hambaarstidega, pakkudes ekspertide n\u00f5uandeid parimateks meditsiinireisideks.","og_url":"https:\/\/bestmeditrips.com\/et\/","og_site_name":"Bestmeditrips.com","article_publisher":"https:\/\/www.facebook.com\/profile.php?id=61565479139599","article_modified_time":"2024-09-23T08:44:20+00:00","og_image":[{"width":1024,"height":683,"url":"https:\/\/bestmeditrips.com\/wp-content\/uploads\/2024\/09\/health-tourism.jpg","type":"image\/jpeg"}],"twitter_card":"summary_large_image","twitter_misc":{"Est. reading time":"3 minutit"},"schema":{"@context":"https:\/\/schema.org","@graph":[{"@type":"WebPage","@id":"https:\/\/bestmeditrips.com\/et\/","url":"https:\/\/bestmeditrips.com\/et\/","name":"Meditsiinilise Turismi Eksperdid | Premium Ravimeetodid ja Sihtkohad","isPartOf":{"@id":"https:\/\/bestmeditrips.com\/et\/#website"},"primaryImageOfPage":{"@id":"https:\/\/bestmeditrips.com\/et\/#primaryimage"},"image":{"@id":"https:\/\/bestmeditrips.com\/et\/#primaryimage"},"thumbnailUrl":"https:\/\/bestmeditrips.com\/wp-content\/uploads\/2024\/09\/health-tourism.jpg","datePublished":"2024-09-02T17:44:40+00:00","dateModified":"2024-09-23T08:44:20+00:00","description":"Avastage parimad terviseturismi teenused koos parimate kliinikute, arstide ja hambaarstidega, pakkudes ekspertide n\u00f5uandeid parimateks meditsiinireisideks.","breadcrumb":{"@id":"https:\/\/bestmeditrips.com\/et\/#breadcrumb"},"inLanguage":"et","potentialAction":[{"@type":"ReadAction","target":["https:\/\/bestmeditrips.com\/et\/"]}]},{"@type":"ImageObject","inLanguage":"et","@id":"https:\/\/bestmeditrips.com\/et\/#primaryimage","url":"https:\/\/bestmeditrips.com\/wp-content\/uploads\/2024\/09\/health-tourism.jpg","contentUrl":"https:\/\/bestmeditrips.com\/wp-content\/uploads\/2024\/09\/health-tourism.jpg","width":1024,"height":683,"caption":"Medical tourism and best destinations in the world for dental, hair transplant, orthopedic and aesthetic treatments"},{"@type":"BreadcrumbList","@id":"https:\/\/bestmeditrips.com\/et\/#breadcrumb","itemListElement":[{"@type":"ListItem","position":1,"name":"Home","item":"https:\/\/bestmeditrips.com\/et\/"},{"@type":"ListItem","position":2,"name":"Meditsiiniline Turism ja Sihtkohad"}]},{"@type":"WebSite","@id":"https:\/\/bestmeditrips.com\/et\/#website","url":"https:\/\/bestmeditrips.com\/et\/","name":"Bestmeditrips.com","description":"Meditsiiniturism, parimad raviv\u00f5imalused, kliinikud, arstid ja hambaarstid!","publisher":{"@id":"https:\/\/bestmeditrips.com\/et\/#organization"},"potentialAction":[{"@type":"SearchAction","target":{"@type":"EntryPoint","urlTemplate":"https:\/\/bestmeditrips.com\/et\/?s={search_term_string}"},"query-input":{"@type":"PropertyValueSpecification","valueRequired":true,"valueName":"search_term_string"}}],"inLanguage":"et"},{"@type":"Organization","@id":"https:\/\/bestmeditrips.com\/et\/#organization","name":"Bestmeditrips.com","url":"https:\/\/bestmeditrips.com\/et\/","logo":{"@type":"ImageObject","inLanguage":"et","@id":"https:\/\/bestmeditrips.com\/et\/#\/schema\/logo\/image\/","url":"https:\/\/bestmeditrips.com\/wp-content\/uploads\/2024\/09\/logo-2.png","contentUrl":"https:\/\/bestmeditrips.com\/wp-content\/uploads\/2024\/09\/logo-2.png","width":500,"height":98,"caption":"Bestmeditrips.com"},"image":{"@id":"https:\/\/bestmeditrips.com\/et\/#\/schema\/logo\/image\/"},"sameAs":["https:\/\/www.facebook.com\/profile.php?id=61565479139599"]}]}},"_links":{"self":[{"href":"https:\/\/bestmeditrips.com\/et\/wp-json\/wp\/v2\/pages\/300","targetHints":{"allow":["GET"]}}],"collection":[{"href":"https:\/\/bestmeditrips.com\/et\/wp-json\/wp\/v2\/pages"}],"about":[{"href":"https:\/\/bestmeditrips.com\/et\/wp-json\/wp\/v2\/types\/page"}],"author":[{"embeddable":true,"href":"https:\/\/bestmeditrips.com\/et\/wp-json\/wp\/v2\/users\/1"}],"replies":[{"embeddable":true,"href":"https:\/\/bestmeditrips.com\/et\/wp-json\/wp\/v2\/comments?post=300"}],"version-history":[{"count":4,"href":"https:\/\/bestmeditrips.com\/et\/wp-json\/wp\/v2\/pages\/300\/revisions"}],"predecessor-version":[{"id":816,"href":"https:\/\/bestmeditrips.com\/et\/wp-json\/wp\/v2\/pages\/300\/revisions\/816"}],"wp:featuredmedia":[{"embeddable":true,"href":"https:\/\/bestmeditrips.com\/et\/wp-json\/wp\/v2\/media\/333"}],"wp:attachment":[{"href":"https:\/\/bestmeditrips.com\/et\/wp-json\/wp\/v2\/media?parent=300"}],"curies":[{"name":"wp","href":"https:\/\/api.w.org\/{rel}","templated":true}]}}