{"id":1108,"date":"2024-09-23T21:41:39","date_gmt":"2024-09-23T18:41:39","guid":{"rendered":"https:\/\/bestmeditrips.com\/turgi\/"},"modified":"2024-09-23T21:41:39","modified_gmt":"2024-09-23T18:41:39","slug":"turgi","status":"publish","type":"page","link":"https:\/\/bestmeditrips.com\/et\/turgi\/","title":{"rendered":"T\u00fcrgi"},"content":{"rendered":"<h2>Avasta kvaliteetne tervishoid T\u00fcrgis<\/h2>\n<p>T\u00fcrgi on muutunud juhtivaks sihtkohaks terviseturismis, pakkudes maailmatasemel meditsiinilisi ravimeetodeid taskukohaste hindadega. Kas kaalute <strong>hambaimplantaate<\/strong>, <strong>esteetilist kirurgiat<\/strong>, <strong>ortopeedilisi h\u00e4ireid<\/strong>, <strong>silmaravi<\/strong>, <strong>juuste siirdamist<\/strong>, <strong>v\u00e4hiravi<\/strong> v\u00f5i muid spetsialiseeritud ravimeetodeid, T\u00fcrgi pakub juurdep\u00e4\u00e4su k\u00f5rgelt kvalifitseeritud spetsialistidele ja tipptasemel kliinikutele.<\/p>\n<figure style=\"width: 1014px\" class=\"wp-caption aligncenter\"><img loading=\"lazy\" decoding=\"async\" src=\"https:\/\/bestmeditrips.com\/wp-content\/uploads\/2024\/09\/turkey-hospital.jpg\" alt=\"One of the new and modern hospitals in Istanbul. \" width=\"1024\" height=\"616\" \/><figcaption class=\"wp-caption-text\"><em>Kaasaegne erahaigla Istanbuli Euroopa poolel<\/em><\/figcaption><\/figure>\n<h3>Miks valida T\u00fcrgi oma meditsiinireisiks?<\/h3>\n<p>T\u00fcrgi valimine terviseravi jaoks pakub mitmeid eeliseid:<\/p>\n<ul>\n<li><strong>K\u00f5rgelt kvalifitseeritud arstid<\/strong>: T\u00fcrgi on koduks m\u00f5nedele maailma k\u00f5ige kogenumatele kirurgidele ja spetsialistidele, kellest paljud on saanud rahvusvahelise v\u00e4lja\u00f5ppe.<\/li>\n<li><strong>Taskukohased ravimeetodid<\/strong>: T\u00fcrgis v\u00f5ivad meditsiinilised protseduurid olla kuni 70% odavamad kui USA-s v\u00f5i Euroopas, ilma kvaliteedis j\u00e4releandmisi tegemata.<\/li>\n<li><strong>Tipptasemel kliinikud<\/strong>: T\u00fcrgi kliinikud on varustatud kaasaegse tehnoloogiaga, pakkudes k\u00f5rget hooldus- ja ravistandardit.<\/li>\n<li><strong>Mugav reisimine<\/strong>: T\u00fcrgi suuremad linnad nagu <strong>Istanbul<\/strong>, <strong>Antalya<\/strong> ja <strong>Izmir<\/strong> on kergesti ligip\u00e4\u00e4setavad kogu maailmast, muutes T\u00fcrgi rahvusvahelistele patsientidele mugavaks sihtkohaks.<\/li>\n<\/ul>\n<figure style=\"width: 1014px\" class=\"wp-caption aligncenter\"><img loading=\"lazy\" decoding=\"async\" src=\"https:\/\/bestmeditrips.com\/wp-content\/uploads\/2024\/09\/health-tourism-istanbul-1.jpg\" alt=\"Why to prefer Turkey, Istanbul, Antalya, Izmir for dental and other medical treatments?\" width=\"1024\" height=\"455\" \/><figcaption class=\"wp-caption-text\"><em>\u00dcks Istanbuli hambakliinikutest<\/em><\/figcaption><\/figure>\n<h3>Populaarsed ravimeetodid T\u00fcrgis<\/h3>\n<ul>\n<li><em>Hambaimplantaadid<\/em>: T\u00fcrgi on tuntud oma taskukohaste ja kvaliteetsete <strong>hambaimplantaatide<\/strong> teenuste poolest, sealhulgas <em>all-on-4<\/em> ja <em>all-on-6<\/em> ravimeetodid.<\/li>\n<li><em>Rinoplastika<\/em> ja <em>rindade suurendamine<\/em>: T\u00fcrgi pakub laia valikut <strong>esteetilise kirurgia<\/strong> protseduure, mida viivad l\u00e4bi sertifitseeritud spetsialistid.<\/li>\n<li><em>Juuste taastamine<\/em>: T\u00e4nu kliinikutele, mis pakuvad arenenud tehnikaid, on T\u00fcrgi muutunud juhtivaks sihtkohaks <strong>juuste siirdamise<\/strong> ravi jaoks.<\/li>\n<li><strong>Ortopeedilised h\u00e4ired<\/strong>: T\u00fcrgi pakub suurep\u00e4rast ortopeedilist hooldust, spetsialiseerudes <em>liigeste asendamisele<\/em>, <em>meniski rebenditele<\/em> ja minimaalselt invasiivsetele operatsioonidele.<\/li>\n<li><strong>Silmaravi<\/strong>: T\u00fcrgi on ka juhtiv sihtkoht oftalmoloogilises hoolduses, pakkudes protseduure nagu <em>LASIK<\/em>, <em>katarakti operatsioon<\/em> ja <em>sarvkesta siirdamine<\/em>. T\u00e4nu kaasaegsele tehnoloogiale ja kogenud silmaarstidele v\u00f5ivad patsiendid oodata k\u00f5rgetasemelist ravi konkurentsiv\u00f5imeliste hindadega.<\/li>\n<li><strong>V\u00e4hiravi<\/strong>: T\u00fcrgi on \u00fcha enam kujunemas keskuseks edasij\u00f5udnud v\u00e4hiravi jaoks, pakkudes terviklikku hooldust erinevat t\u00fc\u00fcpi v\u00e4higa patsientidele. Alates tipptasemel keemiaravist ja kiiritusravist kuni uuendusliku immunoteraapia ja t\u00e4ppisonkoloogiani, T\u00fcrgi kliinikud pakuvad juurdep\u00e4\u00e4su parimatele onkoloogia spetsialistidele ja uusimatele meditsiinitehnoloogiatele. Patsiendid v\u00f5ivad oodata personaalset raviplaani m\u00e4rkimisv\u00e4\u00e4rselt madalamate kuludega kui l\u00e4\u00e4neriikides, ilma kvaliteedis j\u00e4releandmisi tegemata.<\/li>\n<\/ul>\n<h3>Tervishoiu turismi peamised linnad T\u00fcrgis<\/h3>\n<ul>\n<li><strong>Istanbul<\/strong>: Tuntud oma kvaliteetsete <strong>hambaimplantaadi<\/strong> ja <strong>esteetilise kirurgia<\/strong> kliinikute poolest, meelitab <strong>Istanbul<\/strong> igal aastal tuhandeid rahvusvahelisi patsiente.<\/li>\n<li><strong>Antalya<\/strong>: Ranniku\u00e4\u00e4rne linn, mis pakub mitte ainult kvaliteetset meditsiinilist hooldust, vaid ka l\u00f5\u00f5gastavat keskkonda taastumiseks, eriti esteetiliste protseduuride j\u00e4rel.<\/li>\n<li><strong>Izmir<\/strong>: Oluline linn hambaravi ja <strong>ortopeediliste h\u00e4irete<\/strong> ravi jaoks, <strong>Izmir<\/strong> kujuneb kiiresti kasvavaks terviseturismi keskuseks.<\/li>\n<\/ul>\n<h3>Saage parim ravi parimate hindadega<\/h3>\n<p>Valides T\u00fcrgi, saate mitte ainult k\u00f5rgekvaliteedilist tervishoiuteenust, vaid s\u00e4\u00e4state ka oluliselt meditsiinikuludelt. Paljud kliinikud pakuvad k\u00f5ik-hinnas pakette, mis h\u00f5lmavad ravi, majutust ja transporti, tagades sujuva kogemuse rahvusvahelistele patsientidele.<\/p>\n<h3>Alustage oma meditsiinireisi planeerimist T\u00fcrki<\/h3>\n<p>Kas olete valmis uurima tervishoiuv\u00f5imalusi T\u00fcrgis? V\u00f5tke \u00fchendust meie meeskonnaga, et saada isiklikke n\u00f5uandeid ja soovitusi parimate kliinikute ja ravimeetodite kohta. Aitame teil teha teadlikke otsuseid ja saada parima kvaliteediga tervishoiuteenuseid taskukohaste hindadega.<\/p>\n<p><span style=\"text-decoration: underline;\"><strong>V\u00d5TKE MEIEGA \u00dcHENDUST<\/strong><\/span><\/p>\n<style id=\"wpforms-css-vars-673\">\n\t\t\t\t#wpforms-673 {\n\t\t\t\t\n\t\t\t}\n\t\t\t<\/style><div class=\"wpforms-container wpforms-container-full wpforms-render-modern\" id=\"wpforms-673\"><form id=\"wpforms-form-673\" class=\"wpforms-validate wpforms-form wpforms-ajax-form\" data-formid=\"673\" method=\"post\" enctype=\"multipart\/form-data\" action=\"\/et\/wp-json\/wp\/v2\/pages\/1108\" data-token=\"3afdf7b15cb95e56096648baafd6df2b\" data-token-time=\"1776394005\"><noscript class=\"wpforms-error-noscript\">Please enable JavaScript in your browser to complete this form.<\/noscript><div id=\"wpforms-error-noscript\" style=\"display: none;\">Please enable JavaScript in your browser to complete this form.<\/div><div class=\"wpforms-field-container\"><div id=\"wpforms-673-field_1-container\" class=\"wpforms-field wpforms-field-name\" data-field-id=\"1\"><fieldset><legend class=\"wpforms-field-label\">Ees- ja perekonnanimi <span class=\"wpforms-required-label\" aria-hidden=\"true\">*<\/span><\/legend><div class=\"wpforms-field-row wpforms-field-medium\"><div class=\"wpforms-field-row-block wpforms-first wpforms-one-half\"><input type=\"text\" id=\"wpforms-673-field_1\" class=\"wpforms-field-name-first wpforms-field-required\" name=\"wpforms[fields][1][first]\" aria-errormessage=\"wpforms-673-field_1-error\" required><label for=\"wpforms-673-field_1\" class=\"wpforms-field-sublabel after\">First<\/label><\/div><div class=\"wpforms-field-row-block wpforms-one-half\"><input type=\"text\" id=\"wpforms-673-field_1-last\" class=\"wpforms-field-name-last wpforms-field-required\" name=\"wpforms[fields][1][last]\" aria-errormessage=\"wpforms-673-field_1-last-error\" required><label for=\"wpforms-673-field_1-last\" class=\"wpforms-field-sublabel after\">Last<\/label><\/div><\/div><\/fieldset><\/div>\t\t<div id=\"wpforms-673-field_4-container\"\n\t\t\tclass=\"wpforms-field wpforms-field-text\"\n\t\t\tdata-field-type=\"text\"\n\t\t\tdata-field-id=\"4\"\n\t\t\t>\n\t\t\t<label class=\"wpforms-field-label\" for=\"wpforms-673-field_4\" >perekonnanimi s\u00f5num Teie<\/label>\n\t\t\t<input type=\"text\" id=\"wpforms-673-field_4\" class=\"wpforms-field-medium\" name=\"wpforms[fields][4]\" >\n\t\t<\/div>\n\t\t<div id=\"wpforms-673-field_2-container\" class=\"wpforms-field wpforms-field-email\" data-field-id=\"2\"><label class=\"wpforms-field-label\" for=\"wpforms-673-field_2\">E-post ja mobiiltelefon <span class=\"wpforms-required-label\" aria-hidden=\"true\">*<\/span><\/label><input type=\"email\" id=\"wpforms-673-field_2\" class=\"wpforms-field-medium wpforms-field-required\" name=\"wpforms[fields][2]\" spellcheck=\"false\" aria-errormessage=\"wpforms-673-field_2-error\" required><\/div><div id=\"wpforms-673-field_3-container\" class=\"wpforms-field wpforms-field-textarea\" data-field-id=\"3\"><label class=\"wpforms-field-label\" for=\"wpforms-673-field_3\">Teie s\u00f5num<\/label><textarea id=\"wpforms-673-field_3\" class=\"wpforms-field-medium\" name=\"wpforms[fields][3]\" aria-errormessage=\"wpforms-673-field_3-error\" ><\/textarea><\/div><script>\n\t\t\t\t( function() {\n\t\t\t\t\tconst style = document.createElement( 'style' );\n\t\t\t\t\tstyle.appendChild( document.createTextNode( '#wpforms-673-field_4-container { position: absolute !important; overflow: hidden !important; display: inline !important; height: 1px !important; width: 1px !important; z-index: -1000 !important; padding: 0 !important; } #wpforms-673-field_4-container input { visibility: hidden; } #wpforms-conversational-form-page #wpforms-673-field_4-container label { counter-increment: none; }' ) );\n\t\t\t\t\tdocument.head.appendChild( style );\n\t\t\t\t\tdocument.currentScript?.remove();\n\t\t\t\t} )();\n\t\t\t<\/script><\/div><!-- .wpforms-field-container --><div class=\"wpforms-submit-container\" ><input type=\"hidden\" name=\"wpforms[id]\" value=\"673\"><input type=\"hidden\" name=\"page_title\" value=\"\"><input type=\"hidden\" name=\"page_url\" value=\"https:\/\/bestmeditrips.com\/et\/wp-json\/wp\/v2\/pages\/1108\"><input type=\"hidden\" name=\"url_referer\" value=\"\"><button type=\"submit\" name=\"wpforms[submit]\" id=\"wpforms-submit-673\" class=\"wpforms-submit\" data-alt-text=\"Sending...\" data-submit-text=\"Saada\" aria-live=\"assertive\" value=\"wpforms-submit\">Saada<\/button><img loading=\"lazy\" decoding=\"async\" src=\"https:\/\/bestmeditrips.com\/wp-content\/plugins\/wpforms-lite\/assets\/images\/submit-spin.svg\" class=\"wpforms-submit-spinner\" style=\"display: none;\" width=\"26\" height=\"26\" alt=\"Loading\"><\/div><\/form><\/div>  <!-- .wpforms-container -->\n","protected":false},"excerpt":{"rendered":"<p>Avasta kvaliteetne tervishoid T\u00fcrgis T\u00fcrgi on muutunud juhtivaks sihtkohaks terviseturismis, pakkudes maailmatasemel meditsiinilisi ravimeetodeid taskukohaste hindadega. Kas kaalute hambaimplantaate, esteetilist kirurgiat, ortopeedilisi h\u00e4ireid, silmaravi, juuste siirdamist, v\u00e4hiravi v\u00f5i muid spetsialiseeritud ravimeetodeid, T\u00fcrgi pakub juurdep\u00e4\u00e4su k\u00f5rgelt kvalifitseeritud spetsialistidele ja tipptasemel kliinikutele. Miks valida T\u00fcrgi oma meditsiinireisiks? T\u00fcrgi valimine terviseravi jaoks pakub mitmeid eeliseid: K\u00f5rgelt kvalifitseeritud arstid: &#8230; <a title=\"T\u00fcrgi\" class=\"read-more\" href=\"https:\/\/bestmeditrips.com\/et\/turgi\/\" aria-label=\"Read more about T\u00fcrgi\">Read more<\/a><\/p>\n","protected":false},"author":1,"featured_media":908,"parent":0,"menu_order":0,"comment_status":"closed","ping_status":"closed","template":"","meta":{"footnotes":""},"class_list":["post-1108","page","type-page","status-publish","has-post-thumbnail"],"yoast_head":"<!-- This site is optimized with the Yoast SEO plugin v27.4 - https:\/\/yoast.com\/product\/yoast-seo-wordpress\/ -->\n<title>Meditsiiniline Turism T\u00fcrgis: Taskukohased Ravimeetodid, Premium Kliinikud<\/title>\n<meta name=\"description\" content=\"Avasta maailmatasemel tervishoiuteenused T\u00fcrgis. Taskukohased hinnad ja ekspertide hooldus parimatelt arstidelt Istanbulis, Antalyas, Izmiris...\" \/>\n<meta name=\"robots\" content=\"index, follow, max-snippet:-1, max-image-preview:large, max-video-preview:-1\" \/>\n<link rel=\"canonical\" href=\"https:\/\/bestmeditrips.com\/et\/turgi\/\" \/>\n<meta property=\"og:locale\" content=\"et_EE\" \/>\n<meta property=\"og:type\" content=\"article\" \/>\n<meta property=\"og:title\" content=\"Meditsiiniline Turism T\u00fcrgis: Taskukohased Ravimeetodid, Premium Kliinikud\" \/>\n<meta property=\"og:description\" content=\"Avasta maailmatasemel tervishoiuteenused T\u00fcrgis. Taskukohased hinnad ja ekspertide hooldus parimatelt arstidelt Istanbulis, Antalyas, Izmiris...\" \/>\n<meta property=\"og:url\" content=\"https:\/\/bestmeditrips.com\/et\/turgi\/\" \/>\n<meta property=\"og:site_name\" content=\"Bestmeditrips.com\" \/>\n<meta property=\"article:publisher\" content=\"https:\/\/www.facebook.com\/profile.php?id=61565479139599\" \/>\n<meta property=\"og:image\" content=\"https:\/\/bestmeditrips.com\/wp-content\/uploads\/2024\/09\/turkey-e1727124656345.jpg\" \/>\n\t<meta property=\"og:image:width\" content=\"1350\" \/>\n\t<meta property=\"og:image:height\" content=\"360\" \/>\n\t<meta property=\"og:image:type\" content=\"image\/jpeg\" \/>\n<meta name=\"twitter:card\" content=\"summary_large_image\" \/>\n<meta name=\"twitter:label1\" content=\"Est. reading time\" \/>\n\t<meta name=\"twitter:data1\" content=\"2 minutit\" \/>\n<script type=\"application\/ld+json\" class=\"yoast-schema-graph\">{\"@context\":\"https:\\\/\\\/schema.org\",\"@graph\":[{\"@type\":\"WebPage\",\"@id\":\"https:\\\/\\\/bestmeditrips.com\\\/et\\\/turgi\\\/\",\"url\":\"https:\\\/\\\/bestmeditrips.com\\\/et\\\/turgi\\\/\",\"name\":\"Meditsiiniline Turism T\u00fcrgis: Taskukohased Ravimeetodid, Premium Kliinikud\",\"isPartOf\":{\"@id\":\"https:\\\/\\\/bestmeditrips.com\\\/et\\\/#website\"},\"primaryImageOfPage\":{\"@id\":\"https:\\\/\\\/bestmeditrips.com\\\/et\\\/turgi\\\/#primaryimage\"},\"image\":{\"@id\":\"https:\\\/\\\/bestmeditrips.com\\\/et\\\/turgi\\\/#primaryimage\"},\"thumbnailUrl\":\"https:\\\/\\\/bestmeditrips.com\\\/wp-content\\\/uploads\\\/2024\\\/09\\\/turkey-e1727124656345.jpg\",\"datePublished\":\"2024-09-23T18:41:39+00:00\",\"description\":\"Avasta maailmatasemel tervishoiuteenused T\u00fcrgis. Taskukohased hinnad ja ekspertide hooldus parimatelt arstidelt Istanbulis, Antalyas, Izmiris...\",\"breadcrumb\":{\"@id\":\"https:\\\/\\\/bestmeditrips.com\\\/et\\\/turgi\\\/#breadcrumb\"},\"inLanguage\":\"et\",\"potentialAction\":[{\"@type\":\"ReadAction\",\"target\":[\"https:\\\/\\\/bestmeditrips.com\\\/et\\\/turgi\\\/\"]}]},{\"@type\":\"ImageObject\",\"inLanguage\":\"et\",\"@id\":\"https:\\\/\\\/bestmeditrips.com\\\/et\\\/turgi\\\/#primaryimage\",\"url\":\"https:\\\/\\\/bestmeditrips.com\\\/wp-content\\\/uploads\\\/2024\\\/09\\\/turkey-e1727124656345.jpg\",\"contentUrl\":\"https:\\\/\\\/bestmeditrips.com\\\/wp-content\\\/uploads\\\/2024\\\/09\\\/turkey-e1727124656345.jpg\",\"width\":1350,\"height\":360,\"caption\":\"T\u00fcrgi; kvaliteetne tervishoid, meditsiini- ja terviseturismi pealinn.\"},{\"@type\":\"BreadcrumbList\",\"@id\":\"https:\\\/\\\/bestmeditrips.com\\\/et\\\/turgi\\\/#breadcrumb\",\"itemListElement\":[{\"@type\":\"ListItem\",\"position\":1,\"name\":\"Home\",\"item\":\"https:\\\/\\\/bestmeditrips.com\\\/et\\\/\"},{\"@type\":\"ListItem\",\"position\":2,\"name\":\"T\u00fcrgi\"}]},{\"@type\":\"WebSite\",\"@id\":\"https:\\\/\\\/bestmeditrips.com\\\/et\\\/#website\",\"url\":\"https:\\\/\\\/bestmeditrips.com\\\/et\\\/\",\"name\":\"Bestmeditrips.com\",\"description\":\"Meditsiiniturism, parimad raviv\u00f5imalused, kliinikud, arstid ja hambaarstid!\",\"publisher\":{\"@id\":\"https:\\\/\\\/bestmeditrips.com\\\/et\\\/#organization\"},\"potentialAction\":[{\"@type\":\"SearchAction\",\"target\":{\"@type\":\"EntryPoint\",\"urlTemplate\":\"https:\\\/\\\/bestmeditrips.com\\\/et\\\/?s={search_term_string}\"},\"query-input\":{\"@type\":\"PropertyValueSpecification\",\"valueRequired\":true,\"valueName\":\"search_term_string\"}}],\"inLanguage\":\"et\"},{\"@type\":\"Organization\",\"@id\":\"https:\\\/\\\/bestmeditrips.com\\\/et\\\/#organization\",\"name\":\"Bestmeditrips.com\",\"url\":\"https:\\\/\\\/bestmeditrips.com\\\/et\\\/\",\"logo\":{\"@type\":\"ImageObject\",\"inLanguage\":\"et\",\"@id\":\"https:\\\/\\\/bestmeditrips.com\\\/et\\\/#\\\/schema\\\/logo\\\/image\\\/\",\"url\":\"https:\\\/\\\/bestmeditrips.com\\\/wp-content\\\/uploads\\\/2024\\\/09\\\/logo-2.png\",\"contentUrl\":\"https:\\\/\\\/bestmeditrips.com\\\/wp-content\\\/uploads\\\/2024\\\/09\\\/logo-2.png\",\"width\":500,\"height\":98,\"caption\":\"Bestmeditrips.com\"},\"image\":{\"@id\":\"https:\\\/\\\/bestmeditrips.com\\\/et\\\/#\\\/schema\\\/logo\\\/image\\\/\"},\"sameAs\":[\"https:\\\/\\\/www.facebook.com\\\/profile.php?id=61565479139599\"]}]}<\/script>\n<!-- \/ Yoast SEO plugin. -->","yoast_head_json":{"title":"Meditsiiniline Turism T\u00fcrgis: Taskukohased Ravimeetodid, Premium Kliinikud","description":"Avasta maailmatasemel tervishoiuteenused T\u00fcrgis. Taskukohased hinnad ja ekspertide hooldus parimatelt arstidelt Istanbulis, Antalyas, Izmiris...","robots":{"index":"index","follow":"follow","max-snippet":"max-snippet:-1","max-image-preview":"max-image-preview:large","max-video-preview":"max-video-preview:-1"},"canonical":"https:\/\/bestmeditrips.com\/et\/turgi\/","og_locale":"et_EE","og_type":"article","og_title":"Meditsiiniline Turism T\u00fcrgis: Taskukohased Ravimeetodid, Premium Kliinikud","og_description":"Avasta maailmatasemel tervishoiuteenused T\u00fcrgis. Taskukohased hinnad ja ekspertide hooldus parimatelt arstidelt Istanbulis, Antalyas, Izmiris...","og_url":"https:\/\/bestmeditrips.com\/et\/turgi\/","og_site_name":"Bestmeditrips.com","article_publisher":"https:\/\/www.facebook.com\/profile.php?id=61565479139599","og_image":[{"width":1350,"height":360,"url":"https:\/\/bestmeditrips.com\/wp-content\/uploads\/2024\/09\/turkey-e1727124656345.jpg","type":"image\/jpeg"}],"twitter_card":"summary_large_image","twitter_misc":{"Est. reading time":"2 minutit"},"schema":{"@context":"https:\/\/schema.org","@graph":[{"@type":"WebPage","@id":"https:\/\/bestmeditrips.com\/et\/turgi\/","url":"https:\/\/bestmeditrips.com\/et\/turgi\/","name":"Meditsiiniline Turism T\u00fcrgis: Taskukohased Ravimeetodid, Premium Kliinikud","isPartOf":{"@id":"https:\/\/bestmeditrips.com\/et\/#website"},"primaryImageOfPage":{"@id":"https:\/\/bestmeditrips.com\/et\/turgi\/#primaryimage"},"image":{"@id":"https:\/\/bestmeditrips.com\/et\/turgi\/#primaryimage"},"thumbnailUrl":"https:\/\/bestmeditrips.com\/wp-content\/uploads\/2024\/09\/turkey-e1727124656345.jpg","datePublished":"2024-09-23T18:41:39+00:00","description":"Avasta maailmatasemel tervishoiuteenused T\u00fcrgis. Taskukohased hinnad ja ekspertide hooldus parimatelt arstidelt Istanbulis, Antalyas, Izmiris...","breadcrumb":{"@id":"https:\/\/bestmeditrips.com\/et\/turgi\/#breadcrumb"},"inLanguage":"et","potentialAction":[{"@type":"ReadAction","target":["https:\/\/bestmeditrips.com\/et\/turgi\/"]}]},{"@type":"ImageObject","inLanguage":"et","@id":"https:\/\/bestmeditrips.com\/et\/turgi\/#primaryimage","url":"https:\/\/bestmeditrips.com\/wp-content\/uploads\/2024\/09\/turkey-e1727124656345.jpg","contentUrl":"https:\/\/bestmeditrips.com\/wp-content\/uploads\/2024\/09\/turkey-e1727124656345.jpg","width":1350,"height":360,"caption":"T\u00fcrgi; kvaliteetne tervishoid, meditsiini- ja terviseturismi pealinn."},{"@type":"BreadcrumbList","@id":"https:\/\/bestmeditrips.com\/et\/turgi\/#breadcrumb","itemListElement":[{"@type":"ListItem","position":1,"name":"Home","item":"https:\/\/bestmeditrips.com\/et\/"},{"@type":"ListItem","position":2,"name":"T\u00fcrgi"}]},{"@type":"WebSite","@id":"https:\/\/bestmeditrips.com\/et\/#website","url":"https:\/\/bestmeditrips.com\/et\/","name":"Bestmeditrips.com","description":"Meditsiiniturism, parimad raviv\u00f5imalused, kliinikud, arstid ja hambaarstid!","publisher":{"@id":"https:\/\/bestmeditrips.com\/et\/#organization"},"potentialAction":[{"@type":"SearchAction","target":{"@type":"EntryPoint","urlTemplate":"https:\/\/bestmeditrips.com\/et\/?s={search_term_string}"},"query-input":{"@type":"PropertyValueSpecification","valueRequired":true,"valueName":"search_term_string"}}],"inLanguage":"et"},{"@type":"Organization","@id":"https:\/\/bestmeditrips.com\/et\/#organization","name":"Bestmeditrips.com","url":"https:\/\/bestmeditrips.com\/et\/","logo":{"@type":"ImageObject","inLanguage":"et","@id":"https:\/\/bestmeditrips.com\/et\/#\/schema\/logo\/image\/","url":"https:\/\/bestmeditrips.com\/wp-content\/uploads\/2024\/09\/logo-2.png","contentUrl":"https:\/\/bestmeditrips.com\/wp-content\/uploads\/2024\/09\/logo-2.png","width":500,"height":98,"caption":"Bestmeditrips.com"},"image":{"@id":"https:\/\/bestmeditrips.com\/et\/#\/schema\/logo\/image\/"},"sameAs":["https:\/\/www.facebook.com\/profile.php?id=61565479139599"]}]}},"_links":{"self":[{"href":"https:\/\/bestmeditrips.com\/et\/wp-json\/wp\/v2\/pages\/1108","targetHints":{"allow":["GET"]}}],"collection":[{"href":"https:\/\/bestmeditrips.com\/et\/wp-json\/wp\/v2\/pages"}],"about":[{"href":"https:\/\/bestmeditrips.com\/et\/wp-json\/wp\/v2\/types\/page"}],"author":[{"embeddable":true,"href":"https:\/\/bestmeditrips.com\/et\/wp-json\/wp\/v2\/users\/1"}],"replies":[{"embeddable":true,"href":"https:\/\/bestmeditrips.com\/et\/wp-json\/wp\/v2\/comments?post=1108"}],"version-history":[{"count":0,"href":"https:\/\/bestmeditrips.com\/et\/wp-json\/wp\/v2\/pages\/1108\/revisions"}],"wp:featuredmedia":[{"embeddable":true,"href":"https:\/\/bestmeditrips.com\/et\/wp-json\/wp\/v2\/media\/908"}],"wp:attachment":[{"href":"https:\/\/bestmeditrips.com\/et\/wp-json\/wp\/v2\/media?parent=1108"}],"curies":[{"name":"wp","href":"https:\/\/api.w.org\/{rel}","templated":true}]}}