{"id":616,"date":"2024-09-02T20:02:05","date_gmt":"2024-09-02T17:02:05","guid":{"rendered":"https:\/\/bestmeditrips.com\/articulos\/"},"modified":"2024-09-02T20:02:05","modified_gmt":"2024-09-02T17:02:05","slug":"articulos","status":"publish","type":"page","link":"https:\/\/bestmeditrips.com\/es\/articulos\/","title":{"rendered":"Art\u00edculos"},"content":{"rendered":"<h2>Blog de Turismo M\u00e9dico | \u00daltimos Art\u00edculos e Ideas<\/h2>\n<p>Descubre las \u00faltimas tendencias, consejos de expertos y art\u00edculos informativos sobre turismo de salud. Nuestro blog cubre todo, desde las mejores opciones de tratamiento y consejos de viaje hasta gu\u00edas de destinos e historias de pacientes. Mantente actualizado con contenido valioso dise\u00f1ado para mejorar tu experiencia de turismo de salud.<\/p>\n","protected":false},"excerpt":{"rendered":"<p>Blog de Turismo M\u00e9dico | \u00daltimos Art\u00edculos e Ideas Descubre las \u00faltimas tendencias, consejos de expertos y art\u00edculos informativos sobre turismo de salud. Nuestro blog cubre todo, desde las mejores opciones de tratamiento y consejos de viaje hasta gu\u00edas de destinos e historias de pacientes. Mantente actualizado con contenido valioso dise\u00f1ado para mejorar tu experiencia &#8230; <a title=\"Art\u00edculos\" class=\"read-more\" href=\"https:\/\/bestmeditrips.com\/es\/articulos\/\" aria-label=\"Leer m\u00e1s sobre Art\u00edculos\">Leer m\u00e1s<\/a><\/p>\n","protected":false},"author":1,"featured_media":0,"parent":0,"menu_order":0,"comment_status":"closed","ping_status":"closed","template":"","meta":{"footnotes":""},"class_list":["post-616","page","type-page","status-publish"],"yoast_head":"<!-- This site is optimized with the Yoast SEO plugin v27.4 - https:\/\/yoast.com\/product\/yoast-seo-wordpress\/ -->\n<title>Blog de Turismo M\u00e9dico | Art\u00edculos e Ideas | bestmeditrips.com<\/title>\n<meta name=\"description\" content=\"Explora informaci\u00f3n sobre turismo de salud, \u00faltimos art\u00edculos, ideas y actualizaciones sobre tratamientos, destinos y tendencias.\" \/>\n<meta name=\"robots\" content=\"index, follow, max-snippet:-1, max-image-preview:large, max-video-preview:-1\" \/>\n<link rel=\"canonical\" href=\"https:\/\/bestmeditrips.com\/es\/articulos\/\" \/>\n<meta property=\"og:locale\" content=\"es_ES\" \/>\n<meta property=\"og:type\" content=\"article\" \/>\n<meta property=\"og:title\" content=\"Blog de Turismo M\u00e9dico | Art\u00edculos e Ideas | bestmeditrips.com\" \/>\n<meta property=\"og:description\" content=\"Explora informaci\u00f3n sobre turismo de salud, \u00faltimos art\u00edculos, ideas y actualizaciones sobre tratamientos, destinos y tendencias.\" \/>\n<meta property=\"og:url\" content=\"https:\/\/bestmeditrips.com\/es\/articulos\/\" \/>\n<meta property=\"og:site_name\" content=\"Bestmeditrips.com\" \/>\n<meta property=\"article:publisher\" content=\"https:\/\/www.facebook.com\/profile.php?id=61565479139599\" \/>\n<meta property=\"og:image\" content=\"https:\/\/bestmeditrips.com\/wp-content\/uploads\/2024\/09\/health-tourism.jpg\" \/>\n\t<meta property=\"og:image:width\" content=\"1024\" \/>\n\t<meta property=\"og:image:height\" content=\"683\" \/>\n\t<meta property=\"og:image:type\" content=\"image\/jpeg\" \/>\n<meta name=\"twitter:card\" content=\"summary_large_image\" \/>\n<script type=\"application\/ld+json\" class=\"yoast-schema-graph\">{\"@context\":\"https:\\\/\\\/schema.org\",\"@graph\":[{\"@type\":\"WebPage\",\"@id\":\"https:\\\/\\\/bestmeditrips.com\\\/es\\\/articulos\\\/\",\"url\":\"https:\\\/\\\/bestmeditrips.com\\\/es\\\/articulos\\\/\",\"name\":\"Blog de Turismo M\u00e9dico | Art\u00edculos e Ideas | bestmeditrips.com\",\"isPartOf\":{\"@id\":\"https:\\\/\\\/bestmeditrips.com\\\/es\\\/#website\"},\"datePublished\":\"2024-09-02T17:02:05+00:00\",\"description\":\"Explora informaci\u00f3n sobre turismo de salud, \u00faltimos art\u00edculos, ideas y actualizaciones sobre tratamientos, destinos y tendencias.\",\"breadcrumb\":{\"@id\":\"https:\\\/\\\/bestmeditrips.com\\\/es\\\/articulos\\\/#breadcrumb\"},\"inLanguage\":\"es\",\"potentialAction\":[{\"@type\":\"ReadAction\",\"target\":[\"https:\\\/\\\/bestmeditrips.com\\\/es\\\/articulos\\\/\"]}]},{\"@type\":\"BreadcrumbList\",\"@id\":\"https:\\\/\\\/bestmeditrips.com\\\/es\\\/articulos\\\/#breadcrumb\",\"itemListElement\":[{\"@type\":\"ListItem\",\"position\":1,\"name\":\"Home\",\"item\":\"https:\\\/\\\/bestmeditrips.com\\\/es\\\/\"},{\"@type\":\"ListItem\",\"position\":2,\"name\":\"Art\u00edculos\"}]},{\"@type\":\"WebSite\",\"@id\":\"https:\\\/\\\/bestmeditrips.com\\\/es\\\/#website\",\"url\":\"https:\\\/\\\/bestmeditrips.com\\\/es\\\/\",\"name\":\"Bestmeditrips.com\",\"description\":\"Turismo m\u00e9dico, mejores tratamientos, cl\u00ednicas, m\u00e9dicos y dentistas!\",\"publisher\":{\"@id\":\"https:\\\/\\\/bestmeditrips.com\\\/es\\\/#organization\"},\"potentialAction\":[{\"@type\":\"SearchAction\",\"target\":{\"@type\":\"EntryPoint\",\"urlTemplate\":\"https:\\\/\\\/bestmeditrips.com\\\/es\\\/?s={search_term_string}\"},\"query-input\":{\"@type\":\"PropertyValueSpecification\",\"valueRequired\":true,\"valueName\":\"search_term_string\"}}],\"inLanguage\":\"es\"},{\"@type\":\"Organization\",\"@id\":\"https:\\\/\\\/bestmeditrips.com\\\/es\\\/#organization\",\"name\":\"Bestmeditrips.com\",\"url\":\"https:\\\/\\\/bestmeditrips.com\\\/es\\\/\",\"logo\":{\"@type\":\"ImageObject\",\"inLanguage\":\"es\",\"@id\":\"https:\\\/\\\/bestmeditrips.com\\\/es\\\/#\\\/schema\\\/logo\\\/image\\\/\",\"url\":\"https:\\\/\\\/bestmeditrips.com\\\/wp-content\\\/uploads\\\/2024\\\/09\\\/logo-2.png\",\"contentUrl\":\"https:\\\/\\\/bestmeditrips.com\\\/wp-content\\\/uploads\\\/2024\\\/09\\\/logo-2.png\",\"width\":500,\"height\":98,\"caption\":\"Bestmeditrips.com\"},\"image\":{\"@id\":\"https:\\\/\\\/bestmeditrips.com\\\/es\\\/#\\\/schema\\\/logo\\\/image\\\/\"},\"sameAs\":[\"https:\\\/\\\/www.facebook.com\\\/profile.php?id=61565479139599\"]}]}<\/script>\n<!-- \/ Yoast SEO plugin. -->","yoast_head_json":{"title":"Blog de Turismo M\u00e9dico | Art\u00edculos e Ideas | bestmeditrips.com","description":"Explora informaci\u00f3n sobre turismo de salud, \u00faltimos art\u00edculos, ideas y actualizaciones sobre tratamientos, destinos y tendencias.","robots":{"index":"index","follow":"follow","max-snippet":"max-snippet:-1","max-image-preview":"max-image-preview:large","max-video-preview":"max-video-preview:-1"},"canonical":"https:\/\/bestmeditrips.com\/es\/articulos\/","og_locale":"es_ES","og_type":"article","og_title":"Blog de Turismo M\u00e9dico | Art\u00edculos e Ideas | bestmeditrips.com","og_description":"Explora informaci\u00f3n sobre turismo de salud, \u00faltimos art\u00edculos, ideas y actualizaciones sobre tratamientos, destinos y tendencias.","og_url":"https:\/\/bestmeditrips.com\/es\/articulos\/","og_site_name":"Bestmeditrips.com","article_publisher":"https:\/\/www.facebook.com\/profile.php?id=61565479139599","og_image":[{"width":1024,"height":683,"url":"https:\/\/bestmeditrips.com\/wp-content\/uploads\/2024\/09\/health-tourism.jpg","type":"image\/jpeg"}],"twitter_card":"summary_large_image","schema":{"@context":"https:\/\/schema.org","@graph":[{"@type":"WebPage","@id":"https:\/\/bestmeditrips.com\/es\/articulos\/","url":"https:\/\/bestmeditrips.com\/es\/articulos\/","name":"Blog de Turismo M\u00e9dico | Art\u00edculos e Ideas | bestmeditrips.com","isPartOf":{"@id":"https:\/\/bestmeditrips.com\/es\/#website"},"datePublished":"2024-09-02T17:02:05+00:00","description":"Explora informaci\u00f3n sobre turismo de salud, \u00faltimos art\u00edculos, ideas y actualizaciones sobre tratamientos, destinos y tendencias.","breadcrumb":{"@id":"https:\/\/bestmeditrips.com\/es\/articulos\/#breadcrumb"},"inLanguage":"es","potentialAction":[{"@type":"ReadAction","target":["https:\/\/bestmeditrips.com\/es\/articulos\/"]}]},{"@type":"BreadcrumbList","@id":"https:\/\/bestmeditrips.com\/es\/articulos\/#breadcrumb","itemListElement":[{"@type":"ListItem","position":1,"name":"Home","item":"https:\/\/bestmeditrips.com\/es\/"},{"@type":"ListItem","position":2,"name":"Art\u00edculos"}]},{"@type":"WebSite","@id":"https:\/\/bestmeditrips.com\/es\/#website","url":"https:\/\/bestmeditrips.com\/es\/","name":"Bestmeditrips.com","description":"Turismo m\u00e9dico, mejores tratamientos, cl\u00ednicas, m\u00e9dicos y dentistas!","publisher":{"@id":"https:\/\/bestmeditrips.com\/es\/#organization"},"potentialAction":[{"@type":"SearchAction","target":{"@type":"EntryPoint","urlTemplate":"https:\/\/bestmeditrips.com\/es\/?s={search_term_string}"},"query-input":{"@type":"PropertyValueSpecification","valueRequired":true,"valueName":"search_term_string"}}],"inLanguage":"es"},{"@type":"Organization","@id":"https:\/\/bestmeditrips.com\/es\/#organization","name":"Bestmeditrips.com","url":"https:\/\/bestmeditrips.com\/es\/","logo":{"@type":"ImageObject","inLanguage":"es","@id":"https:\/\/bestmeditrips.com\/es\/#\/schema\/logo\/image\/","url":"https:\/\/bestmeditrips.com\/wp-content\/uploads\/2024\/09\/logo-2.png","contentUrl":"https:\/\/bestmeditrips.com\/wp-content\/uploads\/2024\/09\/logo-2.png","width":500,"height":98,"caption":"Bestmeditrips.com"},"image":{"@id":"https:\/\/bestmeditrips.com\/es\/#\/schema\/logo\/image\/"},"sameAs":["https:\/\/www.facebook.com\/profile.php?id=61565479139599"]}]}},"_links":{"self":[{"href":"https:\/\/bestmeditrips.com\/es\/wp-json\/wp\/v2\/pages\/616","targetHints":{"allow":["GET"]}}],"collection":[{"href":"https:\/\/bestmeditrips.com\/es\/wp-json\/wp\/v2\/pages"}],"about":[{"href":"https:\/\/bestmeditrips.com\/es\/wp-json\/wp\/v2\/types\/page"}],"author":[{"embeddable":true,"href":"https:\/\/bestmeditrips.com\/es\/wp-json\/wp\/v2\/users\/1"}],"replies":[{"embeddable":true,"href":"https:\/\/bestmeditrips.com\/es\/wp-json\/wp\/v2\/comments?post=616"}],"version-history":[{"count":0,"href":"https:\/\/bestmeditrips.com\/es\/wp-json\/wp\/v2\/pages\/616\/revisions"}],"wp:attachment":[{"href":"https:\/\/bestmeditrips.com\/es\/wp-json\/wp\/v2\/media?parent=616"}],"curies":[{"name":"wp","href":"https:\/\/api.w.org\/{rel}","templated":true}]}}