{"id":437,"date":"2024-09-01T20:00:15","date_gmt":"2024-09-01T17:00:15","guid":{"rendered":"https:\/\/bestmeditrips.com\/politica-de-privacidad\/"},"modified":"2024-09-05T01:01:53","modified_gmt":"2024-09-04T22:01:53","slug":"politica-de-privacidad","status":"publish","type":"page","link":"https:\/\/bestmeditrips.com\/es\/politica-de-privacidad\/","title":{"rendered":"Pol\u00edtica de Privacidad"},"content":{"rendered":"<p><strong>Pol\u00edtica de Privacidad<\/strong><\/p>\n<p>Gracias por visitar <em>BestMediTrips.com<\/em>. Su privacidad es importante para nosotros. Esta <strong>Pol\u00edtica de Privacidad<\/strong> explica c\u00f3mo recopilamos, utilizamos, divulgamos y protegemos su informaci\u00f3n cuando visita nuestro sitio web. Por favor, lea esta pol\u00edtica de privacidad detenidamente. Si no est\u00e1 de acuerdo con los t\u00e9rminos de esta pol\u00edtica de privacidad, por favor no acceda al sitio.<\/p>\n<p><strong>1. Informaci\u00f3n que Recopilamos<\/strong><\/p>\n<p>Podemos recopilar informaci\u00f3n personal, como su nombre, direcci\u00f3n de correo electr\u00f3nico, n\u00famero de tel\u00e9fono y otros detalles que proporciona cuando interact\u00faa con nuestro sitio web o nos contacta para consultas.<\/p>\n<p><strong>2. C\u00f3mo Usamos su Informaci\u00f3n<\/strong><\/p>\n<p>Podemos utilizar la informaci\u00f3n que recopilamos para:<\/p>\n<p>Proporcionar, operar y mantener nuestro sitio web<br \/>\nMejorar, personalizar y expandir las ofertas de nuestro sitio web<br \/>\nComunicarnos con usted, ya sea directamente o a trav\u00e9s de uno de nuestros socios, incluido el servicio al cliente, para proporcionar actualizaciones y otra informaci\u00f3n relacionada con el sitio web, y con fines de marketing y promoci\u00f3n<br \/>\nProteger, investigar y disuadir actividades no autorizadas o ilegales<\/p>\n<p><strong>3. Divulgaci\u00f3n de su Informaci\u00f3n<\/strong><\/p>\n<p>Podemos compartir su informaci\u00f3n con terceros \u00fanicamente en las formas descritas en esta <strong>Pol\u00edtica de Privacidad<\/strong>.<\/p>\n<p><strong>4. Seguridad de su Informaci\u00f3n<\/strong><\/p>\n<p>Utilizamos medidas de seguridad administrativas, t\u00e9cnicas y f\u00edsicas para ayudar a proteger su informaci\u00f3n personal. Aunque hemos tomado medidas razonables para asegurar la informaci\u00f3n personal que nos proporciona, tenga en cuenta que, a pesar de nuestros esfuerzos, ninguna medida de seguridad es perfecta o impenetrable.<\/p>\n<p><strong>5. Sus Opciones con Respecto a su Informaci\u00f3n<\/strong><\/p>\n<p>Usted tiene el derecho de:<\/p>\n<p>Actualizar o corregir su informaci\u00f3n personal<br \/>\nOptar por no recibir comunicaciones de marketing<br \/>\nSolicitar que eliminemos su informaci\u00f3n personal<\/p>\n<p><strong>6. Cambios a Esta Pol\u00edtica de Privacidad<\/strong><\/p>\n<p>Podemos actualizar esta <strong>Pol\u00edtica de Privacidad<\/strong> de vez en cuando para reflejar, por ejemplo, cambios en nuestras pr\u00e1cticas o por otros motivos operativos, legales o reglamentarios.<\/p>\n<p><strong>7. Cont\u00e1ctenos<\/strong><\/p>\n<p>Si tiene preguntas o comentarios sobre esta <strong>Pol\u00edtica de Privacidad<\/strong>, por favor cont\u00e1ctenos.<\/p>\n","protected":false},"excerpt":{"rendered":"<p>Pol\u00edtica de Privacidad Gracias por visitar BestMediTrips.com. Su privacidad es importante para nosotros. Esta Pol\u00edtica de Privacidad explica c\u00f3mo recopilamos, utilizamos, divulgamos y protegemos su informaci\u00f3n cuando visita nuestro sitio web. Por favor, lea esta pol\u00edtica de privacidad detenidamente. Si no est\u00e1 de acuerdo con los t\u00e9rminos de esta pol\u00edtica de privacidad, por favor no &#8230; <a title=\"Pol\u00edtica de Privacidad\" class=\"read-more\" href=\"https:\/\/bestmeditrips.com\/es\/politica-de-privacidad\/\" aria-label=\"Leer m\u00e1s sobre Pol\u00edtica de Privacidad\">Leer m\u00e1s<\/a><\/p>\n","protected":false},"author":1,"featured_media":0,"parent":0,"menu_order":0,"comment_status":"closed","ping_status":"open","template":"","meta":{"footnotes":""},"class_list":["post-437","page","type-page","status-publish"],"yoast_head":"<!-- This site is optimized with the Yoast SEO plugin v27.4 - https:\/\/yoast.com\/product\/yoast-seo-wordpress\/ -->\n<title>Pol\u00edtica de Privacidad - Bestmeditrips.com<\/title>\n<meta name=\"robots\" content=\"index, follow, max-snippet:-1, max-image-preview:large, max-video-preview:-1\" \/>\n<link rel=\"canonical\" href=\"https:\/\/bestmeditrips.com\/es\/politica-de-privacidad\/\" \/>\n<meta property=\"og:locale\" content=\"es_ES\" \/>\n<meta property=\"og:type\" content=\"article\" \/>\n<meta property=\"og:title\" content=\"Pol\u00edtica de Privacidad - Bestmeditrips.com\" \/>\n<meta property=\"og:description\" content=\"Pol\u00edtica de Privacidad Gracias por visitar BestMediTrips.com. Su privacidad es importante para nosotros. Esta Pol\u00edtica de Privacidad explica c\u00f3mo recopilamos, utilizamos, divulgamos y protegemos su informaci\u00f3n cuando visita nuestro sitio web. Por favor, lea esta pol\u00edtica de privacidad detenidamente. Si no est\u00e1 de acuerdo con los t\u00e9rminos de esta pol\u00edtica de privacidad, por favor no ... Leer m\u00e1s\" \/>\n<meta property=\"og:url\" content=\"https:\/\/bestmeditrips.com\/es\/politica-de-privacidad\/\" \/>\n<meta property=\"og:site_name\" content=\"Bestmeditrips.com\" \/>\n<meta property=\"article:publisher\" content=\"https:\/\/www.facebook.com\/profile.php?id=61565479139599\" \/>\n<meta property=\"article:modified_time\" content=\"2024-09-04T22:01:53+00:00\" \/>\n<meta property=\"og:image\" content=\"https:\/\/bestmeditrips.com\/wp-content\/uploads\/2024\/09\/health-tourism.jpg\" \/>\n\t<meta property=\"og:image:width\" content=\"1024\" \/>\n\t<meta property=\"og:image:height\" content=\"683\" \/>\n\t<meta property=\"og:image:type\" content=\"image\/jpeg\" \/>\n<meta name=\"twitter:card\" content=\"summary_large_image\" \/>\n<meta name=\"twitter:label1\" content=\"Tiempo de lectura\" \/>\n\t<meta name=\"twitter:data1\" content=\"2 minutos\" \/>\n<script type=\"application\/ld+json\" class=\"yoast-schema-graph\">{\"@context\":\"https:\\\/\\\/schema.org\",\"@graph\":[{\"@type\":\"WebPage\",\"@id\":\"https:\\\/\\\/bestmeditrips.com\\\/es\\\/politica-de-privacidad\\\/\",\"url\":\"https:\\\/\\\/bestmeditrips.com\\\/es\\\/politica-de-privacidad\\\/\",\"name\":\"Pol\u00edtica de Privacidad - Bestmeditrips.com\",\"isPartOf\":{\"@id\":\"https:\\\/\\\/bestmeditrips.com\\\/es\\\/#website\"},\"datePublished\":\"2024-09-01T17:00:15+00:00\",\"dateModified\":\"2024-09-04T22:01:53+00:00\",\"breadcrumb\":{\"@id\":\"https:\\\/\\\/bestmeditrips.com\\\/es\\\/politica-de-privacidad\\\/#breadcrumb\"},\"inLanguage\":\"es\",\"potentialAction\":[{\"@type\":\"ReadAction\",\"target\":[\"https:\\\/\\\/bestmeditrips.com\\\/es\\\/politica-de-privacidad\\\/\"]}]},{\"@type\":\"BreadcrumbList\",\"@id\":\"https:\\\/\\\/bestmeditrips.com\\\/es\\\/politica-de-privacidad\\\/#breadcrumb\",\"itemListElement\":[{\"@type\":\"ListItem\",\"position\":1,\"name\":\"Home\",\"item\":\"https:\\\/\\\/bestmeditrips.com\\\/es\\\/\"},{\"@type\":\"ListItem\",\"position\":2,\"name\":\"Pol\u00edtica de Privacidad\"}]},{\"@type\":\"WebSite\",\"@id\":\"https:\\\/\\\/bestmeditrips.com\\\/es\\\/#website\",\"url\":\"https:\\\/\\\/bestmeditrips.com\\\/es\\\/\",\"name\":\"Bestmeditrips.com\",\"description\":\"Turismo m\u00e9dico, mejores tratamientos, cl\u00ednicas, m\u00e9dicos y dentistas!\",\"publisher\":{\"@id\":\"https:\\\/\\\/bestmeditrips.com\\\/es\\\/#organization\"},\"potentialAction\":[{\"@type\":\"SearchAction\",\"target\":{\"@type\":\"EntryPoint\",\"urlTemplate\":\"https:\\\/\\\/bestmeditrips.com\\\/es\\\/?s={search_term_string}\"},\"query-input\":{\"@type\":\"PropertyValueSpecification\",\"valueRequired\":true,\"valueName\":\"search_term_string\"}}],\"inLanguage\":\"es\"},{\"@type\":\"Organization\",\"@id\":\"https:\\\/\\\/bestmeditrips.com\\\/es\\\/#organization\",\"name\":\"Bestmeditrips.com\",\"url\":\"https:\\\/\\\/bestmeditrips.com\\\/es\\\/\",\"logo\":{\"@type\":\"ImageObject\",\"inLanguage\":\"es\",\"@id\":\"https:\\\/\\\/bestmeditrips.com\\\/es\\\/#\\\/schema\\\/logo\\\/image\\\/\",\"url\":\"https:\\\/\\\/bestmeditrips.com\\\/wp-content\\\/uploads\\\/2024\\\/09\\\/logo-2.png\",\"contentUrl\":\"https:\\\/\\\/bestmeditrips.com\\\/wp-content\\\/uploads\\\/2024\\\/09\\\/logo-2.png\",\"width\":500,\"height\":98,\"caption\":\"Bestmeditrips.com\"},\"image\":{\"@id\":\"https:\\\/\\\/bestmeditrips.com\\\/es\\\/#\\\/schema\\\/logo\\\/image\\\/\"},\"sameAs\":[\"https:\\\/\\\/www.facebook.com\\\/profile.php?id=61565479139599\"]}]}<\/script>\n<!-- \/ Yoast SEO plugin. -->","yoast_head_json":{"title":"Pol\u00edtica de Privacidad - Bestmeditrips.com","robots":{"index":"index","follow":"follow","max-snippet":"max-snippet:-1","max-image-preview":"max-image-preview:large","max-video-preview":"max-video-preview:-1"},"canonical":"https:\/\/bestmeditrips.com\/es\/politica-de-privacidad\/","og_locale":"es_ES","og_type":"article","og_title":"Pol\u00edtica de Privacidad - Bestmeditrips.com","og_description":"Pol\u00edtica de Privacidad Gracias por visitar BestMediTrips.com. Su privacidad es importante para nosotros. Esta Pol\u00edtica de Privacidad explica c\u00f3mo recopilamos, utilizamos, divulgamos y protegemos su informaci\u00f3n cuando visita nuestro sitio web. Por favor, lea esta pol\u00edtica de privacidad detenidamente. Si no est\u00e1 de acuerdo con los t\u00e9rminos de esta pol\u00edtica de privacidad, por favor no ... Leer m\u00e1s","og_url":"https:\/\/bestmeditrips.com\/es\/politica-de-privacidad\/","og_site_name":"Bestmeditrips.com","article_publisher":"https:\/\/www.facebook.com\/profile.php?id=61565479139599","article_modified_time":"2024-09-04T22:01:53+00:00","og_image":[{"width":1024,"height":683,"url":"https:\/\/bestmeditrips.com\/wp-content\/uploads\/2024\/09\/health-tourism.jpg","type":"image\/jpeg"}],"twitter_card":"summary_large_image","twitter_misc":{"Tiempo de lectura":"2 minutos"},"schema":{"@context":"https:\/\/schema.org","@graph":[{"@type":"WebPage","@id":"https:\/\/bestmeditrips.com\/es\/politica-de-privacidad\/","url":"https:\/\/bestmeditrips.com\/es\/politica-de-privacidad\/","name":"Pol\u00edtica de Privacidad - Bestmeditrips.com","isPartOf":{"@id":"https:\/\/bestmeditrips.com\/es\/#website"},"datePublished":"2024-09-01T17:00:15+00:00","dateModified":"2024-09-04T22:01:53+00:00","breadcrumb":{"@id":"https:\/\/bestmeditrips.com\/es\/politica-de-privacidad\/#breadcrumb"},"inLanguage":"es","potentialAction":[{"@type":"ReadAction","target":["https:\/\/bestmeditrips.com\/es\/politica-de-privacidad\/"]}]},{"@type":"BreadcrumbList","@id":"https:\/\/bestmeditrips.com\/es\/politica-de-privacidad\/#breadcrumb","itemListElement":[{"@type":"ListItem","position":1,"name":"Home","item":"https:\/\/bestmeditrips.com\/es\/"},{"@type":"ListItem","position":2,"name":"Pol\u00edtica de Privacidad"}]},{"@type":"WebSite","@id":"https:\/\/bestmeditrips.com\/es\/#website","url":"https:\/\/bestmeditrips.com\/es\/","name":"Bestmeditrips.com","description":"Turismo m\u00e9dico, mejores tratamientos, cl\u00ednicas, m\u00e9dicos y dentistas!","publisher":{"@id":"https:\/\/bestmeditrips.com\/es\/#organization"},"potentialAction":[{"@type":"SearchAction","target":{"@type":"EntryPoint","urlTemplate":"https:\/\/bestmeditrips.com\/es\/?s={search_term_string}"},"query-input":{"@type":"PropertyValueSpecification","valueRequired":true,"valueName":"search_term_string"}}],"inLanguage":"es"},{"@type":"Organization","@id":"https:\/\/bestmeditrips.com\/es\/#organization","name":"Bestmeditrips.com","url":"https:\/\/bestmeditrips.com\/es\/","logo":{"@type":"ImageObject","inLanguage":"es","@id":"https:\/\/bestmeditrips.com\/es\/#\/schema\/logo\/image\/","url":"https:\/\/bestmeditrips.com\/wp-content\/uploads\/2024\/09\/logo-2.png","contentUrl":"https:\/\/bestmeditrips.com\/wp-content\/uploads\/2024\/09\/logo-2.png","width":500,"height":98,"caption":"Bestmeditrips.com"},"image":{"@id":"https:\/\/bestmeditrips.com\/es\/#\/schema\/logo\/image\/"},"sameAs":["https:\/\/www.facebook.com\/profile.php?id=61565479139599"]}]}},"_links":{"self":[{"href":"https:\/\/bestmeditrips.com\/es\/wp-json\/wp\/v2\/pages\/437","targetHints":{"allow":["GET"]}}],"collection":[{"href":"https:\/\/bestmeditrips.com\/es\/wp-json\/wp\/v2\/pages"}],"about":[{"href":"https:\/\/bestmeditrips.com\/es\/wp-json\/wp\/v2\/types\/page"}],"author":[{"embeddable":true,"href":"https:\/\/bestmeditrips.com\/es\/wp-json\/wp\/v2\/users\/1"}],"replies":[{"embeddable":true,"href":"https:\/\/bestmeditrips.com\/es\/wp-json\/wp\/v2\/comments?post=437"}],"version-history":[{"count":1,"href":"https:\/\/bestmeditrips.com\/es\/wp-json\/wp\/v2\/pages\/437\/revisions"}],"predecessor-version":[{"id":586,"href":"https:\/\/bestmeditrips.com\/es\/wp-json\/wp\/v2\/pages\/437\/revisions\/586"}],"wp:attachment":[{"href":"https:\/\/bestmeditrips.com\/es\/wp-json\/wp\/v2\/media?parent=437"}],"curies":[{"name":"wp","href":"https:\/\/api.w.org\/{rel}","templated":true}]}}