{"id":317,"date":"2024-09-02T20:44:40","date_gmt":"2024-09-02T17:44:40","guid":{"rendered":"https:\/\/bestmeditrips.com\/turismo-de-salud-internacional-y-destinos\/"},"modified":"2024-09-23T12:04:36","modified_gmt":"2024-09-23T09:04:36","slug":"turismo-de-salud-internacional-y-destinos","status":"publish","type":"page","link":"https:\/\/bestmeditrips.com\/es\/","title":{"rendered":"Turismo M\u00e9dico y Destinos"},"content":{"rendered":"<h2>Descubre La Mejor Experiencia De Turismo M\u00e9dico<\/h2>\n<p>Bienvenido a <em><strong>BestMediTrips.com<\/strong><\/em>, tu destino principal para cuidados m\u00e9dicos excepcionales combinados con experiencias de viaje extraordinarias. Nuestra plataforma multiling\u00fce est\u00e1 dedicada a conectarte con los mejores destinos de turismo m\u00e9dico en todo el mundo, ofreciendo informaci\u00f3n detallada sobre los mejores tratamientos y servicios m\u00e9dicos disponibles.<\/p>\n<h3>Explora Destinos Premium de Turismo de Salud y M\u00e9dico<\/h3>\n<p>En <em><strong>BestMediTrips.com<\/strong><\/em> ofrecemos una selecci\u00f3n cuidadosamente elaborada de opciones de turismo m\u00e9dico, gui\u00e1ndote a trav\u00e9s de una amplia gama de tratamientos disponibles en los destinos m\u00e1s fascinantes del mundo. Descubre lo que hace \u00fanico a cada lugar:<\/p>\n<h4><strong><span style=\"color: #ff0000;\">\u2665\u00a0<\/span><\/strong><strong>TURQU\u00cdA:<\/strong> Estambul, Antalya, Izmir y Ankara<\/h4>\n<p>Turqu\u00eda es conocida por sus modernas instalaciones m\u00e9dicas y tratamientos econ\u00f3micos. Explora nuestras mejores ciudades para una variedad de servicios de salud:<\/p>\n<ul>\n<li><strong>Cl\u00ednicas dentales:<\/strong> Transforma tu sonrisa con procedimientos avanzados como implantes, sonrisas de Hollywood y soluciones innovadoras como \u00aball-on-4\u00bb y \u00aball-on-6\u00bb.<\/li>\n<li><strong>Cl\u00ednicas de restauraci\u00f3n capilar:<\/strong> Obt\u00e9n resultados naturales y duraderos con t\u00e9cnicas avanzadas de trasplante de cabello.<\/li>\n<li><strong>Hospitales est\u00e9ticos:<\/strong> Experimenta cirug\u00eda est\u00e9tica de clase mundial, desde lifting facial hasta modelado corporal.<\/li>\n<li><strong>Especialistas en ortopedia:<\/strong> Aprovecha los tratamientos avanzados para problemas articulares y de columna, asegurando una recuperaci\u00f3n \u00f3ptima y movilidad.<\/li>\n<\/ul>\n<h4><strong><span style=\"color: #ff0000;\">\u2665\u00a0<\/span><\/strong><strong>HUNGR\u00cdA:<\/strong> Budapest y Debrecen<\/h4>\n<p>Hungr\u00eda ofrece atenci\u00f3n m\u00e9dica reconocida, especialmente en tratamientos dentales. En Budapest y Debrecen, descubre:<\/p>\n<ul>\n<li><strong>Cl\u00ednicas dentales:<\/strong> Atenci\u00f3n de primera clase para implantes y procedimientos dentales est\u00e9ticos a precios competitivos.<\/li>\n<li><strong>Centros de cirug\u00eda est\u00e9tica:<\/strong> Mejora tu apariencia con meticulosa atenci\u00f3n al detalle.<\/li>\n<\/ul>\n<h4><strong><span style=\"color: #ff0000;\">\u2665\u00a0<\/span><\/strong><strong>SERBIA:<\/strong> Belgrado<\/h4>\n<p>Belgrado se est\u00e1 convirtiendo en un centro de atenci\u00f3n m\u00e9dica de calidad. Aqu\u00ed puedes encontrar:<\/p>\n<ul>\n<li><strong>Servicios m\u00e9dicos innovadores:<\/strong> Desde tratamientos dentales hasta procedimientos est\u00e9ticos, experimenta cuidados excepcionales adaptados a tus necesidades.<\/li>\n<li><strong>Cl\u00ednicas m\u00e9dicas personalizadas:<\/strong> Disfruta de servicios en una ciudad conocida por su c\u00e1lida hospitalidad y experiencia m\u00e9dica.<\/li>\n<\/ul>\n<h4><strong><span style=\"color: #ff0000;\">\u2665\u00a0<\/span><\/strong><strong>CROACIA:<\/strong> Zagreb y Split<\/h4>\n<p>Croacia combina excelencia m\u00e9dica con paisajes hermosos. Descubre:<\/p>\n<ul>\n<li><strong>Cl\u00ednicas dentales y est\u00e9ticas:<\/strong> Disfruta de tratamientos avanzados en un entorno pintoresco.<\/li>\n<li><strong>Hospitales de rehabilitaci\u00f3n y bienestar:<\/strong> Opciones de atenci\u00f3n integral dise\u00f1adas para mejorar tu bienestar general.<\/li>\n<\/ul>\n<h4><strong><span style=\"color: #ff0000;\">\u2665\u00a0<\/span><\/strong><strong>POLONIA:<\/strong> Varsovia y Cracovia<\/h4>\n<p>Polonia ofrece servicios m\u00e9dicos de alta calidad a precios asequibles. Explora:<\/p>\n<ul>\n<li><strong>Instalaciones de cuidado dental:<\/strong> Soluciones avanzadas para implantes y otras necesidades dentales.<\/li>\n<li><strong>Cl\u00ednicas ortop\u00e9dicas y est\u00e9ticas:<\/strong> Instalaciones modernas que ofrecen una amplia gama de procedimientos.<\/li>\n<\/ul>\n<h4><strong><span style=\"color: #ff0000;\">\u2665\u00a0<\/span><\/strong><strong>ALEMANIA:<\/strong> Berl\u00edn y M\u00fanich<\/h4>\n<p>Alemania es sin\u00f3nimo de innovaci\u00f3n m\u00e9dica y calidad. Acceso a:<\/p>\n<ul>\n<li><strong>Hospitales de vanguardia:<\/strong> Las \u00faltimas tecnolog\u00edas m\u00e9dicas y atenci\u00f3n especializada.<\/li>\n<li><strong>Centros de servicios de salud integrales:<\/strong> Tratamientos de clase mundial para cirug\u00edas complejas y procedimientos de rutina.<\/li>\n<\/ul>\n<h4><strong><span style=\"color: #ff0000;\">\u2665\u00a0<\/span><\/strong><strong>REP\u00daBLICA CHECA:<\/strong> Praga<\/h4>\n<p>Praga ofrece una combinaci\u00f3n de encanto hist\u00f3rico y atenci\u00f3n m\u00e9dica moderna. Descubre:<\/p>\n<ul>\n<li><strong>Cl\u00ednicas dentales de primera categor\u00eda:<\/strong> Soluciones excelentes en una de las ciudades m\u00e1s bellas de Europa.<\/li>\n<li><strong>Hospitales est\u00e9ticos:<\/strong> Procedimientos est\u00e9ticos de alta calidad.<\/li>\n<\/ul>\n<h4><strong><span style=\"color: #ff0000;\">\u2665\u00a0<\/span><\/strong><strong>M\u00c9XICO:<\/strong> Canc\u00fan y Ciudad de M\u00e9xico<\/h4>\n<p>M\u00e9xico ofrece un entorno vibrante para cuidados m\u00e9dicos excepcionales. Disfruta de:<\/p>\n<ul>\n<li><strong>Centros de tratamiento asequibles:<\/strong> Procedimientos dentales y est\u00e9ticos de alta calidad.<\/li>\n<li><strong>Cl\u00ednicas de experiencia cultural:<\/strong> Combina tu tratamiento con un viaje cultural rico.<\/li>\n<\/ul>\n<h4><strong><span style=\"color: #ff0000;\">\u2665\u00a0<\/span><\/strong><strong>COLOMBIA:<\/strong> Medell\u00edn y Bogot\u00e1<\/h4>\n<p>Colombia es conocida por sus profesionales m\u00e9dicos calificados y servicios rentables. Acceso a:<\/p>\n<ul>\n<li><strong>Centros m\u00e9dicos integrales:<\/strong> Una gama de tratamientos m\u00e9dicos con un enfoque en la calidad y la asequibilidad.<\/li>\n<li><strong>Cl\u00ednicas dentales especializadas:<\/strong> Cuidado de expertos en un pa\u00eds conocido por sus avances en atenci\u00f3n m\u00e9dica.<\/li>\n<\/ul>\n<h4><strong><span style=\"color: #ff0000;\">\u2665\u00a0<\/span><\/strong><strong>TAILANDIA:<\/strong> Bangkok y Phuket<\/h4>\n<p>Tailandia ofrece una mezcla perfecta de atenci\u00f3n m\u00e9dica y experiencias de viaje. Descubre:<\/p>\n<ul>\n<li><strong>Hospitales de clase mundial:<\/strong> Servicios m\u00e9dicos de primer nivel para cuidados dentales y programas de bienestar.<\/li>\n<li><strong>Cl\u00ednicas en destinos hermosos:<\/strong> Experimenta cuidados m\u00e9dicos excepcionales mientras exploras Tailandia.<\/li>\n<\/ul>\n<h4><strong><span style=\"color: #ff0000;\">\u2665\u00a0<\/span><\/strong><strong>INDIA:<\/strong> Delhi y Mumbai<\/h4>\n<p>Las instalaciones m\u00e9dicas de la India son avanzadas y accesibles. Explora:<\/p>\n<ul>\n<li><strong>Cl\u00ednicas m\u00e9dicas diversas:<\/strong> Altos est\u00e1ndares en una variedad de opciones m\u00e9dicas.<\/li>\n<li><strong>Hospitales con especialistas calificados:<\/strong> Cuidado de expertos en Delhi y Mumbai.<\/li>\n<\/ul>\n<h4><strong><span style=\"color: #ff0000;\">\u2665\u00a0<\/span><\/strong><strong>VIETNAM:<\/strong> Ciudad Ho Chi Minh y Han\u00f3i<\/h4>\n<p>Vietnam se est\u00e1 convirtiendo en un destino emergente para el turismo m\u00e9dico. Aqu\u00ed, puedes beneficiarte de:<\/p>\n<ul>\n<li><strong>Centros m\u00e9dicos efectivos:<\/strong> Atenci\u00f3n asequible y de alta calidad.<\/li>\n<li><strong>Cl\u00ednicas de tratamiento integrales:<\/strong> Desde cuidado dental hasta procedimientos ortop\u00e9dicos.<\/li>\n<\/ul>\n<h4>\u00bfPor Qu\u00e9 Elegir Turismo de Salud y M\u00e9dico?<\/h4>\n<p>El turismo de salud y m\u00e9dico te permite combinar cuidados m\u00e9dicos superiores con oportunidades emocionantes de viaje. En <em>BestMediTrips.com<\/em>, estamos dedicados a ayudarte a encontrar el destino y tratamiento perfectos que se adapten a tus necesidades y preferencias. Explora nuestra plataforma para comenzar tu viaje hacia cuidados m\u00e9dicos excepcionales y experiencias inolvidables.<\/p>\n","protected":false},"excerpt":{"rendered":"<p>Descubre La Mejor Experiencia De Turismo M\u00e9dico Bienvenido a BestMediTrips.com, tu destino principal para cuidados m\u00e9dicos excepcionales combinados con experiencias de viaje extraordinarias. Nuestra plataforma multiling\u00fce est\u00e1 dedicada a conectarte con los mejores destinos de turismo m\u00e9dico en todo el mundo, ofreciendo informaci\u00f3n detallada sobre los mejores tratamientos y servicios m\u00e9dicos disponibles. Explora Destinos Premium &#8230; <a title=\"Turismo M\u00e9dico y Destinos\" class=\"read-more\" href=\"https:\/\/bestmeditrips.com\/es\/\" aria-label=\"Leer m\u00e1s sobre Turismo M\u00e9dico y Destinos\">Leer m\u00e1s<\/a><\/p>\n","protected":false},"author":1,"featured_media":350,"parent":0,"menu_order":0,"comment_status":"closed","ping_status":"closed","template":"","meta":{"footnotes":""},"class_list":["post-317","page","type-page","status-publish","has-post-thumbnail"],"yoast_head":"<!-- This site is optimized with the Yoast SEO plugin v27.4 - https:\/\/yoast.com\/product\/yoast-seo-wordpress\/ -->\n<title>Expertos en Turismo M\u00e9dico | Tratamientos y Destinos Premium<\/title>\n<meta name=\"description\" content=\"Explora los mejores servicios de turismo de salud con las mejores cl\u00ednicas, m\u00e9dicos y dentistas, ofreciendo asesoramiento experto para los mejores viajes m\u00e9dicos.\" \/>\n<meta name=\"robots\" content=\"index, follow, max-snippet:-1, max-image-preview:large, max-video-preview:-1\" \/>\n<link rel=\"canonical\" href=\"https:\/\/bestmeditrips.com\/es\/\" \/>\n<meta property=\"og:locale\" content=\"es_ES\" \/>\n<meta property=\"og:type\" content=\"article\" \/>\n<meta property=\"og:title\" content=\"Expertos en Turismo M\u00e9dico | Tratamientos y Destinos Premium\" \/>\n<meta property=\"og:description\" content=\"Explora los mejores servicios de turismo de salud con las mejores cl\u00ednicas, m\u00e9dicos y dentistas, ofreciendo asesoramiento experto para los mejores viajes m\u00e9dicos.\" \/>\n<meta property=\"og:url\" content=\"https:\/\/bestmeditrips.com\/es\/\" \/>\n<meta property=\"og:site_name\" content=\"Bestmeditrips.com\" \/>\n<meta property=\"article:publisher\" content=\"https:\/\/www.facebook.com\/profile.php?id=61565479139599\" \/>\n<meta property=\"article:modified_time\" content=\"2024-09-23T09:04:36+00:00\" \/>\n<meta property=\"og:image\" content=\"https:\/\/bestmeditrips.com\/wp-content\/uploads\/2024\/09\/health-tourism.jpg\" \/>\n\t<meta property=\"og:image:width\" content=\"1024\" \/>\n\t<meta property=\"og:image:height\" content=\"683\" \/>\n\t<meta property=\"og:image:type\" content=\"image\/jpeg\" \/>\n<meta name=\"twitter:card\" content=\"summary_large_image\" \/>\n<meta name=\"twitter:label1\" content=\"Tiempo de lectura\" \/>\n\t<meta name=\"twitter:data1\" content=\"4 minutos\" \/>\n<script type=\"application\/ld+json\" class=\"yoast-schema-graph\">{\"@context\":\"https:\\\/\\\/schema.org\",\"@graph\":[{\"@type\":\"WebPage\",\"@id\":\"https:\\\/\\\/bestmeditrips.com\\\/es\\\/\",\"url\":\"https:\\\/\\\/bestmeditrips.com\\\/es\\\/\",\"name\":\"Expertos en Turismo M\u00e9dico | Tratamientos y Destinos Premium\",\"isPartOf\":{\"@id\":\"https:\\\/\\\/bestmeditrips.com\\\/es\\\/#website\"},\"primaryImageOfPage\":{\"@id\":\"https:\\\/\\\/bestmeditrips.com\\\/es\\\/#primaryimage\"},\"image\":{\"@id\":\"https:\\\/\\\/bestmeditrips.com\\\/es\\\/#primaryimage\"},\"thumbnailUrl\":\"https:\\\/\\\/bestmeditrips.com\\\/wp-content\\\/uploads\\\/2024\\\/09\\\/health-tourism.jpg\",\"datePublished\":\"2024-09-02T17:44:40+00:00\",\"dateModified\":\"2024-09-23T09:04:36+00:00\",\"description\":\"Explora los mejores servicios de turismo de salud con las mejores cl\u00ednicas, m\u00e9dicos y dentistas, ofreciendo asesoramiento experto para los mejores viajes m\u00e9dicos.\",\"breadcrumb\":{\"@id\":\"https:\\\/\\\/bestmeditrips.com\\\/es\\\/#breadcrumb\"},\"inLanguage\":\"es\",\"potentialAction\":[{\"@type\":\"ReadAction\",\"target\":[\"https:\\\/\\\/bestmeditrips.com\\\/es\\\/\"]}]},{\"@type\":\"ImageObject\",\"inLanguage\":\"es\",\"@id\":\"https:\\\/\\\/bestmeditrips.com\\\/es\\\/#primaryimage\",\"url\":\"https:\\\/\\\/bestmeditrips.com\\\/wp-content\\\/uploads\\\/2024\\\/09\\\/health-tourism.jpg\",\"contentUrl\":\"https:\\\/\\\/bestmeditrips.com\\\/wp-content\\\/uploads\\\/2024\\\/09\\\/health-tourism.jpg\",\"width\":1024,\"height\":683,\"caption\":\"Medical tourism and best destinations in the world for dental, hair transplant, orthopedic and aesthetic treatments\"},{\"@type\":\"BreadcrumbList\",\"@id\":\"https:\\\/\\\/bestmeditrips.com\\\/es\\\/#breadcrumb\",\"itemListElement\":[{\"@type\":\"ListItem\",\"position\":1,\"name\":\"Home\",\"item\":\"https:\\\/\\\/bestmeditrips.com\\\/es\\\/\"},{\"@type\":\"ListItem\",\"position\":2,\"name\":\"Turismo M\u00e9dico y Destinos\"}]},{\"@type\":\"WebSite\",\"@id\":\"https:\\\/\\\/bestmeditrips.com\\\/es\\\/#website\",\"url\":\"https:\\\/\\\/bestmeditrips.com\\\/es\\\/\",\"name\":\"Bestmeditrips.com\",\"description\":\"Turismo m\u00e9dico, mejores tratamientos, cl\u00ednicas, m\u00e9dicos y dentistas!\",\"publisher\":{\"@id\":\"https:\\\/\\\/bestmeditrips.com\\\/es\\\/#organization\"},\"potentialAction\":[{\"@type\":\"SearchAction\",\"target\":{\"@type\":\"EntryPoint\",\"urlTemplate\":\"https:\\\/\\\/bestmeditrips.com\\\/es\\\/?s={search_term_string}\"},\"query-input\":{\"@type\":\"PropertyValueSpecification\",\"valueRequired\":true,\"valueName\":\"search_term_string\"}}],\"inLanguage\":\"es\"},{\"@type\":\"Organization\",\"@id\":\"https:\\\/\\\/bestmeditrips.com\\\/es\\\/#organization\",\"name\":\"Bestmeditrips.com\",\"url\":\"https:\\\/\\\/bestmeditrips.com\\\/es\\\/\",\"logo\":{\"@type\":\"ImageObject\",\"inLanguage\":\"es\",\"@id\":\"https:\\\/\\\/bestmeditrips.com\\\/es\\\/#\\\/schema\\\/logo\\\/image\\\/\",\"url\":\"https:\\\/\\\/bestmeditrips.com\\\/wp-content\\\/uploads\\\/2024\\\/09\\\/logo-2.png\",\"contentUrl\":\"https:\\\/\\\/bestmeditrips.com\\\/wp-content\\\/uploads\\\/2024\\\/09\\\/logo-2.png\",\"width\":500,\"height\":98,\"caption\":\"Bestmeditrips.com\"},\"image\":{\"@id\":\"https:\\\/\\\/bestmeditrips.com\\\/es\\\/#\\\/schema\\\/logo\\\/image\\\/\"},\"sameAs\":[\"https:\\\/\\\/www.facebook.com\\\/profile.php?id=61565479139599\"]}]}<\/script>\n<!-- \/ Yoast SEO plugin. -->","yoast_head_json":{"title":"Expertos en Turismo M\u00e9dico | Tratamientos y Destinos Premium","description":"Explora los mejores servicios de turismo de salud con las mejores cl\u00ednicas, m\u00e9dicos y dentistas, ofreciendo asesoramiento experto para los mejores viajes m\u00e9dicos.","robots":{"index":"index","follow":"follow","max-snippet":"max-snippet:-1","max-image-preview":"max-image-preview:large","max-video-preview":"max-video-preview:-1"},"canonical":"https:\/\/bestmeditrips.com\/es\/","og_locale":"es_ES","og_type":"article","og_title":"Expertos en Turismo M\u00e9dico | Tratamientos y Destinos Premium","og_description":"Explora los mejores servicios de turismo de salud con las mejores cl\u00ednicas, m\u00e9dicos y dentistas, ofreciendo asesoramiento experto para los mejores viajes m\u00e9dicos.","og_url":"https:\/\/bestmeditrips.com\/es\/","og_site_name":"Bestmeditrips.com","article_publisher":"https:\/\/www.facebook.com\/profile.php?id=61565479139599","article_modified_time":"2024-09-23T09:04:36+00:00","og_image":[{"width":1024,"height":683,"url":"https:\/\/bestmeditrips.com\/wp-content\/uploads\/2024\/09\/health-tourism.jpg","type":"image\/jpeg"}],"twitter_card":"summary_large_image","twitter_misc":{"Tiempo de lectura":"4 minutos"},"schema":{"@context":"https:\/\/schema.org","@graph":[{"@type":"WebPage","@id":"https:\/\/bestmeditrips.com\/es\/","url":"https:\/\/bestmeditrips.com\/es\/","name":"Expertos en Turismo M\u00e9dico | Tratamientos y Destinos Premium","isPartOf":{"@id":"https:\/\/bestmeditrips.com\/es\/#website"},"primaryImageOfPage":{"@id":"https:\/\/bestmeditrips.com\/es\/#primaryimage"},"image":{"@id":"https:\/\/bestmeditrips.com\/es\/#primaryimage"},"thumbnailUrl":"https:\/\/bestmeditrips.com\/wp-content\/uploads\/2024\/09\/health-tourism.jpg","datePublished":"2024-09-02T17:44:40+00:00","dateModified":"2024-09-23T09:04:36+00:00","description":"Explora los mejores servicios de turismo de salud con las mejores cl\u00ednicas, m\u00e9dicos y dentistas, ofreciendo asesoramiento experto para los mejores viajes m\u00e9dicos.","breadcrumb":{"@id":"https:\/\/bestmeditrips.com\/es\/#breadcrumb"},"inLanguage":"es","potentialAction":[{"@type":"ReadAction","target":["https:\/\/bestmeditrips.com\/es\/"]}]},{"@type":"ImageObject","inLanguage":"es","@id":"https:\/\/bestmeditrips.com\/es\/#primaryimage","url":"https:\/\/bestmeditrips.com\/wp-content\/uploads\/2024\/09\/health-tourism.jpg","contentUrl":"https:\/\/bestmeditrips.com\/wp-content\/uploads\/2024\/09\/health-tourism.jpg","width":1024,"height":683,"caption":"Medical tourism and best destinations in the world for dental, hair transplant, orthopedic and aesthetic treatments"},{"@type":"BreadcrumbList","@id":"https:\/\/bestmeditrips.com\/es\/#breadcrumb","itemListElement":[{"@type":"ListItem","position":1,"name":"Home","item":"https:\/\/bestmeditrips.com\/es\/"},{"@type":"ListItem","position":2,"name":"Turismo M\u00e9dico y Destinos"}]},{"@type":"WebSite","@id":"https:\/\/bestmeditrips.com\/es\/#website","url":"https:\/\/bestmeditrips.com\/es\/","name":"Bestmeditrips.com","description":"Turismo m\u00e9dico, mejores tratamientos, cl\u00ednicas, m\u00e9dicos y dentistas!","publisher":{"@id":"https:\/\/bestmeditrips.com\/es\/#organization"},"potentialAction":[{"@type":"SearchAction","target":{"@type":"EntryPoint","urlTemplate":"https:\/\/bestmeditrips.com\/es\/?s={search_term_string}"},"query-input":{"@type":"PropertyValueSpecification","valueRequired":true,"valueName":"search_term_string"}}],"inLanguage":"es"},{"@type":"Organization","@id":"https:\/\/bestmeditrips.com\/es\/#organization","name":"Bestmeditrips.com","url":"https:\/\/bestmeditrips.com\/es\/","logo":{"@type":"ImageObject","inLanguage":"es","@id":"https:\/\/bestmeditrips.com\/es\/#\/schema\/logo\/image\/","url":"https:\/\/bestmeditrips.com\/wp-content\/uploads\/2024\/09\/logo-2.png","contentUrl":"https:\/\/bestmeditrips.com\/wp-content\/uploads\/2024\/09\/logo-2.png","width":500,"height":98,"caption":"Bestmeditrips.com"},"image":{"@id":"https:\/\/bestmeditrips.com\/es\/#\/schema\/logo\/image\/"},"sameAs":["https:\/\/www.facebook.com\/profile.php?id=61565479139599"]}]}},"_links":{"self":[{"href":"https:\/\/bestmeditrips.com\/es\/wp-json\/wp\/v2\/pages\/317","targetHints":{"allow":["GET"]}}],"collection":[{"href":"https:\/\/bestmeditrips.com\/es\/wp-json\/wp\/v2\/pages"}],"about":[{"href":"https:\/\/bestmeditrips.com\/es\/wp-json\/wp\/v2\/types\/page"}],"author":[{"embeddable":true,"href":"https:\/\/bestmeditrips.com\/es\/wp-json\/wp\/v2\/users\/1"}],"replies":[{"embeddable":true,"href":"https:\/\/bestmeditrips.com\/es\/wp-json\/wp\/v2\/comments?post=317"}],"version-history":[{"count":4,"href":"https:\/\/bestmeditrips.com\/es\/wp-json\/wp\/v2\/pages\/317\/revisions"}],"predecessor-version":[{"id":831,"href":"https:\/\/bestmeditrips.com\/es\/wp-json\/wp\/v2\/pages\/317\/revisions\/831"}],"wp:featuredmedia":[{"embeddable":true,"href":"https:\/\/bestmeditrips.com\/es\/wp-json\/wp\/v2\/media\/350"}],"wp:attachment":[{"href":"https:\/\/bestmeditrips.com\/es\/wp-json\/wp\/v2\/media?parent=317"}],"curies":[{"name":"wp","href":"https:\/\/api.w.org\/{rel}","templated":true}]}}