{"id":425,"date":"2024-09-01T20:00:15","date_gmt":"2024-09-01T17:00:15","guid":{"rendered":"https:\/\/bestmeditrips.com\/datenschutzrichtlinie\/"},"modified":"2024-09-05T01:00:23","modified_gmt":"2024-09-04T22:00:23","slug":"datenschutzrichtlinie","status":"publish","type":"page","link":"https:\/\/bestmeditrips.com\/de\/datenschutzrichtlinie\/","title":{"rendered":"Datenschutzrichtlinie"},"content":{"rendered":"<p><strong>Datenschutzrichtlinie<\/strong><\/p>\n<p>Vielen Dank f\u00fcr Ihren Besuch auf <em>BestMediTrips.com<\/em>. Ihre Privatsph\u00e4re ist uns wichtig. Diese <strong>Datenschutzrichtlinie<\/strong> erkl\u00e4rt, wie wir Ihre Informationen sammeln, verwenden, offenlegen und sch\u00fctzen, wenn Sie unsere Website besuchen. Bitte lesen Sie diese Datenschutzrichtlinie sorgf\u00e4ltig durch. Wenn Sie mit den Bedingungen dieser Datenschutzrichtlinie nicht einverstanden sind, greifen Sie bitte nicht auf die Seite zu.<\/p>\n<p><strong>1. Informationen, die Wir Sammeln<\/strong><\/p>\n<p>Wir k\u00f6nnen personenbezogene Daten wie Ihren Namen, Ihre E-Mail-Adresse, Ihre Telefonnummer und andere Details sammeln, die Sie angeben, wenn Sie mit unserer Website interagieren oder uns f\u00fcr Anfragen kontaktieren.<\/p>\n<p><strong>2. Wie Wir Ihre Informationen Verwenden<\/strong><\/p>\n<p>Wir k\u00f6nnen die gesammelten Informationen f\u00fcr folgende Zwecke verwenden:<\/p>\n<p>Bereitstellung, Betrieb und Wartung unserer Website<br \/>\nVerbesserung, Personalisierung und Erweiterung der Angebote unserer Website<br \/>\nKommunikation mit Ihnen, entweder direkt oder \u00fcber einen unserer Partner, einschlie\u00dflich Kundenservice, um Updates und andere Informationen in Bezug auf die Website bereitzustellen, sowie f\u00fcr Marketing- und Werbezwecke<br \/>\nSchutz, Untersuchung und Abschreckung gegen unbefugte oder illegale Aktivit\u00e4ten<\/p>\n<p><strong>3. Offenlegung Ihrer Informationen<\/strong><\/p>\n<p>Wir k\u00f6nnen Ihre Informationen nur auf die in dieser <strong>Datenschutzrichtlinie<\/strong> beschriebenen Weise an Dritte weitergeben.<\/p>\n<p><strong>4. Sicherheit Ihrer Informationen<\/strong><\/p>\n<p>Wir verwenden administrative, technische und physische Sicherheitsma\u00dfnahmen, um Ihre pers\u00f6nlichen Informationen zu sch\u00fctzen. Obwohl wir angemessene Schritte unternommen haben, um die von Ihnen bereitgestellten pers\u00f6nlichen Informationen zu sichern, beachten Sie bitte, dass trotz unserer Bem\u00fchungen keine Sicherheitsma\u00dfnahme perfekt oder undurchdringlich ist.<\/p>\n<p><strong>5. Ihre Wahlm\u00f6glichkeiten in Bezug auf Ihre Informationen<\/strong><\/p>\n<p>Sie haben das Recht:<\/p>\n<p>Ihre pers\u00f6nlichen Informationen zu aktualisieren oder zu korrigieren<br \/>\nSich vom Erhalt von Marketingmitteilungen abzumelden<br \/>\nZu verlangen, dass wir Ihre pers\u00f6nlichen Informationen l\u00f6schen<\/p>\n<p><strong>6. \u00c4nderungen an Dieser Datenschutzrichtlinie<\/strong><\/p>\n<p>Wir k\u00f6nnen diese <strong>Datenschutzrichtlinie<\/strong> von Zeit zu Zeit aktualisieren, um beispielsweise \u00c4nderungen in unseren Praktiken oder aus anderen betrieblichen, rechtlichen oder regulatorischen Gr\u00fcnden widerzuspiegeln.<\/p>\n<p><strong>7. Kontaktieren Sie uns<\/strong><\/p>\n<p>Wenn Sie Fragen oder Kommentare zu dieser <strong>Datenschutzrichtlinie<\/strong> haben, kontaktieren Sie uns bitte.<\/p>\n","protected":false},"excerpt":{"rendered":"<p>Datenschutzrichtlinie Vielen Dank f\u00fcr Ihren Besuch auf BestMediTrips.com. Ihre Privatsph\u00e4re ist uns wichtig. Diese Datenschutzrichtlinie erkl\u00e4rt, wie wir Ihre Informationen sammeln, verwenden, offenlegen und sch\u00fctzen, wenn Sie unsere Website besuchen. Bitte lesen Sie diese Datenschutzrichtlinie sorgf\u00e4ltig durch. Wenn Sie mit den Bedingungen dieser Datenschutzrichtlinie nicht einverstanden sind, greifen Sie bitte nicht auf die Seite zu. &#8230; <a title=\"Datenschutzrichtlinie\" class=\"read-more\" href=\"https:\/\/bestmeditrips.com\/de\/datenschutzrichtlinie\/\" aria-label=\"Mehr Informationen \u00fcber Datenschutzrichtlinie\">Weiterlesen &#8230;<\/a><\/p>\n","protected":false},"author":1,"featured_media":0,"parent":0,"menu_order":0,"comment_status":"closed","ping_status":"open","template":"","meta":{"footnotes":""},"class_list":["post-425","page","type-page","status-publish"],"yoast_head":"<!-- This site is optimized with the Yoast SEO plugin v27.4 - https:\/\/yoast.com\/product\/yoast-seo-wordpress\/ -->\n<title>Datenschutzrichtlinie - Bestmeditrips.com<\/title>\n<meta name=\"robots\" content=\"index, follow, max-snippet:-1, max-image-preview:large, max-video-preview:-1\" \/>\n<link rel=\"canonical\" href=\"https:\/\/bestmeditrips.com\/de\/datenschutzrichtlinie\/\" \/>\n<meta property=\"og:locale\" content=\"de_DE\" \/>\n<meta property=\"og:type\" content=\"article\" \/>\n<meta property=\"og:title\" content=\"Datenschutzrichtlinie - Bestmeditrips.com\" \/>\n<meta property=\"og:description\" content=\"Datenschutzrichtlinie Vielen Dank f\u00fcr Ihren Besuch auf BestMediTrips.com. Ihre Privatsph\u00e4re ist uns wichtig. Diese Datenschutzrichtlinie erkl\u00e4rt, wie wir Ihre Informationen sammeln, verwenden, offenlegen und sch\u00fctzen, wenn Sie unsere Website besuchen. Bitte lesen Sie diese Datenschutzrichtlinie sorgf\u00e4ltig durch. Wenn Sie mit den Bedingungen dieser Datenschutzrichtlinie nicht einverstanden sind, greifen Sie bitte nicht auf die Seite zu. ... Weiterlesen ...\" \/>\n<meta property=\"og:url\" content=\"https:\/\/bestmeditrips.com\/de\/datenschutzrichtlinie\/\" \/>\n<meta property=\"og:site_name\" content=\"Bestmeditrips.com\" \/>\n<meta property=\"article:publisher\" content=\"https:\/\/www.facebook.com\/profile.php?id=61565479139599\" \/>\n<meta property=\"article:modified_time\" content=\"2024-09-04T22:00:23+00:00\" \/>\n<meta property=\"og:image\" content=\"https:\/\/bestmeditrips.com\/wp-content\/uploads\/2024\/09\/health-tourism.jpg\" \/>\n\t<meta property=\"og:image:width\" content=\"1024\" \/>\n\t<meta property=\"og:image:height\" content=\"683\" \/>\n\t<meta property=\"og:image:type\" content=\"image\/jpeg\" \/>\n<meta name=\"twitter:card\" content=\"summary_large_image\" \/>\n<meta name=\"twitter:label1\" content=\"Gesch\u00e4tzte Lesezeit\" \/>\n\t<meta name=\"twitter:data1\" content=\"2\u00a0Minuten\" \/>\n<script type=\"application\/ld+json\" class=\"yoast-schema-graph\">{\"@context\":\"https:\\\/\\\/schema.org\",\"@graph\":[{\"@type\":\"WebPage\",\"@id\":\"https:\\\/\\\/bestmeditrips.com\\\/de\\\/datenschutzrichtlinie\\\/\",\"url\":\"https:\\\/\\\/bestmeditrips.com\\\/de\\\/datenschutzrichtlinie\\\/\",\"name\":\"Datenschutzrichtlinie - Bestmeditrips.com\",\"isPartOf\":{\"@id\":\"https:\\\/\\\/bestmeditrips.com\\\/de\\\/#website\"},\"datePublished\":\"2024-09-01T17:00:15+00:00\",\"dateModified\":\"2024-09-04T22:00:23+00:00\",\"breadcrumb\":{\"@id\":\"https:\\\/\\\/bestmeditrips.com\\\/de\\\/datenschutzrichtlinie\\\/#breadcrumb\"},\"inLanguage\":\"de\",\"potentialAction\":[{\"@type\":\"ReadAction\",\"target\":[\"https:\\\/\\\/bestmeditrips.com\\\/de\\\/datenschutzrichtlinie\\\/\"]}]},{\"@type\":\"BreadcrumbList\",\"@id\":\"https:\\\/\\\/bestmeditrips.com\\\/de\\\/datenschutzrichtlinie\\\/#breadcrumb\",\"itemListElement\":[{\"@type\":\"ListItem\",\"position\":1,\"name\":\"Home\",\"item\":\"https:\\\/\\\/bestmeditrips.com\\\/de\\\/\"},{\"@type\":\"ListItem\",\"position\":2,\"name\":\"Datenschutzrichtlinie\"}]},{\"@type\":\"WebSite\",\"@id\":\"https:\\\/\\\/bestmeditrips.com\\\/de\\\/#website\",\"url\":\"https:\\\/\\\/bestmeditrips.com\\\/de\\\/\",\"name\":\"Bestmeditrips.com\",\"description\":\"Medizintourismus, beste Behandlungen, Kliniken, \u00c4rzte und Zahn\u00e4rzte!\",\"publisher\":{\"@id\":\"https:\\\/\\\/bestmeditrips.com\\\/de\\\/#organization\"},\"potentialAction\":[{\"@type\":\"SearchAction\",\"target\":{\"@type\":\"EntryPoint\",\"urlTemplate\":\"https:\\\/\\\/bestmeditrips.com\\\/de\\\/?s={search_term_string}\"},\"query-input\":{\"@type\":\"PropertyValueSpecification\",\"valueRequired\":true,\"valueName\":\"search_term_string\"}}],\"inLanguage\":\"de\"},{\"@type\":\"Organization\",\"@id\":\"https:\\\/\\\/bestmeditrips.com\\\/de\\\/#organization\",\"name\":\"Bestmeditrips.com\",\"url\":\"https:\\\/\\\/bestmeditrips.com\\\/de\\\/\",\"logo\":{\"@type\":\"ImageObject\",\"inLanguage\":\"de\",\"@id\":\"https:\\\/\\\/bestmeditrips.com\\\/de\\\/#\\\/schema\\\/logo\\\/image\\\/\",\"url\":\"https:\\\/\\\/bestmeditrips.com\\\/wp-content\\\/uploads\\\/2024\\\/09\\\/logo-2.png\",\"contentUrl\":\"https:\\\/\\\/bestmeditrips.com\\\/wp-content\\\/uploads\\\/2024\\\/09\\\/logo-2.png\",\"width\":500,\"height\":98,\"caption\":\"Bestmeditrips.com\"},\"image\":{\"@id\":\"https:\\\/\\\/bestmeditrips.com\\\/de\\\/#\\\/schema\\\/logo\\\/image\\\/\"},\"sameAs\":[\"https:\\\/\\\/www.facebook.com\\\/profile.php?id=61565479139599\"]}]}<\/script>\n<!-- \/ Yoast SEO plugin. -->","yoast_head_json":{"title":"Datenschutzrichtlinie - Bestmeditrips.com","robots":{"index":"index","follow":"follow","max-snippet":"max-snippet:-1","max-image-preview":"max-image-preview:large","max-video-preview":"max-video-preview:-1"},"canonical":"https:\/\/bestmeditrips.com\/de\/datenschutzrichtlinie\/","og_locale":"de_DE","og_type":"article","og_title":"Datenschutzrichtlinie - Bestmeditrips.com","og_description":"Datenschutzrichtlinie Vielen Dank f\u00fcr Ihren Besuch auf BestMediTrips.com. Ihre Privatsph\u00e4re ist uns wichtig. Diese Datenschutzrichtlinie erkl\u00e4rt, wie wir Ihre Informationen sammeln, verwenden, offenlegen und sch\u00fctzen, wenn Sie unsere Website besuchen. Bitte lesen Sie diese Datenschutzrichtlinie sorgf\u00e4ltig durch. Wenn Sie mit den Bedingungen dieser Datenschutzrichtlinie nicht einverstanden sind, greifen Sie bitte nicht auf die Seite zu. ... Weiterlesen ...","og_url":"https:\/\/bestmeditrips.com\/de\/datenschutzrichtlinie\/","og_site_name":"Bestmeditrips.com","article_publisher":"https:\/\/www.facebook.com\/profile.php?id=61565479139599","article_modified_time":"2024-09-04T22:00:23+00:00","og_image":[{"width":1024,"height":683,"url":"https:\/\/bestmeditrips.com\/wp-content\/uploads\/2024\/09\/health-tourism.jpg","type":"image\/jpeg"}],"twitter_card":"summary_large_image","twitter_misc":{"Gesch\u00e4tzte Lesezeit":"2\u00a0Minuten"},"schema":{"@context":"https:\/\/schema.org","@graph":[{"@type":"WebPage","@id":"https:\/\/bestmeditrips.com\/de\/datenschutzrichtlinie\/","url":"https:\/\/bestmeditrips.com\/de\/datenschutzrichtlinie\/","name":"Datenschutzrichtlinie - Bestmeditrips.com","isPartOf":{"@id":"https:\/\/bestmeditrips.com\/de\/#website"},"datePublished":"2024-09-01T17:00:15+00:00","dateModified":"2024-09-04T22:00:23+00:00","breadcrumb":{"@id":"https:\/\/bestmeditrips.com\/de\/datenschutzrichtlinie\/#breadcrumb"},"inLanguage":"de","potentialAction":[{"@type":"ReadAction","target":["https:\/\/bestmeditrips.com\/de\/datenschutzrichtlinie\/"]}]},{"@type":"BreadcrumbList","@id":"https:\/\/bestmeditrips.com\/de\/datenschutzrichtlinie\/#breadcrumb","itemListElement":[{"@type":"ListItem","position":1,"name":"Home","item":"https:\/\/bestmeditrips.com\/de\/"},{"@type":"ListItem","position":2,"name":"Datenschutzrichtlinie"}]},{"@type":"WebSite","@id":"https:\/\/bestmeditrips.com\/de\/#website","url":"https:\/\/bestmeditrips.com\/de\/","name":"Bestmeditrips.com","description":"Medizintourismus, beste Behandlungen, Kliniken, \u00c4rzte und Zahn\u00e4rzte!","publisher":{"@id":"https:\/\/bestmeditrips.com\/de\/#organization"},"potentialAction":[{"@type":"SearchAction","target":{"@type":"EntryPoint","urlTemplate":"https:\/\/bestmeditrips.com\/de\/?s={search_term_string}"},"query-input":{"@type":"PropertyValueSpecification","valueRequired":true,"valueName":"search_term_string"}}],"inLanguage":"de"},{"@type":"Organization","@id":"https:\/\/bestmeditrips.com\/de\/#organization","name":"Bestmeditrips.com","url":"https:\/\/bestmeditrips.com\/de\/","logo":{"@type":"ImageObject","inLanguage":"de","@id":"https:\/\/bestmeditrips.com\/de\/#\/schema\/logo\/image\/","url":"https:\/\/bestmeditrips.com\/wp-content\/uploads\/2024\/09\/logo-2.png","contentUrl":"https:\/\/bestmeditrips.com\/wp-content\/uploads\/2024\/09\/logo-2.png","width":500,"height":98,"caption":"Bestmeditrips.com"},"image":{"@id":"https:\/\/bestmeditrips.com\/de\/#\/schema\/logo\/image\/"},"sameAs":["https:\/\/www.facebook.com\/profile.php?id=61565479139599"]}]}},"_links":{"self":[{"href":"https:\/\/bestmeditrips.com\/de\/wp-json\/wp\/v2\/pages\/425","targetHints":{"allow":["GET"]}}],"collection":[{"href":"https:\/\/bestmeditrips.com\/de\/wp-json\/wp\/v2\/pages"}],"about":[{"href":"https:\/\/bestmeditrips.com\/de\/wp-json\/wp\/v2\/types\/page"}],"author":[{"embeddable":true,"href":"https:\/\/bestmeditrips.com\/de\/wp-json\/wp\/v2\/users\/1"}],"replies":[{"embeddable":true,"href":"https:\/\/bestmeditrips.com\/de\/wp-json\/wp\/v2\/comments?post=425"}],"version-history":[{"count":1,"href":"https:\/\/bestmeditrips.com\/de\/wp-json\/wp\/v2\/pages\/425\/revisions"}],"predecessor-version":[{"id":577,"href":"https:\/\/bestmeditrips.com\/de\/wp-json\/wp\/v2\/pages\/425\/revisions\/577"}],"wp:attachment":[{"href":"https:\/\/bestmeditrips.com\/de\/wp-json\/wp\/v2\/media?parent=425"}],"curies":[{"name":"wp","href":"https:\/\/api.w.org\/{rel}","templated":true}]}}