{"id":1111,"date":"2024-09-23T21:41:39","date_gmt":"2024-09-23T18:41:39","guid":{"rendered":"https:\/\/bestmeditrips.com\/tuerkei\/"},"modified":"2024-09-23T21:41:39","modified_gmt":"2024-09-23T18:41:39","slug":"tuerkei","status":"publish","type":"page","link":"https:\/\/bestmeditrips.com\/de\/tuerkei\/","title":{"rendered":"T\u00fcrkei"},"content":{"rendered":"<h2>Entdecken Sie Premium-Gesundheitsversorgung in der T\u00fcrkei<\/h2>\n<p>Die T\u00fcrkei hat sich zu einem f\u00fchrenden Reiseziel f\u00fcr Gesundheitstourismus entwickelt und bietet medizinische Behandlungen auf Weltklasseniveau zu erschwinglichen Preisen an. Ob Sie <strong>Zahnimplantate<\/strong>, <strong>\u00e4sthetische Chirurgie<\/strong>, <strong>orthop\u00e4dische Erkrankungen<\/strong>, <strong>Augenbehandlungen<\/strong>, <strong>Haartransplantationen<\/strong>, <strong>Krebsbehandlungen<\/strong> oder andere spezialisierte Behandlungen in Erw\u00e4gung ziehen, die T\u00fcrkei bietet Ihnen Zugang zu hochqualifizierten Fachleuten und modernen Kliniken.<\/p>\n<figure style=\"width: 1014px\" class=\"wp-caption aligncenter\"><img loading=\"lazy\" decoding=\"async\" src=\"https:\/\/bestmeditrips.com\/wp-content\/uploads\/2024\/09\/turkey-hospital.jpg\" alt=\"One of the new and modern hospitals in Istanbul. \" width=\"1024\" height=\"616\" \/><figcaption class=\"wp-caption-text\"><em>Ein modernes Privatkrankenhaus auf der europ\u00e4ischen Seite Istanbuls<\/em><\/figcaption><\/figure>\n<h3>Warum die T\u00fcrkei f\u00fcr Ihre medizinische Reise w\u00e4hlen?<\/h3>\n<p>Die Wahl der T\u00fcrkei f\u00fcr Ihre Gesundheitsbehandlungen bringt zahlreiche Vorteile mit sich:<\/p>\n<ul>\n<li><strong>Hochqualifizierte \u00c4rzte<\/strong>: Die T\u00fcrkei ist die Heimat einiger der erfahrensten Chirurgen und Spezialisten weltweit, von denen viele international ausgebildet wurden.<\/li>\n<li><strong>Erschwingliche Behandlungen<\/strong>: Medizinische Verfahren in der T\u00fcrkei k\u00f6nnen bis zu 70 % g\u00fcnstiger sein als in den USA oder Europa, ohne dass die Qualit\u00e4t leidet.<\/li>\n<li><strong>Moderne Kliniken<\/strong>: T\u00fcrkische Kliniken sind mit modernster Technologie ausgestattet und gew\u00e4hrleisten so einen hohen Standard an Pflege und Behandlung.<\/li>\n<li><strong>Bequeme Anreise<\/strong>: Die wichtigsten St\u00e4dte der T\u00fcrkei, wie <strong>Istanbul<\/strong>, <strong>Antalya<\/strong> und <strong>Izmir<\/strong>, sind von \u00fcberall auf der Welt leicht zu erreichen, was die T\u00fcrkei zu einem praktischen Ziel f\u00fcr internationale Patienten macht.<\/li>\n<\/ul>\n<figure style=\"width: 1014px\" class=\"wp-caption aligncenter\"><img loading=\"lazy\" decoding=\"async\" src=\"https:\/\/bestmeditrips.com\/wp-content\/uploads\/2024\/09\/health-tourism-istanbul-1.jpg\" alt=\"Why to prefer Turkey, Istanbul, Antalya, Izmir for dental and other medical treatments?\" width=\"1024\" height=\"455\" \/><figcaption class=\"wp-caption-text\"><em>Eine der Zahnkliniken in Istanbul<\/em><\/figcaption><\/figure>\n<h3>Beliebte Behandlungen in der T\u00fcrkei<\/h3>\n<ul>\n<li><em>Zahnimplantate<\/em>: Die T\u00fcrkei ist bekannt f\u00fcr ihre erschwinglichen und hochwertigen <strong>Zahnimplantat<\/strong>-Dienste, einschlie\u00dflich <em>all-on-4<\/em> und <em>all-on-6<\/em> Behandlungen.<\/li>\n<li><em>Rhinoplastik<\/em> und <em>Brustvergr\u00f6\u00dferung<\/em>: Die T\u00fcrkei bietet eine breite Palette von <strong>\u00e4sthetischen Chirurgie<\/strong>-Verfahren, die von zertifizierten Fachleuten durchgef\u00fchrt werden.<\/li>\n<li><em>Haartransplantationen<\/em>: Mit Kliniken, die fortschrittliche Techniken anbieten, hat sich die T\u00fcrkei zu einem f\u00fchrenden Reiseziel f\u00fcr <strong>Haartransplantation<\/strong>-Behandlungen entwickelt.<\/li>\n<li><strong>Orthop\u00e4dische Erkrankungen<\/strong>: Die T\u00fcrkei bietet hervorragende orthop\u00e4dische Pflege, spezialisiert auf <em>Gelenkersatz<\/em>, <em>Meniskusrisse<\/em> und minimalinvasive Operationen.<\/li>\n<li><strong>Augenbehandlungen<\/strong>: Die T\u00fcrkei ist auch ein f\u00fchrendes Ziel f\u00fcr Augenpflege und bietet Verfahren wie <em>LASIK<\/em>, <em>Kataraktoperationen<\/em> und <em>Hornhauttransplantationen<\/em> an. Dank modernster Technologie und erfahrener Augen\u00e4rzte k\u00f6nnen Patienten eine qualitativ hochwertige Behandlung zu wettbewerbsf\u00e4higen Preisen erwarten.<\/li>\n<li><strong>Krebsbehandlungen<\/strong>: Die T\u00fcrkei entwickelt sich zunehmend zu einem Zentrum f\u00fcr fortschrittliche Krebsbehandlungen und bietet umfassende Pflege f\u00fcr Patienten mit verschiedenen Krebsarten. Von modernster Chemotherapie und Strahlentherapie bis hin zu innovativer Immuntherapie und Pr\u00e4zisionsonkologie bieten t\u00fcrkische Kliniken Zugang zu f\u00fchrenden Onkologen und den neuesten medizinischen Technologien. Patienten k\u00f6nnen personalisierte Behandlungspl\u00e4ne zu deutlich niedrigeren Kosten als in westlichen L\u00e4ndern erwarten, ohne dass die Qualit\u00e4t beeintr\u00e4chtigt wird.<\/li>\n<\/ul>\n<h3>Hauptst\u00e4dte des Gesundheitstourismus in der T\u00fcrkei<\/h3>\n<ul>\n<li><strong>Istanbul<\/strong>: Bekannt f\u00fcr seine erstklassigen Kliniken f\u00fcr <strong>Zahnimplantate<\/strong> und <strong>\u00e4sthetische Chirurgie<\/strong> zieht <strong>Istanbul<\/strong> jedes Jahr Tausende von internationalen Patienten an.<\/li>\n<li><strong>Antalya<\/strong>: Eine K\u00fcstenstadt, die nicht nur qualitativ hochwertige medizinische Versorgung bietet, sondern auch eine entspannende Umgebung zur Erholung, insbesondere nach \u00e4sthetischen Behandlungen.<\/li>\n<li><strong>Izmir<\/strong>: Eine Schl\u00fcsselstadt f\u00fcr Zahnversorgung und die Behandlung von <strong>orthop\u00e4dischen Erkrankungen<\/strong>, <strong>Izmir<\/strong> entwickelt sich zu einem wachsenden Zentrum f\u00fcr Gesundheitstourismus.<\/li>\n<\/ul>\n<h3>Erhalten Sie die beste Behandlung zu den besten Preisen<\/h3>\n<p>Mit der Wahl der T\u00fcrkei erhalten Sie nicht nur eine Gesundheitsversorgung von hoher Qualit\u00e4t, sondern sparen auch erheblich bei den Behandlungskosten. Viele Kliniken bieten All-Inclusive-Pakete an, die Behandlung, Unterkunft und Transport abdecken, was internationalen Patienten ein nahtloses Erlebnis garantiert.<\/p>\n<h3>Beginnen Sie mit der Planung Ihrer medizinischen Reise in die T\u00fcrkei<\/h3>\n<p>Sind Sie bereit, die Gesundheitsoptionen in der T\u00fcrkei zu erkunden? Kontaktieren Sie unser Team, um pers\u00f6nliche Beratung und Empfehlungen zu den besten Kliniken und Behandlungen zu erhalten. Lassen Sie uns Ihnen helfen, fundierte Entscheidungen zu treffen und erstklassige Gesundheitsdienste zu erschwinglichen Preisen zu sichern.<\/p>\n<p><span style=\"text-decoration: underline;\"><strong>KONTAKTIEREN SIE UNS<\/strong><\/span><\/p>\n<style id=\"wpforms-css-vars-673\">\n\t\t\t\t#wpforms-673 {\n\t\t\t\t\n\t\t\t}\n\t\t\t<\/style><div class=\"wpforms-container wpforms-container-full wpforms-render-modern\" id=\"wpforms-673\"><form id=\"wpforms-form-673\" class=\"wpforms-validate wpforms-form wpforms-ajax-form\" data-formid=\"673\" method=\"post\" enctype=\"multipart\/form-data\" action=\"\/de\/wp-json\/wp\/v2\/pages\/1111\" data-token=\"3afdf7b15cb95e56096648baafd6df2b\" data-token-time=\"1776389661\"><noscript class=\"wpforms-error-noscript\">Bitte aktiviere JavaScript in deinem Browser, um dieses Formular fertigzustellen.<\/noscript><div id=\"wpforms-error-noscript\" style=\"display: none;\">Bitte aktiviere JavaScript in deinem Browser, um dieses Formular fertigzustellen.<\/div><div class=\"wpforms-field-container\">\t\t<div id=\"wpforms-673-field_4-container\"\n\t\t\tclass=\"wpforms-field wpforms-field-text\"\n\t\t\tdata-field-type=\"text\"\n\t\t\tdata-field-id=\"4\"\n\t\t\t>\n\t\t\t<label class=\"wpforms-field-label\" for=\"wpforms-673-field_4\" >und Nachricht und<\/label>\n\t\t\t<input type=\"text\" id=\"wpforms-673-field_4\" class=\"wpforms-field-medium\" name=\"wpforms[fields][4]\" >\n\t\t<\/div>\n\t\t<div id=\"wpforms-673-field_1-container\" class=\"wpforms-field wpforms-field-name\" data-field-id=\"1\"><fieldset><legend class=\"wpforms-field-label\">Vorname und Nachname <span class=\"wpforms-required-label\" aria-hidden=\"true\">*<\/span><\/legend><div class=\"wpforms-field-row wpforms-field-medium\"><div class=\"wpforms-field-row-block wpforms-first wpforms-one-half\"><input type=\"text\" id=\"wpforms-673-field_1\" class=\"wpforms-field-name-first wpforms-field-required\" name=\"wpforms[fields][1][first]\" aria-errormessage=\"wpforms-673-field_1-error\" required><label for=\"wpforms-673-field_1\" class=\"wpforms-field-sublabel after\">First<\/label><\/div><div class=\"wpforms-field-row-block wpforms-one-half\"><input type=\"text\" id=\"wpforms-673-field_1-last\" class=\"wpforms-field-name-last wpforms-field-required\" name=\"wpforms[fields][1][last]\" aria-errormessage=\"wpforms-673-field_1-last-error\" required><label for=\"wpforms-673-field_1-last\" class=\"wpforms-field-sublabel after\">Last<\/label><\/div><\/div><\/fieldset><\/div><div id=\"wpforms-673-field_2-container\" class=\"wpforms-field wpforms-field-email\" data-field-id=\"2\"><label class=\"wpforms-field-label\" for=\"wpforms-673-field_2\">E-Mail und Handy <span class=\"wpforms-required-label\" aria-hidden=\"true\">*<\/span><\/label><input type=\"email\" id=\"wpforms-673-field_2\" class=\"wpforms-field-medium wpforms-field-required\" name=\"wpforms[fields][2]\" spellcheck=\"false\" aria-errormessage=\"wpforms-673-field_2-error\" required><\/div><div id=\"wpforms-673-field_3-container\" class=\"wpforms-field wpforms-field-textarea\" data-field-id=\"3\"><label class=\"wpforms-field-label\" for=\"wpforms-673-field_3\"> Ihre Nachricht<\/label><textarea id=\"wpforms-673-field_3\" class=\"wpforms-field-medium\" name=\"wpforms[fields][3]\" aria-errormessage=\"wpforms-673-field_3-error\" ><\/textarea><\/div><script>\n\t\t\t\t( function() {\n\t\t\t\t\tconst style = document.createElement( 'style' );\n\t\t\t\t\tstyle.appendChild( document.createTextNode( '#wpforms-673-field_4-container { position: absolute !important; overflow: hidden !important; display: inline !important; height: 1px !important; width: 1px !important; z-index: -1000 !important; padding: 0 !important; } #wpforms-673-field_4-container input { visibility: hidden; } #wpforms-conversational-form-page #wpforms-673-field_4-container label { counter-increment: none; }' ) );\n\t\t\t\t\tdocument.head.appendChild( style );\n\t\t\t\t\tdocument.currentScript?.remove();\n\t\t\t\t} )();\n\t\t\t<\/script><\/div><!-- .wpforms-field-container --><div class=\"wpforms-submit-container\" ><input type=\"hidden\" name=\"wpforms[id]\" value=\"673\"><input type=\"hidden\" name=\"page_title\" value=\"\"><input type=\"hidden\" name=\"page_url\" value=\"https:\/\/bestmeditrips.com\/de\/wp-json\/wp\/v2\/pages\/1111\"><input type=\"hidden\" name=\"url_referer\" value=\"\"><button type=\"submit\" name=\"wpforms[submit]\" id=\"wpforms-submit-673\" class=\"wpforms-submit\" data-alt-text=\"Sending...\" data-submit-text=\"Absenden\" aria-live=\"assertive\" value=\"wpforms-submit\">Absenden<\/button><img loading=\"lazy\" decoding=\"async\" src=\"https:\/\/bestmeditrips.com\/wp-content\/plugins\/wpforms-lite\/assets\/images\/submit-spin.svg\" class=\"wpforms-submit-spinner\" style=\"display: none;\" width=\"26\" height=\"26\" alt=\"Wird geladen\"><\/div><\/form><\/div>  <!-- .wpforms-container -->\n","protected":false},"excerpt":{"rendered":"<p>Entdecken Sie Premium-Gesundheitsversorgung in der T\u00fcrkei Die T\u00fcrkei hat sich zu einem f\u00fchrenden Reiseziel f\u00fcr Gesundheitstourismus entwickelt und bietet medizinische Behandlungen auf Weltklasseniveau zu erschwinglichen Preisen an. Ob Sie Zahnimplantate, \u00e4sthetische Chirurgie, orthop\u00e4dische Erkrankungen, Augenbehandlungen, Haartransplantationen, Krebsbehandlungen oder andere spezialisierte Behandlungen in Erw\u00e4gung ziehen, die T\u00fcrkei bietet Ihnen Zugang zu hochqualifizierten Fachleuten und modernen Kliniken. &#8230; <a title=\"T\u00fcrkei\" class=\"read-more\" href=\"https:\/\/bestmeditrips.com\/de\/tuerkei\/\" aria-label=\"Mehr Informationen \u00fcber T\u00fcrkei\">Weiterlesen &#8230;<\/a><\/p>\n","protected":false},"author":1,"featured_media":911,"parent":0,"menu_order":0,"comment_status":"closed","ping_status":"closed","template":"","meta":{"footnotes":""},"class_list":["post-1111","page","type-page","status-publish","has-post-thumbnail"],"yoast_head":"<!-- This site is optimized with the Yoast SEO plugin v27.4 - https:\/\/yoast.com\/product\/yoast-seo-wordpress\/ -->\n<title>Medizintourismus in der T\u00fcrkei: Erschwingliche Behandlungen, Premium-Kliniken<\/title>\n<meta name=\"description\" content=\"Entdecken Sie Gesundheitsdienste von Weltklasse in der T\u00fcrkei. Erschwingliche Preise und Expertenpflege von Top-\u00c4rzten in Istanbul, Antalya, Izmir...\" \/>\n<meta name=\"robots\" content=\"index, follow, max-snippet:-1, max-image-preview:large, max-video-preview:-1\" \/>\n<link rel=\"canonical\" href=\"https:\/\/bestmeditrips.com\/de\/tuerkei\/\" \/>\n<meta property=\"og:locale\" content=\"de_DE\" \/>\n<meta property=\"og:type\" content=\"article\" \/>\n<meta property=\"og:title\" content=\"Medizintourismus in der T\u00fcrkei: Erschwingliche Behandlungen, Premium-Kliniken\" \/>\n<meta property=\"og:description\" content=\"Entdecken Sie Gesundheitsdienste von Weltklasse in der T\u00fcrkei. Erschwingliche Preise und Expertenpflege von Top-\u00c4rzten in Istanbul, Antalya, Izmir...\" \/>\n<meta property=\"og:url\" content=\"https:\/\/bestmeditrips.com\/de\/tuerkei\/\" \/>\n<meta property=\"og:site_name\" content=\"Bestmeditrips.com\" \/>\n<meta property=\"article:publisher\" content=\"https:\/\/www.facebook.com\/profile.php?id=61565479139599\" \/>\n<meta property=\"og:image\" content=\"https:\/\/bestmeditrips.com\/wp-content\/uploads\/2024\/09\/turkey-e1727124656345.jpg\" \/>\n\t<meta property=\"og:image:width\" content=\"1350\" \/>\n\t<meta property=\"og:image:height\" content=\"360\" \/>\n\t<meta property=\"og:image:type\" content=\"image\/jpeg\" \/>\n<meta name=\"twitter:card\" content=\"summary_large_image\" \/>\n<meta name=\"twitter:label1\" content=\"Gesch\u00e4tzte Lesezeit\" \/>\n\t<meta name=\"twitter:data1\" content=\"3\u00a0Minuten\" \/>\n<script type=\"application\/ld+json\" class=\"yoast-schema-graph\">{\"@context\":\"https:\\\/\\\/schema.org\",\"@graph\":[{\"@type\":\"WebPage\",\"@id\":\"https:\\\/\\\/bestmeditrips.com\\\/de\\\/tuerkei\\\/\",\"url\":\"https:\\\/\\\/bestmeditrips.com\\\/de\\\/tuerkei\\\/\",\"name\":\"Medizintourismus in der T\u00fcrkei: Erschwingliche Behandlungen, Premium-Kliniken\",\"isPartOf\":{\"@id\":\"https:\\\/\\\/bestmeditrips.com\\\/de\\\/#website\"},\"primaryImageOfPage\":{\"@id\":\"https:\\\/\\\/bestmeditrips.com\\\/de\\\/tuerkei\\\/#primaryimage\"},\"image\":{\"@id\":\"https:\\\/\\\/bestmeditrips.com\\\/de\\\/tuerkei\\\/#primaryimage\"},\"thumbnailUrl\":\"https:\\\/\\\/bestmeditrips.com\\\/wp-content\\\/uploads\\\/2024\\\/09\\\/turkey-e1727124656345.jpg\",\"datePublished\":\"2024-09-23T18:41:39+00:00\",\"description\":\"Entdecken Sie Gesundheitsdienste von Weltklasse in der T\u00fcrkei. Erschwingliche Preise und Expertenpflege von Top-\u00c4rzten in Istanbul, Antalya, Izmir...\",\"breadcrumb\":{\"@id\":\"https:\\\/\\\/bestmeditrips.com\\\/de\\\/tuerkei\\\/#breadcrumb\"},\"inLanguage\":\"de\",\"potentialAction\":[{\"@type\":\"ReadAction\",\"target\":[\"https:\\\/\\\/bestmeditrips.com\\\/de\\\/tuerkei\\\/\"]}]},{\"@type\":\"ImageObject\",\"inLanguage\":\"de\",\"@id\":\"https:\\\/\\\/bestmeditrips.com\\\/de\\\/tuerkei\\\/#primaryimage\",\"url\":\"https:\\\/\\\/bestmeditrips.com\\\/wp-content\\\/uploads\\\/2024\\\/09\\\/turkey-e1727124656345.jpg\",\"contentUrl\":\"https:\\\/\\\/bestmeditrips.com\\\/wp-content\\\/uploads\\\/2024\\\/09\\\/turkey-e1727124656345.jpg\",\"width\":1350,\"height\":360,\"caption\":\"T\u00fcrkei; hochwertige Gesundheitsversorgung, die Hauptstadt des medizinischen\\\/gesundheitstourismus.\"},{\"@type\":\"BreadcrumbList\",\"@id\":\"https:\\\/\\\/bestmeditrips.com\\\/de\\\/tuerkei\\\/#breadcrumb\",\"itemListElement\":[{\"@type\":\"ListItem\",\"position\":1,\"name\":\"Home\",\"item\":\"https:\\\/\\\/bestmeditrips.com\\\/de\\\/\"},{\"@type\":\"ListItem\",\"position\":2,\"name\":\"T\u00fcrkei\"}]},{\"@type\":\"WebSite\",\"@id\":\"https:\\\/\\\/bestmeditrips.com\\\/de\\\/#website\",\"url\":\"https:\\\/\\\/bestmeditrips.com\\\/de\\\/\",\"name\":\"Bestmeditrips.com\",\"description\":\"Medizintourismus, beste Behandlungen, Kliniken, \u00c4rzte und Zahn\u00e4rzte!\",\"publisher\":{\"@id\":\"https:\\\/\\\/bestmeditrips.com\\\/de\\\/#organization\"},\"potentialAction\":[{\"@type\":\"SearchAction\",\"target\":{\"@type\":\"EntryPoint\",\"urlTemplate\":\"https:\\\/\\\/bestmeditrips.com\\\/de\\\/?s={search_term_string}\"},\"query-input\":{\"@type\":\"PropertyValueSpecification\",\"valueRequired\":true,\"valueName\":\"search_term_string\"}}],\"inLanguage\":\"de\"},{\"@type\":\"Organization\",\"@id\":\"https:\\\/\\\/bestmeditrips.com\\\/de\\\/#organization\",\"name\":\"Bestmeditrips.com\",\"url\":\"https:\\\/\\\/bestmeditrips.com\\\/de\\\/\",\"logo\":{\"@type\":\"ImageObject\",\"inLanguage\":\"de\",\"@id\":\"https:\\\/\\\/bestmeditrips.com\\\/de\\\/#\\\/schema\\\/logo\\\/image\\\/\",\"url\":\"https:\\\/\\\/bestmeditrips.com\\\/wp-content\\\/uploads\\\/2024\\\/09\\\/logo-2.png\",\"contentUrl\":\"https:\\\/\\\/bestmeditrips.com\\\/wp-content\\\/uploads\\\/2024\\\/09\\\/logo-2.png\",\"width\":500,\"height\":98,\"caption\":\"Bestmeditrips.com\"},\"image\":{\"@id\":\"https:\\\/\\\/bestmeditrips.com\\\/de\\\/#\\\/schema\\\/logo\\\/image\\\/\"},\"sameAs\":[\"https:\\\/\\\/www.facebook.com\\\/profile.php?id=61565479139599\"]}]}<\/script>\n<!-- \/ Yoast SEO plugin. -->","yoast_head_json":{"title":"Medizintourismus in der T\u00fcrkei: Erschwingliche Behandlungen, Premium-Kliniken","description":"Entdecken Sie Gesundheitsdienste von Weltklasse in der T\u00fcrkei. Erschwingliche Preise und Expertenpflege von Top-\u00c4rzten in Istanbul, Antalya, Izmir...","robots":{"index":"index","follow":"follow","max-snippet":"max-snippet:-1","max-image-preview":"max-image-preview:large","max-video-preview":"max-video-preview:-1"},"canonical":"https:\/\/bestmeditrips.com\/de\/tuerkei\/","og_locale":"de_DE","og_type":"article","og_title":"Medizintourismus in der T\u00fcrkei: Erschwingliche Behandlungen, Premium-Kliniken","og_description":"Entdecken Sie Gesundheitsdienste von Weltklasse in der T\u00fcrkei. Erschwingliche Preise und Expertenpflege von Top-\u00c4rzten in Istanbul, Antalya, Izmir...","og_url":"https:\/\/bestmeditrips.com\/de\/tuerkei\/","og_site_name":"Bestmeditrips.com","article_publisher":"https:\/\/www.facebook.com\/profile.php?id=61565479139599","og_image":[{"width":1350,"height":360,"url":"https:\/\/bestmeditrips.com\/wp-content\/uploads\/2024\/09\/turkey-e1727124656345.jpg","type":"image\/jpeg"}],"twitter_card":"summary_large_image","twitter_misc":{"Gesch\u00e4tzte Lesezeit":"3\u00a0Minuten"},"schema":{"@context":"https:\/\/schema.org","@graph":[{"@type":"WebPage","@id":"https:\/\/bestmeditrips.com\/de\/tuerkei\/","url":"https:\/\/bestmeditrips.com\/de\/tuerkei\/","name":"Medizintourismus in der T\u00fcrkei: Erschwingliche Behandlungen, Premium-Kliniken","isPartOf":{"@id":"https:\/\/bestmeditrips.com\/de\/#website"},"primaryImageOfPage":{"@id":"https:\/\/bestmeditrips.com\/de\/tuerkei\/#primaryimage"},"image":{"@id":"https:\/\/bestmeditrips.com\/de\/tuerkei\/#primaryimage"},"thumbnailUrl":"https:\/\/bestmeditrips.com\/wp-content\/uploads\/2024\/09\/turkey-e1727124656345.jpg","datePublished":"2024-09-23T18:41:39+00:00","description":"Entdecken Sie Gesundheitsdienste von Weltklasse in der T\u00fcrkei. Erschwingliche Preise und Expertenpflege von Top-\u00c4rzten in Istanbul, Antalya, Izmir...","breadcrumb":{"@id":"https:\/\/bestmeditrips.com\/de\/tuerkei\/#breadcrumb"},"inLanguage":"de","potentialAction":[{"@type":"ReadAction","target":["https:\/\/bestmeditrips.com\/de\/tuerkei\/"]}]},{"@type":"ImageObject","inLanguage":"de","@id":"https:\/\/bestmeditrips.com\/de\/tuerkei\/#primaryimage","url":"https:\/\/bestmeditrips.com\/wp-content\/uploads\/2024\/09\/turkey-e1727124656345.jpg","contentUrl":"https:\/\/bestmeditrips.com\/wp-content\/uploads\/2024\/09\/turkey-e1727124656345.jpg","width":1350,"height":360,"caption":"T\u00fcrkei; hochwertige Gesundheitsversorgung, die Hauptstadt des medizinischen\/gesundheitstourismus."},{"@type":"BreadcrumbList","@id":"https:\/\/bestmeditrips.com\/de\/tuerkei\/#breadcrumb","itemListElement":[{"@type":"ListItem","position":1,"name":"Home","item":"https:\/\/bestmeditrips.com\/de\/"},{"@type":"ListItem","position":2,"name":"T\u00fcrkei"}]},{"@type":"WebSite","@id":"https:\/\/bestmeditrips.com\/de\/#website","url":"https:\/\/bestmeditrips.com\/de\/","name":"Bestmeditrips.com","description":"Medizintourismus, beste Behandlungen, Kliniken, \u00c4rzte und Zahn\u00e4rzte!","publisher":{"@id":"https:\/\/bestmeditrips.com\/de\/#organization"},"potentialAction":[{"@type":"SearchAction","target":{"@type":"EntryPoint","urlTemplate":"https:\/\/bestmeditrips.com\/de\/?s={search_term_string}"},"query-input":{"@type":"PropertyValueSpecification","valueRequired":true,"valueName":"search_term_string"}}],"inLanguage":"de"},{"@type":"Organization","@id":"https:\/\/bestmeditrips.com\/de\/#organization","name":"Bestmeditrips.com","url":"https:\/\/bestmeditrips.com\/de\/","logo":{"@type":"ImageObject","inLanguage":"de","@id":"https:\/\/bestmeditrips.com\/de\/#\/schema\/logo\/image\/","url":"https:\/\/bestmeditrips.com\/wp-content\/uploads\/2024\/09\/logo-2.png","contentUrl":"https:\/\/bestmeditrips.com\/wp-content\/uploads\/2024\/09\/logo-2.png","width":500,"height":98,"caption":"Bestmeditrips.com"},"image":{"@id":"https:\/\/bestmeditrips.com\/de\/#\/schema\/logo\/image\/"},"sameAs":["https:\/\/www.facebook.com\/profile.php?id=61565479139599"]}]}},"_links":{"self":[{"href":"https:\/\/bestmeditrips.com\/de\/wp-json\/wp\/v2\/pages\/1111","targetHints":{"allow":["GET"]}}],"collection":[{"href":"https:\/\/bestmeditrips.com\/de\/wp-json\/wp\/v2\/pages"}],"about":[{"href":"https:\/\/bestmeditrips.com\/de\/wp-json\/wp\/v2\/types\/page"}],"author":[{"embeddable":true,"href":"https:\/\/bestmeditrips.com\/de\/wp-json\/wp\/v2\/users\/1"}],"replies":[{"embeddable":true,"href":"https:\/\/bestmeditrips.com\/de\/wp-json\/wp\/v2\/comments?post=1111"}],"version-history":[{"count":0,"href":"https:\/\/bestmeditrips.com\/de\/wp-json\/wp\/v2\/pages\/1111\/revisions"}],"wp:featuredmedia":[{"embeddable":true,"href":"https:\/\/bestmeditrips.com\/de\/wp-json\/wp\/v2\/media\/911"}],"wp:attachment":[{"href":"https:\/\/bestmeditrips.com\/de\/wp-json\/wp\/v2\/media?parent=1111"}],"curies":[{"name":"wp","href":"https:\/\/api.w.org\/{rel}","templated":true}]}}