{"id":419,"date":"2024-09-01T20:00:15","date_gmt":"2024-09-01T17:00:15","guid":{"rendered":"https:\/\/bestmeditrips.com\/privatlivspolitik\/"},"modified":"2024-09-05T01:00:54","modified_gmt":"2024-09-04T22:00:54","slug":"privatlivspolitik","status":"publish","type":"page","link":"https:\/\/bestmeditrips.com\/da\/privatlivspolitik\/","title":{"rendered":"Privatlivspolitik"},"content":{"rendered":"<p><strong>Privatlivspolitik<\/strong><\/p>\n<p>Tak fordi du bes\u00f8ger <em>BestMediTrips.com<\/em>. Dit privatliv er vigtigt for os. Denne <strong>Privatlivspolitik<\/strong> forklarer, hvordan vi indsamler, bruger, videregiver og beskytter dine oplysninger, n\u00e5r du bes\u00f8ger vores hjemmeside. L\u00e6s venligst denne privatlivspolitik omhyggeligt. Hvis du ikke er enig i betingelserne i denne privatlivspolitik, skal du ikke f\u00e5 adgang til siden.<\/p>\n<p><strong>1. Oplysninger vi indsamler<\/strong><\/p>\n<p>Vi kan indsamle personlige oplysninger som dit navn, e-mailadresse, telefonnummer og andre detaljer, du giver, n\u00e5r du interagerer med vores hjemmeside eller kontakter os for foresp\u00f8rgsler.<\/p>\n<p><strong>2. Hvordan vi bruger dine oplysninger<\/strong><\/p>\n<p>Vi kan bruge de oplysninger, vi indsamler til:<\/p>\n<p>At levere, drive og vedligeholde vores hjemmeside<br \/>\nAt forbedre, tilpasse og udvide vores hjemmesides tilbud<br \/>\nAt kommunikere med dig, enten direkte eller gennem en af vores partnere, herunder til kundeservice, for at give opdateringer og andre oplysninger relateret til hjemmesiden og til markedsf\u00f8rings- og salgsfremmende form\u00e5l<br \/>\nAt beskytte, unders\u00f8ge og afskr\u00e6kke uautoriseret eller ulovlig aktivitet<\/p>\n<p><strong>3. Videregivelse af dine oplysninger<\/strong><\/p>\n<p>Vi kan dele dine oplysninger med tredjeparter kun p\u00e5 de m\u00e5der, der er beskrevet i denne <strong>Privatlivspolitik<\/strong>.<\/p>\n<p><strong>4. Sikkerhed af dine oplysninger<\/strong><\/p>\n<p>Vi bruger administrative, tekniske og fysiske sikkerhedsforanstaltninger for at hj\u00e6lpe med at beskytte dine personlige oplysninger. Selvom vi har taget rimelige skridt til at sikre de personlige oplysninger, du giver os, skal du v\u00e6re opm\u00e6rksom p\u00e5, at ingen sikkerhedsforanstaltninger er perfekte eller uigennemtr\u00e6ngelige.<\/p>\n<p><strong>5. Dine valg vedr\u00f8rende dine oplysninger<\/strong><\/p>\n<p>Du har ret til:<\/p>\n<p>At opdatere eller rette dine personlige oplysninger<br \/>\nAt frav\u00e6lge at modtage markedsf\u00f8ringskommunikation<br \/>\nAt anmode om, at vi sletter dine personlige oplysninger<\/p>\n<p><strong>6. \u00c6ndringer til denne privatlivspolitik<\/strong><\/p>\n<p>Vi kan fra tid til anden opdatere denne <strong>Privatlivspolitik<\/strong> for at afspejle f.eks. \u00e6ndringer i vores praksis eller af andre operationelle, juridiske eller lovgivningsm\u00e6ssige \u00e5rsager.<\/p>\n<p><strong>7. Kontakt os<\/strong><\/p>\n<p>Hvis du har sp\u00f8rgsm\u00e5l eller kommentarer til denne <strong>Privatlivspolitik<\/strong>, bedes du kontakte os.<\/p>\n","protected":false},"excerpt":{"rendered":"<p>Privatlivspolitik Tak fordi du bes\u00f8ger BestMediTrips.com. Dit privatliv er vigtigt for os. Denne Privatlivspolitik forklarer, hvordan vi indsamler, bruger, videregiver og beskytter dine oplysninger, n\u00e5r du bes\u00f8ger vores hjemmeside. L\u00e6s venligst denne privatlivspolitik omhyggeligt. Hvis du ikke er enig i betingelserne i denne privatlivspolitik, skal du ikke f\u00e5 adgang til siden. 1. Oplysninger vi indsamler &#8230; <a title=\"Privatlivspolitik\" class=\"read-more\" href=\"https:\/\/bestmeditrips.com\/da\/privatlivspolitik\/\" aria-label=\"Read more about Privatlivspolitik\">L\u00e6s Mere<\/a><\/p>\n","protected":false},"author":1,"featured_media":0,"parent":0,"menu_order":0,"comment_status":"closed","ping_status":"open","template":"","meta":{"footnotes":""},"class_list":["post-419","page","type-page","status-publish"],"yoast_head":"<!-- This site is optimized with the Yoast SEO plugin v27.4 - https:\/\/yoast.com\/product\/yoast-seo-wordpress\/ -->\n<title>Privatlivspolitik - Bestmeditrips.com<\/title>\n<meta name=\"robots\" content=\"index, follow, max-snippet:-1, max-image-preview:large, max-video-preview:-1\" \/>\n<link rel=\"canonical\" href=\"https:\/\/bestmeditrips.com\/da\/privatlivspolitik\/\" \/>\n<meta property=\"og:locale\" content=\"da_DK\" \/>\n<meta property=\"og:type\" content=\"article\" \/>\n<meta property=\"og:title\" content=\"Privatlivspolitik - Bestmeditrips.com\" \/>\n<meta property=\"og:description\" content=\"Privatlivspolitik Tak fordi du bes\u00f8ger BestMediTrips.com. Dit privatliv er vigtigt for os. Denne Privatlivspolitik forklarer, hvordan vi indsamler, bruger, videregiver og beskytter dine oplysninger, n\u00e5r du bes\u00f8ger vores hjemmeside. L\u00e6s venligst denne privatlivspolitik omhyggeligt. Hvis du ikke er enig i betingelserne i denne privatlivspolitik, skal du ikke f\u00e5 adgang til siden. 1. Oplysninger vi indsamler ... L\u00e6s Mere\" \/>\n<meta property=\"og:url\" content=\"https:\/\/bestmeditrips.com\/da\/privatlivspolitik\/\" \/>\n<meta property=\"og:site_name\" content=\"Bestmeditrips.com\" \/>\n<meta property=\"article:publisher\" content=\"https:\/\/www.facebook.com\/profile.php?id=61565479139599\" \/>\n<meta property=\"article:modified_time\" content=\"2024-09-04T22:00:54+00:00\" \/>\n<meta property=\"og:image\" content=\"https:\/\/bestmeditrips.com\/wp-content\/uploads\/2024\/09\/health-tourism.jpg\" \/>\n\t<meta property=\"og:image:width\" content=\"1024\" \/>\n\t<meta property=\"og:image:height\" content=\"683\" \/>\n\t<meta property=\"og:image:type\" content=\"image\/jpeg\" \/>\n<meta name=\"twitter:card\" content=\"summary_large_image\" \/>\n<meta name=\"twitter:label1\" content=\"Estimeret l\u00e6setid\" \/>\n\t<meta name=\"twitter:data1\" content=\"2 minutter\" \/>\n<script type=\"application\/ld+json\" class=\"yoast-schema-graph\">{\"@context\":\"https:\\\/\\\/schema.org\",\"@graph\":[{\"@type\":\"WebPage\",\"@id\":\"https:\\\/\\\/bestmeditrips.com\\\/da\\\/privatlivspolitik\\\/\",\"url\":\"https:\\\/\\\/bestmeditrips.com\\\/da\\\/privatlivspolitik\\\/\",\"name\":\"Privatlivspolitik - Bestmeditrips.com\",\"isPartOf\":{\"@id\":\"https:\\\/\\\/bestmeditrips.com\\\/da\\\/#website\"},\"datePublished\":\"2024-09-01T17:00:15+00:00\",\"dateModified\":\"2024-09-04T22:00:54+00:00\",\"breadcrumb\":{\"@id\":\"https:\\\/\\\/bestmeditrips.com\\\/da\\\/privatlivspolitik\\\/#breadcrumb\"},\"inLanguage\":\"da-DK\",\"potentialAction\":[{\"@type\":\"ReadAction\",\"target\":[\"https:\\\/\\\/bestmeditrips.com\\\/da\\\/privatlivspolitik\\\/\"]}]},{\"@type\":\"BreadcrumbList\",\"@id\":\"https:\\\/\\\/bestmeditrips.com\\\/da\\\/privatlivspolitik\\\/#breadcrumb\",\"itemListElement\":[{\"@type\":\"ListItem\",\"position\":1,\"name\":\"Home\",\"item\":\"https:\\\/\\\/bestmeditrips.com\\\/da\\\/\"},{\"@type\":\"ListItem\",\"position\":2,\"name\":\"Privatlivspolitik\"}]},{\"@type\":\"WebSite\",\"@id\":\"https:\\\/\\\/bestmeditrips.com\\\/da\\\/#website\",\"url\":\"https:\\\/\\\/bestmeditrips.com\\\/da\\\/\",\"name\":\"Bestmeditrips.com\",\"description\":\"Medicinsk turisme, bedste behandlinger, klinikker, l\u00e6ger og tandl\u00e6ger!\",\"publisher\":{\"@id\":\"https:\\\/\\\/bestmeditrips.com\\\/da\\\/#organization\"},\"potentialAction\":[{\"@type\":\"SearchAction\",\"target\":{\"@type\":\"EntryPoint\",\"urlTemplate\":\"https:\\\/\\\/bestmeditrips.com\\\/da\\\/?s={search_term_string}\"},\"query-input\":{\"@type\":\"PropertyValueSpecification\",\"valueRequired\":true,\"valueName\":\"search_term_string\"}}],\"inLanguage\":\"da-DK\"},{\"@type\":\"Organization\",\"@id\":\"https:\\\/\\\/bestmeditrips.com\\\/da\\\/#organization\",\"name\":\"Bestmeditrips.com\",\"url\":\"https:\\\/\\\/bestmeditrips.com\\\/da\\\/\",\"logo\":{\"@type\":\"ImageObject\",\"inLanguage\":\"da-DK\",\"@id\":\"https:\\\/\\\/bestmeditrips.com\\\/da\\\/#\\\/schema\\\/logo\\\/image\\\/\",\"url\":\"https:\\\/\\\/bestmeditrips.com\\\/wp-content\\\/uploads\\\/2024\\\/09\\\/logo-2.png\",\"contentUrl\":\"https:\\\/\\\/bestmeditrips.com\\\/wp-content\\\/uploads\\\/2024\\\/09\\\/logo-2.png\",\"width\":500,\"height\":98,\"caption\":\"Bestmeditrips.com\"},\"image\":{\"@id\":\"https:\\\/\\\/bestmeditrips.com\\\/da\\\/#\\\/schema\\\/logo\\\/image\\\/\"},\"sameAs\":[\"https:\\\/\\\/www.facebook.com\\\/profile.php?id=61565479139599\"]}]}<\/script>\n<!-- \/ Yoast SEO plugin. -->","yoast_head_json":{"title":"Privatlivspolitik - Bestmeditrips.com","robots":{"index":"index","follow":"follow","max-snippet":"max-snippet:-1","max-image-preview":"max-image-preview:large","max-video-preview":"max-video-preview:-1"},"canonical":"https:\/\/bestmeditrips.com\/da\/privatlivspolitik\/","og_locale":"da_DK","og_type":"article","og_title":"Privatlivspolitik - Bestmeditrips.com","og_description":"Privatlivspolitik Tak fordi du bes\u00f8ger BestMediTrips.com. Dit privatliv er vigtigt for os. Denne Privatlivspolitik forklarer, hvordan vi indsamler, bruger, videregiver og beskytter dine oplysninger, n\u00e5r du bes\u00f8ger vores hjemmeside. L\u00e6s venligst denne privatlivspolitik omhyggeligt. Hvis du ikke er enig i betingelserne i denne privatlivspolitik, skal du ikke f\u00e5 adgang til siden. 1. Oplysninger vi indsamler ... L\u00e6s Mere","og_url":"https:\/\/bestmeditrips.com\/da\/privatlivspolitik\/","og_site_name":"Bestmeditrips.com","article_publisher":"https:\/\/www.facebook.com\/profile.php?id=61565479139599","article_modified_time":"2024-09-04T22:00:54+00:00","og_image":[{"width":1024,"height":683,"url":"https:\/\/bestmeditrips.com\/wp-content\/uploads\/2024\/09\/health-tourism.jpg","type":"image\/jpeg"}],"twitter_card":"summary_large_image","twitter_misc":{"Estimeret l\u00e6setid":"2 minutter"},"schema":{"@context":"https:\/\/schema.org","@graph":[{"@type":"WebPage","@id":"https:\/\/bestmeditrips.com\/da\/privatlivspolitik\/","url":"https:\/\/bestmeditrips.com\/da\/privatlivspolitik\/","name":"Privatlivspolitik - Bestmeditrips.com","isPartOf":{"@id":"https:\/\/bestmeditrips.com\/da\/#website"},"datePublished":"2024-09-01T17:00:15+00:00","dateModified":"2024-09-04T22:00:54+00:00","breadcrumb":{"@id":"https:\/\/bestmeditrips.com\/da\/privatlivspolitik\/#breadcrumb"},"inLanguage":"da-DK","potentialAction":[{"@type":"ReadAction","target":["https:\/\/bestmeditrips.com\/da\/privatlivspolitik\/"]}]},{"@type":"BreadcrumbList","@id":"https:\/\/bestmeditrips.com\/da\/privatlivspolitik\/#breadcrumb","itemListElement":[{"@type":"ListItem","position":1,"name":"Home","item":"https:\/\/bestmeditrips.com\/da\/"},{"@type":"ListItem","position":2,"name":"Privatlivspolitik"}]},{"@type":"WebSite","@id":"https:\/\/bestmeditrips.com\/da\/#website","url":"https:\/\/bestmeditrips.com\/da\/","name":"Bestmeditrips.com","description":"Medicinsk turisme, bedste behandlinger, klinikker, l\u00e6ger og tandl\u00e6ger!","publisher":{"@id":"https:\/\/bestmeditrips.com\/da\/#organization"},"potentialAction":[{"@type":"SearchAction","target":{"@type":"EntryPoint","urlTemplate":"https:\/\/bestmeditrips.com\/da\/?s={search_term_string}"},"query-input":{"@type":"PropertyValueSpecification","valueRequired":true,"valueName":"search_term_string"}}],"inLanguage":"da-DK"},{"@type":"Organization","@id":"https:\/\/bestmeditrips.com\/da\/#organization","name":"Bestmeditrips.com","url":"https:\/\/bestmeditrips.com\/da\/","logo":{"@type":"ImageObject","inLanguage":"da-DK","@id":"https:\/\/bestmeditrips.com\/da\/#\/schema\/logo\/image\/","url":"https:\/\/bestmeditrips.com\/wp-content\/uploads\/2024\/09\/logo-2.png","contentUrl":"https:\/\/bestmeditrips.com\/wp-content\/uploads\/2024\/09\/logo-2.png","width":500,"height":98,"caption":"Bestmeditrips.com"},"image":{"@id":"https:\/\/bestmeditrips.com\/da\/#\/schema\/logo\/image\/"},"sameAs":["https:\/\/www.facebook.com\/profile.php?id=61565479139599"]}]}},"_links":{"self":[{"href":"https:\/\/bestmeditrips.com\/da\/wp-json\/wp\/v2\/pages\/419","targetHints":{"allow":["GET"]}}],"collection":[{"href":"https:\/\/bestmeditrips.com\/da\/wp-json\/wp\/v2\/pages"}],"about":[{"href":"https:\/\/bestmeditrips.com\/da\/wp-json\/wp\/v2\/types\/page"}],"author":[{"embeddable":true,"href":"https:\/\/bestmeditrips.com\/da\/wp-json\/wp\/v2\/users\/1"}],"replies":[{"embeddable":true,"href":"https:\/\/bestmeditrips.com\/da\/wp-json\/wp\/v2\/comments?post=419"}],"version-history":[{"count":1,"href":"https:\/\/bestmeditrips.com\/da\/wp-json\/wp\/v2\/pages\/419\/revisions"}],"predecessor-version":[{"id":582,"href":"https:\/\/bestmeditrips.com\/da\/wp-json\/wp\/v2\/pages\/419\/revisions\/582"}],"wp:attachment":[{"href":"https:\/\/bestmeditrips.com\/da\/wp-json\/wp\/v2\/media?parent=419"}],"curies":[{"name":"wp","href":"https:\/\/api.w.org\/{rel}","templated":true}]}}