{"id":298,"date":"2024-09-02T20:44:40","date_gmt":"2024-09-02T17:44:40","guid":{"rendered":"https:\/\/bestmeditrips.com\/international-sundhedsturisme-og-destinationer\/"},"modified":"2024-09-23T11:42:32","modified_gmt":"2024-09-23T08:42:32","slug":"international-sundhedsturisme-og-destinationer","status":"publish","type":"page","link":"https:\/\/bestmeditrips.com\/da\/","title":{"rendered":"Medicinsk Turisme og Destinationer"},"content":{"rendered":"<h2>Oplev Den Bedste Medicinske Turismeoplevelse<\/h2>\n<p>Velkommen til <em><strong>BestMediTrips.com<\/strong><\/em>, din f\u00f8rende destination for exceptionel medicinsk behandling kombineret med ekstraordin\u00e6re rejseoplevelser. Vores flersprogede platform er dedikeret til at forbinde dig med de bedste destinationer for medicinsk turisme over hele verden og tilbyder detaljeret indsigt i de bedste tilg\u00e6ngelige medicinske behandlinger og tjenester.<\/p>\n<h3>Udforsk Premium Sundheds- og Medicinske Turismedestinationer<\/h3>\n<p>P\u00e5 <em><strong>BestMediTrips.com<\/strong><\/em> tilbyder vi et omhyggeligt udvalg af muligheder for medicinsk turisme, hvor vi guider dig gennem en bred vifte af behandlinger, der er tilg\u00e6ngelige p\u00e5 verdens mest fascinerende destinationer. Oplev, hvad der g\u00f8r hver destination unik:<\/p>\n<h4><strong><span style=\"color: #ff0000;\">\u2665 <\/span><\/strong><strong>TYRKIET:<\/strong> Istanbul, Antalya, Izmir og Ankara<\/h4>\n<p>Tyrkiet er kendt for sine moderne medicinske faciliteter og omkostningseffektive behandlinger. Udforsk vores bedste byer for en r\u00e6kke sundhedsydelser:<\/p>\n<ul>\n<li><strong>Tandklinikker:<\/strong> Forvandl dit smil med avancerede procedurer som implantater, Hollywood-smile makeovers og innovative l\u00f8sninger som &#8216;all-on-4&#8217; og &#8216;all-on-6&#8217;.<\/li>\n<li><strong>H\u00e5rgenoprettelsesklinikker:<\/strong> Opn\u00e5 naturlige og langvarige resultater med avancerede h\u00e5rtransplantationsteknikker.<\/li>\n<li><strong>\u00c6stetiske hospitaler:<\/strong> Oplev \u00e6stetisk kirurgi i verdensklasse, fra ansigtsl\u00f8ft til kropskonturering.<\/li>\n<li><strong>Ortop\u00e6diske specialister:<\/strong> Drage fordel af avancerede behandlinger for led- og rygs\u00f8jleproblemer, hvilket sikrer optimal genopretning og mobilitet.<\/li>\n<\/ul>\n<h4><strong><span style=\"color: #ff0000;\">\u2665\u00a0<\/span><\/strong><strong>UNGARN:<\/strong> Budapest og Debrecen<\/h4>\n<p>Ungarn tilbyder anerkendt medicinsk behandling, is\u00e6r inden for tandpleje. I Budapest og Debrecen kan du opdage:<\/p>\n<ul>\n<li><strong>Tandklinikker:<\/strong> Pleje i topklasse til implantater og \u00e6stetiske tandbehandlinger til konkurrencedygtige priser.<\/li>\n<li><strong>Centre for \u00e6stetisk kirurgi:<\/strong> Forbedre dit udseende med omhyggelig opm\u00e6rksomhed p\u00e5 detaljer.<\/li>\n<\/ul>\n<h4><strong><span style=\"color: #ff0000;\">\u2665 <\/span><\/strong><strong>SERBIEN:<\/strong> Beograd<\/h4>\n<p>Beograd er ved at blive et centrum for kvalitetsmedicinsk pleje. Her kan du finde:<\/p>\n<ul>\n<li><strong>Innovative medicinske tjenester:<\/strong> Fra tandbehandling til \u00e6stetiske procedurer, oplev exceptionel pleje, der er skr\u00e6ddersyet til dine behov.<\/li>\n<li><strong>Personlige medicinske klinikker:<\/strong> Nyd tjenester i en by kendt for sin varme g\u00e6stfrihed og medicinske ekspertise.<\/li>\n<\/ul>\n<h4><strong><span style=\"color: #ff0000;\">\u2665 <\/span><\/strong><strong>KROATIEN:<\/strong> Zagreb og Split<\/h4>\n<p>Kroatien kombinerer medicinsk ekspertise med smukke landskaber. Oplev:<\/p>\n<ul>\n<li><strong>Tand- og \u00e6stetiske klinikker:<\/strong> Nyd avancerede behandlinger i maleriske omgivelser.<\/li>\n<li><strong>Rehabiliterings- og wellnesshospitaler:<\/strong> Omfattende plejemuligheder designet til at forbedre dit generelle velv\u00e6re.<\/li>\n<\/ul>\n<h4><strong><span style=\"color: #ff0000;\">\u2665 <\/span><\/strong><strong>POLEN:<\/strong> Warszawa og Krak\u00f3w<\/h4>\n<p>Polen tilbyder medicinske tjenester af h\u00f8j kvalitet til overkommelige priser. Udforsk:<\/p>\n<ul>\n<li><strong>Tandplejefaciliteter:<\/strong> Avancerede l\u00f8sninger til implantater og andre tandplejebehov.<\/li>\n<li><strong>Ortop\u00e6diske og \u00e6stetiske klinikker:<\/strong> Moderne faciliteter, der tilbyder en bred vifte af procedurer.<\/li>\n<\/ul>\n<h4><strong><span style=\"color: #ff0000;\">\u2665 <\/span><\/strong><strong>TYSKLAND:<\/strong> Berlin og M\u00fcnchen<\/h4>\n<p>Tyskland er synonymt med medicinsk innovation og kvalitet. F\u00e5 adgang til:<\/p>\n<ul>\n<li><strong>Banebrydende hospitaler:<\/strong> Den nyeste medicinske teknologi og specialiseret pleje.<\/li>\n<li><strong>Omfattende sundhedscentre:<\/strong> Behandlinger i verdensklasse til komplekse operationer og rutineprocedurer.<\/li>\n<\/ul>\n<h4><strong><span style=\"color: #ff0000;\">\u2665 <\/span><\/strong><strong>TJEKKIET:<\/strong> Prag<\/h4>\n<p>Prag tilbyder en kombination af historisk charme og moderne sundhedspleje. Oplev:<\/p>\n<ul>\n<li><strong>Topvurderede tandklinikker:<\/strong> Fremragende l\u00f8sninger i en af Europas smukkeste byer.<\/li>\n<li><strong>\u00c6stetiske hospitaler:<\/strong> H\u00f8jkvalitets \u00e6stetiske procedurer.<\/li>\n<\/ul>\n<h4><strong><span style=\"color: #ff0000;\">\u2665 <\/span><\/strong><strong>MEXICO:<\/strong> Canc\u00fan og Mexico City<\/h4>\n<p>Mexico giver en levende baggrund for exceptionel medicinsk behandling. Nyd:<\/p>\n<ul>\n<li><strong>Overkommelige behandlingscentre:<\/strong> H\u00f8jkvalitets tand- og \u00e6stetiske procedurer.<\/li>\n<li><strong>Kulturelle oplevelsesklinikker:<\/strong> Kombiner din behandling med en rig kulturel rejse.<\/li>\n<\/ul>\n<h4><strong><span style=\"color: #ff0000;\">\u2665 <\/span><\/strong><strong>COLOMBIA:<\/strong> Medell\u00edn og Bogot\u00e1<\/h4>\n<p>Colombia er kendt for sine dygtige medicinske fagfolk og omkostningseffektive tjenester. F\u00e5 adgang til:<\/p>\n<ul>\n<li><strong>Omfattende medicinske centre:<\/strong> Et udvalg af medicinske behandlinger med fokus p\u00e5 kvalitet og overkommelighed.<\/li>\n<li><strong>Eksperttandklinikker:<\/strong> Pleje fra eksperter i et land kendt for fremskridt inden for sundhedspleje.<\/li>\n<\/ul>\n<h4><strong><span style=\"color: #ff0000;\">\u2665 <\/span><\/strong><strong>THAILAND:<\/strong> Bangkok og Phuket<\/h4>\n<p>Thailand tilbyder en perfekt blanding af medicinsk pleje og rejseoplevelser. Oplev:<\/p>\n<ul>\n<li><strong>Hospitaler i verdensklasse:<\/strong> F\u00f8rsteklasses medicinske tjenester til tandpleje og wellnessprogrammer.<\/li>\n<li><strong>Klinikker p\u00e5 smukke destinationer:<\/strong> Oplev enest\u00e5ende medicinsk behandling, mens du udforsker Thailand.<\/li>\n<\/ul>\n<h4><strong><span style=\"color: #ff0000;\">\u2665 <\/span><\/strong><strong>INDIEN:<\/strong> Delhi og Mumbai<\/h4>\n<p>Indiens medicinske faciliteter er avancerede og overkommelige. Udforsk:<\/p>\n<ul>\n<li><strong>Diverse medicinske klinikker:<\/strong> H\u00f8je standarder inden for en r\u00e6kke medicinske muligheder.<\/li>\n<li><strong>Hospitaler med dygtige specialister:<\/strong> Pleje fra eksperter i Delhi og Mumbai.<\/li>\n<\/ul>\n<h4><strong><span style=\"color: #ff0000;\">\u2665 <\/span><\/strong><strong>VIETNAM:<\/strong> Ho Chi Minh City og Hanoi<\/h4>\n<p>Vietnam er en voksende destination for medicinsk turisme. Her kan du drage fordel af:<\/p>\n<ul>\n<li><strong>Effektive medicinske centre:<\/strong> Overkommelig og h\u00f8j kvalitet pleje.<\/li>\n<li><strong>Omfattende behandlingsklinikker:<\/strong> Fra tandpleje til ortop\u00e6diske procedurer.<\/li>\n<\/ul>\n<h4>Hvorfor v\u00e6lge sundheds- og medicinsk turisme?<\/h4>\n<p>Sundheds- og medicinsk turisme giver dig mulighed for at kombinere fremragende medicinsk pleje med sp\u00e6ndende rejsemuligheder. P\u00e5 <em>BestMediTrips.com<\/em> er vi dedikeret til at hj\u00e6lpe dig med at finde den perfekte destination og behandling, der passer til dine behov og pr\u00e6ferencer. Udforsk vores platform for at starte din rejse mod enest\u00e5ende medicinsk pleje og uforglemmelige oplevelser.<\/p>\n","protected":false},"excerpt":{"rendered":"<p>Oplev Den Bedste Medicinske Turismeoplevelse Velkommen til BestMediTrips.com, din f\u00f8rende destination for exceptionel medicinsk behandling kombineret med ekstraordin\u00e6re rejseoplevelser. Vores flersprogede platform er dedikeret til at forbinde dig med de bedste destinationer for medicinsk turisme over hele verden og tilbyder detaljeret indsigt i de bedste tilg\u00e6ngelige medicinske behandlinger og tjenester. Udforsk Premium Sundheds- og Medicinske &#8230; <a title=\"Medicinsk Turisme og Destinationer\" class=\"read-more\" href=\"https:\/\/bestmeditrips.com\/da\/\" aria-label=\"Read more about Medicinsk Turisme og Destinationer\">L\u00e6s Mere<\/a><\/p>\n","protected":false},"author":1,"featured_media":331,"parent":0,"menu_order":0,"comment_status":"closed","ping_status":"closed","template":"","meta":{"footnotes":""},"class_list":["post-298","page","type-page","status-publish","has-post-thumbnail"],"yoast_head":"<!-- This site is optimized with the Yoast SEO plugin v27.4 - https:\/\/yoast.com\/product\/yoast-seo-wordpress\/ -->\n<title>Eksperter i Medicinsk Turisme | Premium Behandlinger og Destinationer<\/title>\n<meta name=\"description\" content=\"Udforsk de bedste sundhedsturismetjenester med de bedste klinikker, l\u00e6ger og tandl\u00e6ger, der tilbyder ekspertvejledning til de bedste medicinske rejser.\" \/>\n<meta name=\"robots\" content=\"index, follow, max-snippet:-1, max-image-preview:large, max-video-preview:-1\" \/>\n<link rel=\"canonical\" href=\"https:\/\/bestmeditrips.com\/da\/\" \/>\n<meta property=\"og:locale\" content=\"da_DK\" \/>\n<meta property=\"og:type\" content=\"article\" \/>\n<meta property=\"og:title\" content=\"Eksperter i Medicinsk Turisme | Premium Behandlinger og Destinationer\" \/>\n<meta property=\"og:description\" content=\"Udforsk de bedste sundhedsturismetjenester med de bedste klinikker, l\u00e6ger og tandl\u00e6ger, der tilbyder ekspertvejledning til de bedste medicinske rejser.\" \/>\n<meta property=\"og:url\" content=\"https:\/\/bestmeditrips.com\/da\/\" \/>\n<meta property=\"og:site_name\" content=\"Bestmeditrips.com\" \/>\n<meta property=\"article:publisher\" content=\"https:\/\/www.facebook.com\/profile.php?id=61565479139599\" \/>\n<meta property=\"article:modified_time\" content=\"2024-09-23T08:42:32+00:00\" \/>\n<meta property=\"og:image\" content=\"https:\/\/bestmeditrips.com\/wp-content\/uploads\/2024\/09\/health-tourism.jpg\" \/>\n\t<meta property=\"og:image:width\" content=\"1024\" \/>\n\t<meta property=\"og:image:height\" content=\"683\" \/>\n\t<meta property=\"og:image:type\" content=\"image\/jpeg\" \/>\n<meta name=\"twitter:card\" content=\"summary_large_image\" \/>\n<meta name=\"twitter:label1\" content=\"Estimeret l\u00e6setid\" \/>\n\t<meta name=\"twitter:data1\" content=\"3 minutter\" \/>\n<script type=\"application\/ld+json\" class=\"yoast-schema-graph\">{\"@context\":\"https:\\\/\\\/schema.org\",\"@graph\":[{\"@type\":\"WebPage\",\"@id\":\"https:\\\/\\\/bestmeditrips.com\\\/da\\\/\",\"url\":\"https:\\\/\\\/bestmeditrips.com\\\/da\\\/\",\"name\":\"Eksperter i Medicinsk Turisme | Premium Behandlinger og Destinationer\",\"isPartOf\":{\"@id\":\"https:\\\/\\\/bestmeditrips.com\\\/da\\\/#website\"},\"primaryImageOfPage\":{\"@id\":\"https:\\\/\\\/bestmeditrips.com\\\/da\\\/#primaryimage\"},\"image\":{\"@id\":\"https:\\\/\\\/bestmeditrips.com\\\/da\\\/#primaryimage\"},\"thumbnailUrl\":\"https:\\\/\\\/bestmeditrips.com\\\/wp-content\\\/uploads\\\/2024\\\/09\\\/health-tourism.jpg\",\"datePublished\":\"2024-09-02T17:44:40+00:00\",\"dateModified\":\"2024-09-23T08:42:32+00:00\",\"description\":\"Udforsk de bedste sundhedsturismetjenester med de bedste klinikker, l\u00e6ger og tandl\u00e6ger, der tilbyder ekspertvejledning til de bedste medicinske rejser.\",\"breadcrumb\":{\"@id\":\"https:\\\/\\\/bestmeditrips.com\\\/da\\\/#breadcrumb\"},\"inLanguage\":\"da-DK\",\"potentialAction\":[{\"@type\":\"ReadAction\",\"target\":[\"https:\\\/\\\/bestmeditrips.com\\\/da\\\/\"]}]},{\"@type\":\"ImageObject\",\"inLanguage\":\"da-DK\",\"@id\":\"https:\\\/\\\/bestmeditrips.com\\\/da\\\/#primaryimage\",\"url\":\"https:\\\/\\\/bestmeditrips.com\\\/wp-content\\\/uploads\\\/2024\\\/09\\\/health-tourism.jpg\",\"contentUrl\":\"https:\\\/\\\/bestmeditrips.com\\\/wp-content\\\/uploads\\\/2024\\\/09\\\/health-tourism.jpg\",\"width\":1024,\"height\":683,\"caption\":\"Medical tourism and best destinations in the world for dental, hair transplant, orthopedic and aesthetic treatments\"},{\"@type\":\"BreadcrumbList\",\"@id\":\"https:\\\/\\\/bestmeditrips.com\\\/da\\\/#breadcrumb\",\"itemListElement\":[{\"@type\":\"ListItem\",\"position\":1,\"name\":\"Home\",\"item\":\"https:\\\/\\\/bestmeditrips.com\\\/da\\\/\"},{\"@type\":\"ListItem\",\"position\":2,\"name\":\"Medicinsk Turisme og Destinationer\"}]},{\"@type\":\"WebSite\",\"@id\":\"https:\\\/\\\/bestmeditrips.com\\\/da\\\/#website\",\"url\":\"https:\\\/\\\/bestmeditrips.com\\\/da\\\/\",\"name\":\"Bestmeditrips.com\",\"description\":\"Medicinsk turisme, bedste behandlinger, klinikker, l\u00e6ger og tandl\u00e6ger!\",\"publisher\":{\"@id\":\"https:\\\/\\\/bestmeditrips.com\\\/da\\\/#organization\"},\"potentialAction\":[{\"@type\":\"SearchAction\",\"target\":{\"@type\":\"EntryPoint\",\"urlTemplate\":\"https:\\\/\\\/bestmeditrips.com\\\/da\\\/?s={search_term_string}\"},\"query-input\":{\"@type\":\"PropertyValueSpecification\",\"valueRequired\":true,\"valueName\":\"search_term_string\"}}],\"inLanguage\":\"da-DK\"},{\"@type\":\"Organization\",\"@id\":\"https:\\\/\\\/bestmeditrips.com\\\/da\\\/#organization\",\"name\":\"Bestmeditrips.com\",\"url\":\"https:\\\/\\\/bestmeditrips.com\\\/da\\\/\",\"logo\":{\"@type\":\"ImageObject\",\"inLanguage\":\"da-DK\",\"@id\":\"https:\\\/\\\/bestmeditrips.com\\\/da\\\/#\\\/schema\\\/logo\\\/image\\\/\",\"url\":\"https:\\\/\\\/bestmeditrips.com\\\/wp-content\\\/uploads\\\/2024\\\/09\\\/logo-2.png\",\"contentUrl\":\"https:\\\/\\\/bestmeditrips.com\\\/wp-content\\\/uploads\\\/2024\\\/09\\\/logo-2.png\",\"width\":500,\"height\":98,\"caption\":\"Bestmeditrips.com\"},\"image\":{\"@id\":\"https:\\\/\\\/bestmeditrips.com\\\/da\\\/#\\\/schema\\\/logo\\\/image\\\/\"},\"sameAs\":[\"https:\\\/\\\/www.facebook.com\\\/profile.php?id=61565479139599\"]}]}<\/script>\n<!-- \/ Yoast SEO plugin. -->","yoast_head_json":{"title":"Eksperter i Medicinsk Turisme | Premium Behandlinger og Destinationer","description":"Udforsk de bedste sundhedsturismetjenester med de bedste klinikker, l\u00e6ger og tandl\u00e6ger, der tilbyder ekspertvejledning til de bedste medicinske rejser.","robots":{"index":"index","follow":"follow","max-snippet":"max-snippet:-1","max-image-preview":"max-image-preview:large","max-video-preview":"max-video-preview:-1"},"canonical":"https:\/\/bestmeditrips.com\/da\/","og_locale":"da_DK","og_type":"article","og_title":"Eksperter i Medicinsk Turisme | Premium Behandlinger og Destinationer","og_description":"Udforsk de bedste sundhedsturismetjenester med de bedste klinikker, l\u00e6ger og tandl\u00e6ger, der tilbyder ekspertvejledning til de bedste medicinske rejser.","og_url":"https:\/\/bestmeditrips.com\/da\/","og_site_name":"Bestmeditrips.com","article_publisher":"https:\/\/www.facebook.com\/profile.php?id=61565479139599","article_modified_time":"2024-09-23T08:42:32+00:00","og_image":[{"width":1024,"height":683,"url":"https:\/\/bestmeditrips.com\/wp-content\/uploads\/2024\/09\/health-tourism.jpg","type":"image\/jpeg"}],"twitter_card":"summary_large_image","twitter_misc":{"Estimeret l\u00e6setid":"3 minutter"},"schema":{"@context":"https:\/\/schema.org","@graph":[{"@type":"WebPage","@id":"https:\/\/bestmeditrips.com\/da\/","url":"https:\/\/bestmeditrips.com\/da\/","name":"Eksperter i Medicinsk Turisme | Premium Behandlinger og Destinationer","isPartOf":{"@id":"https:\/\/bestmeditrips.com\/da\/#website"},"primaryImageOfPage":{"@id":"https:\/\/bestmeditrips.com\/da\/#primaryimage"},"image":{"@id":"https:\/\/bestmeditrips.com\/da\/#primaryimage"},"thumbnailUrl":"https:\/\/bestmeditrips.com\/wp-content\/uploads\/2024\/09\/health-tourism.jpg","datePublished":"2024-09-02T17:44:40+00:00","dateModified":"2024-09-23T08:42:32+00:00","description":"Udforsk de bedste sundhedsturismetjenester med de bedste klinikker, l\u00e6ger og tandl\u00e6ger, der tilbyder ekspertvejledning til de bedste medicinske rejser.","breadcrumb":{"@id":"https:\/\/bestmeditrips.com\/da\/#breadcrumb"},"inLanguage":"da-DK","potentialAction":[{"@type":"ReadAction","target":["https:\/\/bestmeditrips.com\/da\/"]}]},{"@type":"ImageObject","inLanguage":"da-DK","@id":"https:\/\/bestmeditrips.com\/da\/#primaryimage","url":"https:\/\/bestmeditrips.com\/wp-content\/uploads\/2024\/09\/health-tourism.jpg","contentUrl":"https:\/\/bestmeditrips.com\/wp-content\/uploads\/2024\/09\/health-tourism.jpg","width":1024,"height":683,"caption":"Medical tourism and best destinations in the world for dental, hair transplant, orthopedic and aesthetic treatments"},{"@type":"BreadcrumbList","@id":"https:\/\/bestmeditrips.com\/da\/#breadcrumb","itemListElement":[{"@type":"ListItem","position":1,"name":"Home","item":"https:\/\/bestmeditrips.com\/da\/"},{"@type":"ListItem","position":2,"name":"Medicinsk Turisme og Destinationer"}]},{"@type":"WebSite","@id":"https:\/\/bestmeditrips.com\/da\/#website","url":"https:\/\/bestmeditrips.com\/da\/","name":"Bestmeditrips.com","description":"Medicinsk turisme, bedste behandlinger, klinikker, l\u00e6ger og tandl\u00e6ger!","publisher":{"@id":"https:\/\/bestmeditrips.com\/da\/#organization"},"potentialAction":[{"@type":"SearchAction","target":{"@type":"EntryPoint","urlTemplate":"https:\/\/bestmeditrips.com\/da\/?s={search_term_string}"},"query-input":{"@type":"PropertyValueSpecification","valueRequired":true,"valueName":"search_term_string"}}],"inLanguage":"da-DK"},{"@type":"Organization","@id":"https:\/\/bestmeditrips.com\/da\/#organization","name":"Bestmeditrips.com","url":"https:\/\/bestmeditrips.com\/da\/","logo":{"@type":"ImageObject","inLanguage":"da-DK","@id":"https:\/\/bestmeditrips.com\/da\/#\/schema\/logo\/image\/","url":"https:\/\/bestmeditrips.com\/wp-content\/uploads\/2024\/09\/logo-2.png","contentUrl":"https:\/\/bestmeditrips.com\/wp-content\/uploads\/2024\/09\/logo-2.png","width":500,"height":98,"caption":"Bestmeditrips.com"},"image":{"@id":"https:\/\/bestmeditrips.com\/da\/#\/schema\/logo\/image\/"},"sameAs":["https:\/\/www.facebook.com\/profile.php?id=61565479139599"]}]}},"_links":{"self":[{"href":"https:\/\/bestmeditrips.com\/da\/wp-json\/wp\/v2\/pages\/298","targetHints":{"allow":["GET"]}}],"collection":[{"href":"https:\/\/bestmeditrips.com\/da\/wp-json\/wp\/v2\/pages"}],"about":[{"href":"https:\/\/bestmeditrips.com\/da\/wp-json\/wp\/v2\/types\/page"}],"author":[{"embeddable":true,"href":"https:\/\/bestmeditrips.com\/da\/wp-json\/wp\/v2\/users\/1"}],"replies":[{"embeddable":true,"href":"https:\/\/bestmeditrips.com\/da\/wp-json\/wp\/v2\/comments?post=298"}],"version-history":[{"count":4,"href":"https:\/\/bestmeditrips.com\/da\/wp-json\/wp\/v2\/pages\/298\/revisions"}],"predecessor-version":[{"id":814,"href":"https:\/\/bestmeditrips.com\/da\/wp-json\/wp\/v2\/pages\/298\/revisions\/814"}],"wp:featuredmedia":[{"embeddable":true,"href":"https:\/\/bestmeditrips.com\/da\/wp-json\/wp\/v2\/media\/331"}],"wp:attachment":[{"href":"https:\/\/bestmeditrips.com\/da\/wp-json\/wp\/v2\/media?parent=298"}],"curies":[{"name":"wp","href":"https:\/\/api.w.org\/{rel}","templated":true}]}}