{"id":1105,"date":"2024-09-23T21:41:39","date_gmt":"2024-09-23T18:41:39","guid":{"rendered":"https:\/\/bestmeditrips.com\/tyrkiet\/"},"modified":"2024-09-23T21:41:39","modified_gmt":"2024-09-23T18:41:39","slug":"tyrkiet","status":"publish","type":"page","link":"https:\/\/bestmeditrips.com\/da\/tyrkiet\/","title":{"rendered":"Tyrkiet"},"content":{"rendered":"<h2>Oplev premium sundhedspleje i Tyrkiet<\/h2>\n<p>Tyrkiet er blevet en f\u00f8rende destination for sundhedsturisme og tilbyder medicinske behandlinger i verdensklasse til overkommelige priser. Uanset om du overvejer <strong>tandimplantater<\/strong>, <strong>kosmetisk kirurgi<\/strong>, <strong>ortop\u00e6diske lidelser<\/strong>, <strong>\u00f8jenbehandlinger<\/strong>, <strong>h\u00e5rtransplantation<\/strong>, <strong>kr\u00e6ftbehandling<\/strong> eller andre specialiserede behandlinger, giver Tyrkiet dig adgang til h\u00f8jt kvalificerede fagfolk og topmoderne klinikker.<\/p>\n<figure style=\"width: 1014px\" class=\"wp-caption aligncenter\"><img loading=\"lazy\" decoding=\"async\" src=\"https:\/\/bestmeditrips.com\/wp-content\/uploads\/2024\/09\/turkey-hospital.jpg\" alt=\"One of the new and modern hospitals in Istanbul. \" width=\"1024\" height=\"616\" \/><figcaption class=\"wp-caption-text\">Et moderne privathospital i den europ\u00e6iske side af Istanbul<\/figcaption><\/figure>\n<h3>Hvorfor v\u00e6lge Tyrkiet til din medicinske rejse?<\/h3>\n<p>At v\u00e6lge Tyrkiet til dine sundhedsbehandlinger giver flere fordele:<\/p>\n<ul>\n<li><strong>H\u00f8jt kvalificerede l\u00e6ger<\/strong>: Tyrkiet er hjemsted for nogle af verdens mest erfarne kirurger og specialister, hvoraf mange har modtaget international uddannelse.<\/li>\n<li><strong>Overkommelige behandlinger<\/strong>: Medicinske procedurer i Tyrkiet kan v\u00e6re op til 70 % billigere end i USA eller Europa, uden at g\u00e5 p\u00e5 kompromis med kvaliteten.<\/li>\n<li><strong>Topmoderne klinikker<\/strong>: Tyrkiske klinikker er udstyret med moderne teknologi, hvilket sikrer en h\u00f8j standard for pleje og behandling.<\/li>\n<li><strong>Bekvem rejse<\/strong>: Tyrkiets st\u00f8rste byer, s\u00e5som <strong>Istanbul<\/strong>, <strong>Antalya<\/strong> og <strong>Izmir<\/strong>, er let tilg\u00e6ngelige fra hele verden, hvilket g\u00f8r Tyrkiet til en praktisk destination for internationale patienter.<\/li>\n<\/ul>\n<figure style=\"width: 1014px\" class=\"wp-caption aligncenter\"><img loading=\"lazy\" decoding=\"async\" src=\"https:\/\/bestmeditrips.com\/wp-content\/uploads\/2024\/09\/health-tourism-istanbul-1.jpg\" alt=\"Why to prefer Turkey, Istanbul, Antalya, Izmir for dental and other medical treatments?\" width=\"1024\" height=\"455\" \/><figcaption class=\"wp-caption-text\"><em>En af tandklinikkerne i Istanbul<\/em><\/figcaption><\/figure>\n<h3>Popul\u00e6re behandlinger i Tyrkiet<\/h3>\n<ul>\n<li><em>Tandimplantater<\/em>: Tyrkiet er kendt for sine overkommelige og h\u00f8jkvalitets <strong>tandimplantat<\/strong>-tjenester, herunder <em>all-on-4<\/em> og <em>all-on-6<\/em> behandlinger.<\/li>\n<li><em>Rhinoplastik<\/em> og <em>brystforst\u00f8rrelse<\/em>: Tyrkiet tilbyder et bredt udvalg af <strong>kosmetiske kirurgiske<\/strong> indgreb udf\u00f8rt af certificerede fagfolk.<\/li>\n<li><em>H\u00e5rrestaurering<\/em>: Med klinikker, der tilbyder avancerede teknikker, er Tyrkiet blevet en f\u00f8rende destination for <strong>h\u00e5rtransplantation<\/strong> behandlinger.<\/li>\n<li><strong>Ortop\u00e6diske lidelser<\/strong>: Tyrkiet tilbyder fremragende ortop\u00e6disk pleje med specialisering i <em>ledudskiftning<\/em>, <em>menisk t\u00e5re<\/em> og minimalt invasive operationer.<\/li>\n<li><strong>\u00d8jenbehandlinger<\/strong>: Tyrkiet er ogs\u00e5 en f\u00f8rende destination for \u00f8jenpleje og tilbyder procedurer som <em>LASIK<\/em>, <em>gr\u00e5 st\u00e6r operation<\/em> og <em>hornhindetransplantation<\/em>. Med avanceret teknologi og erfarne \u00f8jenl\u00e6ger kan patienter forvente behandlinger af h\u00f8j kvalitet til konkurrencedygtige priser.<\/li>\n<li><strong>Kr\u00e6ftbehandlinger<\/strong>: Tyrkiet bliver i stigende grad et centrum for avanceret kr\u00e6ftbehandling, og tilbyder omfattende pleje til patienter med forskellige former for kr\u00e6ft. Fra banebrydende kemoterapi og str\u00e5lebehandling til innovativ immunterapi og pr\u00e6cisionsonkologi giver tyrkiske klinikker adgang til topklasse onkologer og den nyeste medicinske teknologi. Patienter kan forvente personlige behandlingsplaner til v\u00e6sentligt lavere omkostninger end i vestlige lande, uden at g\u00e5 p\u00e5 kompromis med kvaliteten.<\/li>\n<\/ul>\n<h3>De vigtigste byer for sundhedsturisme i Tyrkiet<\/h3>\n<ul>\n<li><strong>Istanbul<\/strong>: Kendt for sine topkvalitetsklinikker for <strong>tandimplantater<\/strong> og <strong>kosmetisk kirurgi<\/strong>, tiltr\u00e6kker <strong>Istanbul<\/strong> hvert \u00e5r tusindvis af internationale patienter.<\/li>\n<li><strong>Antalya<\/strong>: En kystby, der ikke kun tilbyder sundhedspleje af h\u00f8j kvalitet, men ogs\u00e5 et afslappende milj\u00f8 til restitution, is\u00e6r efter kosmetiske behandlinger.<\/li>\n<li><strong>Izmir<\/strong>: En n\u00f8gleby for tandpleje og behandling af <strong>ortop\u00e6diske lidelser<\/strong>, <strong>Izmir<\/strong> bliver et voksende centrum for sundhedsturisme.<\/li>\n<\/ul>\n<h3>F\u00e5 den bedste behandling til de bedste priser<\/h3>\n<p>Ved at v\u00e6lge Tyrkiet f\u00e5r du ikke kun sundhedspleje af h\u00f8j kvalitet, men du sparer ogs\u00e5 betydeligt p\u00e5 medicinske omkostninger. Mange klinikker tilbyder alt-inkluderet pakker, der d\u00e6kker behandling, indkvartering og transport, hvilket sikrer en problemfri oplevelse for internationale patienter.<\/p>\n<h3>Begynd at planl\u00e6gge din medicinske rejse til Tyrkiet<\/h3>\n<p>Er du klar til at udforske sundhedspleje-muligheder i Tyrkiet? Kontakt vores team for at f\u00e5 personlige r\u00e5d og anbefalinger om de bedste klinikker og behandlinger. Lad os hj\u00e6lpe dig med at tr\u00e6ffe informerede beslutninger og sikre sundhedsydelser i topklasse til overkommelige priser.<\/p>\n<p><span style=\"text-decoration: underline;\"><strong>KONTAKT OS<\/strong><\/span><\/p>\n<style id=\"wpforms-css-vars-673\">\n\t\t\t\t#wpforms-673 {\n\t\t\t\t\n\t\t\t}\n\t\t\t<\/style><div class=\"wpforms-container wpforms-container-full wpforms-render-modern\" id=\"wpforms-673\"><form id=\"wpforms-form-673\" class=\"wpforms-validate wpforms-form wpforms-ajax-form\" data-formid=\"673\" method=\"post\" enctype=\"multipart\/form-data\" action=\"\/da\/wp-json\/wp\/v2\/pages\/1105\" data-token=\"3afdf7b15cb95e56096648baafd6df2b\" data-token-time=\"1776389978\"><noscript class=\"wpforms-error-noscript\">Please enable JavaScript in your browser to complete this form.<\/noscript><div id=\"wpforms-error-noscript\" style=\"display: none;\">Please enable JavaScript in your browser to complete this form.<\/div><div class=\"wpforms-field-container\">\t\t<div id=\"wpforms-673-field_4-container\"\n\t\t\tclass=\"wpforms-field wpforms-field-text\"\n\t\t\tdata-field-type=\"text\"\n\t\t\tdata-field-id=\"4\"\n\t\t\t>\n\t\t\t<label class=\"wpforms-field-label\" for=\"wpforms-673-field_4\" >besked Din mobiltelefon<\/label>\n\t\t\t<input type=\"text\" id=\"wpforms-673-field_4\" class=\"wpforms-field-medium\" name=\"wpforms[fields][4]\" >\n\t\t<\/div>\n\t\t<div id=\"wpforms-673-field_1-container\" class=\"wpforms-field wpforms-field-name\" data-field-id=\"1\"><fieldset><legend class=\"wpforms-field-label\">Navn og efternavn <span class=\"wpforms-required-label\" aria-hidden=\"true\">*<\/span><\/legend><div class=\"wpforms-field-row wpforms-field-medium\"><div class=\"wpforms-field-row-block wpforms-first wpforms-one-half\"><input type=\"text\" id=\"wpforms-673-field_1\" class=\"wpforms-field-name-first wpforms-field-required\" name=\"wpforms[fields][1][first]\" aria-errormessage=\"wpforms-673-field_1-error\" required><label for=\"wpforms-673-field_1\" class=\"wpforms-field-sublabel after\">First<\/label><\/div><div class=\"wpforms-field-row-block wpforms-one-half\"><input type=\"text\" id=\"wpforms-673-field_1-last\" class=\"wpforms-field-name-last wpforms-field-required\" name=\"wpforms[fields][1][last]\" aria-errormessage=\"wpforms-673-field_1-last-error\" required><label for=\"wpforms-673-field_1-last\" class=\"wpforms-field-sublabel after\">Last<\/label><\/div><\/div><\/fieldset><\/div><div id=\"wpforms-673-field_2-container\" class=\"wpforms-field wpforms-field-email\" data-field-id=\"2\"><label class=\"wpforms-field-label\" for=\"wpforms-673-field_2\">E-mail og mobiltelefon <span class=\"wpforms-required-label\" aria-hidden=\"true\">*<\/span><\/label><input type=\"email\" id=\"wpforms-673-field_2\" class=\"wpforms-field-medium wpforms-field-required\" name=\"wpforms[fields][2]\" spellcheck=\"false\" aria-errormessage=\"wpforms-673-field_2-error\" required><\/div><div id=\"wpforms-673-field_3-container\" class=\"wpforms-field wpforms-field-textarea\" data-field-id=\"3\"><label class=\"wpforms-field-label\" for=\"wpforms-673-field_3\">Din besked<\/label><textarea id=\"wpforms-673-field_3\" class=\"wpforms-field-medium\" name=\"wpforms[fields][3]\" aria-errormessage=\"wpforms-673-field_3-error\" ><\/textarea><\/div><script>\n\t\t\t\t( function() {\n\t\t\t\t\tconst style = document.createElement( 'style' );\n\t\t\t\t\tstyle.appendChild( document.createTextNode( '#wpforms-673-field_4-container { position: absolute !important; overflow: hidden !important; display: inline !important; height: 1px !important; width: 1px !important; z-index: -1000 !important; padding: 0 !important; } #wpforms-673-field_4-container input { visibility: hidden; } #wpforms-conversational-form-page #wpforms-673-field_4-container label { counter-increment: none; }' ) );\n\t\t\t\t\tdocument.head.appendChild( style );\n\t\t\t\t\tdocument.currentScript?.remove();\n\t\t\t\t} )();\n\t\t\t<\/script><\/div><!-- .wpforms-field-container --><div class=\"wpforms-submit-container\" ><input type=\"hidden\" name=\"wpforms[id]\" value=\"673\"><input type=\"hidden\" name=\"page_title\" value=\"\"><input type=\"hidden\" name=\"page_url\" value=\"https:\/\/bestmeditrips.com\/da\/wp-json\/wp\/v2\/pages\/1105\"><input type=\"hidden\" name=\"url_referer\" value=\"\"><button type=\"submit\" name=\"wpforms[submit]\" id=\"wpforms-submit-673\" class=\"wpforms-submit\" data-alt-text=\"Sending...\" data-submit-text=\"Send\" aria-live=\"assertive\" value=\"wpforms-submit\">Send<\/button><img loading=\"lazy\" decoding=\"async\" src=\"https:\/\/bestmeditrips.com\/wp-content\/plugins\/wpforms-lite\/assets\/images\/submit-spin.svg\" class=\"wpforms-submit-spinner\" style=\"display: none;\" width=\"26\" height=\"26\" alt=\"Loading\"><\/div><\/form><\/div>  <!-- .wpforms-container -->\n","protected":false},"excerpt":{"rendered":"<p>Oplev premium sundhedspleje i Tyrkiet Tyrkiet er blevet en f\u00f8rende destination for sundhedsturisme og tilbyder medicinske behandlinger i verdensklasse til overkommelige priser. Uanset om du overvejer tandimplantater, kosmetisk kirurgi, ortop\u00e6diske lidelser, \u00f8jenbehandlinger, h\u00e5rtransplantation, kr\u00e6ftbehandling eller andre specialiserede behandlinger, giver Tyrkiet dig adgang til h\u00f8jt kvalificerede fagfolk og topmoderne klinikker. Hvorfor v\u00e6lge Tyrkiet til din medicinske &#8230; <a title=\"Tyrkiet\" class=\"read-more\" href=\"https:\/\/bestmeditrips.com\/da\/tyrkiet\/\" aria-label=\"Read more about Tyrkiet\">L\u00e6s Mere<\/a><\/p>\n","protected":false},"author":1,"featured_media":906,"parent":0,"menu_order":0,"comment_status":"closed","ping_status":"closed","template":"","meta":{"footnotes":""},"class_list":["post-1105","page","type-page","status-publish","has-post-thumbnail"],"yoast_head":"<!-- This site is optimized with the Yoast SEO plugin v27.4 - https:\/\/yoast.com\/product\/yoast-seo-wordpress\/ -->\n<title>Medicinsk Turisme i Tyrkiet: Overkommelige Behandlinger, Premium Klinikker<\/title>\n<meta name=\"description\" content=\"Oplev sundhedsydelser i verdensklasse i Tyrkiet. Overkommelige priser og ekspertpleje fra f\u00f8rende l\u00e6ger i Istanbul, Antalya, Izmir...\" \/>\n<meta name=\"robots\" content=\"index, follow, max-snippet:-1, max-image-preview:large, max-video-preview:-1\" \/>\n<link rel=\"canonical\" href=\"https:\/\/bestmeditrips.com\/da\/tyrkiet\/\" \/>\n<meta property=\"og:locale\" content=\"da_DK\" \/>\n<meta property=\"og:type\" content=\"article\" \/>\n<meta property=\"og:title\" content=\"Medicinsk Turisme i Tyrkiet: Overkommelige Behandlinger, Premium Klinikker\" \/>\n<meta property=\"og:description\" content=\"Oplev sundhedsydelser i verdensklasse i Tyrkiet. Overkommelige priser og ekspertpleje fra f\u00f8rende l\u00e6ger i Istanbul, Antalya, Izmir...\" \/>\n<meta property=\"og:url\" content=\"https:\/\/bestmeditrips.com\/da\/tyrkiet\/\" \/>\n<meta property=\"og:site_name\" content=\"Bestmeditrips.com\" \/>\n<meta property=\"article:publisher\" content=\"https:\/\/www.facebook.com\/profile.php?id=61565479139599\" \/>\n<meta property=\"og:image\" content=\"https:\/\/bestmeditrips.com\/wp-content\/uploads\/2024\/09\/turkey-e1727124656345.jpg\" \/>\n\t<meta property=\"og:image:width\" content=\"1350\" \/>\n\t<meta property=\"og:image:height\" content=\"360\" \/>\n\t<meta property=\"og:image:type\" content=\"image\/jpeg\" \/>\n<meta name=\"twitter:card\" content=\"summary_large_image\" \/>\n<meta name=\"twitter:label1\" content=\"Estimeret l\u00e6setid\" \/>\n\t<meta name=\"twitter:data1\" content=\"3 minutter\" \/>\n<script type=\"application\/ld+json\" class=\"yoast-schema-graph\">{\"@context\":\"https:\\\/\\\/schema.org\",\"@graph\":[{\"@type\":\"WebPage\",\"@id\":\"https:\\\/\\\/bestmeditrips.com\\\/da\\\/tyrkiet\\\/\",\"url\":\"https:\\\/\\\/bestmeditrips.com\\\/da\\\/tyrkiet\\\/\",\"name\":\"Medicinsk Turisme i Tyrkiet: Overkommelige Behandlinger, Premium Klinikker\",\"isPartOf\":{\"@id\":\"https:\\\/\\\/bestmeditrips.com\\\/da\\\/#website\"},\"primaryImageOfPage\":{\"@id\":\"https:\\\/\\\/bestmeditrips.com\\\/da\\\/tyrkiet\\\/#primaryimage\"},\"image\":{\"@id\":\"https:\\\/\\\/bestmeditrips.com\\\/da\\\/tyrkiet\\\/#primaryimage\"},\"thumbnailUrl\":\"https:\\\/\\\/bestmeditrips.com\\\/wp-content\\\/uploads\\\/2024\\\/09\\\/turkey-e1727124656345.jpg\",\"datePublished\":\"2024-09-23T18:41:39+00:00\",\"description\":\"Oplev sundhedsydelser i verdensklasse i Tyrkiet. Overkommelige priser og ekspertpleje fra f\u00f8rende l\u00e6ger i Istanbul, Antalya, Izmir...\",\"breadcrumb\":{\"@id\":\"https:\\\/\\\/bestmeditrips.com\\\/da\\\/tyrkiet\\\/#breadcrumb\"},\"inLanguage\":\"da-DK\",\"potentialAction\":[{\"@type\":\"ReadAction\",\"target\":[\"https:\\\/\\\/bestmeditrips.com\\\/da\\\/tyrkiet\\\/\"]}]},{\"@type\":\"ImageObject\",\"inLanguage\":\"da-DK\",\"@id\":\"https:\\\/\\\/bestmeditrips.com\\\/da\\\/tyrkiet\\\/#primaryimage\",\"url\":\"https:\\\/\\\/bestmeditrips.com\\\/wp-content\\\/uploads\\\/2024\\\/09\\\/turkey-e1727124656345.jpg\",\"contentUrl\":\"https:\\\/\\\/bestmeditrips.com\\\/wp-content\\\/uploads\\\/2024\\\/09\\\/turkey-e1727124656345.jpg\",\"width\":1350,\"height\":360,\"caption\":\"Tyrkiet; sundhedspleje i topklasse, hovedstaden for medicinsk\\\/sundhedsturisme.\"},{\"@type\":\"BreadcrumbList\",\"@id\":\"https:\\\/\\\/bestmeditrips.com\\\/da\\\/tyrkiet\\\/#breadcrumb\",\"itemListElement\":[{\"@type\":\"ListItem\",\"position\":1,\"name\":\"Home\",\"item\":\"https:\\\/\\\/bestmeditrips.com\\\/da\\\/\"},{\"@type\":\"ListItem\",\"position\":2,\"name\":\"Tyrkiet\"}]},{\"@type\":\"WebSite\",\"@id\":\"https:\\\/\\\/bestmeditrips.com\\\/da\\\/#website\",\"url\":\"https:\\\/\\\/bestmeditrips.com\\\/da\\\/\",\"name\":\"Bestmeditrips.com\",\"description\":\"Medicinsk turisme, bedste behandlinger, klinikker, l\u00e6ger og tandl\u00e6ger!\",\"publisher\":{\"@id\":\"https:\\\/\\\/bestmeditrips.com\\\/da\\\/#organization\"},\"potentialAction\":[{\"@type\":\"SearchAction\",\"target\":{\"@type\":\"EntryPoint\",\"urlTemplate\":\"https:\\\/\\\/bestmeditrips.com\\\/da\\\/?s={search_term_string}\"},\"query-input\":{\"@type\":\"PropertyValueSpecification\",\"valueRequired\":true,\"valueName\":\"search_term_string\"}}],\"inLanguage\":\"da-DK\"},{\"@type\":\"Organization\",\"@id\":\"https:\\\/\\\/bestmeditrips.com\\\/da\\\/#organization\",\"name\":\"Bestmeditrips.com\",\"url\":\"https:\\\/\\\/bestmeditrips.com\\\/da\\\/\",\"logo\":{\"@type\":\"ImageObject\",\"inLanguage\":\"da-DK\",\"@id\":\"https:\\\/\\\/bestmeditrips.com\\\/da\\\/#\\\/schema\\\/logo\\\/image\\\/\",\"url\":\"https:\\\/\\\/bestmeditrips.com\\\/wp-content\\\/uploads\\\/2024\\\/09\\\/logo-2.png\",\"contentUrl\":\"https:\\\/\\\/bestmeditrips.com\\\/wp-content\\\/uploads\\\/2024\\\/09\\\/logo-2.png\",\"width\":500,\"height\":98,\"caption\":\"Bestmeditrips.com\"},\"image\":{\"@id\":\"https:\\\/\\\/bestmeditrips.com\\\/da\\\/#\\\/schema\\\/logo\\\/image\\\/\"},\"sameAs\":[\"https:\\\/\\\/www.facebook.com\\\/profile.php?id=61565479139599\"]}]}<\/script>\n<!-- \/ Yoast SEO plugin. -->","yoast_head_json":{"title":"Medicinsk Turisme i Tyrkiet: Overkommelige Behandlinger, Premium Klinikker","description":"Oplev sundhedsydelser i verdensklasse i Tyrkiet. Overkommelige priser og ekspertpleje fra f\u00f8rende l\u00e6ger i Istanbul, Antalya, Izmir...","robots":{"index":"index","follow":"follow","max-snippet":"max-snippet:-1","max-image-preview":"max-image-preview:large","max-video-preview":"max-video-preview:-1"},"canonical":"https:\/\/bestmeditrips.com\/da\/tyrkiet\/","og_locale":"da_DK","og_type":"article","og_title":"Medicinsk Turisme i Tyrkiet: Overkommelige Behandlinger, Premium Klinikker","og_description":"Oplev sundhedsydelser i verdensklasse i Tyrkiet. Overkommelige priser og ekspertpleje fra f\u00f8rende l\u00e6ger i Istanbul, Antalya, Izmir...","og_url":"https:\/\/bestmeditrips.com\/da\/tyrkiet\/","og_site_name":"Bestmeditrips.com","article_publisher":"https:\/\/www.facebook.com\/profile.php?id=61565479139599","og_image":[{"width":1350,"height":360,"url":"https:\/\/bestmeditrips.com\/wp-content\/uploads\/2024\/09\/turkey-e1727124656345.jpg","type":"image\/jpeg"}],"twitter_card":"summary_large_image","twitter_misc":{"Estimeret l\u00e6setid":"3 minutter"},"schema":{"@context":"https:\/\/schema.org","@graph":[{"@type":"WebPage","@id":"https:\/\/bestmeditrips.com\/da\/tyrkiet\/","url":"https:\/\/bestmeditrips.com\/da\/tyrkiet\/","name":"Medicinsk Turisme i Tyrkiet: Overkommelige Behandlinger, Premium Klinikker","isPartOf":{"@id":"https:\/\/bestmeditrips.com\/da\/#website"},"primaryImageOfPage":{"@id":"https:\/\/bestmeditrips.com\/da\/tyrkiet\/#primaryimage"},"image":{"@id":"https:\/\/bestmeditrips.com\/da\/tyrkiet\/#primaryimage"},"thumbnailUrl":"https:\/\/bestmeditrips.com\/wp-content\/uploads\/2024\/09\/turkey-e1727124656345.jpg","datePublished":"2024-09-23T18:41:39+00:00","description":"Oplev sundhedsydelser i verdensklasse i Tyrkiet. Overkommelige priser og ekspertpleje fra f\u00f8rende l\u00e6ger i Istanbul, Antalya, Izmir...","breadcrumb":{"@id":"https:\/\/bestmeditrips.com\/da\/tyrkiet\/#breadcrumb"},"inLanguage":"da-DK","potentialAction":[{"@type":"ReadAction","target":["https:\/\/bestmeditrips.com\/da\/tyrkiet\/"]}]},{"@type":"ImageObject","inLanguage":"da-DK","@id":"https:\/\/bestmeditrips.com\/da\/tyrkiet\/#primaryimage","url":"https:\/\/bestmeditrips.com\/wp-content\/uploads\/2024\/09\/turkey-e1727124656345.jpg","contentUrl":"https:\/\/bestmeditrips.com\/wp-content\/uploads\/2024\/09\/turkey-e1727124656345.jpg","width":1350,"height":360,"caption":"Tyrkiet; sundhedspleje i topklasse, hovedstaden for medicinsk\/sundhedsturisme."},{"@type":"BreadcrumbList","@id":"https:\/\/bestmeditrips.com\/da\/tyrkiet\/#breadcrumb","itemListElement":[{"@type":"ListItem","position":1,"name":"Home","item":"https:\/\/bestmeditrips.com\/da\/"},{"@type":"ListItem","position":2,"name":"Tyrkiet"}]},{"@type":"WebSite","@id":"https:\/\/bestmeditrips.com\/da\/#website","url":"https:\/\/bestmeditrips.com\/da\/","name":"Bestmeditrips.com","description":"Medicinsk turisme, bedste behandlinger, klinikker, l\u00e6ger og tandl\u00e6ger!","publisher":{"@id":"https:\/\/bestmeditrips.com\/da\/#organization"},"potentialAction":[{"@type":"SearchAction","target":{"@type":"EntryPoint","urlTemplate":"https:\/\/bestmeditrips.com\/da\/?s={search_term_string}"},"query-input":{"@type":"PropertyValueSpecification","valueRequired":true,"valueName":"search_term_string"}}],"inLanguage":"da-DK"},{"@type":"Organization","@id":"https:\/\/bestmeditrips.com\/da\/#organization","name":"Bestmeditrips.com","url":"https:\/\/bestmeditrips.com\/da\/","logo":{"@type":"ImageObject","inLanguage":"da-DK","@id":"https:\/\/bestmeditrips.com\/da\/#\/schema\/logo\/image\/","url":"https:\/\/bestmeditrips.com\/wp-content\/uploads\/2024\/09\/logo-2.png","contentUrl":"https:\/\/bestmeditrips.com\/wp-content\/uploads\/2024\/09\/logo-2.png","width":500,"height":98,"caption":"Bestmeditrips.com"},"image":{"@id":"https:\/\/bestmeditrips.com\/da\/#\/schema\/logo\/image\/"},"sameAs":["https:\/\/www.facebook.com\/profile.php?id=61565479139599"]}]}},"_links":{"self":[{"href":"https:\/\/bestmeditrips.com\/da\/wp-json\/wp\/v2\/pages\/1105","targetHints":{"allow":["GET"]}}],"collection":[{"href":"https:\/\/bestmeditrips.com\/da\/wp-json\/wp\/v2\/pages"}],"about":[{"href":"https:\/\/bestmeditrips.com\/da\/wp-json\/wp\/v2\/types\/page"}],"author":[{"embeddable":true,"href":"https:\/\/bestmeditrips.com\/da\/wp-json\/wp\/v2\/users\/1"}],"replies":[{"embeddable":true,"href":"https:\/\/bestmeditrips.com\/da\/wp-json\/wp\/v2\/comments?post=1105"}],"version-history":[{"count":0,"href":"https:\/\/bestmeditrips.com\/da\/wp-json\/wp\/v2\/pages\/1105\/revisions"}],"wp:featuredmedia":[{"embeddable":true,"href":"https:\/\/bestmeditrips.com\/da\/wp-json\/wp\/v2\/media\/906"}],"wp:attachment":[{"href":"https:\/\/bestmeditrips.com\/da\/wp-json\/wp\/v2\/media?parent=1105"}],"curies":[{"name":"wp","href":"https:\/\/api.w.org\/{rel}","templated":true}]}}