{"id":595,"date":"2024-09-02T20:02:05","date_gmt":"2024-09-02T17:02:05","guid":{"rendered":"https:\/\/bestmeditrips.com\/clanky\/"},"modified":"2024-09-02T20:02:05","modified_gmt":"2024-09-02T17:02:05","slug":"clanky","status":"publish","type":"page","link":"https:\/\/bestmeditrips.com\/cs\/clanky\/","title":{"rendered":"\u010cl\u00e1nky"},"content":{"rendered":"<h2>Blog L\u00e9ka\u0159sk\u00e9 Turistiky | Nejnov\u011bj\u0161\u00ed \u010cl\u00e1nky a Pohledy<\/h2>\n<p>Objevte nejnov\u011bj\u0161\u00ed trendy, rady odborn\u00edk\u016f a pou\u010dn\u00e9 \u010dl\u00e1nky o zdravotn\u00edm turismu. N\u00e1\u0161 blog pokr\u00fdv\u00e1 v\u0161e od nejlep\u0161\u00edch mo\u017enost\u00ed l\u00e9\u010dby a tip\u016f na cestov\u00e1n\u00ed a\u017e po pr\u016fvodce destinacemi a p\u0159\u00edb\u011bhy pacient\u016f. Z\u016fsta\u0148te informov\u00e1ni d\u00edky hodnotn\u00e9mu obsahu navr\u017een\u00e9mu pro zlep\u0161en\u00ed va\u0161\u00ed cesty za zdravotn\u00edm turismem.<\/p>\n","protected":false},"excerpt":{"rendered":"<p>Blog L\u00e9ka\u0159sk\u00e9 Turistiky | Nejnov\u011bj\u0161\u00ed \u010cl\u00e1nky a Pohledy Objevte nejnov\u011bj\u0161\u00ed trendy, rady odborn\u00edk\u016f a pou\u010dn\u00e9 \u010dl\u00e1nky o zdravotn\u00edm turismu. N\u00e1\u0161 blog pokr\u00fdv\u00e1 v\u0161e od nejlep\u0161\u00edch mo\u017enost\u00ed l\u00e9\u010dby a tip\u016f na cestov\u00e1n\u00ed a\u017e po pr\u016fvodce destinacemi a p\u0159\u00edb\u011bhy pacient\u016f. Z\u016fsta\u0148te informov\u00e1ni d\u00edky hodnotn\u00e9mu obsahu navr\u017een\u00e9mu pro zlep\u0161en\u00ed va\u0161\u00ed cesty za zdravotn\u00edm turismem.<\/p>\n","protected":false},"author":1,"featured_media":0,"parent":0,"menu_order":0,"comment_status":"closed","ping_status":"closed","template":"","meta":{"footnotes":""},"class_list":["post-595","page","type-page","status-publish"],"yoast_head":"<!-- This site is optimized with the Yoast SEO plugin v27.4 - https:\/\/yoast.com\/product\/yoast-seo-wordpress\/ -->\n<title>Blog L\u00e9ka\u0159sk\u00e9 Turistiky | \u010cl\u00e1nky a Pohledy | bestmeditrips.com<\/title>\n<meta name=\"description\" content=\"Prozkoumejte informace o zdravotn\u00edm turismu, nejnov\u011bj\u0161\u00ed \u010dl\u00e1nky, pohledy a aktualizace o l\u00e9\u010db\u00e1ch, destinac\u00edch a trendech.\" \/>\n<meta name=\"robots\" content=\"index, follow, max-snippet:-1, max-image-preview:large, max-video-preview:-1\" \/>\n<link rel=\"canonical\" href=\"https:\/\/bestmeditrips.com\/cs\/clanky\/\" \/>\n<meta property=\"og:locale\" content=\"cs_CZ\" \/>\n<meta property=\"og:type\" content=\"article\" \/>\n<meta property=\"og:title\" content=\"Blog L\u00e9ka\u0159sk\u00e9 Turistiky | \u010cl\u00e1nky a Pohledy | bestmeditrips.com\" \/>\n<meta property=\"og:description\" content=\"Prozkoumejte informace o zdravotn\u00edm turismu, nejnov\u011bj\u0161\u00ed \u010dl\u00e1nky, pohledy a aktualizace o l\u00e9\u010db\u00e1ch, destinac\u00edch a trendech.\" \/>\n<meta property=\"og:url\" content=\"https:\/\/bestmeditrips.com\/cs\/clanky\/\" \/>\n<meta property=\"og:site_name\" content=\"Bestmeditrips.com\" \/>\n<meta property=\"article:publisher\" content=\"https:\/\/www.facebook.com\/profile.php?id=61565479139599\" \/>\n<meta property=\"og:image\" content=\"https:\/\/bestmeditrips.com\/wp-content\/uploads\/2024\/09\/health-tourism.jpg\" \/>\n\t<meta property=\"og:image:width\" content=\"1024\" \/>\n\t<meta property=\"og:image:height\" content=\"683\" \/>\n\t<meta property=\"og:image:type\" content=\"image\/jpeg\" \/>\n<meta name=\"twitter:card\" content=\"summary_large_image\" \/>\n<script type=\"application\/ld+json\" class=\"yoast-schema-graph\">{\"@context\":\"https:\\\/\\\/schema.org\",\"@graph\":[{\"@type\":\"WebPage\",\"@id\":\"https:\\\/\\\/bestmeditrips.com\\\/cs\\\/clanky\\\/\",\"url\":\"https:\\\/\\\/bestmeditrips.com\\\/cs\\\/clanky\\\/\",\"name\":\"Blog L\u00e9ka\u0159sk\u00e9 Turistiky | \u010cl\u00e1nky a Pohledy | bestmeditrips.com\",\"isPartOf\":{\"@id\":\"https:\\\/\\\/bestmeditrips.com\\\/cs\\\/#website\"},\"datePublished\":\"2024-09-02T17:02:05+00:00\",\"description\":\"Prozkoumejte informace o zdravotn\u00edm turismu, nejnov\u011bj\u0161\u00ed \u010dl\u00e1nky, pohledy a aktualizace o l\u00e9\u010db\u00e1ch, destinac\u00edch a trendech.\",\"breadcrumb\":{\"@id\":\"https:\\\/\\\/bestmeditrips.com\\\/cs\\\/clanky\\\/#breadcrumb\"},\"inLanguage\":\"cs\",\"potentialAction\":[{\"@type\":\"ReadAction\",\"target\":[\"https:\\\/\\\/bestmeditrips.com\\\/cs\\\/clanky\\\/\"]}]},{\"@type\":\"BreadcrumbList\",\"@id\":\"https:\\\/\\\/bestmeditrips.com\\\/cs\\\/clanky\\\/#breadcrumb\",\"itemListElement\":[{\"@type\":\"ListItem\",\"position\":1,\"name\":\"Home\",\"item\":\"https:\\\/\\\/bestmeditrips.com\\\/cs\\\/\"},{\"@type\":\"ListItem\",\"position\":2,\"name\":\"\u010cl\u00e1nky\"}]},{\"@type\":\"WebSite\",\"@id\":\"https:\\\/\\\/bestmeditrips.com\\\/cs\\\/#website\",\"url\":\"https:\\\/\\\/bestmeditrips.com\\\/cs\\\/\",\"name\":\"Bestmeditrips.com\",\"description\":\"Zdravotn\u00ed turistika, nejlep\u0161\u00ed o\u0161et\u0159en\u00ed, kliniky, l\u00e9ka\u0159i a zuba\u0159i!\",\"publisher\":{\"@id\":\"https:\\\/\\\/bestmeditrips.com\\\/cs\\\/#organization\"},\"potentialAction\":[{\"@type\":\"SearchAction\",\"target\":{\"@type\":\"EntryPoint\",\"urlTemplate\":\"https:\\\/\\\/bestmeditrips.com\\\/cs\\\/?s={search_term_string}\"},\"query-input\":{\"@type\":\"PropertyValueSpecification\",\"valueRequired\":true,\"valueName\":\"search_term_string\"}}],\"inLanguage\":\"cs\"},{\"@type\":\"Organization\",\"@id\":\"https:\\\/\\\/bestmeditrips.com\\\/cs\\\/#organization\",\"name\":\"Bestmeditrips.com\",\"url\":\"https:\\\/\\\/bestmeditrips.com\\\/cs\\\/\",\"logo\":{\"@type\":\"ImageObject\",\"inLanguage\":\"cs\",\"@id\":\"https:\\\/\\\/bestmeditrips.com\\\/cs\\\/#\\\/schema\\\/logo\\\/image\\\/\",\"url\":\"https:\\\/\\\/bestmeditrips.com\\\/wp-content\\\/uploads\\\/2024\\\/09\\\/logo-2.png\",\"contentUrl\":\"https:\\\/\\\/bestmeditrips.com\\\/wp-content\\\/uploads\\\/2024\\\/09\\\/logo-2.png\",\"width\":500,\"height\":98,\"caption\":\"Bestmeditrips.com\"},\"image\":{\"@id\":\"https:\\\/\\\/bestmeditrips.com\\\/cs\\\/#\\\/schema\\\/logo\\\/image\\\/\"},\"sameAs\":[\"https:\\\/\\\/www.facebook.com\\\/profile.php?id=61565479139599\"]}]}<\/script>\n<!-- \/ Yoast SEO plugin. -->","yoast_head_json":{"title":"Blog L\u00e9ka\u0159sk\u00e9 Turistiky | \u010cl\u00e1nky a Pohledy | bestmeditrips.com","description":"Prozkoumejte informace o zdravotn\u00edm turismu, nejnov\u011bj\u0161\u00ed \u010dl\u00e1nky, pohledy a aktualizace o l\u00e9\u010db\u00e1ch, destinac\u00edch a trendech.","robots":{"index":"index","follow":"follow","max-snippet":"max-snippet:-1","max-image-preview":"max-image-preview:large","max-video-preview":"max-video-preview:-1"},"canonical":"https:\/\/bestmeditrips.com\/cs\/clanky\/","og_locale":"cs_CZ","og_type":"article","og_title":"Blog L\u00e9ka\u0159sk\u00e9 Turistiky | \u010cl\u00e1nky a Pohledy | bestmeditrips.com","og_description":"Prozkoumejte informace o zdravotn\u00edm turismu, nejnov\u011bj\u0161\u00ed \u010dl\u00e1nky, pohledy a aktualizace o l\u00e9\u010db\u00e1ch, destinac\u00edch a trendech.","og_url":"https:\/\/bestmeditrips.com\/cs\/clanky\/","og_site_name":"Bestmeditrips.com","article_publisher":"https:\/\/www.facebook.com\/profile.php?id=61565479139599","og_image":[{"width":1024,"height":683,"url":"https:\/\/bestmeditrips.com\/wp-content\/uploads\/2024\/09\/health-tourism.jpg","type":"image\/jpeg"}],"twitter_card":"summary_large_image","schema":{"@context":"https:\/\/schema.org","@graph":[{"@type":"WebPage","@id":"https:\/\/bestmeditrips.com\/cs\/clanky\/","url":"https:\/\/bestmeditrips.com\/cs\/clanky\/","name":"Blog L\u00e9ka\u0159sk\u00e9 Turistiky | \u010cl\u00e1nky a Pohledy | bestmeditrips.com","isPartOf":{"@id":"https:\/\/bestmeditrips.com\/cs\/#website"},"datePublished":"2024-09-02T17:02:05+00:00","description":"Prozkoumejte informace o zdravotn\u00edm turismu, nejnov\u011bj\u0161\u00ed \u010dl\u00e1nky, pohledy a aktualizace o l\u00e9\u010db\u00e1ch, destinac\u00edch a trendech.","breadcrumb":{"@id":"https:\/\/bestmeditrips.com\/cs\/clanky\/#breadcrumb"},"inLanguage":"cs","potentialAction":[{"@type":"ReadAction","target":["https:\/\/bestmeditrips.com\/cs\/clanky\/"]}]},{"@type":"BreadcrumbList","@id":"https:\/\/bestmeditrips.com\/cs\/clanky\/#breadcrumb","itemListElement":[{"@type":"ListItem","position":1,"name":"Home","item":"https:\/\/bestmeditrips.com\/cs\/"},{"@type":"ListItem","position":2,"name":"\u010cl\u00e1nky"}]},{"@type":"WebSite","@id":"https:\/\/bestmeditrips.com\/cs\/#website","url":"https:\/\/bestmeditrips.com\/cs\/","name":"Bestmeditrips.com","description":"Zdravotn\u00ed turistika, nejlep\u0161\u00ed o\u0161et\u0159en\u00ed, kliniky, l\u00e9ka\u0159i a zuba\u0159i!","publisher":{"@id":"https:\/\/bestmeditrips.com\/cs\/#organization"},"potentialAction":[{"@type":"SearchAction","target":{"@type":"EntryPoint","urlTemplate":"https:\/\/bestmeditrips.com\/cs\/?s={search_term_string}"},"query-input":{"@type":"PropertyValueSpecification","valueRequired":true,"valueName":"search_term_string"}}],"inLanguage":"cs"},{"@type":"Organization","@id":"https:\/\/bestmeditrips.com\/cs\/#organization","name":"Bestmeditrips.com","url":"https:\/\/bestmeditrips.com\/cs\/","logo":{"@type":"ImageObject","inLanguage":"cs","@id":"https:\/\/bestmeditrips.com\/cs\/#\/schema\/logo\/image\/","url":"https:\/\/bestmeditrips.com\/wp-content\/uploads\/2024\/09\/logo-2.png","contentUrl":"https:\/\/bestmeditrips.com\/wp-content\/uploads\/2024\/09\/logo-2.png","width":500,"height":98,"caption":"Bestmeditrips.com"},"image":{"@id":"https:\/\/bestmeditrips.com\/cs\/#\/schema\/logo\/image\/"},"sameAs":["https:\/\/www.facebook.com\/profile.php?id=61565479139599"]}]}},"_links":{"self":[{"href":"https:\/\/bestmeditrips.com\/cs\/wp-json\/wp\/v2\/pages\/595","targetHints":{"allow":["GET"]}}],"collection":[{"href":"https:\/\/bestmeditrips.com\/cs\/wp-json\/wp\/v2\/pages"}],"about":[{"href":"https:\/\/bestmeditrips.com\/cs\/wp-json\/wp\/v2\/types\/page"}],"author":[{"embeddable":true,"href":"https:\/\/bestmeditrips.com\/cs\/wp-json\/wp\/v2\/users\/1"}],"replies":[{"embeddable":true,"href":"https:\/\/bestmeditrips.com\/cs\/wp-json\/wp\/v2\/comments?post=595"}],"version-history":[{"count":0,"href":"https:\/\/bestmeditrips.com\/cs\/wp-json\/wp\/v2\/pages\/595\/revisions"}],"wp:attachment":[{"href":"https:\/\/bestmeditrips.com\/cs\/wp-json\/wp\/v2\/media?parent=595"}],"curies":[{"name":"wp","href":"https:\/\/api.w.org\/{rel}","templated":true}]}}