{"id":418,"date":"2024-09-01T20:00:15","date_gmt":"2024-09-01T17:00:15","guid":{"rendered":"https:\/\/bestmeditrips.com\/zasady-ochrany-osobnich-udaju\/"},"modified":"2024-09-04T13:50:45","modified_gmt":"2024-09-04T10:50:45","slug":"zasady-ochrany-osobnich-udaju","status":"publish","type":"page","link":"https:\/\/bestmeditrips.com\/cs\/zasady-ochrany-osobnich-udaju\/","title":{"rendered":"Ochrana Soukrom\u00ed"},"content":{"rendered":"<p><strong>Z\u00e1sady ochrany osobn\u00edch \u00fadaj\u016f<\/strong><\/p>\n<p>D\u011bkujeme, \u017ee jste nav\u0161t\u00edvili <em>BestMediTrips.com<\/em>. Va\u0161e soukrom\u00ed je pro n\u00e1s d\u016fle\u017eit\u00e9. Tyto <strong>Z\u00e1sady ochrany osobn\u00edch \u00fadaj\u016f<\/strong> vysv\u011btluj\u00ed, jak shroma\u017e\u010fujeme, pou\u017e\u00edv\u00e1me, zve\u0159ej\u0148ujeme a chr\u00e1n\u00edme va\u0161e informace, kdy\u017e nav\u0161t\u00edv\u00edte na\u0161e webov\u00e9 str\u00e1nky. P\u0159e\u010dt\u011bte si pros\u00edm tyto z\u00e1sady ochrany osobn\u00edch \u00fadaj\u016f pozorn\u011b. Pokud nesouhlas\u00edte s podm\u00ednkami t\u011bchto z\u00e1sad ochrany osobn\u00edch \u00fadaj\u016f, pros\u00edm, nep\u0159istupujte na web.<\/p>\n<p><strong>1. Informace, kter\u00e9 shroma\u017e\u010fujeme<\/strong><\/p>\n<p>M\u016f\u017eeme shroma\u017e\u010fovat osobn\u00ed \u00fadaje, jako je va\u0161e jm\u00e9no, e-mailov\u00e1 adresa, telefonn\u00ed \u010d\u00edslo a dal\u0161\u00ed \u00fadaje, kter\u00e9 poskytnete, kdy\u017e komunikujete s na\u0161imi webov\u00fdmi str\u00e1nkami nebo n\u00e1s kontaktujete s dotazy.<\/p>\n<p><strong>2. Jak pou\u017e\u00edv\u00e1me va\u0161e informace<\/strong><\/p>\n<p>M\u016f\u017eeme pou\u017e\u00edt informace, kter\u00e9 shroma\u017e\u010fujeme, k:<\/p>\n<p>Poskytov\u00e1n\u00ed, provozu a \u00fadr\u017eb\u011b na\u0161ich webov\u00fdch str\u00e1nek<br \/>\nZlep\u0161en\u00ed, personalizaci a roz\u0161\u00ed\u0159en\u00ed na\u0161ich nab\u00eddek webov\u00fdch str\u00e1nek<br \/>\nKomunikaci s v\u00e1mi, a\u0165 u\u017e p\u0159\u00edmo nebo prost\u0159ednictv\u00edm jednoho z na\u0161ich partner\u016f, v\u010detn\u011b poskytov\u00e1n\u00ed z\u00e1kaznick\u00fdch slu\u017eeb, poskytov\u00e1n\u00ed aktualizac\u00ed a dal\u0161\u00edch informac\u00ed souvisej\u00edc\u00edch s webov\u00fdmi str\u00e1nkami a pro marketingov\u00e9 a propaga\u010dn\u00ed \u00fa\u010dely<br \/>\nOchrana, vy\u0161et\u0159ov\u00e1n\u00ed a odrazov\u00e1n\u00ed proti neopr\u00e1vn\u011bn\u00e9 nebo neleg\u00e1ln\u00ed \u010dinnosti<\/p>\n<p><strong>3. Zve\u0159ejn\u011bn\u00ed va\u0161ich informac\u00ed<\/strong><\/p>\n<p>Va\u0161e informace m\u016f\u017eeme sd\u00edlet s t\u0159et\u00edmi stranami pouze zp\u016fsoby popsan\u00fdmi v t\u011bchto <strong>Z\u00e1sad\u00e1ch ochrany osobn\u00edch \u00fadaj\u016f<\/strong>.<\/p>\n<p><strong>4. Bezpe\u010dnost va\u0161ich informac\u00ed<\/strong><\/p>\n<p>Pou\u017e\u00edv\u00e1me administrativn\u00ed, technick\u00e1 a fyzick\u00e1 bezpe\u010dnostn\u00ed opat\u0159en\u00ed, kter\u00e1 pom\u00e1haj\u00ed chr\u00e1nit va\u0161e osobn\u00ed \u00fadaje. P\u0159esto\u017ee jsme podnikli rozumn\u00e9 kroky k zabezpe\u010den\u00ed osobn\u00edch \u00fadaj\u016f, kter\u00e9 n\u00e1m poskytnete, bu\u010fte si v\u011bdomi, \u017ee navzdory na\u0161emu \u00fasil\u00ed \u017e\u00e1dn\u00e1 bezpe\u010dnostn\u00ed opat\u0159en\u00ed nejsou dokonal\u00e1 ani neproniknuteln\u00e1.<\/p>\n<p><strong>5. Va\u0161e volby t\u00fdkaj\u00edc\u00ed se va\u0161ich informac\u00ed<\/strong><\/p>\n<p>M\u00e1te pr\u00e1vo:<\/p>\n<p>Aktualizovat nebo opravit sv\u00e9 osobn\u00ed \u00fadaje<br \/>\nOdhl\u00e1sit se z p\u0159ij\u00edm\u00e1n\u00ed marketingov\u00fdch komunikac\u00ed<br \/>\nPo\u017e\u00e1dat, abychom va\u0161e osobn\u00ed \u00fadaje smazali<\/p>\n<p><strong>6. Zm\u011bny t\u011bchto z\u00e1sad ochrany osobn\u00edch \u00fadaj\u016f<\/strong><\/p>\n<p>Tyto <strong>Z\u00e1sady ochrany osobn\u00edch \u00fadaj\u016f<\/strong> m\u016f\u017eeme \u010das od \u010dasu aktualizovat, abychom nap\u0159\u00edklad reflektovali zm\u011bny v na\u0161ich praktik\u00e1ch nebo z jin\u00fdch provozn\u00edch, pr\u00e1vn\u00edch \u010di regula\u010dn\u00edch d\u016fvod\u016f.<\/p>\n<p><strong>7. Kontaktujte n\u00e1s<\/strong><\/p>\n<p>M\u00e1te-li jak\u00e9koli ot\u00e1zky nebo p\u0159ipom\u00ednky ohledn\u011b t\u011bchto <strong>Z\u00e1sad ochrany osobn\u00edch \u00fadaj\u016f<\/strong>, kontaktujte n\u00e1s.<\/p>\n","protected":false},"excerpt":{"rendered":"<p>Z\u00e1sady ochrany osobn\u00edch \u00fadaj\u016f D\u011bkujeme, \u017ee jste nav\u0161t\u00edvili BestMediTrips.com. Va\u0161e soukrom\u00ed je pro n\u00e1s d\u016fle\u017eit\u00e9. Tyto Z\u00e1sady ochrany osobn\u00edch \u00fadaj\u016f vysv\u011btluj\u00ed, jak shroma\u017e\u010fujeme, pou\u017e\u00edv\u00e1me, zve\u0159ej\u0148ujeme a chr\u00e1n\u00edme va\u0161e informace, kdy\u017e nav\u0161t\u00edv\u00edte na\u0161e webov\u00e9 str\u00e1nky. P\u0159e\u010dt\u011bte si pros\u00edm tyto z\u00e1sady ochrany osobn\u00edch \u00fadaj\u016f pozorn\u011b. Pokud nesouhlas\u00edte s podm\u00ednkami t\u011bchto z\u00e1sad ochrany osobn\u00edch \u00fadaj\u016f, pros\u00edm, nep\u0159istupujte na &#8230; <a title=\"Ochrana Soukrom\u00ed\" class=\"read-more\" href=\"https:\/\/bestmeditrips.com\/cs\/zasady-ochrany-osobnich-udaju\/\" aria-label=\"\u010c\u00edst v\u00edce o Ochrana Soukrom\u00ed\">Read more<\/a><\/p>\n","protected":false},"author":1,"featured_media":0,"parent":0,"menu_order":0,"comment_status":"closed","ping_status":"open","template":"","meta":{"footnotes":""},"class_list":["post-418","page","type-page","status-publish"],"yoast_head":"<!-- This site is optimized with the Yoast SEO plugin v27.4 - https:\/\/yoast.com\/product\/yoast-seo-wordpress\/ -->\n<title>Ochrana Soukrom\u00ed - Bestmeditrips.com<\/title>\n<meta name=\"robots\" content=\"index, follow, max-snippet:-1, max-image-preview:large, max-video-preview:-1\" \/>\n<link rel=\"canonical\" href=\"https:\/\/bestmeditrips.com\/cs\/zasady-ochrany-osobnich-udaju\/\" \/>\n<meta property=\"og:locale\" content=\"cs_CZ\" \/>\n<meta property=\"og:type\" content=\"article\" \/>\n<meta property=\"og:title\" content=\"Ochrana Soukrom\u00ed - Bestmeditrips.com\" \/>\n<meta property=\"og:description\" content=\"Z\u00e1sady ochrany osobn\u00edch \u00fadaj\u016f D\u011bkujeme, \u017ee jste nav\u0161t\u00edvili BestMediTrips.com. Va\u0161e soukrom\u00ed je pro n\u00e1s d\u016fle\u017eit\u00e9. Tyto Z\u00e1sady ochrany osobn\u00edch \u00fadaj\u016f vysv\u011btluj\u00ed, jak shroma\u017e\u010fujeme, pou\u017e\u00edv\u00e1me, zve\u0159ej\u0148ujeme a chr\u00e1n\u00edme va\u0161e informace, kdy\u017e nav\u0161t\u00edv\u00edte na\u0161e webov\u00e9 str\u00e1nky. P\u0159e\u010dt\u011bte si pros\u00edm tyto z\u00e1sady ochrany osobn\u00edch \u00fadaj\u016f pozorn\u011b. Pokud nesouhlas\u00edte s podm\u00ednkami t\u011bchto z\u00e1sad ochrany osobn\u00edch \u00fadaj\u016f, pros\u00edm, nep\u0159istupujte na ... Read more\" \/>\n<meta property=\"og:url\" content=\"https:\/\/bestmeditrips.com\/cs\/zasady-ochrany-osobnich-udaju\/\" \/>\n<meta property=\"og:site_name\" content=\"Bestmeditrips.com\" \/>\n<meta property=\"article:publisher\" content=\"https:\/\/www.facebook.com\/profile.php?id=61565479139599\" \/>\n<meta property=\"article:modified_time\" content=\"2024-09-04T10:50:45+00:00\" \/>\n<meta property=\"og:image\" content=\"https:\/\/bestmeditrips.com\/wp-content\/uploads\/2024\/09\/health-tourism.jpg\" \/>\n\t<meta property=\"og:image:width\" content=\"1024\" \/>\n\t<meta property=\"og:image:height\" content=\"683\" \/>\n\t<meta property=\"og:image:type\" content=\"image\/jpeg\" \/>\n<meta name=\"twitter:card\" content=\"summary_large_image\" \/>\n<meta name=\"twitter:label1\" content=\"Odhadovan\u00e1 doba \u010dten\u00ed\" \/>\n\t<meta name=\"twitter:data1\" content=\"2 minuty\" \/>\n<script type=\"application\/ld+json\" class=\"yoast-schema-graph\">{\"@context\":\"https:\\\/\\\/schema.org\",\"@graph\":[{\"@type\":\"WebPage\",\"@id\":\"https:\\\/\\\/bestmeditrips.com\\\/cs\\\/zasady-ochrany-osobnich-udaju\\\/\",\"url\":\"https:\\\/\\\/bestmeditrips.com\\\/cs\\\/zasady-ochrany-osobnich-udaju\\\/\",\"name\":\"Ochrana Soukrom\u00ed - Bestmeditrips.com\",\"isPartOf\":{\"@id\":\"https:\\\/\\\/bestmeditrips.com\\\/cs\\\/#website\"},\"datePublished\":\"2024-09-01T17:00:15+00:00\",\"dateModified\":\"2024-09-04T10:50:45+00:00\",\"breadcrumb\":{\"@id\":\"https:\\\/\\\/bestmeditrips.com\\\/cs\\\/zasady-ochrany-osobnich-udaju\\\/#breadcrumb\"},\"inLanguage\":\"cs\",\"potentialAction\":[{\"@type\":\"ReadAction\",\"target\":[\"https:\\\/\\\/bestmeditrips.com\\\/cs\\\/zasady-ochrany-osobnich-udaju\\\/\"]}]},{\"@type\":\"BreadcrumbList\",\"@id\":\"https:\\\/\\\/bestmeditrips.com\\\/cs\\\/zasady-ochrany-osobnich-udaju\\\/#breadcrumb\",\"itemListElement\":[{\"@type\":\"ListItem\",\"position\":1,\"name\":\"Home\",\"item\":\"https:\\\/\\\/bestmeditrips.com\\\/cs\\\/\"},{\"@type\":\"ListItem\",\"position\":2,\"name\":\"Ochrana Soukrom\u00ed\"}]},{\"@type\":\"WebSite\",\"@id\":\"https:\\\/\\\/bestmeditrips.com\\\/cs\\\/#website\",\"url\":\"https:\\\/\\\/bestmeditrips.com\\\/cs\\\/\",\"name\":\"Bestmeditrips.com\",\"description\":\"Zdravotn\u00ed turistika, nejlep\u0161\u00ed o\u0161et\u0159en\u00ed, kliniky, l\u00e9ka\u0159i a zuba\u0159i!\",\"publisher\":{\"@id\":\"https:\\\/\\\/bestmeditrips.com\\\/cs\\\/#organization\"},\"potentialAction\":[{\"@type\":\"SearchAction\",\"target\":{\"@type\":\"EntryPoint\",\"urlTemplate\":\"https:\\\/\\\/bestmeditrips.com\\\/cs\\\/?s={search_term_string}\"},\"query-input\":{\"@type\":\"PropertyValueSpecification\",\"valueRequired\":true,\"valueName\":\"search_term_string\"}}],\"inLanguage\":\"cs\"},{\"@type\":\"Organization\",\"@id\":\"https:\\\/\\\/bestmeditrips.com\\\/cs\\\/#organization\",\"name\":\"Bestmeditrips.com\",\"url\":\"https:\\\/\\\/bestmeditrips.com\\\/cs\\\/\",\"logo\":{\"@type\":\"ImageObject\",\"inLanguage\":\"cs\",\"@id\":\"https:\\\/\\\/bestmeditrips.com\\\/cs\\\/#\\\/schema\\\/logo\\\/image\\\/\",\"url\":\"https:\\\/\\\/bestmeditrips.com\\\/wp-content\\\/uploads\\\/2024\\\/09\\\/logo-2.png\",\"contentUrl\":\"https:\\\/\\\/bestmeditrips.com\\\/wp-content\\\/uploads\\\/2024\\\/09\\\/logo-2.png\",\"width\":500,\"height\":98,\"caption\":\"Bestmeditrips.com\"},\"image\":{\"@id\":\"https:\\\/\\\/bestmeditrips.com\\\/cs\\\/#\\\/schema\\\/logo\\\/image\\\/\"},\"sameAs\":[\"https:\\\/\\\/www.facebook.com\\\/profile.php?id=61565479139599\"]}]}<\/script>\n<!-- \/ Yoast SEO plugin. -->","yoast_head_json":{"title":"Ochrana Soukrom\u00ed - Bestmeditrips.com","robots":{"index":"index","follow":"follow","max-snippet":"max-snippet:-1","max-image-preview":"max-image-preview:large","max-video-preview":"max-video-preview:-1"},"canonical":"https:\/\/bestmeditrips.com\/cs\/zasady-ochrany-osobnich-udaju\/","og_locale":"cs_CZ","og_type":"article","og_title":"Ochrana Soukrom\u00ed - Bestmeditrips.com","og_description":"Z\u00e1sady ochrany osobn\u00edch \u00fadaj\u016f D\u011bkujeme, \u017ee jste nav\u0161t\u00edvili BestMediTrips.com. Va\u0161e soukrom\u00ed je pro n\u00e1s d\u016fle\u017eit\u00e9. Tyto Z\u00e1sady ochrany osobn\u00edch \u00fadaj\u016f vysv\u011btluj\u00ed, jak shroma\u017e\u010fujeme, pou\u017e\u00edv\u00e1me, zve\u0159ej\u0148ujeme a chr\u00e1n\u00edme va\u0161e informace, kdy\u017e nav\u0161t\u00edv\u00edte na\u0161e webov\u00e9 str\u00e1nky. P\u0159e\u010dt\u011bte si pros\u00edm tyto z\u00e1sady ochrany osobn\u00edch \u00fadaj\u016f pozorn\u011b. Pokud nesouhlas\u00edte s podm\u00ednkami t\u011bchto z\u00e1sad ochrany osobn\u00edch \u00fadaj\u016f, pros\u00edm, nep\u0159istupujte na ... Read more","og_url":"https:\/\/bestmeditrips.com\/cs\/zasady-ochrany-osobnich-udaju\/","og_site_name":"Bestmeditrips.com","article_publisher":"https:\/\/www.facebook.com\/profile.php?id=61565479139599","article_modified_time":"2024-09-04T10:50:45+00:00","og_image":[{"width":1024,"height":683,"url":"https:\/\/bestmeditrips.com\/wp-content\/uploads\/2024\/09\/health-tourism.jpg","type":"image\/jpeg"}],"twitter_card":"summary_large_image","twitter_misc":{"Odhadovan\u00e1 doba \u010dten\u00ed":"2 minuty"},"schema":{"@context":"https:\/\/schema.org","@graph":[{"@type":"WebPage","@id":"https:\/\/bestmeditrips.com\/cs\/zasady-ochrany-osobnich-udaju\/","url":"https:\/\/bestmeditrips.com\/cs\/zasady-ochrany-osobnich-udaju\/","name":"Ochrana Soukrom\u00ed - Bestmeditrips.com","isPartOf":{"@id":"https:\/\/bestmeditrips.com\/cs\/#website"},"datePublished":"2024-09-01T17:00:15+00:00","dateModified":"2024-09-04T10:50:45+00:00","breadcrumb":{"@id":"https:\/\/bestmeditrips.com\/cs\/zasady-ochrany-osobnich-udaju\/#breadcrumb"},"inLanguage":"cs","potentialAction":[{"@type":"ReadAction","target":["https:\/\/bestmeditrips.com\/cs\/zasady-ochrany-osobnich-udaju\/"]}]},{"@type":"BreadcrumbList","@id":"https:\/\/bestmeditrips.com\/cs\/zasady-ochrany-osobnich-udaju\/#breadcrumb","itemListElement":[{"@type":"ListItem","position":1,"name":"Home","item":"https:\/\/bestmeditrips.com\/cs\/"},{"@type":"ListItem","position":2,"name":"Ochrana Soukrom\u00ed"}]},{"@type":"WebSite","@id":"https:\/\/bestmeditrips.com\/cs\/#website","url":"https:\/\/bestmeditrips.com\/cs\/","name":"Bestmeditrips.com","description":"Zdravotn\u00ed turistika, nejlep\u0161\u00ed o\u0161et\u0159en\u00ed, kliniky, l\u00e9ka\u0159i a zuba\u0159i!","publisher":{"@id":"https:\/\/bestmeditrips.com\/cs\/#organization"},"potentialAction":[{"@type":"SearchAction","target":{"@type":"EntryPoint","urlTemplate":"https:\/\/bestmeditrips.com\/cs\/?s={search_term_string}"},"query-input":{"@type":"PropertyValueSpecification","valueRequired":true,"valueName":"search_term_string"}}],"inLanguage":"cs"},{"@type":"Organization","@id":"https:\/\/bestmeditrips.com\/cs\/#organization","name":"Bestmeditrips.com","url":"https:\/\/bestmeditrips.com\/cs\/","logo":{"@type":"ImageObject","inLanguage":"cs","@id":"https:\/\/bestmeditrips.com\/cs\/#\/schema\/logo\/image\/","url":"https:\/\/bestmeditrips.com\/wp-content\/uploads\/2024\/09\/logo-2.png","contentUrl":"https:\/\/bestmeditrips.com\/wp-content\/uploads\/2024\/09\/logo-2.png","width":500,"height":98,"caption":"Bestmeditrips.com"},"image":{"@id":"https:\/\/bestmeditrips.com\/cs\/#\/schema\/logo\/image\/"},"sameAs":["https:\/\/www.facebook.com\/profile.php?id=61565479139599"]}]}},"_links":{"self":[{"href":"https:\/\/bestmeditrips.com\/cs\/wp-json\/wp\/v2\/pages\/418","targetHints":{"allow":["GET"]}}],"collection":[{"href":"https:\/\/bestmeditrips.com\/cs\/wp-json\/wp\/v2\/pages"}],"about":[{"href":"https:\/\/bestmeditrips.com\/cs\/wp-json\/wp\/v2\/types\/page"}],"author":[{"embeddable":true,"href":"https:\/\/bestmeditrips.com\/cs\/wp-json\/wp\/v2\/users\/1"}],"replies":[{"embeddable":true,"href":"https:\/\/bestmeditrips.com\/cs\/wp-json\/wp\/v2\/comments?post=418"}],"version-history":[{"count":1,"href":"https:\/\/bestmeditrips.com\/cs\/wp-json\/wp\/v2\/pages\/418\/revisions"}],"predecessor-version":[{"id":530,"href":"https:\/\/bestmeditrips.com\/cs\/wp-json\/wp\/v2\/pages\/418\/revisions\/530"}],"wp:attachment":[{"href":"https:\/\/bestmeditrips.com\/cs\/wp-json\/wp\/v2\/media?parent=418"}],"curies":[{"name":"wp","href":"https:\/\/api.w.org\/{rel}","templated":true}]}}