{"id":297,"date":"2024-09-02T20:44:40","date_gmt":"2024-09-02T17:44:40","guid":{"rendered":"https:\/\/bestmeditrips.com\/mezinarodni-zdravotni-turismus-a-destinace\/"},"modified":"2024-09-23T11:41:13","modified_gmt":"2024-09-23T08:41:13","slug":"mezinarodni-zdravotni-turismus-a-destinace","status":"publish","type":"page","link":"https:\/\/bestmeditrips.com\/cs\/","title":{"rendered":"Destinace Zdravotn\u00ed Turistiky"},"content":{"rendered":"<h2>Objevte nejlep\u0161\u00ed z\u00e1\u017eitek ze zdravotn\u00ed turistiky<\/h2>\n<p>V\u00edtejte na <strong><em>BestMediTrips.com<\/em><\/strong>, va\u0161\u00ed hlavn\u00ed destinaci pro v\u00fdjime\u010dnou l\u00e9ka\u0159skou p\u00e9\u010di v kombinaci s neoby\u010dejn\u00fdmi cestovatelsk\u00fdmi z\u00e1\u017eitky. Na\u0161e v\u00edcejazy\u010dn\u00e1 platforma se v\u011bnuje propojen\u00ed s p\u0159edn\u00edmi destinacemi pro zdravotn\u00ed turistiku po cel\u00e9m sv\u011bt\u011b a nab\u00edz\u00ed podrobn\u00e9 poznatky o nejlep\u0161\u00edch dostupn\u00fdch l\u00e9ka\u0159sk\u00fdch o\u0161et\u0159en\u00edch a slu\u017eb\u00e1ch.<\/p>\n<h3>Prozkoumejte pr\u00e9miov\u00e9 destinace zdravotn\u00ed turistiky<\/h3>\n<p>Na <strong><em>BestMediTrips.com<\/em> <\/strong>nab\u00edz\u00edme pe\u010dliv\u011b vybran\u00fd v\u00fdb\u011br mo\u017enost\u00ed zdravotn\u00ed turistiky, kter\u00fd v\u00e1s provede rozmanitou \u0161k\u00e1lou o\u0161et\u0159en\u00ed dostupn\u00fdch v nejzaj\u00edmav\u011bj\u0161\u00edch destinac\u00edch na sv\u011bt\u011b. Objevte, co d\u011bl\u00e1 ka\u017edou lokalitu jedine\u010dnou:<\/p>\n<h4><strong><span style=\"color: #ff0000;\">\u2665 <\/span><\/strong><strong>TURECKO:<\/strong> Istanbul, Antalya, Izmir a Ankara<\/h4>\n<p>Turecko je proslul\u00e9 sv\u00fdmi modern\u00edmi zdravotnick\u00fdmi za\u0159\u00edzen\u00edmi a n\u00e1kladov\u011b efektivn\u00edmi o\u0161et\u0159en\u00edmi. Prozkoumejte na\u0161e nejlep\u0161\u00ed m\u011bsta pro \u0159adu zdravotn\u00edch slu\u017eeb:<\/p>\n<ul>\n<li><strong>Stomatologick\u00e9 kliniky:<\/strong> Transformujte sv\u016fj \u00fasm\u011bv pomoc\u00ed pokro\u010dil\u00fdch z\u00e1krok\u016f, jako jsou implant\u00e1ty, \u00fapravy Hollywoodsk\u00e9ho \u00fasm\u011bvu a inovativn\u00ed \u0159e\u0161en\u00ed all-on-4\/all-on-6.<\/li>\n<li><strong>Kliniky pro obnovu vlas\u016f:<\/strong> Dos\u00e1hn\u011bte p\u0159irozen\u00fdch a trval\u00fdch v\u00fdsledk\u016f s nejmodern\u011bj\u0161\u00edmi technikami transplantace vlas\u016f.<\/li>\n<li><strong>Estetick\u00e9 nemocnice:<\/strong> Za\u017eijte \u0161pi\u010dkovou kosmetickou chirurgii, od faceliftingu po tvarov\u00e1n\u00ed t\u011bla.<\/li>\n<li><strong>Ortopedick\u00e9 specialisty:<\/strong> Vyu\u017eijte pokro\u010dil\u00e1 o\u0161et\u0159en\u00ed kloubn\u00edch a p\u00e1te\u0159n\u00edch probl\u00e9m\u016f, zaji\u0161\u0165uj\u00edc\u00ed optim\u00e1ln\u00ed zotaven\u00ed a pohyblivost.<\/li>\n<\/ul>\n<h4><strong><span style=\"color: #ff0000;\">\u2665 <\/span><\/strong><strong>MA\u010eARSKO:<\/strong> Budape\u0161\u0165 a Debrec\u00edn<\/h4>\n<p>Ma\u010farsko nab\u00edz\u00ed renomovanou l\u00e9ka\u0159skou p\u00e9\u010di, zejm\u00e9na v oblasti zubn\u00edho o\u0161et\u0159en\u00ed. V Budape\u0161ti a Debrec\u00ednu objevte:<\/p>\n<ul>\n<li><strong>Stomatologick\u00e9 kliniky:<\/strong> P\u00e9\u010de na nejvy\u0161\u0161\u00ed \u00farovni pro implant\u00e1ty a estetick\u00e9 zubn\u00ed z\u00e1kroky za konkurenceschopn\u00e9 ceny.<\/li>\n<li><strong>Centra kosmetick\u00e9 chirurgie:<\/strong> Zlep\u0161ete sv\u016fj vzhled s d\u016fkladnou pozornost\u00ed k detailu.<\/li>\n<\/ul>\n<h4><strong><span style=\"color: #ff0000;\">\u2665 <\/span><\/strong><strong>SRBSKO:<\/strong> B\u011blehrad<\/h4>\n<p>B\u011blehrad se st\u00e1v\u00e1 centrem kvalitn\u00ed l\u00e9ka\u0159sk\u00e9 p\u00e9\u010de. Zde m\u016f\u017eete naj\u00edt:<\/p>\n<ul>\n<li><strong>Inovativn\u00ed l\u00e9ka\u0159sk\u00e9 slu\u017eby:<\/strong> Od zubn\u00edch a\u017e po estetick\u00e9 z\u00e1kroky, za\u017eijte v\u00fdjime\u010dnou p\u00e9\u010di p\u0159izp\u016fsobenou va\u0161im pot\u0159eb\u00e1m.<\/li>\n<li><strong>Personalizovan\u00e9 l\u00e9ka\u0159sk\u00e9 kliniky:<\/strong> U\u017eijte si slu\u017eby ve m\u011bst\u011b zn\u00e1m\u00e9m pro svou pohostinnost a l\u00e9ka\u0159skou odbornost.<\/li>\n<\/ul>\n<h4><strong><span style=\"color: #ff0000;\">\u2665\u00a0<\/span><\/strong><strong>CHORVATSKO:<\/strong> Z\u00e1h\u0159eb a Split<\/h4>\n<p>Chorvatsko kombinuje l\u00e9ka\u0159skou excelenci s n\u00e1dhern\u00fdmi krajinami. Objevte:<\/p>\n<ul>\n<li><strong>Stomatologick\u00e9 a estetick\u00e9 kliniky:<\/strong> U\u017eijte si pokro\u010dil\u00e1 o\u0161et\u0159en\u00ed v malebn\u00e9m prost\u0159ed\u00ed.<\/li>\n<li><strong>Rehabilita\u010dn\u00ed a wellness nemocnice:<\/strong> Komplexn\u00ed mo\u017enosti p\u00e9\u010de navr\u017een\u00e9 tak, aby zlep\u0161ily va\u0161i celkovou pohodu.<\/li>\n<\/ul>\n<h4><strong><span style=\"color: #ff0000;\">\u2665 <\/span><\/strong><strong>POLSKO:<\/strong> Var\u0161ava a Krakov<\/h4>\n<p>Polsko poskytuje vysoce kvalitn\u00ed l\u00e9ka\u0159sk\u00e9 slu\u017eby za p\u0159ijateln\u00e9 ceny. Prozkoumejte:<\/p>\n<ul>\n<li><strong>Zubn\u00ed p\u00e9\u010de:<\/strong> Pokro\u010dil\u00e1 \u0159e\u0161en\u00ed pro implant\u00e1ty a dal\u0161\u00ed zubn\u00ed pot\u0159eby.<\/li>\n<li><strong>Ortopedick\u00e9 a estetick\u00e9 kliniky:<\/strong> Modern\u00ed za\u0159\u00edzen\u00ed nab\u00edzej\u00edc\u00ed \u0161irokou \u0161k\u00e1lu z\u00e1krok\u016f.<\/li>\n<\/ul>\n<h4><strong><span style=\"color: #ff0000;\">\u2665\u00a0<\/span><\/strong><strong>N\u011aMECKO:<\/strong> Berl\u00edn a Mnichov<\/h4>\n<p>N\u011bmecko je synonymem l\u00e9ka\u0159sk\u00fdch inovac\u00ed a kvality. P\u0159\u00edstup:<\/p>\n<ul>\n<li><strong>\u0160pi\u010dkov\u00e9 nemocnice:<\/strong> Nejnov\u011bj\u0161\u00ed l\u00e9ka\u0159sk\u00e1 technologie a specializovan\u00e1 p\u00e9\u010de.<\/li>\n<li><strong>Komplexn\u00ed zdravotn\u00ed slu\u017eby:<\/strong> Sv\u011btov\u00e1 t\u0159\u00edda o\u0161et\u0159en\u00ed pro slo\u017eit\u00e9 operace i rutinn\u00ed postupy.<\/li>\n<\/ul>\n<h4><strong><span style=\"color: #ff0000;\">\u2665 <\/span><\/strong><strong>\u010cESK\u00c1 REPUBLIKA:<\/strong> Praha<\/h4>\n<p>Praha nab\u00edz\u00ed kombinaci historick\u00e9ho kouzla a modern\u00ed zdravotn\u00ed p\u00e9\u010de. Objevte:<\/p>\n<ul>\n<li><strong>Nejl\u00e9pe hodnocen\u00e9 zubn\u00ed kliniky:<\/strong> Vynikaj\u00edc\u00ed \u0159e\u0161en\u00ed v jednom z nejkr\u00e1sn\u011bj\u0161\u00edch m\u011bst Evropy.<\/li>\n<li><strong>Estetick\u00e9 nemocnice:<\/strong> Vysoce kvalitn\u00ed kosmetick\u00e9 z\u00e1kroky.<\/li>\n<\/ul>\n<h4><strong><span style=\"color: #ff0000;\">\u2665 <\/span><\/strong><strong>MEXIKO:<\/strong> Cancun a Mexico City<\/h4>\n<p>Mexiko poskytuje \u017eiv\u00e9 prost\u0159ed\u00ed pro v\u00fdjime\u010dnou l\u00e9ka\u0159skou p\u00e9\u010di. U\u017eijte si:<\/p>\n<ul>\n<li><strong>Dostupn\u00e1 l\u00e9\u010debn\u00e1 centra:<\/strong> Vysoce kvalitn\u00ed zubn\u00ed a estetick\u00e9 z\u00e1kroky.<\/li>\n<li><strong>Kliniky kulturn\u00edch z\u00e1\u017eitk\u016f:<\/strong> Spojte sv\u00e9 o\u0161et\u0159en\u00ed s bohatou kulturn\u00ed cestou.<\/li>\n<\/ul>\n<h4><strong><span style=\"color: #ff0000;\">\u2665 <\/span><\/strong><strong>KOLUMBIE:<\/strong> Medell\u00edn a Bogota<\/h4>\n<p>Kolumbie je zn\u00e1m\u00e1 pro kvalifikovan\u00e9 zdravotnick\u00e9 profesion\u00e1ly a n\u00e1kladov\u011b efektivn\u00ed slu\u017eby. P\u0159\u00edstup:<\/p>\n<ul>\n<li><strong>Komplexn\u00ed zdravotnick\u00e1 centra:<\/strong> \u0160irok\u00e1 \u0161k\u00e1la l\u00e9ka\u0159sk\u00fdch o\u0161et\u0159en\u00ed se zam\u011b\u0159en\u00edm na kvalitu a dostupnost.<\/li>\n<li><strong>Specializovan\u00e9 stomatologick\u00e9 kliniky:<\/strong> P\u00e9\u010de od expert\u016f v zemi proslul\u00e9 zdravotnick\u00fdmi pokroky.<\/li>\n<\/ul>\n<h4><strong><span style=\"color: #ff0000;\">\u2665 <\/span><\/strong><strong>THAJSKO:<\/strong> Bangkok a Phuket<\/h4>\n<p>Thajsko nab\u00edz\u00ed dokonalou kombinaci l\u00e9ka\u0159sk\u00e9 p\u00e9\u010de a cestovatelsk\u00fdch z\u00e1\u017eitk\u016f. Objevte:<\/p>\n<ul>\n<li><strong>Nemocnice sv\u011btov\u00e9 t\u0159\u00eddy:<\/strong> \u0160pi\u010dkov\u00e9 zdravotn\u00ed slu\u017eby pro stomatologickou p\u00e9\u010di a wellness programy.<\/li>\n<li><strong>Kliniky v kr\u00e1sn\u00fdch destinac\u00edch:<\/strong> Za\u017eijte v\u00fdjime\u010dnou l\u00e9ka\u0159skou p\u00e9\u010di p\u0159i objevov\u00e1n\u00ed Thajska.<\/li>\n<\/ul>\n<h4><strong><span style=\"color: #ff0000;\">\u2665 <\/span><\/strong><strong>INDIE:<\/strong> Dill\u00ed a Bombaj<\/h4>\n<p>Indie m\u00e1 pokro\u010dil\u00e1 a dostupn\u00e1 zdravotnick\u00e1 za\u0159\u00edzen\u00ed. Prozkoumejte:<\/p>\n<ul>\n<li><strong>R\u016fznorod\u00e9 l\u00e9ka\u0159sk\u00e9 kliniky:<\/strong> Vysok\u00e9 standardy v r\u016fzn\u00fdch l\u00e9ka\u0159sk\u00fdch mo\u017enostech.<\/li>\n<li><strong>Nemocnice s kvalifikovan\u00fdmi specialisty:<\/strong> Odborn\u00e1 p\u00e9\u010de v Dill\u00ed a Bombaji.<\/li>\n<\/ul>\n<h4><strong><span style=\"color: #ff0000;\">\u2665 <\/span><\/strong><strong>VIETNAM:<\/strong> Ho \u010ci Minovo M\u011bsto a Hanoj<\/h4>\n<p>Vietnam se st\u00e1v\u00e1 rostouc\u00ed destinac\u00ed pro zdravotn\u00ed turistiku. Zde m\u016f\u017eete vyu\u017e\u00edt:<\/p>\n<ul>\n<li><strong>Efektivn\u00ed l\u00e9ka\u0159sk\u00e1 centra:<\/strong> Dostupn\u00e1 a vysoce kvalitn\u00ed p\u00e9\u010de.<\/li>\n<li><strong>Komplexn\u00ed l\u00e9\u010debn\u00e9 kliniky:<\/strong> Od stomatologick\u00e9 p\u00e9\u010de po ortopedick\u00e9 z\u00e1kroky.<\/li>\n<\/ul>\n<h4>Pro\u010d si vybrat zdravotn\u00ed a l\u00e9ka\u0159skou turistiku?<\/h4>\n<p>Zdravotn\u00ed a l\u00e9ka\u0159sk\u00e1 turistika v\u00e1m umo\u017e\u0148uje kombinovat \u0161pi\u010dkovou l\u00e9ka\u0159skou p\u00e9\u010di s vzru\u0161uj\u00edc\u00edmi cestovn\u00edmi p\u0159\u00edle\u017eitostmi. Na <em>BestMediTrips.com<\/em> jsme se zav\u00e1zali pomoci v\u00e1m naj\u00edt ide\u00e1ln\u00ed destinaci a o\u0161et\u0159en\u00ed, kter\u00e9 vyhovuje va\u0161im pot\u0159eb\u00e1m a preferenc\u00edm. Prozkoumejte na\u0161i platformu a vydejte se na cestu za v\u00fdjime\u010dnou l\u00e9ka\u0159skou p\u00e9\u010d\u00ed a nezapomenuteln\u00fdmi z\u00e1\u017eitky.<\/p>\n","protected":false},"excerpt":{"rendered":"<p>Objevte nejlep\u0161\u00ed z\u00e1\u017eitek ze zdravotn\u00ed turistiky V\u00edtejte na BestMediTrips.com, va\u0161\u00ed hlavn\u00ed destinaci pro v\u00fdjime\u010dnou l\u00e9ka\u0159skou p\u00e9\u010di v kombinaci s neoby\u010dejn\u00fdmi cestovatelsk\u00fdmi z\u00e1\u017eitky. Na\u0161e v\u00edcejazy\u010dn\u00e1 platforma se v\u011bnuje propojen\u00ed s p\u0159edn\u00edmi destinacemi pro zdravotn\u00ed turistiku po cel\u00e9m sv\u011bt\u011b a nab\u00edz\u00ed podrobn\u00e9 poznatky o nejlep\u0161\u00edch dostupn\u00fdch l\u00e9ka\u0159sk\u00fdch o\u0161et\u0159en\u00edch a slu\u017eb\u00e1ch. Prozkoumejte pr\u00e9miov\u00e9 destinace zdravotn\u00ed turistiky Na BestMediTrips.com &#8230; <a title=\"Destinace Zdravotn\u00ed Turistiky\" class=\"read-more\" href=\"https:\/\/bestmeditrips.com\/cs\/\" aria-label=\"\u010c\u00edst v\u00edce o Destinace Zdravotn\u00ed Turistiky\">Read more<\/a><\/p>\n","protected":false},"author":1,"featured_media":330,"parent":0,"menu_order":0,"comment_status":"closed","ping_status":"closed","template":"","meta":{"footnotes":""},"class_list":["post-297","page","type-page","status-publish","has-post-thumbnail"],"yoast_head":"<!-- This site is optimized with the Yoast SEO plugin v27.4 - https:\/\/yoast.com\/product\/yoast-seo-wordpress\/ -->\n<title>Experti na zdravotn\u00ed turistiku | Pr\u00e9miov\u00e9 l\u00e9\u010dby a destinace<\/title>\n<meta name=\"description\" content=\"Prozkoumejte \u0161pi\u010dkov\u00e9 slu\u017eby zdravotn\u00ed turistiky s nejlep\u0161\u00edmi klinikami, l\u00e9ka\u0159i a zuba\u0159i, kte\u0159\u00ed nab\u00edzej\u00ed odborn\u00e9 rady pro nejlep\u0161\u00ed l\u00e9ka\u0159sk\u00e9 cesty.\" \/>\n<meta name=\"robots\" content=\"index, follow, max-snippet:-1, max-image-preview:large, max-video-preview:-1\" \/>\n<link rel=\"canonical\" href=\"https:\/\/bestmeditrips.com\/cs\/\" \/>\n<meta property=\"og:locale\" content=\"cs_CZ\" \/>\n<meta property=\"og:type\" content=\"article\" \/>\n<meta property=\"og:title\" content=\"Experti na zdravotn\u00ed turistiku | Pr\u00e9miov\u00e9 l\u00e9\u010dby a destinace\" \/>\n<meta property=\"og:description\" content=\"Prozkoumejte \u0161pi\u010dkov\u00e9 slu\u017eby zdravotn\u00ed turistiky s nejlep\u0161\u00edmi klinikami, l\u00e9ka\u0159i a zuba\u0159i, kte\u0159\u00ed nab\u00edzej\u00ed odborn\u00e9 rady pro nejlep\u0161\u00ed l\u00e9ka\u0159sk\u00e9 cesty.\" \/>\n<meta property=\"og:url\" content=\"https:\/\/bestmeditrips.com\/cs\/\" \/>\n<meta property=\"og:site_name\" content=\"Bestmeditrips.com\" \/>\n<meta property=\"article:publisher\" content=\"https:\/\/www.facebook.com\/profile.php?id=61565479139599\" \/>\n<meta property=\"article:modified_time\" content=\"2024-09-23T08:41:13+00:00\" \/>\n<meta property=\"og:image\" content=\"https:\/\/bestmeditrips.com\/wp-content\/uploads\/2024\/09\/health-tourism.jpg\" \/>\n\t<meta property=\"og:image:width\" content=\"1024\" \/>\n\t<meta property=\"og:image:height\" content=\"683\" \/>\n\t<meta property=\"og:image:type\" content=\"image\/jpeg\" \/>\n<meta name=\"twitter:card\" content=\"summary_large_image\" \/>\n<meta name=\"twitter:label1\" content=\"Odhadovan\u00e1 doba \u010dten\u00ed\" \/>\n\t<meta name=\"twitter:data1\" content=\"5 minut\" \/>\n<script type=\"application\/ld+json\" class=\"yoast-schema-graph\">{\"@context\":\"https:\\\/\\\/schema.org\",\"@graph\":[{\"@type\":\"WebPage\",\"@id\":\"https:\\\/\\\/bestmeditrips.com\\\/cs\\\/\",\"url\":\"https:\\\/\\\/bestmeditrips.com\\\/cs\\\/\",\"name\":\"Experti na zdravotn\u00ed turistiku | Pr\u00e9miov\u00e9 l\u00e9\u010dby a destinace\",\"isPartOf\":{\"@id\":\"https:\\\/\\\/bestmeditrips.com\\\/cs\\\/#website\"},\"primaryImageOfPage\":{\"@id\":\"https:\\\/\\\/bestmeditrips.com\\\/cs\\\/#primaryimage\"},\"image\":{\"@id\":\"https:\\\/\\\/bestmeditrips.com\\\/cs\\\/#primaryimage\"},\"thumbnailUrl\":\"https:\\\/\\\/bestmeditrips.com\\\/wp-content\\\/uploads\\\/2024\\\/09\\\/health-tourism.jpg\",\"datePublished\":\"2024-09-02T17:44:40+00:00\",\"dateModified\":\"2024-09-23T08:41:13+00:00\",\"description\":\"Prozkoumejte \u0161pi\u010dkov\u00e9 slu\u017eby zdravotn\u00ed turistiky s nejlep\u0161\u00edmi klinikami, l\u00e9ka\u0159i a zuba\u0159i, kte\u0159\u00ed nab\u00edzej\u00ed odborn\u00e9 rady pro nejlep\u0161\u00ed l\u00e9ka\u0159sk\u00e9 cesty.\",\"breadcrumb\":{\"@id\":\"https:\\\/\\\/bestmeditrips.com\\\/cs\\\/#breadcrumb\"},\"inLanguage\":\"cs\",\"potentialAction\":[{\"@type\":\"ReadAction\",\"target\":[\"https:\\\/\\\/bestmeditrips.com\\\/cs\\\/\"]}]},{\"@type\":\"ImageObject\",\"inLanguage\":\"cs\",\"@id\":\"https:\\\/\\\/bestmeditrips.com\\\/cs\\\/#primaryimage\",\"url\":\"https:\\\/\\\/bestmeditrips.com\\\/wp-content\\\/uploads\\\/2024\\\/09\\\/health-tourism.jpg\",\"contentUrl\":\"https:\\\/\\\/bestmeditrips.com\\\/wp-content\\\/uploads\\\/2024\\\/09\\\/health-tourism.jpg\",\"width\":1024,\"height\":683,\"caption\":\"Medical tourism and best destinations in the world for dental, hair transplant, orthopedic and aesthetic treatments\"},{\"@type\":\"BreadcrumbList\",\"@id\":\"https:\\\/\\\/bestmeditrips.com\\\/cs\\\/#breadcrumb\",\"itemListElement\":[{\"@type\":\"ListItem\",\"position\":1,\"name\":\"Home\",\"item\":\"https:\\\/\\\/bestmeditrips.com\\\/cs\\\/\"},{\"@type\":\"ListItem\",\"position\":2,\"name\":\"Destinace Zdravotn\u00ed Turistiky\"}]},{\"@type\":\"WebSite\",\"@id\":\"https:\\\/\\\/bestmeditrips.com\\\/cs\\\/#website\",\"url\":\"https:\\\/\\\/bestmeditrips.com\\\/cs\\\/\",\"name\":\"Bestmeditrips.com\",\"description\":\"Zdravotn\u00ed turistika, nejlep\u0161\u00ed o\u0161et\u0159en\u00ed, kliniky, l\u00e9ka\u0159i a zuba\u0159i!\",\"publisher\":{\"@id\":\"https:\\\/\\\/bestmeditrips.com\\\/cs\\\/#organization\"},\"potentialAction\":[{\"@type\":\"SearchAction\",\"target\":{\"@type\":\"EntryPoint\",\"urlTemplate\":\"https:\\\/\\\/bestmeditrips.com\\\/cs\\\/?s={search_term_string}\"},\"query-input\":{\"@type\":\"PropertyValueSpecification\",\"valueRequired\":true,\"valueName\":\"search_term_string\"}}],\"inLanguage\":\"cs\"},{\"@type\":\"Organization\",\"@id\":\"https:\\\/\\\/bestmeditrips.com\\\/cs\\\/#organization\",\"name\":\"Bestmeditrips.com\",\"url\":\"https:\\\/\\\/bestmeditrips.com\\\/cs\\\/\",\"logo\":{\"@type\":\"ImageObject\",\"inLanguage\":\"cs\",\"@id\":\"https:\\\/\\\/bestmeditrips.com\\\/cs\\\/#\\\/schema\\\/logo\\\/image\\\/\",\"url\":\"https:\\\/\\\/bestmeditrips.com\\\/wp-content\\\/uploads\\\/2024\\\/09\\\/logo-2.png\",\"contentUrl\":\"https:\\\/\\\/bestmeditrips.com\\\/wp-content\\\/uploads\\\/2024\\\/09\\\/logo-2.png\",\"width\":500,\"height\":98,\"caption\":\"Bestmeditrips.com\"},\"image\":{\"@id\":\"https:\\\/\\\/bestmeditrips.com\\\/cs\\\/#\\\/schema\\\/logo\\\/image\\\/\"},\"sameAs\":[\"https:\\\/\\\/www.facebook.com\\\/profile.php?id=61565479139599\"]}]}<\/script>\n<!-- \/ Yoast SEO plugin. -->","yoast_head_json":{"title":"Experti na zdravotn\u00ed turistiku | Pr\u00e9miov\u00e9 l\u00e9\u010dby a destinace","description":"Prozkoumejte \u0161pi\u010dkov\u00e9 slu\u017eby zdravotn\u00ed turistiky s nejlep\u0161\u00edmi klinikami, l\u00e9ka\u0159i a zuba\u0159i, kte\u0159\u00ed nab\u00edzej\u00ed odborn\u00e9 rady pro nejlep\u0161\u00ed l\u00e9ka\u0159sk\u00e9 cesty.","robots":{"index":"index","follow":"follow","max-snippet":"max-snippet:-1","max-image-preview":"max-image-preview:large","max-video-preview":"max-video-preview:-1"},"canonical":"https:\/\/bestmeditrips.com\/cs\/","og_locale":"cs_CZ","og_type":"article","og_title":"Experti na zdravotn\u00ed turistiku | Pr\u00e9miov\u00e9 l\u00e9\u010dby a destinace","og_description":"Prozkoumejte \u0161pi\u010dkov\u00e9 slu\u017eby zdravotn\u00ed turistiky s nejlep\u0161\u00edmi klinikami, l\u00e9ka\u0159i a zuba\u0159i, kte\u0159\u00ed nab\u00edzej\u00ed odborn\u00e9 rady pro nejlep\u0161\u00ed l\u00e9ka\u0159sk\u00e9 cesty.","og_url":"https:\/\/bestmeditrips.com\/cs\/","og_site_name":"Bestmeditrips.com","article_publisher":"https:\/\/www.facebook.com\/profile.php?id=61565479139599","article_modified_time":"2024-09-23T08:41:13+00:00","og_image":[{"width":1024,"height":683,"url":"https:\/\/bestmeditrips.com\/wp-content\/uploads\/2024\/09\/health-tourism.jpg","type":"image\/jpeg"}],"twitter_card":"summary_large_image","twitter_misc":{"Odhadovan\u00e1 doba \u010dten\u00ed":"5 minut"},"schema":{"@context":"https:\/\/schema.org","@graph":[{"@type":"WebPage","@id":"https:\/\/bestmeditrips.com\/cs\/","url":"https:\/\/bestmeditrips.com\/cs\/","name":"Experti na zdravotn\u00ed turistiku | Pr\u00e9miov\u00e9 l\u00e9\u010dby a destinace","isPartOf":{"@id":"https:\/\/bestmeditrips.com\/cs\/#website"},"primaryImageOfPage":{"@id":"https:\/\/bestmeditrips.com\/cs\/#primaryimage"},"image":{"@id":"https:\/\/bestmeditrips.com\/cs\/#primaryimage"},"thumbnailUrl":"https:\/\/bestmeditrips.com\/wp-content\/uploads\/2024\/09\/health-tourism.jpg","datePublished":"2024-09-02T17:44:40+00:00","dateModified":"2024-09-23T08:41:13+00:00","description":"Prozkoumejte \u0161pi\u010dkov\u00e9 slu\u017eby zdravotn\u00ed turistiky s nejlep\u0161\u00edmi klinikami, l\u00e9ka\u0159i a zuba\u0159i, kte\u0159\u00ed nab\u00edzej\u00ed odborn\u00e9 rady pro nejlep\u0161\u00ed l\u00e9ka\u0159sk\u00e9 cesty.","breadcrumb":{"@id":"https:\/\/bestmeditrips.com\/cs\/#breadcrumb"},"inLanguage":"cs","potentialAction":[{"@type":"ReadAction","target":["https:\/\/bestmeditrips.com\/cs\/"]}]},{"@type":"ImageObject","inLanguage":"cs","@id":"https:\/\/bestmeditrips.com\/cs\/#primaryimage","url":"https:\/\/bestmeditrips.com\/wp-content\/uploads\/2024\/09\/health-tourism.jpg","contentUrl":"https:\/\/bestmeditrips.com\/wp-content\/uploads\/2024\/09\/health-tourism.jpg","width":1024,"height":683,"caption":"Medical tourism and best destinations in the world for dental, hair transplant, orthopedic and aesthetic treatments"},{"@type":"BreadcrumbList","@id":"https:\/\/bestmeditrips.com\/cs\/#breadcrumb","itemListElement":[{"@type":"ListItem","position":1,"name":"Home","item":"https:\/\/bestmeditrips.com\/cs\/"},{"@type":"ListItem","position":2,"name":"Destinace Zdravotn\u00ed Turistiky"}]},{"@type":"WebSite","@id":"https:\/\/bestmeditrips.com\/cs\/#website","url":"https:\/\/bestmeditrips.com\/cs\/","name":"Bestmeditrips.com","description":"Zdravotn\u00ed turistika, nejlep\u0161\u00ed o\u0161et\u0159en\u00ed, kliniky, l\u00e9ka\u0159i a zuba\u0159i!","publisher":{"@id":"https:\/\/bestmeditrips.com\/cs\/#organization"},"potentialAction":[{"@type":"SearchAction","target":{"@type":"EntryPoint","urlTemplate":"https:\/\/bestmeditrips.com\/cs\/?s={search_term_string}"},"query-input":{"@type":"PropertyValueSpecification","valueRequired":true,"valueName":"search_term_string"}}],"inLanguage":"cs"},{"@type":"Organization","@id":"https:\/\/bestmeditrips.com\/cs\/#organization","name":"Bestmeditrips.com","url":"https:\/\/bestmeditrips.com\/cs\/","logo":{"@type":"ImageObject","inLanguage":"cs","@id":"https:\/\/bestmeditrips.com\/cs\/#\/schema\/logo\/image\/","url":"https:\/\/bestmeditrips.com\/wp-content\/uploads\/2024\/09\/logo-2.png","contentUrl":"https:\/\/bestmeditrips.com\/wp-content\/uploads\/2024\/09\/logo-2.png","width":500,"height":98,"caption":"Bestmeditrips.com"},"image":{"@id":"https:\/\/bestmeditrips.com\/cs\/#\/schema\/logo\/image\/"},"sameAs":["https:\/\/www.facebook.com\/profile.php?id=61565479139599"]}]}},"_links":{"self":[{"href":"https:\/\/bestmeditrips.com\/cs\/wp-json\/wp\/v2\/pages\/297","targetHints":{"allow":["GET"]}}],"collection":[{"href":"https:\/\/bestmeditrips.com\/cs\/wp-json\/wp\/v2\/pages"}],"about":[{"href":"https:\/\/bestmeditrips.com\/cs\/wp-json\/wp\/v2\/types\/page"}],"author":[{"embeddable":true,"href":"https:\/\/bestmeditrips.com\/cs\/wp-json\/wp\/v2\/users\/1"}],"replies":[{"embeddable":true,"href":"https:\/\/bestmeditrips.com\/cs\/wp-json\/wp\/v2\/comments?post=297"}],"version-history":[{"count":5,"href":"https:\/\/bestmeditrips.com\/cs\/wp-json\/wp\/v2\/pages\/297\/revisions"}],"predecessor-version":[{"id":813,"href":"https:\/\/bestmeditrips.com\/cs\/wp-json\/wp\/v2\/pages\/297\/revisions\/813"}],"wp:featuredmedia":[{"embeddable":true,"href":"https:\/\/bestmeditrips.com\/cs\/wp-json\/wp\/v2\/media\/330"}],"wp:attachment":[{"href":"https:\/\/bestmeditrips.com\/cs\/wp-json\/wp\/v2\/media?parent=297"}],"curies":[{"name":"wp","href":"https:\/\/api.w.org\/{rel}","templated":true}]}}