{"id":1104,"date":"2024-09-23T21:41:39","date_gmt":"2024-09-23T18:41:39","guid":{"rendered":"https:\/\/bestmeditrips.com\/turecko\/"},"modified":"2024-09-23T21:41:39","modified_gmt":"2024-09-23T18:41:39","slug":"turecko","status":"publish","type":"page","link":"https:\/\/bestmeditrips.com\/cs\/turecko\/","title":{"rendered":"Turecko"},"content":{"rendered":"<h2>Objevte pr\u00e9miovou zdravotn\u00ed p\u00e9\u010di v Turecku<\/h2>\n<p>Turecko se stalo p\u0159edn\u00ed destinac\u00ed pro zdravotn\u00ed turistiku, nab\u00edzej\u00edc\u00ed \u0161pi\u010dkov\u00e9 l\u00e9ka\u0159sk\u00e9 o\u0161et\u0159en\u00ed za dostupn\u00e9 ceny. A\u0165 u\u017e zva\u017eujete <strong>zubn\u00ed implant\u00e1ty<\/strong>, <strong>plastickou chirurgii<\/strong>, <strong>ortopedick\u00e9 poruchy<\/strong>, <strong>l\u00e9\u010dbu o\u010d\u00ed<\/strong>, <strong>transplantaci vlas\u016f<\/strong>, <strong>l\u00e9\u010dbu rakoviny<\/strong> nebo jin\u00e9 specializovan\u00e9 l\u00e9\u010dby, Turecko v\u00e1m poskytuje p\u0159\u00edstup k vysoce kvalifikovan\u00fdm odborn\u00edk\u016fm a modern\u00edm klinik\u00e1m.<\/p>\n<figure style=\"width: 1014px\" class=\"wp-caption aligncenter\"><img loading=\"lazy\" decoding=\"async\" src=\"https:\/\/bestmeditrips.com\/wp-content\/uploads\/2024\/09\/turkey-hospital.jpg\" alt=\"One of the new and modern hospitals in Istanbul. \" width=\"1024\" height=\"616\" \/><figcaption class=\"wp-caption-text\"><em>Modern\u00ed soukrom\u00e1 nemocnice na evropsk\u00e9 stran\u011b Istanbulu<\/em><\/figcaption><\/figure>\n<h3>Pro\u010d si vybrat Turecko pro va\u0161i zdravotn\u00ed cestu?<\/h3>\n<p>V\u00fdb\u011br Turecka pro va\u0161e zdravotn\u00ed o\u0161et\u0159en\u00ed p\u0159in\u00e1\u0161\u00ed mnoho v\u00fdhod:<\/p>\n<ul>\n<li><strong>Vysoce kvalifikovan\u00ed l\u00e9ka\u0159i<\/strong>: Turecko je domovem n\u011bkter\u00fdch z nejzku\u0161en\u011bj\u0161\u00edch chirurg\u016f a specialist\u016f na sv\u011bt\u011b, z nich\u017e mnoz\u00ed maj\u00ed mezin\u00e1rodn\u00ed vzd\u011bl\u00e1n\u00ed.<\/li>\n<li><strong>Dostupn\u00e9 l\u00e9\u010dby<\/strong>: L\u00e9ka\u0159sk\u00e9 z\u00e1kroky v Turecku mohou st\u00e1t a\u017e o 70 % m\u00e9n\u011b ne\u017e v USA nebo Evrop\u011b, ani\u017e by to ovlivnilo kvalitu.<\/li>\n<li><strong>Modern\u00ed kliniky<\/strong>: Tureck\u00e9 kliniky jsou vybaveny nejmodern\u011bj\u0161\u00ed technologi\u00ed, poskytuj\u00edc\u00ed vysok\u00fd standard p\u00e9\u010de a l\u00e9\u010dby.<\/li>\n<li><strong>Pohodln\u00e9 cestov\u00e1n\u00ed<\/strong>: Hlavn\u00ed m\u011bsta Turecka, jako je <strong>Istanbul<\/strong>, <strong>Antalya<\/strong> a <strong>Izmir<\/strong>, jsou snadno dostupn\u00e1 z cel\u00e9ho sv\u011bta, co\u017e \u010din\u00ed Turecko pohodlnou destinac\u00ed pro mezin\u00e1rodn\u00ed pacienty.<\/li>\n<\/ul>\n<figure style=\"width: 1014px\" class=\"wp-caption aligncenter\"><img loading=\"lazy\" decoding=\"async\" src=\"https:\/\/bestmeditrips.com\/wp-content\/uploads\/2024\/09\/health-tourism-istanbul-1.jpg\" alt=\"Why to prefer Turkey, Istanbul, Antalya, Izmir for dental and other medical treatments?\" width=\"1024\" height=\"455\" \/><figcaption class=\"wp-caption-text\"><em>Jedna ze zubn\u00edch klinik v Istanbulu<\/em><\/figcaption><\/figure>\n<h3>Obl\u00edben\u00e9 l\u00e9\u010dby v Turecku<\/h3>\n<ul>\n<li><em>Zubn\u00ed implant\u00e1ty<\/em>: Turecko je zn\u00e1m\u00e9 sv\u00fdmi dostupn\u00fdmi a kvalitn\u00edmi slu\u017ebami <strong>zubn\u00edch implant\u00e1t\u016f<\/strong>, v\u010detn\u011b l\u00e9\u010dby <em>all-on-4<\/em> a <em>all-on-6<\/em>.<\/li>\n<li><em>Rinoplastika<\/em> a <em>zv\u011bt\u0161en\u00ed prsou<\/em>: Turecko nab\u00edz\u00ed \u0161irokou \u0161k\u00e1lu procedur <strong>plastick\u00e9 chirurgie<\/strong> prov\u00e1d\u011bn\u00fdch certifikovan\u00fdmi odborn\u00edky.<\/li>\n<li><em>Obnova vlas\u016f<\/em>: S klinikami nab\u00edzej\u00edc\u00edmi pokro\u010dil\u00e9 techniky se Turecko stalo hlavn\u00ed destinac\u00ed pro l\u00e9\u010dbu <strong>transplantace vlas\u016f<\/strong>.<\/li>\n<li><strong>Ortopedick\u00e9 poruchy<\/strong>: Turecko poskytuje vynikaj\u00edc\u00ed ortopedickou p\u00e9\u010di, specializuje se na <em>n\u00e1hrady kloub\u016f<\/em>, <em>trhliny menisku<\/em> a minim\u00e1ln\u011b invazivn\u00ed operace.<\/li>\n<li><strong>L\u00e9\u010dba o\u010d\u00ed<\/strong>: Turecko je tak\u00e9 p\u0159edn\u00ed destinac\u00ed pro oftalmologickou p\u00e9\u010di, nab\u00edzej\u00edc\u00ed procedury jako <em>LASIK<\/em>, <em>operace katarakty<\/em> a <em>transplantace rohovky<\/em>. D\u00edky nejmodern\u011bj\u0161\u00ed technologii a zku\u0161en\u00fdm oftalmolog\u016fm mohou pacienti o\u010dek\u00e1vat vysoce kvalitn\u00ed p\u00e9\u010di za konkurenceschopn\u00e9 ceny.<\/li>\n<li><strong>L\u00e9\u010dba rakoviny<\/strong>: Turecko se st\u00e1le v\u00edce st\u00e1v\u00e1 centrem pro pokro\u010dilou l\u00e9\u010dbu rakoviny, poskytuj\u00edc\u00ed komplexn\u00ed p\u00e9\u010di pro pacienty s r\u016fzn\u00fdmi typy rakoviny. Od nejmodern\u011bj\u0161\u00ed chemoterapie a radioterapie a\u017e po inovativn\u00ed imunoterapii a precizn\u00ed onkologii, tureck\u00e9 kliniky nab\u00edzej\u00ed p\u0159\u00edstup k nejlep\u0161\u00edm onkologick\u00fdm specialist\u016fm a nejnov\u011bj\u0161\u00edm l\u00e9ka\u0159sk\u00fdm technologi\u00edm. Pacienti mohou o\u010dek\u00e1vat personalizovan\u00e9 pl\u00e1ny l\u00e9\u010dby za v\u00fdrazn\u011b ni\u017e\u0161\u00ed n\u00e1klady ne\u017e v z\u00e1padn\u00edch zem\u00edch, ani\u017e by byla ohro\u017eena kvalita.<\/li>\n<\/ul>\n<h3>Hlavn\u00ed m\u011bsta pro zdravotn\u00ed turistiku v Turecku<\/h3>\n<ul>\n<li><strong>Istanbul<\/strong>: Zn\u00e1m\u00fd sv\u00fdmi \u0161pi\u010dkov\u00fdmi klinikami pro <strong>zubn\u00ed implant\u00e1ty<\/strong> a <strong>plastickou chirurgii<\/strong>, <strong>Istanbul<\/strong> ka\u017edoro\u010dn\u011b p\u0159itahuje tis\u00edce mezin\u00e1rodn\u00edch pacient\u016f.<\/li>\n<li><strong>Antalya<\/strong>: P\u0159\u00edmo\u0159sk\u00e9 m\u011bsto, kter\u00e9 nab\u00edz\u00ed nejen vysoce kvalitn\u00ed l\u00e9ka\u0159skou p\u00e9\u010di, ale tak\u00e9 relaxa\u010dn\u00ed prost\u0159ed\u00ed pro zotaven\u00ed, zejm\u00e9na po estetick\u00fdch procedur\u00e1ch.<\/li>\n<li><strong>Izmir<\/strong>: Kl\u00ed\u010dov\u00e9 m\u011bsto pro zubn\u00ed p\u00e9\u010di a l\u00e9\u010dbu <strong>ortopedick\u00fdch poruch<\/strong>, <strong>Izmir<\/strong> se st\u00e1v\u00e1 rostouc\u00edm centrem pro zdravotn\u00ed turistiku.<\/li>\n<\/ul>\n<h3>Z\u00edskejte nejlep\u0161\u00ed l\u00e9\u010dbu za nejlep\u0161\u00ed ceny<\/h3>\n<p>V\u00fdb\u011brem Turecka z\u00edsk\u00e1v\u00e1te nejen vysoce kvalitn\u00ed zdravotn\u00ed p\u00e9\u010di, ale tak\u00e9 v\u00fdrazn\u00e9 \u00faspory na l\u00e9ka\u0159sk\u00fdch n\u00e1kladech. Mnoho klinik nab\u00edz\u00ed all-inclusive bal\u00ed\u010dky, kter\u00e9 pokr\u00fdvaj\u00ed l\u00e9\u010dbu, ubytov\u00e1n\u00ed a dopravu, co\u017e zaji\u0161\u0165uje hladk\u00fd pr\u016fb\u011bh pro mezin\u00e1rodn\u00ed pacienty.<\/p>\n<h3>Za\u010dn\u011bte pl\u00e1novat svou zdravotn\u00ed cestu do Turecka<\/h3>\n<p>Jste p\u0159ipraveni prozkoumat mo\u017enosti zdravotn\u00ed p\u00e9\u010de v Turecku? Kontaktujte n\u00e1\u0161 t\u00fdm pro individu\u00e1ln\u00ed rady a doporu\u010den\u00ed ohledn\u011b nejlep\u0161\u00edch klinik a l\u00e9\u010debn\u00fdch postup\u016f. Pom\u016f\u017eeme v\u00e1m ud\u011blat informovan\u00e1 rozhodnut\u00ed a z\u00edskat \u0161pi\u010dkov\u00e9 zdravotn\u00ed slu\u017eby za dostupn\u00e9 ceny.<\/p>\n<p><span style=\"text-decoration: underline;\"><strong>KONTAKTUJTE N\u00c1S<\/strong><\/span><\/p>\n<style id=\"wpforms-css-vars-673\">\n\t\t\t\t#wpforms-673 {\n\t\t\t\t\n\t\t\t}\n\t\t\t<\/style><div class=\"wpforms-container wpforms-container-full wpforms-render-modern\" id=\"wpforms-673\"><form id=\"wpforms-form-673\" class=\"wpforms-validate wpforms-form wpforms-ajax-form\" data-formid=\"673\" method=\"post\" enctype=\"multipart\/form-data\" action=\"\/cs\/wp-json\/wp\/v2\/pages\/1104\" data-token=\"3afdf7b15cb95e56096648baafd6df2b\" data-token-time=\"1776389937\"><noscript class=\"wpforms-error-noscript\">Chcete-li vyplnit tento formul\u00e1\u0159, pros\u00edm povolte v prohl\u00ed\u017ee\u010di JavaScript.<\/noscript><div id=\"wpforms-error-noscript\" style=\"display: none;\">Chcete-li vyplnit tento formul\u00e1\u0159, pros\u00edm povolte v prohl\u00ed\u017ee\u010di JavaScript.<\/div><div class=\"wpforms-field-container\"><div id=\"wpforms-673-field_1-container\" class=\"wpforms-field wpforms-field-name\" data-field-id=\"1\"><fieldset><legend class=\"wpforms-field-label\">Jm\u00e9no a p\u0159\u00edjmen\u00ed <span class=\"wpforms-required-label\" aria-hidden=\"true\">*<\/span><\/legend><div class=\"wpforms-field-row wpforms-field-medium\"><div class=\"wpforms-field-row-block wpforms-first wpforms-one-half\"><input type=\"text\" id=\"wpforms-673-field_1\" class=\"wpforms-field-name-first wpforms-field-required\" name=\"wpforms[fields][1][first]\" aria-errormessage=\"wpforms-673-field_1-error\" required><label for=\"wpforms-673-field_1\" class=\"wpforms-field-sublabel after\">First<\/label><\/div><div class=\"wpforms-field-row-block wpforms-one-half\"><input type=\"text\" id=\"wpforms-673-field_1-last\" class=\"wpforms-field-name-last wpforms-field-required\" name=\"wpforms[fields][1][last]\" aria-errormessage=\"wpforms-673-field_1-last-error\" required><label for=\"wpforms-673-field_1-last\" class=\"wpforms-field-sublabel after\">Last<\/label><\/div><\/div><\/fieldset><\/div><div id=\"wpforms-673-field_2-container\" class=\"wpforms-field wpforms-field-email\" data-field-id=\"2\"><label class=\"wpforms-field-label\" for=\"wpforms-673-field_2\">E-mail a mobiln\u00ed telefon <span class=\"wpforms-required-label\" aria-hidden=\"true\">*<\/span><\/label><input type=\"email\" id=\"wpforms-673-field_2\" class=\"wpforms-field-medium wpforms-field-required\" name=\"wpforms[fields][2]\" spellcheck=\"false\" aria-errormessage=\"wpforms-673-field_2-error\" required><\/div>\t\t<div id=\"wpforms-673-field_4-container\"\n\t\t\tclass=\"wpforms-field wpforms-field-text\"\n\t\t\tdata-field-type=\"text\"\n\t\t\tdata-field-id=\"4\"\n\t\t\t>\n\t\t\t<label class=\"wpforms-field-label\" for=\"wpforms-673-field_4\" >mobiln\u00ed Va\u0161e a<\/label>\n\t\t\t<input type=\"text\" id=\"wpforms-673-field_4\" class=\"wpforms-field-medium\" name=\"wpforms[fields][4]\" >\n\t\t<\/div>\n\t\t<div id=\"wpforms-673-field_3-container\" class=\"wpforms-field wpforms-field-textarea\" data-field-id=\"3\"><label class=\"wpforms-field-label\" for=\"wpforms-673-field_3\">Va\u0161e zpr\u00e1va<\/label><textarea id=\"wpforms-673-field_3\" class=\"wpforms-field-medium\" name=\"wpforms[fields][3]\" aria-errormessage=\"wpforms-673-field_3-error\" ><\/textarea><\/div><script>\n\t\t\t\t( function() {\n\t\t\t\t\tconst style = document.createElement( 'style' );\n\t\t\t\t\tstyle.appendChild( document.createTextNode( '#wpforms-673-field_4-container { position: absolute !important; overflow: hidden !important; display: inline !important; height: 1px !important; width: 1px !important; z-index: -1000 !important; padding: 0 !important; } #wpforms-673-field_4-container input { visibility: hidden; } #wpforms-conversational-form-page #wpforms-673-field_4-container label { counter-increment: none; }' ) );\n\t\t\t\t\tdocument.head.appendChild( style );\n\t\t\t\t\tdocument.currentScript?.remove();\n\t\t\t\t} )();\n\t\t\t<\/script><\/div><!-- .wpforms-field-container --><div class=\"wpforms-submit-container\" ><input type=\"hidden\" name=\"wpforms[id]\" value=\"673\"><input type=\"hidden\" name=\"page_title\" value=\"\"><input type=\"hidden\" name=\"page_url\" value=\"https:\/\/bestmeditrips.com\/cs\/wp-json\/wp\/v2\/pages\/1104\"><input type=\"hidden\" name=\"url_referer\" value=\"\"><button type=\"submit\" name=\"wpforms[submit]\" id=\"wpforms-submit-673\" class=\"wpforms-submit\" data-alt-text=\"Sending...\" data-submit-text=\"Odeslat\" aria-live=\"assertive\" value=\"wpforms-submit\">Odeslat<\/button><img loading=\"lazy\" decoding=\"async\" src=\"https:\/\/bestmeditrips.com\/wp-content\/plugins\/wpforms-lite\/assets\/images\/submit-spin.svg\" class=\"wpforms-submit-spinner\" style=\"display: none;\" width=\"26\" height=\"26\" alt=\"Na\u010d\u00edt\u00e1n\u00ed\"><\/div><\/form><\/div>  <!-- .wpforms-container -->\n","protected":false},"excerpt":{"rendered":"<p>Objevte pr\u00e9miovou zdravotn\u00ed p\u00e9\u010di v Turecku Turecko se stalo p\u0159edn\u00ed destinac\u00ed pro zdravotn\u00ed turistiku, nab\u00edzej\u00edc\u00ed \u0161pi\u010dkov\u00e9 l\u00e9ka\u0159sk\u00e9 o\u0161et\u0159en\u00ed za dostupn\u00e9 ceny. A\u0165 u\u017e zva\u017eujete zubn\u00ed implant\u00e1ty, plastickou chirurgii, ortopedick\u00e9 poruchy, l\u00e9\u010dbu o\u010d\u00ed, transplantaci vlas\u016f, l\u00e9\u010dbu rakoviny nebo jin\u00e9 specializovan\u00e9 l\u00e9\u010dby, Turecko v\u00e1m poskytuje p\u0159\u00edstup k vysoce kvalifikovan\u00fdm odborn\u00edk\u016fm a modern\u00edm klinik\u00e1m. Pro\u010d si vybrat Turecko &#8230; <a title=\"Turecko\" class=\"read-more\" href=\"https:\/\/bestmeditrips.com\/cs\/turecko\/\" aria-label=\"\u010c\u00edst v\u00edce o Turecko\">Read more<\/a><\/p>\n","protected":false},"author":1,"featured_media":905,"parent":0,"menu_order":0,"comment_status":"closed","ping_status":"closed","template":"","meta":{"footnotes":""},"class_list":["post-1104","page","type-page","status-publish","has-post-thumbnail"],"yoast_head":"<!-- This site is optimized with the Yoast SEO plugin v27.4 - https:\/\/yoast.com\/product\/yoast-seo-wordpress\/ -->\n<title>Zdravotn\u00ed Turistika v Turecku: Dostupn\u00e9 L\u00e9\u010dby, Pr\u00e9miov\u00e9 Kliniky<\/title>\n<meta name=\"description\" content=\"Objevte \u0161pi\u010dkov\u00e9 zdravotn\u00ed slu\u017eby v Turecku. Dostupn\u00e9 ceny a odborn\u00e1 p\u00e9\u010de od nejlep\u0161\u00edch l\u00e9ka\u0159\u016f v Istanbulu, Antalyi, Izmiru...\" \/>\n<meta name=\"robots\" content=\"index, follow, max-snippet:-1, max-image-preview:large, max-video-preview:-1\" \/>\n<link rel=\"canonical\" href=\"https:\/\/bestmeditrips.com\/cs\/turecko\/\" \/>\n<meta property=\"og:locale\" content=\"cs_CZ\" \/>\n<meta property=\"og:type\" content=\"article\" \/>\n<meta property=\"og:title\" content=\"Zdravotn\u00ed Turistika v Turecku: Dostupn\u00e9 L\u00e9\u010dby, Pr\u00e9miov\u00e9 Kliniky\" \/>\n<meta property=\"og:description\" content=\"Objevte \u0161pi\u010dkov\u00e9 zdravotn\u00ed slu\u017eby v Turecku. Dostupn\u00e9 ceny a odborn\u00e1 p\u00e9\u010de od nejlep\u0161\u00edch l\u00e9ka\u0159\u016f v Istanbulu, Antalyi, Izmiru...\" \/>\n<meta property=\"og:url\" content=\"https:\/\/bestmeditrips.com\/cs\/turecko\/\" \/>\n<meta property=\"og:site_name\" content=\"Bestmeditrips.com\" \/>\n<meta property=\"article:publisher\" content=\"https:\/\/www.facebook.com\/profile.php?id=61565479139599\" \/>\n<meta property=\"og:image\" content=\"https:\/\/bestmeditrips.com\/wp-content\/uploads\/2024\/09\/turkey-e1727124656345.jpg\" \/>\n\t<meta property=\"og:image:width\" content=\"1350\" \/>\n\t<meta property=\"og:image:height\" content=\"360\" \/>\n\t<meta property=\"og:image:type\" content=\"image\/jpeg\" \/>\n<meta name=\"twitter:card\" content=\"summary_large_image\" \/>\n<meta name=\"twitter:label1\" content=\"Odhadovan\u00e1 doba \u010dten\u00ed\" \/>\n\t<meta name=\"twitter:data1\" content=\"3 minuty\" \/>\n<script type=\"application\/ld+json\" class=\"yoast-schema-graph\">{\"@context\":\"https:\\\/\\\/schema.org\",\"@graph\":[{\"@type\":\"WebPage\",\"@id\":\"https:\\\/\\\/bestmeditrips.com\\\/cs\\\/turecko\\\/\",\"url\":\"https:\\\/\\\/bestmeditrips.com\\\/cs\\\/turecko\\\/\",\"name\":\"Zdravotn\u00ed Turistika v Turecku: Dostupn\u00e9 L\u00e9\u010dby, Pr\u00e9miov\u00e9 Kliniky\",\"isPartOf\":{\"@id\":\"https:\\\/\\\/bestmeditrips.com\\\/cs\\\/#website\"},\"primaryImageOfPage\":{\"@id\":\"https:\\\/\\\/bestmeditrips.com\\\/cs\\\/turecko\\\/#primaryimage\"},\"image\":{\"@id\":\"https:\\\/\\\/bestmeditrips.com\\\/cs\\\/turecko\\\/#primaryimage\"},\"thumbnailUrl\":\"https:\\\/\\\/bestmeditrips.com\\\/wp-content\\\/uploads\\\/2024\\\/09\\\/turkey-e1727124656345.jpg\",\"datePublished\":\"2024-09-23T18:41:39+00:00\",\"description\":\"Objevte \u0161pi\u010dkov\u00e9 zdravotn\u00ed slu\u017eby v Turecku. Dostupn\u00e9 ceny a odborn\u00e1 p\u00e9\u010de od nejlep\u0161\u00edch l\u00e9ka\u0159\u016f v Istanbulu, Antalyi, Izmiru...\",\"breadcrumb\":{\"@id\":\"https:\\\/\\\/bestmeditrips.com\\\/cs\\\/turecko\\\/#breadcrumb\"},\"inLanguage\":\"cs\",\"potentialAction\":[{\"@type\":\"ReadAction\",\"target\":[\"https:\\\/\\\/bestmeditrips.com\\\/cs\\\/turecko\\\/\"]}]},{\"@type\":\"ImageObject\",\"inLanguage\":\"cs\",\"@id\":\"https:\\\/\\\/bestmeditrips.com\\\/cs\\\/turecko\\\/#primaryimage\",\"url\":\"https:\\\/\\\/bestmeditrips.com\\\/wp-content\\\/uploads\\\/2024\\\/09\\\/turkey-e1727124656345.jpg\",\"contentUrl\":\"https:\\\/\\\/bestmeditrips.com\\\/wp-content\\\/uploads\\\/2024\\\/09\\\/turkey-e1727124656345.jpg\",\"width\":1350,\"height\":360,\"caption\":\"Turecko; pr\u00e9miov\u00e1 zdravotn\u00ed p\u00e9\u010de, hlavn\u00ed m\u011bsto zdravotn\u00ed\\\/m\u00e1te\u0159sk\u00e9 turistiky.\"},{\"@type\":\"BreadcrumbList\",\"@id\":\"https:\\\/\\\/bestmeditrips.com\\\/cs\\\/turecko\\\/#breadcrumb\",\"itemListElement\":[{\"@type\":\"ListItem\",\"position\":1,\"name\":\"Home\",\"item\":\"https:\\\/\\\/bestmeditrips.com\\\/cs\\\/\"},{\"@type\":\"ListItem\",\"position\":2,\"name\":\"Turecko\"}]},{\"@type\":\"WebSite\",\"@id\":\"https:\\\/\\\/bestmeditrips.com\\\/cs\\\/#website\",\"url\":\"https:\\\/\\\/bestmeditrips.com\\\/cs\\\/\",\"name\":\"Bestmeditrips.com\",\"description\":\"Zdravotn\u00ed turistika, nejlep\u0161\u00ed o\u0161et\u0159en\u00ed, kliniky, l\u00e9ka\u0159i a zuba\u0159i!\",\"publisher\":{\"@id\":\"https:\\\/\\\/bestmeditrips.com\\\/cs\\\/#organization\"},\"potentialAction\":[{\"@type\":\"SearchAction\",\"target\":{\"@type\":\"EntryPoint\",\"urlTemplate\":\"https:\\\/\\\/bestmeditrips.com\\\/cs\\\/?s={search_term_string}\"},\"query-input\":{\"@type\":\"PropertyValueSpecification\",\"valueRequired\":true,\"valueName\":\"search_term_string\"}}],\"inLanguage\":\"cs\"},{\"@type\":\"Organization\",\"@id\":\"https:\\\/\\\/bestmeditrips.com\\\/cs\\\/#organization\",\"name\":\"Bestmeditrips.com\",\"url\":\"https:\\\/\\\/bestmeditrips.com\\\/cs\\\/\",\"logo\":{\"@type\":\"ImageObject\",\"inLanguage\":\"cs\",\"@id\":\"https:\\\/\\\/bestmeditrips.com\\\/cs\\\/#\\\/schema\\\/logo\\\/image\\\/\",\"url\":\"https:\\\/\\\/bestmeditrips.com\\\/wp-content\\\/uploads\\\/2024\\\/09\\\/logo-2.png\",\"contentUrl\":\"https:\\\/\\\/bestmeditrips.com\\\/wp-content\\\/uploads\\\/2024\\\/09\\\/logo-2.png\",\"width\":500,\"height\":98,\"caption\":\"Bestmeditrips.com\"},\"image\":{\"@id\":\"https:\\\/\\\/bestmeditrips.com\\\/cs\\\/#\\\/schema\\\/logo\\\/image\\\/\"},\"sameAs\":[\"https:\\\/\\\/www.facebook.com\\\/profile.php?id=61565479139599\"]}]}<\/script>\n<!-- \/ Yoast SEO plugin. -->","yoast_head_json":{"title":"Zdravotn\u00ed Turistika v Turecku: Dostupn\u00e9 L\u00e9\u010dby, Pr\u00e9miov\u00e9 Kliniky","description":"Objevte \u0161pi\u010dkov\u00e9 zdravotn\u00ed slu\u017eby v Turecku. Dostupn\u00e9 ceny a odborn\u00e1 p\u00e9\u010de od nejlep\u0161\u00edch l\u00e9ka\u0159\u016f v Istanbulu, Antalyi, Izmiru...","robots":{"index":"index","follow":"follow","max-snippet":"max-snippet:-1","max-image-preview":"max-image-preview:large","max-video-preview":"max-video-preview:-1"},"canonical":"https:\/\/bestmeditrips.com\/cs\/turecko\/","og_locale":"cs_CZ","og_type":"article","og_title":"Zdravotn\u00ed Turistika v Turecku: Dostupn\u00e9 L\u00e9\u010dby, Pr\u00e9miov\u00e9 Kliniky","og_description":"Objevte \u0161pi\u010dkov\u00e9 zdravotn\u00ed slu\u017eby v Turecku. Dostupn\u00e9 ceny a odborn\u00e1 p\u00e9\u010de od nejlep\u0161\u00edch l\u00e9ka\u0159\u016f v Istanbulu, Antalyi, Izmiru...","og_url":"https:\/\/bestmeditrips.com\/cs\/turecko\/","og_site_name":"Bestmeditrips.com","article_publisher":"https:\/\/www.facebook.com\/profile.php?id=61565479139599","og_image":[{"width":1350,"height":360,"url":"https:\/\/bestmeditrips.com\/wp-content\/uploads\/2024\/09\/turkey-e1727124656345.jpg","type":"image\/jpeg"}],"twitter_card":"summary_large_image","twitter_misc":{"Odhadovan\u00e1 doba \u010dten\u00ed":"3 minuty"},"schema":{"@context":"https:\/\/schema.org","@graph":[{"@type":"WebPage","@id":"https:\/\/bestmeditrips.com\/cs\/turecko\/","url":"https:\/\/bestmeditrips.com\/cs\/turecko\/","name":"Zdravotn\u00ed Turistika v Turecku: Dostupn\u00e9 L\u00e9\u010dby, Pr\u00e9miov\u00e9 Kliniky","isPartOf":{"@id":"https:\/\/bestmeditrips.com\/cs\/#website"},"primaryImageOfPage":{"@id":"https:\/\/bestmeditrips.com\/cs\/turecko\/#primaryimage"},"image":{"@id":"https:\/\/bestmeditrips.com\/cs\/turecko\/#primaryimage"},"thumbnailUrl":"https:\/\/bestmeditrips.com\/wp-content\/uploads\/2024\/09\/turkey-e1727124656345.jpg","datePublished":"2024-09-23T18:41:39+00:00","description":"Objevte \u0161pi\u010dkov\u00e9 zdravotn\u00ed slu\u017eby v Turecku. Dostupn\u00e9 ceny a odborn\u00e1 p\u00e9\u010de od nejlep\u0161\u00edch l\u00e9ka\u0159\u016f v Istanbulu, Antalyi, Izmiru...","breadcrumb":{"@id":"https:\/\/bestmeditrips.com\/cs\/turecko\/#breadcrumb"},"inLanguage":"cs","potentialAction":[{"@type":"ReadAction","target":["https:\/\/bestmeditrips.com\/cs\/turecko\/"]}]},{"@type":"ImageObject","inLanguage":"cs","@id":"https:\/\/bestmeditrips.com\/cs\/turecko\/#primaryimage","url":"https:\/\/bestmeditrips.com\/wp-content\/uploads\/2024\/09\/turkey-e1727124656345.jpg","contentUrl":"https:\/\/bestmeditrips.com\/wp-content\/uploads\/2024\/09\/turkey-e1727124656345.jpg","width":1350,"height":360,"caption":"Turecko; pr\u00e9miov\u00e1 zdravotn\u00ed p\u00e9\u010de, hlavn\u00ed m\u011bsto zdravotn\u00ed\/m\u00e1te\u0159sk\u00e9 turistiky."},{"@type":"BreadcrumbList","@id":"https:\/\/bestmeditrips.com\/cs\/turecko\/#breadcrumb","itemListElement":[{"@type":"ListItem","position":1,"name":"Home","item":"https:\/\/bestmeditrips.com\/cs\/"},{"@type":"ListItem","position":2,"name":"Turecko"}]},{"@type":"WebSite","@id":"https:\/\/bestmeditrips.com\/cs\/#website","url":"https:\/\/bestmeditrips.com\/cs\/","name":"Bestmeditrips.com","description":"Zdravotn\u00ed turistika, nejlep\u0161\u00ed o\u0161et\u0159en\u00ed, kliniky, l\u00e9ka\u0159i a zuba\u0159i!","publisher":{"@id":"https:\/\/bestmeditrips.com\/cs\/#organization"},"potentialAction":[{"@type":"SearchAction","target":{"@type":"EntryPoint","urlTemplate":"https:\/\/bestmeditrips.com\/cs\/?s={search_term_string}"},"query-input":{"@type":"PropertyValueSpecification","valueRequired":true,"valueName":"search_term_string"}}],"inLanguage":"cs"},{"@type":"Organization","@id":"https:\/\/bestmeditrips.com\/cs\/#organization","name":"Bestmeditrips.com","url":"https:\/\/bestmeditrips.com\/cs\/","logo":{"@type":"ImageObject","inLanguage":"cs","@id":"https:\/\/bestmeditrips.com\/cs\/#\/schema\/logo\/image\/","url":"https:\/\/bestmeditrips.com\/wp-content\/uploads\/2024\/09\/logo-2.png","contentUrl":"https:\/\/bestmeditrips.com\/wp-content\/uploads\/2024\/09\/logo-2.png","width":500,"height":98,"caption":"Bestmeditrips.com"},"image":{"@id":"https:\/\/bestmeditrips.com\/cs\/#\/schema\/logo\/image\/"},"sameAs":["https:\/\/www.facebook.com\/profile.php?id=61565479139599"]}]}},"_links":{"self":[{"href":"https:\/\/bestmeditrips.com\/cs\/wp-json\/wp\/v2\/pages\/1104","targetHints":{"allow":["GET"]}}],"collection":[{"href":"https:\/\/bestmeditrips.com\/cs\/wp-json\/wp\/v2\/pages"}],"about":[{"href":"https:\/\/bestmeditrips.com\/cs\/wp-json\/wp\/v2\/types\/page"}],"author":[{"embeddable":true,"href":"https:\/\/bestmeditrips.com\/cs\/wp-json\/wp\/v2\/users\/1"}],"replies":[{"embeddable":true,"href":"https:\/\/bestmeditrips.com\/cs\/wp-json\/wp\/v2\/comments?post=1104"}],"version-history":[{"count":0,"href":"https:\/\/bestmeditrips.com\/cs\/wp-json\/wp\/v2\/pages\/1104\/revisions"}],"wp:featuredmedia":[{"embeddable":true,"href":"https:\/\/bestmeditrips.com\/cs\/wp-json\/wp\/v2\/media\/905"}],"wp:attachment":[{"href":"https:\/\/bestmeditrips.com\/cs\/wp-json\/wp\/v2\/media?parent=1104"}],"curies":[{"name":"wp","href":"https:\/\/api.w.org\/{rel}","templated":true}]}}