{"id":592,"date":"2024-09-02T20:02:05","date_gmt":"2024-09-02T17:02:05","guid":{"rendered":"https:\/\/bestmeditrips.com\/articles\/"},"modified":"2024-09-02T20:02:05","modified_gmt":"2024-09-02T17:02:05","slug":"articles","status":"publish","type":"page","link":"https:\/\/bestmeditrips.com\/ca\/articles\/","title":{"rendered":"Articles"},"content":{"rendered":"<h2>Bloc de Turisme M\u00e8dic | \u00daltims Articles i Idees<\/h2>\n<p>Descobreix les \u00faltimes tend\u00e8ncies, consells d&#8217;experts i articles interessants sobre turisme sanitari. El nostre bloc cobreix des de les millors opcions de tractament i consells de viatge fins a guies de destinacions i hist\u00f2ries de pacients. Mant\u00e9n-te informat amb contingut valu\u00f3s dissenyat per millorar el teu viatge de turisme sanitari.<\/p>\n","protected":false},"excerpt":{"rendered":"<p>Bloc de Turisme M\u00e8dic | \u00daltims Articles i Idees Descobreix les \u00faltimes tend\u00e8ncies, consells d&#8217;experts i articles interessants sobre turisme sanitari. El nostre bloc cobreix des de les millors opcions de tractament i consells de viatge fins a guies de destinacions i hist\u00f2ries de pacients. Mant\u00e9n-te informat amb contingut valu\u00f3s dissenyat per millorar el teu &#8230; <a title=\"Articles\" class=\"read-more\" href=\"https:\/\/bestmeditrips.com\/ca\/articles\/\" aria-label=\"M\u00e9s informaci\u00f3 sobre Articles\">Read more<\/a><\/p>\n","protected":false},"author":1,"featured_media":0,"parent":0,"menu_order":0,"comment_status":"closed","ping_status":"closed","template":"","meta":{"footnotes":""},"class_list":["post-592","page","type-page","status-publish"],"yoast_head":"<!-- This site is optimized with the Yoast SEO plugin v27.6 - https:\/\/yoast.com\/product\/yoast-seo-wordpress\/ -->\n<title>Bloc de Turisme M\u00e8dic | Articles i Idees | bestmeditrips.com<\/title>\n<meta name=\"description\" content=\"Explora informaci\u00f3 sobre turisme sanitari, \u00faltims articles, idees i actualitzacions sobre tractaments, destinacions i tend\u00e8ncies.\" \/>\n<meta name=\"robots\" content=\"index, follow, max-snippet:-1, max-image-preview:large, max-video-preview:-1\" \/>\n<link rel=\"canonical\" href=\"https:\/\/bestmeditrips.com\/ca\/articles\/\" \/>\n<meta property=\"og:locale\" content=\"ca_ES\" \/>\n<meta property=\"og:type\" content=\"article\" \/>\n<meta property=\"og:title\" content=\"Bloc de Turisme M\u00e8dic | Articles i Idees | bestmeditrips.com\" \/>\n<meta property=\"og:description\" content=\"Explora informaci\u00f3 sobre turisme sanitari, \u00faltims articles, idees i actualitzacions sobre tractaments, destinacions i tend\u00e8ncies.\" \/>\n<meta property=\"og:url\" content=\"https:\/\/bestmeditrips.com\/ca\/articles\/\" \/>\n<meta property=\"og:site_name\" content=\"Bestmeditrips.com\" \/>\n<meta property=\"article:publisher\" content=\"https:\/\/www.facebook.com\/profile.php?id=61565479139599\" \/>\n<meta property=\"og:image\" content=\"https:\/\/bestmeditrips.com\/wp-content\/uploads\/2024\/09\/health-tourism.jpg\" \/>\n\t<meta property=\"og:image:width\" content=\"1024\" \/>\n\t<meta property=\"og:image:height\" content=\"683\" \/>\n\t<meta property=\"og:image:type\" content=\"image\/jpeg\" \/>\n<meta name=\"twitter:card\" content=\"summary_large_image\" \/>\n<script type=\"application\/ld+json\" class=\"yoast-schema-graph\">{\"@context\":\"https:\\\/\\\/schema.org\",\"@graph\":[{\"@type\":\"WebPage\",\"@id\":\"https:\\\/\\\/bestmeditrips.com\\\/ca\\\/articles\\\/\",\"url\":\"https:\\\/\\\/bestmeditrips.com\\\/ca\\\/articles\\\/\",\"name\":\"Bloc de Turisme M\u00e8dic | Articles i Idees | bestmeditrips.com\",\"isPartOf\":{\"@id\":\"https:\\\/\\\/bestmeditrips.com\\\/ca\\\/#website\"},\"datePublished\":\"2024-09-02T17:02:05+00:00\",\"description\":\"Explora informaci\u00f3 sobre turisme sanitari, \u00faltims articles, idees i actualitzacions sobre tractaments, destinacions i tend\u00e8ncies.\",\"breadcrumb\":{\"@id\":\"https:\\\/\\\/bestmeditrips.com\\\/ca\\\/articles\\\/#breadcrumb\"},\"inLanguage\":\"ca\",\"potentialAction\":[{\"@type\":\"ReadAction\",\"target\":[\"https:\\\/\\\/bestmeditrips.com\\\/ca\\\/articles\\\/\"]}]},{\"@type\":\"BreadcrumbList\",\"@id\":\"https:\\\/\\\/bestmeditrips.com\\\/ca\\\/articles\\\/#breadcrumb\",\"itemListElement\":[{\"@type\":\"ListItem\",\"position\":1,\"name\":\"Home\",\"item\":\"https:\\\/\\\/bestmeditrips.com\\\/ca\\\/\"},{\"@type\":\"ListItem\",\"position\":2,\"name\":\"Articles\"}]},{\"@type\":\"WebSite\",\"@id\":\"https:\\\/\\\/bestmeditrips.com\\\/ca\\\/#website\",\"url\":\"https:\\\/\\\/bestmeditrips.com\\\/ca\\\/\",\"name\":\"Bestmeditrips.com\",\"description\":\"Turisme m\u00e8dic, millors tractaments, cl\u00edniques, metges i dentistes!\",\"publisher\":{\"@id\":\"https:\\\/\\\/bestmeditrips.com\\\/ca\\\/#organization\"},\"potentialAction\":[{\"@type\":\"SearchAction\",\"target\":{\"@type\":\"EntryPoint\",\"urlTemplate\":\"https:\\\/\\\/bestmeditrips.com\\\/ca\\\/?s={search_term_string}\"},\"query-input\":{\"@type\":\"PropertyValueSpecification\",\"valueRequired\":true,\"valueName\":\"search_term_string\"}}],\"inLanguage\":\"ca\"},{\"@type\":\"Organization\",\"@id\":\"https:\\\/\\\/bestmeditrips.com\\\/ca\\\/#organization\",\"name\":\"Bestmeditrips.com\",\"url\":\"https:\\\/\\\/bestmeditrips.com\\\/ca\\\/\",\"logo\":{\"@type\":\"ImageObject\",\"inLanguage\":\"ca\",\"@id\":\"https:\\\/\\\/bestmeditrips.com\\\/ca\\\/#\\\/schema\\\/logo\\\/image\\\/\",\"url\":\"https:\\\/\\\/bestmeditrips.com\\\/wp-content\\\/uploads\\\/2024\\\/09\\\/logo-2.png\",\"contentUrl\":\"https:\\\/\\\/bestmeditrips.com\\\/wp-content\\\/uploads\\\/2024\\\/09\\\/logo-2.png\",\"width\":500,\"height\":98,\"caption\":\"Bestmeditrips.com\"},\"image\":{\"@id\":\"https:\\\/\\\/bestmeditrips.com\\\/ca\\\/#\\\/schema\\\/logo\\\/image\\\/\"},\"sameAs\":[\"https:\\\/\\\/www.facebook.com\\\/profile.php?id=61565479139599\"]}]}<\/script>\n<!-- \/ Yoast SEO plugin. -->","yoast_head_json":{"title":"Bloc de Turisme M\u00e8dic | Articles i Idees | bestmeditrips.com","description":"Explora informaci\u00f3 sobre turisme sanitari, \u00faltims articles, idees i actualitzacions sobre tractaments, destinacions i tend\u00e8ncies.","robots":{"index":"index","follow":"follow","max-snippet":"max-snippet:-1","max-image-preview":"max-image-preview:large","max-video-preview":"max-video-preview:-1"},"canonical":"https:\/\/bestmeditrips.com\/ca\/articles\/","og_locale":"ca_ES","og_type":"article","og_title":"Bloc de Turisme M\u00e8dic | Articles i Idees | bestmeditrips.com","og_description":"Explora informaci\u00f3 sobre turisme sanitari, \u00faltims articles, idees i actualitzacions sobre tractaments, destinacions i tend\u00e8ncies.","og_url":"https:\/\/bestmeditrips.com\/ca\/articles\/","og_site_name":"Bestmeditrips.com","article_publisher":"https:\/\/www.facebook.com\/profile.php?id=61565479139599","og_image":[{"width":1024,"height":683,"url":"https:\/\/bestmeditrips.com\/wp-content\/uploads\/2024\/09\/health-tourism.jpg","type":"image\/jpeg"}],"twitter_card":"summary_large_image","schema":{"@context":"https:\/\/schema.org","@graph":[{"@type":"WebPage","@id":"https:\/\/bestmeditrips.com\/ca\/articles\/","url":"https:\/\/bestmeditrips.com\/ca\/articles\/","name":"Bloc de Turisme M\u00e8dic | Articles i Idees | bestmeditrips.com","isPartOf":{"@id":"https:\/\/bestmeditrips.com\/ca\/#website"},"datePublished":"2024-09-02T17:02:05+00:00","description":"Explora informaci\u00f3 sobre turisme sanitari, \u00faltims articles, idees i actualitzacions sobre tractaments, destinacions i tend\u00e8ncies.","breadcrumb":{"@id":"https:\/\/bestmeditrips.com\/ca\/articles\/#breadcrumb"},"inLanguage":"ca","potentialAction":[{"@type":"ReadAction","target":["https:\/\/bestmeditrips.com\/ca\/articles\/"]}]},{"@type":"BreadcrumbList","@id":"https:\/\/bestmeditrips.com\/ca\/articles\/#breadcrumb","itemListElement":[{"@type":"ListItem","position":1,"name":"Home","item":"https:\/\/bestmeditrips.com\/ca\/"},{"@type":"ListItem","position":2,"name":"Articles"}]},{"@type":"WebSite","@id":"https:\/\/bestmeditrips.com\/ca\/#website","url":"https:\/\/bestmeditrips.com\/ca\/","name":"Bestmeditrips.com","description":"Turisme m\u00e8dic, millors tractaments, cl\u00edniques, metges i dentistes!","publisher":{"@id":"https:\/\/bestmeditrips.com\/ca\/#organization"},"potentialAction":[{"@type":"SearchAction","target":{"@type":"EntryPoint","urlTemplate":"https:\/\/bestmeditrips.com\/ca\/?s={search_term_string}"},"query-input":{"@type":"PropertyValueSpecification","valueRequired":true,"valueName":"search_term_string"}}],"inLanguage":"ca"},{"@type":"Organization","@id":"https:\/\/bestmeditrips.com\/ca\/#organization","name":"Bestmeditrips.com","url":"https:\/\/bestmeditrips.com\/ca\/","logo":{"@type":"ImageObject","inLanguage":"ca","@id":"https:\/\/bestmeditrips.com\/ca\/#\/schema\/logo\/image\/","url":"https:\/\/bestmeditrips.com\/wp-content\/uploads\/2024\/09\/logo-2.png","contentUrl":"https:\/\/bestmeditrips.com\/wp-content\/uploads\/2024\/09\/logo-2.png","width":500,"height":98,"caption":"Bestmeditrips.com"},"image":{"@id":"https:\/\/bestmeditrips.com\/ca\/#\/schema\/logo\/image\/"},"sameAs":["https:\/\/www.facebook.com\/profile.php?id=61565479139599"]}]}},"_links":{"self":[{"href":"https:\/\/bestmeditrips.com\/ca\/wp-json\/wp\/v2\/pages\/592","targetHints":{"allow":["GET"]}}],"collection":[{"href":"https:\/\/bestmeditrips.com\/ca\/wp-json\/wp\/v2\/pages"}],"about":[{"href":"https:\/\/bestmeditrips.com\/ca\/wp-json\/wp\/v2\/types\/page"}],"author":[{"embeddable":true,"href":"https:\/\/bestmeditrips.com\/ca\/wp-json\/wp\/v2\/users\/1"}],"replies":[{"embeddable":true,"href":"https:\/\/bestmeditrips.com\/ca\/wp-json\/wp\/v2\/comments?post=592"}],"version-history":[{"count":0,"href":"https:\/\/bestmeditrips.com\/ca\/wp-json\/wp\/v2\/pages\/592\/revisions"}],"wp:attachment":[{"href":"https:\/\/bestmeditrips.com\/ca\/wp-json\/wp\/v2\/media?parent=592"}],"curies":[{"name":"wp","href":"https:\/\/api.w.org\/{rel}","templated":true}]}}