{"id":416,"date":"2024-09-01T20:00:15","date_gmt":"2024-09-01T17:00:15","guid":{"rendered":"https:\/\/bestmeditrips.com\/politica-de-privacitat\/"},"modified":"2024-09-05T00:58:24","modified_gmt":"2024-09-04T21:58:24","slug":"politica-de-privacitat","status":"publish","type":"page","link":"https:\/\/bestmeditrips.com\/ca\/politica-de-privacitat\/","title":{"rendered":"Pol\u00edtica de Privacitat"},"content":{"rendered":"<p><strong>Pol\u00edtica de Privacitat<\/strong><\/p>\n<p>Gr\u00e0cies per visitar <em>BestMediTrips.com<\/em>. La vostra privacitat \u00e9s important per a nosaltres. Aquesta <strong>Pol\u00edtica de Privacitat<\/strong> explica com recopilem, utilitzem, divulguem i protegim la vostra informaci\u00f3 quan visiteu el nostre lloc web. Llegiu atentament aquesta pol\u00edtica de privacitat. Si no esteu d&#8217;acord amb els termes d&#8217;aquesta pol\u00edtica de privacitat, si us plau, no accediu al lloc.<\/p>\n<p><strong>1. Informaci\u00f3 que Recopilem<\/strong><\/p>\n<p>Podem recopilar informaci\u00f3 personal com el vostre nom, adre\u00e7a de correu electr\u00f2nic, n\u00famero de tel\u00e8fon i altres detalls que proporcioneu quan interactueu amb el nostre lloc web o ens contacteu per a consultes.<\/p>\n<p><strong>2. Com Utilitzem la Vostra Informaci\u00f3<\/strong><\/p>\n<p>Podem utilitzar la informaci\u00f3 que recopilem per:<\/p>\n<p>Proporcionar, operar i mantenir el nostre lloc web<br \/>\nMillorar, personalitzar i expandir les ofertes del nostre lloc web<br \/>\nComunicar-nos amb vosaltres, ja sigui directament o a trav\u00e9s d&#8217;un dels nostres socis, incloent-hi per a serveis d&#8217;atenci\u00f3 al client, proporcionar actualitzacions i altra informaci\u00f3 relacionada amb el lloc web, i per a finalitats de m\u00e0rqueting i promoci\u00f3<br \/>\nProtegir, investigar i dissuadir activitats no autoritzades o il\u00b7legals<\/p>\n<p><strong>3. Divulgaci\u00f3 de la Vostra Informaci\u00f3<\/strong><\/p>\n<p>Podem compartir la vostra informaci\u00f3 amb tercers nom\u00e9s de les maneres descrites en aquesta pol\u00edtica de privacitat.<\/p>\n<p><strong>4. Seguretat de la Vostra Informaci\u00f3<\/strong><\/p>\n<p>Utilitzem mesures de seguretat administratives, t\u00e8cniques i f\u00edsiques per ajudar a protegir la vostra informaci\u00f3 personal. Tot i que hem pres mesures raonables per assegurar la informaci\u00f3 personal que ens proporcioneu, tingueu en compte que, malgrat els nostres esfor\u00e7os, cap mesura de seguretat \u00e9s perfecta o impenetrable.<\/p>\n<p><strong>5. Les Vostres Opcions Respecte a la Vostra Informaci\u00f3<\/strong><\/p>\n<p>Teniu dret a:<\/p>\n<p>Actualitzar o corregir la vostra informaci\u00f3 personal<br \/>\nOptar per no rebre comunicacions de m\u00e0rqueting<br \/>\nSol\u00b7licitar que eliminem la vostra informaci\u00f3 personal<\/p>\n<p><strong>6. Canvis a Aquesta Pol\u00edtica de Privacitat<\/strong><\/p>\n<p>Podem actualitzar aquesta <strong>Pol\u00edtica de Privacitat<\/strong> de tant en tant per reflectir, per exemple, canvis en les nostres pr\u00e0ctiques o per altres raons operatives, legals o regulat\u00f2ries.<\/p>\n<p><strong>7. Contacteu-nos<\/strong><\/p>\n<p>Si teniu preguntes o comentaris sobre aquesta <strong>Pol\u00edtica de Privacitat<\/strong>, contacteu-nos a guiaturca@gmail.com.<\/p>\n","protected":false},"excerpt":{"rendered":"<p>Pol\u00edtica de Privacitat Gr\u00e0cies per visitar BestMediTrips.com. La vostra privacitat \u00e9s important per a nosaltres. Aquesta Pol\u00edtica de Privacitat explica com recopilem, utilitzem, divulguem i protegim la vostra informaci\u00f3 quan visiteu el nostre lloc web. Llegiu atentament aquesta pol\u00edtica de privacitat. Si no esteu d&#8217;acord amb els termes d&#8217;aquesta pol\u00edtica de privacitat, si us plau, &#8230; <a title=\"Pol\u00edtica de Privacitat\" class=\"read-more\" href=\"https:\/\/bestmeditrips.com\/ca\/politica-de-privacitat\/\" aria-label=\"M\u00e9s informaci\u00f3 sobre Pol\u00edtica de Privacitat\">Read more<\/a><\/p>\n","protected":false},"author":1,"featured_media":0,"parent":0,"menu_order":0,"comment_status":"closed","ping_status":"open","template":"","meta":{"footnotes":""},"class_list":["post-416","page","type-page","status-publish"],"yoast_head":"<!-- This site is optimized with the Yoast SEO plugin v27.4 - https:\/\/yoast.com\/product\/yoast-seo-wordpress\/ -->\n<title>Pol\u00edtica de Privacitat - Bestmeditrips.com<\/title>\n<meta name=\"robots\" content=\"index, follow, max-snippet:-1, max-image-preview:large, max-video-preview:-1\" \/>\n<link rel=\"canonical\" href=\"https:\/\/bestmeditrips.com\/ca\/politica-de-privacitat\/\" \/>\n<meta property=\"og:locale\" content=\"ca_ES\" \/>\n<meta property=\"og:type\" content=\"article\" \/>\n<meta property=\"og:title\" content=\"Pol\u00edtica de Privacitat - Bestmeditrips.com\" \/>\n<meta property=\"og:description\" content=\"Pol\u00edtica de Privacitat Gr\u00e0cies per visitar BestMediTrips.com. La vostra privacitat \u00e9s important per a nosaltres. Aquesta Pol\u00edtica de Privacitat explica com recopilem, utilitzem, divulguem i protegim la vostra informaci\u00f3 quan visiteu el nostre lloc web. Llegiu atentament aquesta pol\u00edtica de privacitat. Si no esteu d&#8217;acord amb els termes d&#8217;aquesta pol\u00edtica de privacitat, si us plau, ... Read more\" \/>\n<meta property=\"og:url\" content=\"https:\/\/bestmeditrips.com\/ca\/politica-de-privacitat\/\" \/>\n<meta property=\"og:site_name\" content=\"Bestmeditrips.com\" \/>\n<meta property=\"article:publisher\" content=\"https:\/\/www.facebook.com\/profile.php?id=61565479139599\" \/>\n<meta property=\"article:modified_time\" content=\"2024-09-04T21:58:24+00:00\" \/>\n<meta property=\"og:image\" content=\"https:\/\/bestmeditrips.com\/wp-content\/uploads\/2024\/09\/health-tourism.jpg\" \/>\n\t<meta property=\"og:image:width\" content=\"1024\" \/>\n\t<meta property=\"og:image:height\" content=\"683\" \/>\n\t<meta property=\"og:image:type\" content=\"image\/jpeg\" \/>\n<meta name=\"twitter:card\" content=\"summary_large_image\" \/>\n<meta name=\"twitter:label1\" content=\"Temps estimat de lectura\" \/>\n\t<meta name=\"twitter:data1\" content=\"2 minuts\" \/>\n<script type=\"application\/ld+json\" class=\"yoast-schema-graph\">{\"@context\":\"https:\\\/\\\/schema.org\",\"@graph\":[{\"@type\":\"WebPage\",\"@id\":\"https:\\\/\\\/bestmeditrips.com\\\/ca\\\/politica-de-privacitat\\\/\",\"url\":\"https:\\\/\\\/bestmeditrips.com\\\/ca\\\/politica-de-privacitat\\\/\",\"name\":\"Pol\u00edtica de Privacitat - Bestmeditrips.com\",\"isPartOf\":{\"@id\":\"https:\\\/\\\/bestmeditrips.com\\\/ca\\\/#website\"},\"datePublished\":\"2024-09-01T17:00:15+00:00\",\"dateModified\":\"2024-09-04T21:58:24+00:00\",\"breadcrumb\":{\"@id\":\"https:\\\/\\\/bestmeditrips.com\\\/ca\\\/politica-de-privacitat\\\/#breadcrumb\"},\"inLanguage\":\"ca\",\"potentialAction\":[{\"@type\":\"ReadAction\",\"target\":[\"https:\\\/\\\/bestmeditrips.com\\\/ca\\\/politica-de-privacitat\\\/\"]}]},{\"@type\":\"BreadcrumbList\",\"@id\":\"https:\\\/\\\/bestmeditrips.com\\\/ca\\\/politica-de-privacitat\\\/#breadcrumb\",\"itemListElement\":[{\"@type\":\"ListItem\",\"position\":1,\"name\":\"Home\",\"item\":\"https:\\\/\\\/bestmeditrips.com\\\/ca\\\/\"},{\"@type\":\"ListItem\",\"position\":2,\"name\":\"Pol\u00edtica de Privacitat\"}]},{\"@type\":\"WebSite\",\"@id\":\"https:\\\/\\\/bestmeditrips.com\\\/ca\\\/#website\",\"url\":\"https:\\\/\\\/bestmeditrips.com\\\/ca\\\/\",\"name\":\"Bestmeditrips.com\",\"description\":\"Turisme m\u00e8dic, millors tractaments, cl\u00edniques, metges i dentistes!\",\"publisher\":{\"@id\":\"https:\\\/\\\/bestmeditrips.com\\\/ca\\\/#organization\"},\"potentialAction\":[{\"@type\":\"SearchAction\",\"target\":{\"@type\":\"EntryPoint\",\"urlTemplate\":\"https:\\\/\\\/bestmeditrips.com\\\/ca\\\/?s={search_term_string}\"},\"query-input\":{\"@type\":\"PropertyValueSpecification\",\"valueRequired\":true,\"valueName\":\"search_term_string\"}}],\"inLanguage\":\"ca\"},{\"@type\":\"Organization\",\"@id\":\"https:\\\/\\\/bestmeditrips.com\\\/ca\\\/#organization\",\"name\":\"Bestmeditrips.com\",\"url\":\"https:\\\/\\\/bestmeditrips.com\\\/ca\\\/\",\"logo\":{\"@type\":\"ImageObject\",\"inLanguage\":\"ca\",\"@id\":\"https:\\\/\\\/bestmeditrips.com\\\/ca\\\/#\\\/schema\\\/logo\\\/image\\\/\",\"url\":\"https:\\\/\\\/bestmeditrips.com\\\/wp-content\\\/uploads\\\/2024\\\/09\\\/logo-2.png\",\"contentUrl\":\"https:\\\/\\\/bestmeditrips.com\\\/wp-content\\\/uploads\\\/2024\\\/09\\\/logo-2.png\",\"width\":500,\"height\":98,\"caption\":\"Bestmeditrips.com\"},\"image\":{\"@id\":\"https:\\\/\\\/bestmeditrips.com\\\/ca\\\/#\\\/schema\\\/logo\\\/image\\\/\"},\"sameAs\":[\"https:\\\/\\\/www.facebook.com\\\/profile.php?id=61565479139599\"]}]}<\/script>\n<!-- \/ Yoast SEO plugin. -->","yoast_head_json":{"title":"Pol\u00edtica de Privacitat - Bestmeditrips.com","robots":{"index":"index","follow":"follow","max-snippet":"max-snippet:-1","max-image-preview":"max-image-preview:large","max-video-preview":"max-video-preview:-1"},"canonical":"https:\/\/bestmeditrips.com\/ca\/politica-de-privacitat\/","og_locale":"ca_ES","og_type":"article","og_title":"Pol\u00edtica de Privacitat - Bestmeditrips.com","og_description":"Pol\u00edtica de Privacitat Gr\u00e0cies per visitar BestMediTrips.com. La vostra privacitat \u00e9s important per a nosaltres. Aquesta Pol\u00edtica de Privacitat explica com recopilem, utilitzem, divulguem i protegim la vostra informaci\u00f3 quan visiteu el nostre lloc web. Llegiu atentament aquesta pol\u00edtica de privacitat. Si no esteu d&#8217;acord amb els termes d&#8217;aquesta pol\u00edtica de privacitat, si us plau, ... Read more","og_url":"https:\/\/bestmeditrips.com\/ca\/politica-de-privacitat\/","og_site_name":"Bestmeditrips.com","article_publisher":"https:\/\/www.facebook.com\/profile.php?id=61565479139599","article_modified_time":"2024-09-04T21:58:24+00:00","og_image":[{"width":1024,"height":683,"url":"https:\/\/bestmeditrips.com\/wp-content\/uploads\/2024\/09\/health-tourism.jpg","type":"image\/jpeg"}],"twitter_card":"summary_large_image","twitter_misc":{"Temps estimat de lectura":"2 minuts"},"schema":{"@context":"https:\/\/schema.org","@graph":[{"@type":"WebPage","@id":"https:\/\/bestmeditrips.com\/ca\/politica-de-privacitat\/","url":"https:\/\/bestmeditrips.com\/ca\/politica-de-privacitat\/","name":"Pol\u00edtica de Privacitat - Bestmeditrips.com","isPartOf":{"@id":"https:\/\/bestmeditrips.com\/ca\/#website"},"datePublished":"2024-09-01T17:00:15+00:00","dateModified":"2024-09-04T21:58:24+00:00","breadcrumb":{"@id":"https:\/\/bestmeditrips.com\/ca\/politica-de-privacitat\/#breadcrumb"},"inLanguage":"ca","potentialAction":[{"@type":"ReadAction","target":["https:\/\/bestmeditrips.com\/ca\/politica-de-privacitat\/"]}]},{"@type":"BreadcrumbList","@id":"https:\/\/bestmeditrips.com\/ca\/politica-de-privacitat\/#breadcrumb","itemListElement":[{"@type":"ListItem","position":1,"name":"Home","item":"https:\/\/bestmeditrips.com\/ca\/"},{"@type":"ListItem","position":2,"name":"Pol\u00edtica de Privacitat"}]},{"@type":"WebSite","@id":"https:\/\/bestmeditrips.com\/ca\/#website","url":"https:\/\/bestmeditrips.com\/ca\/","name":"Bestmeditrips.com","description":"Turisme m\u00e8dic, millors tractaments, cl\u00edniques, metges i dentistes!","publisher":{"@id":"https:\/\/bestmeditrips.com\/ca\/#organization"},"potentialAction":[{"@type":"SearchAction","target":{"@type":"EntryPoint","urlTemplate":"https:\/\/bestmeditrips.com\/ca\/?s={search_term_string}"},"query-input":{"@type":"PropertyValueSpecification","valueRequired":true,"valueName":"search_term_string"}}],"inLanguage":"ca"},{"@type":"Organization","@id":"https:\/\/bestmeditrips.com\/ca\/#organization","name":"Bestmeditrips.com","url":"https:\/\/bestmeditrips.com\/ca\/","logo":{"@type":"ImageObject","inLanguage":"ca","@id":"https:\/\/bestmeditrips.com\/ca\/#\/schema\/logo\/image\/","url":"https:\/\/bestmeditrips.com\/wp-content\/uploads\/2024\/09\/logo-2.png","contentUrl":"https:\/\/bestmeditrips.com\/wp-content\/uploads\/2024\/09\/logo-2.png","width":500,"height":98,"caption":"Bestmeditrips.com"},"image":{"@id":"https:\/\/bestmeditrips.com\/ca\/#\/schema\/logo\/image\/"},"sameAs":["https:\/\/www.facebook.com\/profile.php?id=61565479139599"]}]}},"_links":{"self":[{"href":"https:\/\/bestmeditrips.com\/ca\/wp-json\/wp\/v2\/pages\/416","targetHints":{"allow":["GET"]}}],"collection":[{"href":"https:\/\/bestmeditrips.com\/ca\/wp-json\/wp\/v2\/pages"}],"about":[{"href":"https:\/\/bestmeditrips.com\/ca\/wp-json\/wp\/v2\/types\/page"}],"author":[{"embeddable":true,"href":"https:\/\/bestmeditrips.com\/ca\/wp-json\/wp\/v2\/users\/1"}],"replies":[{"embeddable":true,"href":"https:\/\/bestmeditrips.com\/ca\/wp-json\/wp\/v2\/comments?post=416"}],"version-history":[{"count":1,"href":"https:\/\/bestmeditrips.com\/ca\/wp-json\/wp\/v2\/pages\/416\/revisions"}],"predecessor-version":[{"id":567,"href":"https:\/\/bestmeditrips.com\/ca\/wp-json\/wp\/v2\/pages\/416\/revisions\/567"}],"wp:attachment":[{"href":"https:\/\/bestmeditrips.com\/ca\/wp-json\/wp\/v2\/media?parent=416"}],"curies":[{"name":"wp","href":"https:\/\/api.w.org\/{rel}","templated":true}]}}