{"id":294,"date":"2024-09-02T20:44:40","date_gmt":"2024-09-02T17:44:40","guid":{"rendered":"https:\/\/bestmeditrips.com\/destinacions-i-turisme-de-salut-internacional\/"},"modified":"2024-09-23T11:38:14","modified_gmt":"2024-09-23T08:38:14","slug":"destinacions-i-turisme-de-salut-internacional","status":"publish","type":"page","link":"https:\/\/bestmeditrips.com\/ca\/","title":{"rendered":"Destinacions De Turisme M\u00e8dic"},"content":{"rendered":"<h2>Descobreix la millor experi\u00e8ncia de turisme m\u00e8dic<\/h2>\n<p>Benvingut a <strong><em>BestMediTrips.com<\/em><\/strong>, la teva destinaci\u00f3 principal per a una atenci\u00f3 m\u00e8dica excepcional combinada amb experi\u00e8ncies de viatge extraordin\u00e0ries. La nostra plataforma multiling\u00fce est\u00e0 dedicada a connectar-te amb les millors destinacions de turisme m\u00e8dic a tot el m\u00f3n, oferint-te informaci\u00f3 detallada sobre els millors tractaments i serveis m\u00e8dics disponibles.<\/p>\n<h3>Explora destinacions premium de turisme m\u00e8dic<\/h3>\n<p>A <strong><em>BestMediTrips.com<\/em><\/strong>, oferim una selecci\u00f3 acurada d&#8217;opcions de turisme m\u00e8dic, guiant-te a trav\u00e9s d&#8217;una \u00e0mplia gamma de tractaments disponibles a les destinacions m\u00e9s captivadores del m\u00f3n. Descobreix qu\u00e8 fa que cada lloc sigui \u00fanic:<\/p>\n<h4><strong><span style=\"color: #ff0000;\">\u2665 <\/span><\/strong><strong>TURQUIA:<\/strong> Istanbul, Antalya, Izmir i Ankara<\/h4>\n<p>Turquia \u00e9s coneguda per les seves modernes instal\u00b7lacions m\u00e8diques i tractaments rendibles. Explora les nostres millors ciutats per a una varietat de serveis de salut:<\/p>\n<ul>\n<li><strong>Cl\u00edniques Dentals:<\/strong> Transforma el teu somriure amb procediments avan\u00e7ats com implants, millores de somriure de Hollywood i solucions innovadores com &#8220;all-on-4&#8221; i &#8220;all-on-6&#8221;.<\/li>\n<li><strong>Cl\u00edniques de Restauraci\u00f3 Capil\u00b7lar:<\/strong> Aconsegueix resultats naturals i duradors amb t\u00e8cniques avan\u00e7ades de trasplantament de cabell.<\/li>\n<li><strong>Hospitals d&#8217;Est\u00e8tica:<\/strong> Experimenta cirurgia est\u00e8tica de classe mundial, des de lifting facial fins a modelatge corporal.<\/li>\n<li><strong>Especialistes en Ortop\u00e8dia:<\/strong> Beneficia&#8217;t de tractaments avan\u00e7ats per a problemes d&#8217;articulacions i columna vertebral, assegurant una recuperaci\u00f3 \u00f2ptima i mobilitat.<\/li>\n<\/ul>\n<h4><strong><span style=\"color: #ff0000;\">\u2665 <\/span><\/strong><strong>HONGRIA:<\/strong> Budapest i Debrecen<\/h4>\n<p>Hongria ofereix atenci\u00f3 m\u00e8dica reconeguda, especialment en tractaments dentals. A Budapest i Debrecen, descobreix:<\/p>\n<ul>\n<li><strong>Cl\u00edniques Dentals:<\/strong> Atenci\u00f3 de primera classe per a implants i procediments dentals est\u00e8tics a preus competitius.<\/li>\n<li><strong>Centres de Cirurgia Est\u00e8tica:<\/strong> Millora el teu aspecte amb una atenci\u00f3 meticulosa als detalls.<\/li>\n<\/ul>\n<h4><strong><span style=\"color: #ff0000;\">\u2665 <\/span><\/strong><strong>S\u00c8RBIA:<\/strong> Belgrad<\/h4>\n<p>Belgrad est\u00e0 emergint com un centre d&#8217;atenci\u00f3 m\u00e8dica de qualitat. Aqu\u00ed pots trobar:<\/p>\n<ul>\n<li><strong>Serveis M\u00e8dics Innovadors:<\/strong> Des de tractaments dentals fins a procediments est\u00e8tics, experimenta una atenci\u00f3 excepcional adaptada a les teves necessitats.<\/li>\n<li><strong>Cl\u00edniques M\u00e8diques Personalitzades:<\/strong> Gaudeix de serveis en una ciutat coneguda per la seva hospitalitat c\u00e0lida i experi\u00e8ncia m\u00e8dica.<\/li>\n<\/ul>\n<h4><strong><span style=\"color: #ff0000;\">\u2665 <\/span><\/strong><strong>CRO\u00c0CIA:<\/strong> Zagreb i Split<\/h4>\n<p>Cro\u00e0cia combina excel\u00b7l\u00e8ncia m\u00e8dica amb paisatges bonics. Descobreix:<\/p>\n<ul>\n<li><strong>Cl\u00edniques Dentals i Est\u00e8tiques:<\/strong> Gaudeix de tractaments avan\u00e7ats en un entorn pintoresc.<\/li>\n<li><strong>Hospitals de Rehabilitaci\u00f3 i Benestar:<\/strong> Opcions de cura integral dissenyades per millorar el teu benestar general.<\/li>\n<\/ul>\n<h4><strong><span style=\"color: #ff0000;\">\u2665 <\/span><\/strong><strong>POL\u00d2NIA:<\/strong> Vars\u00f2via i Crac\u00f2via<\/h4>\n<p>Pol\u00f2nia ofereix serveis m\u00e8dics d&#8217;alta qualitat a preus assequibles. Explora:<\/p>\n<ul>\n<li><strong>Instal\u00b7lacions de Cura Dental:<\/strong> Solucions avan\u00e7ades per a implants i altres necessitats dentals.<\/li>\n<li><strong>Cl\u00edniques d&#8217;Ortop\u00e8dia i Est\u00e8tica:<\/strong> Instal\u00b7lacions modernes que ofereixen una \u00e0mplia gamma de procediments.<\/li>\n<\/ul>\n<h4><strong><span style=\"color: #ff0000;\">\u2665 <\/span><\/strong><strong>ALEMANYA:<\/strong> Berl\u00edn i Munic<\/h4>\n<p>Alemanya \u00e9s sin\u00f2nim d&#8217;innovaci\u00f3 m\u00e8dica i qualitat. Accedeix a:<\/p>\n<ul>\n<li><strong>Hospitals de Vanguardia:<\/strong> La \u00faltima tecnologia m\u00e8dica i atenci\u00f3 especialitzada.<\/li>\n<li><strong>Centres Complets de Serveis de Salut:<\/strong> Tractaments de classe mundial per a cirurgies complexes i procediments de rutina.<\/li>\n<\/ul>\n<h4><strong><span style=\"color: #ff0000;\">\u2665 <\/span><\/strong><strong>REP\u00daBLICA TXECA:<\/strong> Praga<\/h4>\n<p>Praga ofereix una combinaci\u00f3 d&#8217;encant hist\u00f2ric i atenci\u00f3 sanit\u00e0ria moderna. Descobreix:<\/p>\n<ul>\n<li><strong>Cl\u00edniques Dentals de Primer Nivell:<\/strong> Solucions excel\u00b7lents en una de les ciutats m\u00e9s belles d&#8217;Europa.<\/li>\n<li><strong>Hospitals d&#8217;Est\u00e8tica:<\/strong> Procediments est\u00e8tics d&#8217;alta qualitat.<\/li>\n<\/ul>\n<h4><strong><span style=\"color: #ff0000;\">\u2665 <\/span><\/strong><strong>M\u00c8XIC:<\/strong> Canc\u00fan i Ciutat de M\u00e8xic<\/h4>\n<p>M\u00e8xic proporciona un tel\u00f3 de fons vibrant per a una atenci\u00f3 m\u00e8dica excepcional. Gaudeix de:<\/p>\n<ul>\n<li><strong>Centres de Tractament Assequibles:<\/strong> Procediments dentals i est\u00e8tics d&#8217;alta qualitat.<\/li>\n<li><strong>Cl\u00edniques d&#8217;Experi\u00e8ncia Cultural:<\/strong> Combina el teu tractament amb un viatge cultural ric.<\/li>\n<\/ul>\n<h4><strong><span style=\"color: #ff0000;\">\u2665 <\/span><\/strong><strong>COL\u00d2MBIA:<\/strong> Medell\u00edn i Bogot\u00e0<\/h4>\n<p>Col\u00f2mbia \u00e9s coneguda per professionals m\u00e8dics qualificats i serveis rendibles. Accedeix a:<\/p>\n<ul>\n<li><strong>Centres M\u00e8dics Complets:<\/strong> Una gamma de tractaments m\u00e8dics amb un enfocament en qualitat i assequibilitat.<\/li>\n<li><strong>Cl\u00edniques Dentals d&#8217;Experts:<\/strong> Cura d&#8217;experts en un pa\u00eds conegut per aven\u00e7os en l&#8217;atenci\u00f3 sanit\u00e0ria.<\/li>\n<\/ul>\n<h4><strong><span style=\"color: #ff0000;\">\u2665 <\/span><\/strong><strong>TAIL\u00c0NDIA:<\/strong> Bangkok i Phuket<\/h4>\n<p>Tail\u00e0ndia ofereix una combinaci\u00f3 perfecta d&#8217;atenci\u00f3 m\u00e8dica i experi\u00e8ncies de viatge. Descobreix:<\/p>\n<ul>\n<li><strong>Hospitals de Classe Mundial:<\/strong> Serveis m\u00e8dics d&#8217;alta qualitat per a cura dental i programes de benestar.<\/li>\n<li><strong>Cl\u00edniques en Destinacions Belles:<\/strong> Experimenta una atenci\u00f3 m\u00e8dica excepcional mentre explores Tail\u00e0ndia.<\/li>\n<\/ul>\n<h4><strong><span style=\"color: #ff0000;\">\u2665 <\/span><\/strong><strong>\u00cdNDIA:<\/strong> Delhi i Bombai<\/h4>\n<p>Les instal\u00b7lacions m\u00e8diques de l&#8217;\u00cdndia s\u00f3n avan\u00e7ades i assequibles. Explora:<\/p>\n<ul>\n<li><strong>Cl\u00edniques M\u00e8diques Diverses:<\/strong> Alts est\u00e0ndards en una varietat d&#8217;opcions m\u00e8diques.<\/li>\n<li><strong>Hospitals amb Especialistes Experts:<\/strong> Atenci\u00f3 d&#8217;experts a Delhi i Bombai.<\/li>\n<\/ul>\n<h4><strong><span style=\"color: #ff0000;\">\u2665 <\/span><\/strong><strong>VIETNAM:<\/strong> Ho Chi Minh City i Hanoi<\/h4>\n<p>Vietnam \u00e9s una destinaci\u00f3 emergent de turisme m\u00e8dic. Aqu\u00ed, pots beneficiar-te de:<\/p>\n<ul>\n<li><strong>Centres M\u00e8dics Efectius:<\/strong> Cura assequible i d&#8217;alta qualitat.<\/li>\n<li><strong>Cl\u00edniques de Tractament Completes:<\/strong> Des de cura dental fins a procediments ortop\u00e8dics.<\/li>\n<\/ul>\n<h4>Per qu\u00e8 escollir el turisme de salut i m\u00e8dic?<\/h4>\n<p>El turisme de salut i m\u00e8dic et permet combinar una atenci\u00f3 m\u00e8dica superior amb emocionants oportunitats de viatge. A <em>BestMediTrips.com<\/em>, ens dediquem a ajudar-te a trobar la destinaci\u00f3 i el tractament perfectes que s&#8217;adaptin a les teves necessitats i prefer\u00e8ncies. Explora la nostra plataforma per comen\u00e7ar el teu viatge cap a una atenci\u00f3 m\u00e8dica excepcional i experi\u00e8ncies inoblidables.<\/p>\n","protected":false},"excerpt":{"rendered":"<p>Descobreix la millor experi\u00e8ncia de turisme m\u00e8dic Benvingut a BestMediTrips.com, la teva destinaci\u00f3 principal per a una atenci\u00f3 m\u00e8dica excepcional combinada amb experi\u00e8ncies de viatge extraordin\u00e0ries. La nostra plataforma multiling\u00fce est\u00e0 dedicada a connectar-te amb les millors destinacions de turisme m\u00e8dic a tot el m\u00f3n, oferint-te informaci\u00f3 detallada sobre els millors tractaments i serveis m\u00e8dics &#8230; <a title=\"Destinacions De Turisme M\u00e8dic\" class=\"read-more\" href=\"https:\/\/bestmeditrips.com\/ca\/\" aria-label=\"M\u00e9s informaci\u00f3 sobre Destinacions De Turisme M\u00e8dic\">Read more<\/a><\/p>\n","protected":false},"author":1,"featured_media":327,"parent":0,"menu_order":0,"comment_status":"closed","ping_status":"closed","template":"","meta":{"footnotes":""},"class_list":["post-294","page","type-page","status-publish","has-post-thumbnail"],"yoast_head":"<!-- This site is optimized with the Yoast SEO plugin v27.6 - https:\/\/yoast.com\/product\/yoast-seo-wordpress\/ -->\n<title>Experts en turisme m\u00e8dic | Tractaments i destinacions premium<\/title>\n<meta name=\"description\" content=\"Explora els millors serveis de turisme de salut amb les millors cl\u00edniques, metges i dentistes, oferint assessorament expert per als millors viatges m\u00e8dics.\" \/>\n<meta name=\"robots\" content=\"index, follow, max-snippet:-1, max-image-preview:large, max-video-preview:-1\" \/>\n<link rel=\"canonical\" href=\"https:\/\/bestmeditrips.com\/ca\/\" \/>\n<meta property=\"og:locale\" content=\"ca_ES\" \/>\n<meta property=\"og:type\" content=\"article\" \/>\n<meta property=\"og:title\" content=\"Experts en turisme m\u00e8dic | Tractaments i destinacions premium\" \/>\n<meta property=\"og:description\" content=\"Explora els millors serveis de turisme de salut amb les millors cl\u00edniques, metges i dentistes, oferint assessorament expert per als millors viatges m\u00e8dics.\" \/>\n<meta property=\"og:url\" content=\"https:\/\/bestmeditrips.com\/ca\/\" \/>\n<meta property=\"og:site_name\" content=\"Bestmeditrips.com\" \/>\n<meta property=\"article:publisher\" content=\"https:\/\/www.facebook.com\/profile.php?id=61565479139599\" \/>\n<meta property=\"article:modified_time\" content=\"2024-09-23T08:38:14+00:00\" \/>\n<meta property=\"og:image\" content=\"https:\/\/bestmeditrips.com\/wp-content\/uploads\/2024\/09\/health-tourism.jpg\" \/>\n\t<meta property=\"og:image:width\" content=\"1024\" \/>\n\t<meta property=\"og:image:height\" content=\"683\" \/>\n\t<meta property=\"og:image:type\" content=\"image\/jpeg\" \/>\n<meta name=\"twitter:card\" content=\"summary_large_image\" \/>\n<meta name=\"twitter:label1\" content=\"Temps estimat de lectura\" \/>\n\t<meta name=\"twitter:data1\" content=\"4 minuts\" \/>\n<script type=\"application\/ld+json\" class=\"yoast-schema-graph\">{\"@context\":\"https:\\\/\\\/schema.org\",\"@graph\":[{\"@type\":\"WebPage\",\"@id\":\"https:\\\/\\\/bestmeditrips.com\\\/ca\\\/\",\"url\":\"https:\\\/\\\/bestmeditrips.com\\\/ca\\\/\",\"name\":\"Experts en turisme m\u00e8dic | Tractaments i destinacions premium\",\"isPartOf\":{\"@id\":\"https:\\\/\\\/bestmeditrips.com\\\/ca\\\/#website\"},\"primaryImageOfPage\":{\"@id\":\"https:\\\/\\\/bestmeditrips.com\\\/ca\\\/#primaryimage\"},\"image\":{\"@id\":\"https:\\\/\\\/bestmeditrips.com\\\/ca\\\/#primaryimage\"},\"thumbnailUrl\":\"https:\\\/\\\/bestmeditrips.com\\\/wp-content\\\/uploads\\\/2024\\\/09\\\/health-tourism.jpg\",\"datePublished\":\"2024-09-02T17:44:40+00:00\",\"dateModified\":\"2024-09-23T08:38:14+00:00\",\"description\":\"Explora els millors serveis de turisme de salut amb les millors cl\u00edniques, metges i dentistes, oferint assessorament expert per als millors viatges m\u00e8dics.\",\"breadcrumb\":{\"@id\":\"https:\\\/\\\/bestmeditrips.com\\\/ca\\\/#breadcrumb\"},\"inLanguage\":\"ca\",\"potentialAction\":[{\"@type\":\"ReadAction\",\"target\":[\"https:\\\/\\\/bestmeditrips.com\\\/ca\\\/\"]}]},{\"@type\":\"ImageObject\",\"inLanguage\":\"ca\",\"@id\":\"https:\\\/\\\/bestmeditrips.com\\\/ca\\\/#primaryimage\",\"url\":\"https:\\\/\\\/bestmeditrips.com\\\/wp-content\\\/uploads\\\/2024\\\/09\\\/health-tourism.jpg\",\"contentUrl\":\"https:\\\/\\\/bestmeditrips.com\\\/wp-content\\\/uploads\\\/2024\\\/09\\\/health-tourism.jpg\",\"width\":1024,\"height\":683,\"caption\":\"Medical tourism and best destinations in the world for dental, hair transplant, orthopedic and aesthetic treatments\"},{\"@type\":\"BreadcrumbList\",\"@id\":\"https:\\\/\\\/bestmeditrips.com\\\/ca\\\/#breadcrumb\",\"itemListElement\":[{\"@type\":\"ListItem\",\"position\":1,\"name\":\"Home\",\"item\":\"https:\\\/\\\/bestmeditrips.com\\\/ca\\\/\"},{\"@type\":\"ListItem\",\"position\":2,\"name\":\"Destinacions De Turisme M\u00e8dic\"}]},{\"@type\":\"WebSite\",\"@id\":\"https:\\\/\\\/bestmeditrips.com\\\/ca\\\/#website\",\"url\":\"https:\\\/\\\/bestmeditrips.com\\\/ca\\\/\",\"name\":\"Bestmeditrips.com\",\"description\":\"Turisme m\u00e8dic, millors tractaments, cl\u00edniques, metges i dentistes!\",\"publisher\":{\"@id\":\"https:\\\/\\\/bestmeditrips.com\\\/ca\\\/#organization\"},\"potentialAction\":[{\"@type\":\"SearchAction\",\"target\":{\"@type\":\"EntryPoint\",\"urlTemplate\":\"https:\\\/\\\/bestmeditrips.com\\\/ca\\\/?s={search_term_string}\"},\"query-input\":{\"@type\":\"PropertyValueSpecification\",\"valueRequired\":true,\"valueName\":\"search_term_string\"}}],\"inLanguage\":\"ca\"},{\"@type\":\"Organization\",\"@id\":\"https:\\\/\\\/bestmeditrips.com\\\/ca\\\/#organization\",\"name\":\"Bestmeditrips.com\",\"url\":\"https:\\\/\\\/bestmeditrips.com\\\/ca\\\/\",\"logo\":{\"@type\":\"ImageObject\",\"inLanguage\":\"ca\",\"@id\":\"https:\\\/\\\/bestmeditrips.com\\\/ca\\\/#\\\/schema\\\/logo\\\/image\\\/\",\"url\":\"https:\\\/\\\/bestmeditrips.com\\\/wp-content\\\/uploads\\\/2024\\\/09\\\/logo-2.png\",\"contentUrl\":\"https:\\\/\\\/bestmeditrips.com\\\/wp-content\\\/uploads\\\/2024\\\/09\\\/logo-2.png\",\"width\":500,\"height\":98,\"caption\":\"Bestmeditrips.com\"},\"image\":{\"@id\":\"https:\\\/\\\/bestmeditrips.com\\\/ca\\\/#\\\/schema\\\/logo\\\/image\\\/\"},\"sameAs\":[\"https:\\\/\\\/www.facebook.com\\\/profile.php?id=61565479139599\"]}]}<\/script>\n<!-- \/ Yoast SEO plugin. -->","yoast_head_json":{"title":"Experts en turisme m\u00e8dic | Tractaments i destinacions premium","description":"Explora els millors serveis de turisme de salut amb les millors cl\u00edniques, metges i dentistes, oferint assessorament expert per als millors viatges m\u00e8dics.","robots":{"index":"index","follow":"follow","max-snippet":"max-snippet:-1","max-image-preview":"max-image-preview:large","max-video-preview":"max-video-preview:-1"},"canonical":"https:\/\/bestmeditrips.com\/ca\/","og_locale":"ca_ES","og_type":"article","og_title":"Experts en turisme m\u00e8dic | Tractaments i destinacions premium","og_description":"Explora els millors serveis de turisme de salut amb les millors cl\u00edniques, metges i dentistes, oferint assessorament expert per als millors viatges m\u00e8dics.","og_url":"https:\/\/bestmeditrips.com\/ca\/","og_site_name":"Bestmeditrips.com","article_publisher":"https:\/\/www.facebook.com\/profile.php?id=61565479139599","article_modified_time":"2024-09-23T08:38:14+00:00","og_image":[{"width":1024,"height":683,"url":"https:\/\/bestmeditrips.com\/wp-content\/uploads\/2024\/09\/health-tourism.jpg","type":"image\/jpeg"}],"twitter_card":"summary_large_image","twitter_misc":{"Temps estimat de lectura":"4 minuts"},"schema":{"@context":"https:\/\/schema.org","@graph":[{"@type":"WebPage","@id":"https:\/\/bestmeditrips.com\/ca\/","url":"https:\/\/bestmeditrips.com\/ca\/","name":"Experts en turisme m\u00e8dic | Tractaments i destinacions premium","isPartOf":{"@id":"https:\/\/bestmeditrips.com\/ca\/#website"},"primaryImageOfPage":{"@id":"https:\/\/bestmeditrips.com\/ca\/#primaryimage"},"image":{"@id":"https:\/\/bestmeditrips.com\/ca\/#primaryimage"},"thumbnailUrl":"https:\/\/bestmeditrips.com\/wp-content\/uploads\/2024\/09\/health-tourism.jpg","datePublished":"2024-09-02T17:44:40+00:00","dateModified":"2024-09-23T08:38:14+00:00","description":"Explora els millors serveis de turisme de salut amb les millors cl\u00edniques, metges i dentistes, oferint assessorament expert per als millors viatges m\u00e8dics.","breadcrumb":{"@id":"https:\/\/bestmeditrips.com\/ca\/#breadcrumb"},"inLanguage":"ca","potentialAction":[{"@type":"ReadAction","target":["https:\/\/bestmeditrips.com\/ca\/"]}]},{"@type":"ImageObject","inLanguage":"ca","@id":"https:\/\/bestmeditrips.com\/ca\/#primaryimage","url":"https:\/\/bestmeditrips.com\/wp-content\/uploads\/2024\/09\/health-tourism.jpg","contentUrl":"https:\/\/bestmeditrips.com\/wp-content\/uploads\/2024\/09\/health-tourism.jpg","width":1024,"height":683,"caption":"Medical tourism and best destinations in the world for dental, hair transplant, orthopedic and aesthetic treatments"},{"@type":"BreadcrumbList","@id":"https:\/\/bestmeditrips.com\/ca\/#breadcrumb","itemListElement":[{"@type":"ListItem","position":1,"name":"Home","item":"https:\/\/bestmeditrips.com\/ca\/"},{"@type":"ListItem","position":2,"name":"Destinacions De Turisme M\u00e8dic"}]},{"@type":"WebSite","@id":"https:\/\/bestmeditrips.com\/ca\/#website","url":"https:\/\/bestmeditrips.com\/ca\/","name":"Bestmeditrips.com","description":"Turisme m\u00e8dic, millors tractaments, cl\u00edniques, metges i dentistes!","publisher":{"@id":"https:\/\/bestmeditrips.com\/ca\/#organization"},"potentialAction":[{"@type":"SearchAction","target":{"@type":"EntryPoint","urlTemplate":"https:\/\/bestmeditrips.com\/ca\/?s={search_term_string}"},"query-input":{"@type":"PropertyValueSpecification","valueRequired":true,"valueName":"search_term_string"}}],"inLanguage":"ca"},{"@type":"Organization","@id":"https:\/\/bestmeditrips.com\/ca\/#organization","name":"Bestmeditrips.com","url":"https:\/\/bestmeditrips.com\/ca\/","logo":{"@type":"ImageObject","inLanguage":"ca","@id":"https:\/\/bestmeditrips.com\/ca\/#\/schema\/logo\/image\/","url":"https:\/\/bestmeditrips.com\/wp-content\/uploads\/2024\/09\/logo-2.png","contentUrl":"https:\/\/bestmeditrips.com\/wp-content\/uploads\/2024\/09\/logo-2.png","width":500,"height":98,"caption":"Bestmeditrips.com"},"image":{"@id":"https:\/\/bestmeditrips.com\/ca\/#\/schema\/logo\/image\/"},"sameAs":["https:\/\/www.facebook.com\/profile.php?id=61565479139599"]}]}},"_links":{"self":[{"href":"https:\/\/bestmeditrips.com\/ca\/wp-json\/wp\/v2\/pages\/294","targetHints":{"allow":["GET"]}}],"collection":[{"href":"https:\/\/bestmeditrips.com\/ca\/wp-json\/wp\/v2\/pages"}],"about":[{"href":"https:\/\/bestmeditrips.com\/ca\/wp-json\/wp\/v2\/types\/page"}],"author":[{"embeddable":true,"href":"https:\/\/bestmeditrips.com\/ca\/wp-json\/wp\/v2\/users\/1"}],"replies":[{"embeddable":true,"href":"https:\/\/bestmeditrips.com\/ca\/wp-json\/wp\/v2\/comments?post=294"}],"version-history":[{"count":4,"href":"https:\/\/bestmeditrips.com\/ca\/wp-json\/wp\/v2\/pages\/294\/revisions"}],"predecessor-version":[{"id":810,"href":"https:\/\/bestmeditrips.com\/ca\/wp-json\/wp\/v2\/pages\/294\/revisions\/810"}],"wp:featuredmedia":[{"embeddable":true,"href":"https:\/\/bestmeditrips.com\/ca\/wp-json\/wp\/v2\/media\/327"}],"wp:attachment":[{"href":"https:\/\/bestmeditrips.com\/ca\/wp-json\/wp\/v2\/media?parent=294"}],"curies":[{"name":"wp","href":"https:\/\/api.w.org\/{rel}","templated":true}]}}