{"id":1101,"date":"2024-09-23T21:41:39","date_gmt":"2024-09-23T18:41:39","guid":{"rendered":"https:\/\/bestmeditrips.com\/turquia\/"},"modified":"2024-09-23T21:41:39","modified_gmt":"2024-09-23T18:41:39","slug":"turquia","status":"publish","type":"page","link":"https:\/\/bestmeditrips.com\/ca\/turquia\/","title":{"rendered":"Turquia"},"content":{"rendered":"<h2>Descobreix l&#8217;Assist\u00e8ncia Sanit\u00e0ria de Qualitat a Turquia<\/h2>\n<p>Turquia s&#8217;ha convertit en una destinaci\u00f3 l\u00edder en turisme sanitari, oferint tractaments m\u00e8dics de classe mundial a preus assequibles. Tant si est\u00e0s considerant <strong>implants dentals<\/strong>, <strong>cirurgia est\u00e8tica<\/strong>, <strong>trastorns ortop\u00e8dics<\/strong>, <strong>tractaments oculars<\/strong>, <strong>trasplantament capil\u00b7lar<\/strong>, <strong>tractaments contra el c\u00e0ncer<\/strong> o altres tractaments especialitzats, Turquia t&#8217;ofereix acc\u00e9s a professionals altament qualificats i cl\u00edniques d&#8217;avantguarda.<\/p>\n<figure style=\"width: 1014px\" class=\"wp-caption aligncenter\"><img loading=\"lazy\" decoding=\"async\" src=\"https:\/\/bestmeditrips.com\/wp-content\/uploads\/2024\/09\/turkey-hospital.jpg\" alt=\"One of the new and modern hospitals in Istanbul. \" width=\"1024\" height=\"616\" \/><figcaption class=\"wp-caption-text\"><em>Un modern hospital privat a la part europea d&#8217;Istanbul<\/em><\/figcaption><\/figure>\n<h3>Per qu\u00e8 escollir Turquia per al teu viatge m\u00e8dic?<\/h3>\n<p>Escollir Turquia per als teus tractaments de salut ofereix nombrosos avantatges:<\/p>\n<ul>\n<li><strong>Metges Altament Qualificats<\/strong>: Turquia compta amb alguns dels cirurgians i especialistes m\u00e9s experimentats del m\u00f3n, molts dels quals han rebut formaci\u00f3 internacional.<\/li>\n<li><strong>Tractaments Assequibles<\/strong>: Els procediments m\u00e8dics a Turquia poden costar fins a un 70% menys que als EUA o Europa, sense comprometre la qualitat.<\/li>\n<li><strong>Cl\u00edniques d&#8217;Avantguarda<\/strong>: Les cl\u00edniques turques estan equipades amb tecnologia moderna, oferint un alt nivell d&#8217;atenci\u00f3 i tractament.<\/li>\n<li><strong>Viatges Convenients<\/strong>: Les principals ciutats de Turquia, com <strong>Istanbul<\/strong>, <strong>Antalya<\/strong> i <strong>Izmir<\/strong>, s\u00f3n f\u00e0cilment accessibles des de qualsevol lloc del m\u00f3n, convertint Turquia en una destinaci\u00f3 convenient per a pacients internacionals.<\/li>\n<\/ul>\n<figure style=\"width: 1014px\" class=\"wp-caption aligncenter\"><img loading=\"lazy\" decoding=\"async\" src=\"https:\/\/bestmeditrips.com\/wp-content\/uploads\/2024\/09\/health-tourism-istanbul-1.jpg\" alt=\"Why to prefer Turkey, Istanbul, Antalya, Izmir for dental and other medical treatments?\" width=\"1024\" height=\"455\" \/><figcaption class=\"wp-caption-text\"><em>Una de les cl\u00edniques dentals d&#8217;Istanbul<\/em><\/figcaption><\/figure>\n<h3><strong>Tractaments Populars a Turquia<\/strong><\/h3>\n<ul>\n<li><em>Implant dental<\/em>: Turquia \u00e9s coneguda pels seus serveis d&#8217;<strong>implants dentals<\/strong> assequibles i d&#8217;alta qualitat, que inclouen tractaments com <em>all-on-4<\/em> i <em>all-on-6<\/em>.<\/li>\n<li><em>Rinopl\u00e0stia<\/em> i <em>augment de pit<\/em>: Turquia ofereix una \u00e0mplia gamma de procediments de <strong>cirurgia est\u00e8tica<\/strong> realitzats per professionals certificats.<\/li>\n<li><em>Restauraci\u00f3 capil\u00b7lar<\/em>: Amb cl\u00edniques que ofereixen t\u00e8cniques avan\u00e7ades, Turquia s&#8217;ha convertit en una destinaci\u00f3 principal per als tractaments de <strong>trasplantament capil\u00b7lar<\/strong>.<\/li>\n<li><strong>Trastorns ortop\u00e8dics<\/strong>: Turquia proporciona una excel\u00b7lent atenci\u00f3 ortop\u00e8dica, especialitzant-se en <em>reempla\u00e7aments articulars<\/em>, <em>esquin\u00e7os de menisc<\/em> i cirurgies m\u00ednimament invasives.<\/li>\n<li><strong>Tractaments oculars<\/strong>: Turquia tamb\u00e9 \u00e9s una destinaci\u00f3 l\u00edder en atenci\u00f3 oftalmol\u00f2gica, oferint procediments com <em>LASIK<\/em>, <em>cirurgia de cataractes<\/em> i <em>trasplantament de c\u00f2rnia<\/em>. Amb tecnologia de punta i oftalm\u00f2legs experimentats, els pacients poden esperar una atenci\u00f3 de qualitat a preus competitius.<\/li>\n<li><strong>Tractaments contra el c\u00e0ncer<\/strong>: Turquia s&#8217;est\u00e0 convertint cada vegada m\u00e9s en un centre per als tractaments oncol\u00f2gics avan\u00e7ats, oferint atenci\u00f3 integral per a pacients amb diversos tipus de c\u00e0ncer. Des de la quimioter\u00e0pia i la radioter\u00e0pia m\u00e9s avan\u00e7ades, fins a la immunoter\u00e0pia innovadora i l&#8217;oncologia de precisi\u00f3, les cl\u00edniques turques ofereixen acc\u00e9s als millors especialistes en oncologia i a les tecnologies m\u00e8diques m\u00e9s recents. Els pacients poden esperar plans de tractament personalitzats a costos molt inferiors en comparaci\u00f3 amb els pa\u00efsos occidentals, sense comprometre la qualitat.<\/li>\n<\/ul>\n<h3>Les Principals Ciutats per al Turisme M\u00e8dic a Turquia<\/h3>\n<ul>\n<li><strong>Istanbul<\/strong>: Coneguda per les seves cl\u00edniques d&#8217;<strong>implants dentals<\/strong> i <strong>cirurgia est\u00e8tica<\/strong> d&#8217;alt nivell, <strong>Istanbul<\/strong> atreu milers de pacients internacionals cada any.<\/li>\n<li><strong>Antalya<\/strong>: Una ciutat costanera que no nom\u00e9s ofereix atenci\u00f3 m\u00e8dica de qualitat, sin\u00f3 tamb\u00e9 un entorn relaxant per a la recuperaci\u00f3, especialment per a tractaments est\u00e8tics.<\/li>\n<li><strong>Izmir<\/strong>: Una ciutat clau en l&#8217;atenci\u00f3 dental i el tractament de <strong>trastorns ortop\u00e8dics<\/strong>, <strong>Izmir<\/strong> s&#8217;est\u00e0 convertint en un centre creixent per al turisme sanitari.<\/li>\n<\/ul>\n<h3>Obtingues el Millor Tractament als Millors Preus<\/h3>\n<p>Escollint Turquia, no nom\u00e9s optar\u00e0s per una atenci\u00f3 sanit\u00e0ria de qualitat, sin\u00f3 que tamb\u00e9 estalviar\u00e0s significativament en els costos m\u00e8dics. Moltes cl\u00edniques ofereixen paquets tot incl\u00f2s que cobreixen tractament, allotjament i transport, garantint una experi\u00e8ncia sense problemes per als pacients internacionals.<\/p>\n<h3>Comen\u00e7a a Planificar el Teu Viatge M\u00e8dic a Turquia<\/h3>\n<p>Est\u00e0s preparat per explorar les opcions d&#8217;atenci\u00f3 sanit\u00e0ria a Turquia? Contacta amb el nostre equip per rebre assessorament personalitzat i recomanacions sobre les millors cl\u00edniques i tractaments. Deixa que t&#8217;ajudem a prendre decisions informades i a obtenir serveis sanitaris de primera qualitat a preus assequibles.<\/p>\n<p><span style=\"text-decoration: underline;\"><strong>CONTACTA&#8217;NS<\/strong><\/span><\/p>\n<style id=\"wpforms-css-vars-673\">\n\t\t\t\t#wpforms-673 {\n\t\t\t\t\n\t\t\t}\n\t\t\t<\/style><div class=\"wpforms-container wpforms-container-full wpforms-render-modern\" id=\"wpforms-673\"><form id=\"wpforms-form-673\" class=\"wpforms-validate wpforms-form wpforms-ajax-form\" data-formid=\"673\" method=\"post\" enctype=\"multipart\/form-data\" action=\"\/ca\/wp-json\/wp\/v2\/pages\/1101\" data-token=\"3afdf7b15cb95e56096648baafd6df2b\" data-token-time=\"1776393882\"><noscript class=\"wpforms-error-noscript\">Activeu el JavaScript al navegador per a poder completar el formulari.<\/noscript><div id=\"wpforms-error-noscript\" style=\"display: none;\">Activeu el JavaScript al navegador per a poder completar el formulari.<\/div><div class=\"wpforms-field-container\"><div id=\"wpforms-673-field_1-container\" class=\"wpforms-field wpforms-field-name\" data-field-id=\"1\"><fieldset><legend class=\"wpforms-field-label\">Nom i cognom <span class=\"wpforms-required-label\" aria-hidden=\"true\">*<\/span><\/legend><div class=\"wpforms-field-row wpforms-field-medium\"><div class=\"wpforms-field-row-block wpforms-first wpforms-one-half\"><input type=\"text\" id=\"wpforms-673-field_1\" class=\"wpforms-field-name-first wpforms-field-required\" name=\"wpforms[fields][1][first]\" aria-errormessage=\"wpforms-673-field_1-error\" required><label for=\"wpforms-673-field_1\" class=\"wpforms-field-sublabel after\">First<\/label><\/div><div class=\"wpforms-field-row-block wpforms-one-half\"><input type=\"text\" id=\"wpforms-673-field_1-last\" class=\"wpforms-field-name-last wpforms-field-required\" name=\"wpforms[fields][1][last]\" aria-errormessage=\"wpforms-673-field_1-last-error\" required><label for=\"wpforms-673-field_1-last\" class=\"wpforms-field-sublabel after\">Last<\/label><\/div><\/div><\/fieldset><\/div><div id=\"wpforms-673-field_2-container\" class=\"wpforms-field wpforms-field-email\" data-field-id=\"2\"><label class=\"wpforms-field-label\" for=\"wpforms-673-field_2\">Correu electr\u00f2nic i tel\u00e8fon m\u00f2bil <span class=\"wpforms-required-label\" aria-hidden=\"true\">*<\/span><\/label><input type=\"email\" id=\"wpforms-673-field_2\" class=\"wpforms-field-medium wpforms-field-required\" name=\"wpforms[fields][2]\" spellcheck=\"false\" aria-errormessage=\"wpforms-673-field_2-error\" required><\/div>\t\t<div id=\"wpforms-673-field_4-container\"\n\t\t\tclass=\"wpforms-field wpforms-field-text\"\n\t\t\tdata-field-type=\"text\"\n\t\t\tdata-field-id=\"4\"\n\t\t\t>\n\t\t\t<label class=\"wpforms-field-label\" for=\"wpforms-673-field_4\" >electr\u00f2nic Correu missatge<\/label>\n\t\t\t<input type=\"text\" id=\"wpforms-673-field_4\" class=\"wpforms-field-medium\" name=\"wpforms[fields][4]\" >\n\t\t<\/div>\n\t\t<div id=\"wpforms-673-field_3-container\" class=\"wpforms-field wpforms-field-textarea\" data-field-id=\"3\"><label class=\"wpforms-field-label\" for=\"wpforms-673-field_3\">El teu missatge<\/label><textarea id=\"wpforms-673-field_3\" class=\"wpforms-field-medium\" name=\"wpforms[fields][3]\" aria-errormessage=\"wpforms-673-field_3-error\" ><\/textarea><\/div><script>\n\t\t\t\t( function() {\n\t\t\t\t\tconst style = document.createElement( 'style' );\n\t\t\t\t\tstyle.appendChild( document.createTextNode( '#wpforms-673-field_4-container { position: absolute !important; overflow: hidden !important; display: inline !important; height: 1px !important; width: 1px !important; z-index: -1000 !important; padding: 0 !important; } #wpforms-673-field_4-container input { visibility: hidden; } #wpforms-conversational-form-page #wpforms-673-field_4-container label { counter-increment: none; }' ) );\n\t\t\t\t\tdocument.head.appendChild( style );\n\t\t\t\t\tdocument.currentScript?.remove();\n\t\t\t\t} )();\n\t\t\t<\/script><\/div><!-- .wpforms-field-container --><div class=\"wpforms-submit-container\" ><input type=\"hidden\" name=\"wpforms[id]\" value=\"673\"><input type=\"hidden\" name=\"page_title\" value=\"\"><input type=\"hidden\" name=\"page_url\" value=\"https:\/\/bestmeditrips.com\/ca\/wp-json\/wp\/v2\/pages\/1101\"><input type=\"hidden\" name=\"url_referer\" value=\"\"><button type=\"submit\" name=\"wpforms[submit]\" id=\"wpforms-submit-673\" class=\"wpforms-submit\" data-alt-text=\"Sending...\" data-submit-text=\"Envia\" aria-live=\"assertive\" value=\"wpforms-submit\">Envia<\/button><img loading=\"lazy\" decoding=\"async\" src=\"https:\/\/bestmeditrips.com\/wp-content\/plugins\/wpforms-lite\/assets\/images\/submit-spin.svg\" class=\"wpforms-submit-spinner\" style=\"display: none;\" width=\"26\" height=\"26\" alt=\"S&#039;est\u00e0 carregant\"><\/div><\/form><\/div>  <!-- .wpforms-container -->\n","protected":false},"excerpt":{"rendered":"<p>Descobreix l&#8217;Assist\u00e8ncia Sanit\u00e0ria de Qualitat a Turquia Turquia s&#8217;ha convertit en una destinaci\u00f3 l\u00edder en turisme sanitari, oferint tractaments m\u00e8dics de classe mundial a preus assequibles. Tant si est\u00e0s considerant implants dentals, cirurgia est\u00e8tica, trastorns ortop\u00e8dics, tractaments oculars, trasplantament capil\u00b7lar, tractaments contra el c\u00e0ncer o altres tractaments especialitzats, Turquia t&#8217;ofereix acc\u00e9s a professionals altament qualificats &#8230; <a title=\"Turquia\" class=\"read-more\" href=\"https:\/\/bestmeditrips.com\/ca\/turquia\/\" aria-label=\"M\u00e9s informaci\u00f3 sobre Turquia\">Read more<\/a><\/p>\n","protected":false},"author":1,"featured_media":902,"parent":0,"menu_order":0,"comment_status":"closed","ping_status":"closed","template":"","meta":{"footnotes":""},"class_list":["post-1101","page","type-page","status-publish","has-post-thumbnail"],"yoast_head":"<!-- This site is optimized with the Yoast SEO plugin v27.4 - https:\/\/yoast.com\/product\/yoast-seo-wordpress\/ -->\n<title>Turisme M\u00e8dic a Turquia: Tractaments Assequibles, Cl\u00edniques Premium<\/title>\n<meta name=\"description\" content=\"Descobreix serveis sanitaris de classe mundial a Turquia. Preus assequibles i atenci\u00f3 experta dels millors doctors a Istanbul, Antalya, Izmir...\" \/>\n<meta name=\"robots\" content=\"index, follow, max-snippet:-1, max-image-preview:large, max-video-preview:-1\" \/>\n<link rel=\"canonical\" href=\"https:\/\/bestmeditrips.com\/ca\/turquia\/\" \/>\n<meta property=\"og:locale\" content=\"ca_ES\" \/>\n<meta property=\"og:type\" content=\"article\" \/>\n<meta property=\"og:title\" content=\"Turisme M\u00e8dic a Turquia: Tractaments Assequibles, Cl\u00edniques Premium\" \/>\n<meta property=\"og:description\" content=\"Descobreix serveis sanitaris de classe mundial a Turquia. Preus assequibles i atenci\u00f3 experta dels millors doctors a Istanbul, Antalya, Izmir...\" \/>\n<meta property=\"og:url\" content=\"https:\/\/bestmeditrips.com\/ca\/turquia\/\" \/>\n<meta property=\"og:site_name\" content=\"Bestmeditrips.com\" \/>\n<meta property=\"article:publisher\" content=\"https:\/\/www.facebook.com\/profile.php?id=61565479139599\" \/>\n<meta property=\"og:image\" content=\"https:\/\/bestmeditrips.com\/wp-content\/uploads\/2024\/09\/turkey-e1727124656345.jpg\" \/>\n\t<meta property=\"og:image:width\" content=\"1350\" \/>\n\t<meta property=\"og:image:height\" content=\"360\" \/>\n\t<meta property=\"og:image:type\" content=\"image\/jpeg\" \/>\n<meta name=\"twitter:card\" content=\"summary_large_image\" \/>\n<meta name=\"twitter:label1\" content=\"Temps estimat de lectura\" \/>\n\t<meta name=\"twitter:data1\" content=\"3 minuts\" \/>\n<script type=\"application\/ld+json\" class=\"yoast-schema-graph\">{\"@context\":\"https:\\\/\\\/schema.org\",\"@graph\":[{\"@type\":\"WebPage\",\"@id\":\"https:\\\/\\\/bestmeditrips.com\\\/ca\\\/turquia\\\/\",\"url\":\"https:\\\/\\\/bestmeditrips.com\\\/ca\\\/turquia\\\/\",\"name\":\"Turisme M\u00e8dic a Turquia: Tractaments Assequibles, Cl\u00edniques Premium\",\"isPartOf\":{\"@id\":\"https:\\\/\\\/bestmeditrips.com\\\/ca\\\/#website\"},\"primaryImageOfPage\":{\"@id\":\"https:\\\/\\\/bestmeditrips.com\\\/ca\\\/turquia\\\/#primaryimage\"},\"image\":{\"@id\":\"https:\\\/\\\/bestmeditrips.com\\\/ca\\\/turquia\\\/#primaryimage\"},\"thumbnailUrl\":\"https:\\\/\\\/bestmeditrips.com\\\/wp-content\\\/uploads\\\/2024\\\/09\\\/turkey-e1727124656345.jpg\",\"datePublished\":\"2024-09-23T18:41:39+00:00\",\"description\":\"Descobreix serveis sanitaris de classe mundial a Turquia. Preus assequibles i atenci\u00f3 experta dels millors doctors a Istanbul, Antalya, Izmir...\",\"breadcrumb\":{\"@id\":\"https:\\\/\\\/bestmeditrips.com\\\/ca\\\/turquia\\\/#breadcrumb\"},\"inLanguage\":\"ca\",\"potentialAction\":[{\"@type\":\"ReadAction\",\"target\":[\"https:\\\/\\\/bestmeditrips.com\\\/ca\\\/turquia\\\/\"]}]},{\"@type\":\"ImageObject\",\"inLanguage\":\"ca\",\"@id\":\"https:\\\/\\\/bestmeditrips.com\\\/ca\\\/turquia\\\/#primaryimage\",\"url\":\"https:\\\/\\\/bestmeditrips.com\\\/wp-content\\\/uploads\\\/2024\\\/09\\\/turkey-e1727124656345.jpg\",\"contentUrl\":\"https:\\\/\\\/bestmeditrips.com\\\/wp-content\\\/uploads\\\/2024\\\/09\\\/turkey-e1727124656345.jpg\",\"width\":1350,\"height\":360,\"caption\":\"Turquia; assist\u00e8ncia sanit\u00e0ria de qualitat, la capital del turisme m\u00e8dic \\\/ sanitari.\"},{\"@type\":\"BreadcrumbList\",\"@id\":\"https:\\\/\\\/bestmeditrips.com\\\/ca\\\/turquia\\\/#breadcrumb\",\"itemListElement\":[{\"@type\":\"ListItem\",\"position\":1,\"name\":\"Home\",\"item\":\"https:\\\/\\\/bestmeditrips.com\\\/ca\\\/\"},{\"@type\":\"ListItem\",\"position\":2,\"name\":\"Turquia\"}]},{\"@type\":\"WebSite\",\"@id\":\"https:\\\/\\\/bestmeditrips.com\\\/ca\\\/#website\",\"url\":\"https:\\\/\\\/bestmeditrips.com\\\/ca\\\/\",\"name\":\"Bestmeditrips.com\",\"description\":\"Turisme m\u00e8dic, millors tractaments, cl\u00edniques, metges i dentistes!\",\"publisher\":{\"@id\":\"https:\\\/\\\/bestmeditrips.com\\\/ca\\\/#organization\"},\"potentialAction\":[{\"@type\":\"SearchAction\",\"target\":{\"@type\":\"EntryPoint\",\"urlTemplate\":\"https:\\\/\\\/bestmeditrips.com\\\/ca\\\/?s={search_term_string}\"},\"query-input\":{\"@type\":\"PropertyValueSpecification\",\"valueRequired\":true,\"valueName\":\"search_term_string\"}}],\"inLanguage\":\"ca\"},{\"@type\":\"Organization\",\"@id\":\"https:\\\/\\\/bestmeditrips.com\\\/ca\\\/#organization\",\"name\":\"Bestmeditrips.com\",\"url\":\"https:\\\/\\\/bestmeditrips.com\\\/ca\\\/\",\"logo\":{\"@type\":\"ImageObject\",\"inLanguage\":\"ca\",\"@id\":\"https:\\\/\\\/bestmeditrips.com\\\/ca\\\/#\\\/schema\\\/logo\\\/image\\\/\",\"url\":\"https:\\\/\\\/bestmeditrips.com\\\/wp-content\\\/uploads\\\/2024\\\/09\\\/logo-2.png\",\"contentUrl\":\"https:\\\/\\\/bestmeditrips.com\\\/wp-content\\\/uploads\\\/2024\\\/09\\\/logo-2.png\",\"width\":500,\"height\":98,\"caption\":\"Bestmeditrips.com\"},\"image\":{\"@id\":\"https:\\\/\\\/bestmeditrips.com\\\/ca\\\/#\\\/schema\\\/logo\\\/image\\\/\"},\"sameAs\":[\"https:\\\/\\\/www.facebook.com\\\/profile.php?id=61565479139599\"]}]}<\/script>\n<!-- \/ Yoast SEO plugin. -->","yoast_head_json":{"title":"Turisme M\u00e8dic a Turquia: Tractaments Assequibles, Cl\u00edniques Premium","description":"Descobreix serveis sanitaris de classe mundial a Turquia. Preus assequibles i atenci\u00f3 experta dels millors doctors a Istanbul, Antalya, Izmir...","robots":{"index":"index","follow":"follow","max-snippet":"max-snippet:-1","max-image-preview":"max-image-preview:large","max-video-preview":"max-video-preview:-1"},"canonical":"https:\/\/bestmeditrips.com\/ca\/turquia\/","og_locale":"ca_ES","og_type":"article","og_title":"Turisme M\u00e8dic a Turquia: Tractaments Assequibles, Cl\u00edniques Premium","og_description":"Descobreix serveis sanitaris de classe mundial a Turquia. Preus assequibles i atenci\u00f3 experta dels millors doctors a Istanbul, Antalya, Izmir...","og_url":"https:\/\/bestmeditrips.com\/ca\/turquia\/","og_site_name":"Bestmeditrips.com","article_publisher":"https:\/\/www.facebook.com\/profile.php?id=61565479139599","og_image":[{"width":1350,"height":360,"url":"https:\/\/bestmeditrips.com\/wp-content\/uploads\/2024\/09\/turkey-e1727124656345.jpg","type":"image\/jpeg"}],"twitter_card":"summary_large_image","twitter_misc":{"Temps estimat de lectura":"3 minuts"},"schema":{"@context":"https:\/\/schema.org","@graph":[{"@type":"WebPage","@id":"https:\/\/bestmeditrips.com\/ca\/turquia\/","url":"https:\/\/bestmeditrips.com\/ca\/turquia\/","name":"Turisme M\u00e8dic a Turquia: Tractaments Assequibles, Cl\u00edniques Premium","isPartOf":{"@id":"https:\/\/bestmeditrips.com\/ca\/#website"},"primaryImageOfPage":{"@id":"https:\/\/bestmeditrips.com\/ca\/turquia\/#primaryimage"},"image":{"@id":"https:\/\/bestmeditrips.com\/ca\/turquia\/#primaryimage"},"thumbnailUrl":"https:\/\/bestmeditrips.com\/wp-content\/uploads\/2024\/09\/turkey-e1727124656345.jpg","datePublished":"2024-09-23T18:41:39+00:00","description":"Descobreix serveis sanitaris de classe mundial a Turquia. Preus assequibles i atenci\u00f3 experta dels millors doctors a Istanbul, Antalya, Izmir...","breadcrumb":{"@id":"https:\/\/bestmeditrips.com\/ca\/turquia\/#breadcrumb"},"inLanguage":"ca","potentialAction":[{"@type":"ReadAction","target":["https:\/\/bestmeditrips.com\/ca\/turquia\/"]}]},{"@type":"ImageObject","inLanguage":"ca","@id":"https:\/\/bestmeditrips.com\/ca\/turquia\/#primaryimage","url":"https:\/\/bestmeditrips.com\/wp-content\/uploads\/2024\/09\/turkey-e1727124656345.jpg","contentUrl":"https:\/\/bestmeditrips.com\/wp-content\/uploads\/2024\/09\/turkey-e1727124656345.jpg","width":1350,"height":360,"caption":"Turquia; assist\u00e8ncia sanit\u00e0ria de qualitat, la capital del turisme m\u00e8dic \/ sanitari."},{"@type":"BreadcrumbList","@id":"https:\/\/bestmeditrips.com\/ca\/turquia\/#breadcrumb","itemListElement":[{"@type":"ListItem","position":1,"name":"Home","item":"https:\/\/bestmeditrips.com\/ca\/"},{"@type":"ListItem","position":2,"name":"Turquia"}]},{"@type":"WebSite","@id":"https:\/\/bestmeditrips.com\/ca\/#website","url":"https:\/\/bestmeditrips.com\/ca\/","name":"Bestmeditrips.com","description":"Turisme m\u00e8dic, millors tractaments, cl\u00edniques, metges i dentistes!","publisher":{"@id":"https:\/\/bestmeditrips.com\/ca\/#organization"},"potentialAction":[{"@type":"SearchAction","target":{"@type":"EntryPoint","urlTemplate":"https:\/\/bestmeditrips.com\/ca\/?s={search_term_string}"},"query-input":{"@type":"PropertyValueSpecification","valueRequired":true,"valueName":"search_term_string"}}],"inLanguage":"ca"},{"@type":"Organization","@id":"https:\/\/bestmeditrips.com\/ca\/#organization","name":"Bestmeditrips.com","url":"https:\/\/bestmeditrips.com\/ca\/","logo":{"@type":"ImageObject","inLanguage":"ca","@id":"https:\/\/bestmeditrips.com\/ca\/#\/schema\/logo\/image\/","url":"https:\/\/bestmeditrips.com\/wp-content\/uploads\/2024\/09\/logo-2.png","contentUrl":"https:\/\/bestmeditrips.com\/wp-content\/uploads\/2024\/09\/logo-2.png","width":500,"height":98,"caption":"Bestmeditrips.com"},"image":{"@id":"https:\/\/bestmeditrips.com\/ca\/#\/schema\/logo\/image\/"},"sameAs":["https:\/\/www.facebook.com\/profile.php?id=61565479139599"]}]}},"_links":{"self":[{"href":"https:\/\/bestmeditrips.com\/ca\/wp-json\/wp\/v2\/pages\/1101","targetHints":{"allow":["GET"]}}],"collection":[{"href":"https:\/\/bestmeditrips.com\/ca\/wp-json\/wp\/v2\/pages"}],"about":[{"href":"https:\/\/bestmeditrips.com\/ca\/wp-json\/wp\/v2\/types\/page"}],"author":[{"embeddable":true,"href":"https:\/\/bestmeditrips.com\/ca\/wp-json\/wp\/v2\/users\/1"}],"replies":[{"embeddable":true,"href":"https:\/\/bestmeditrips.com\/ca\/wp-json\/wp\/v2\/comments?post=1101"}],"version-history":[{"count":0,"href":"https:\/\/bestmeditrips.com\/ca\/wp-json\/wp\/v2\/pages\/1101\/revisions"}],"wp:featuredmedia":[{"embeddable":true,"href":"https:\/\/bestmeditrips.com\/ca\/wp-json\/wp\/v2\/media\/902"}],"wp:attachment":[{"href":"https:\/\/bestmeditrips.com\/ca\/wp-json\/wp\/v2\/media?parent=1101"}],"curies":[{"name":"wp","href":"https:\/\/api.w.org\/{rel}","templated":true}]}}